{"id":5294,"date":"2025-08-08T08:51:54","date_gmt":"2025-08-08T08:51:54","guid":{"rendered":"https:\/\/pecbag.com\/?post_type=product&#038;p=5294"},"modified":"2025-11-27T08:54:26","modified_gmt":"2025-11-27T08:54:26","slug":"fishing-bags-supplier","status":"publish","type":"product","link":"https:\/\/pecbag.com\/fi\/fishing-bags-supplier\/","title":{"rendered":"Kalastus Laukut toimittaja"},"content":{"rendered":"<h5 title=\"Kokoontaitettava koira laukku hengitt\u00e4v\u00e4 mesh lemmikkiel\u00e4inten olkalaukku pienille lemmikkiel\u00e4inten koirille kissoille\" data-immersive-translate-walked=\"1c928421-2e42-4cd3-8754-5404553c0af5\" data-immersive-translate-paragraph=\"1\" data-spm-anchor-id=\"a2700.details.0.i35.4f6757d4w4zNZA\"><strong>Kalastus laukut toimittaja | Suora reppu valmistaja &amp; IPX8 vedenpit\u00e4v\u00e4 laukku Factory<\/strong><\/h5>\n<div class=\"flex flex-grow flex-col max-w-full\">\n<div class=\"min-h-[20px] text-message flex w-full flex-col items-end gap-2 whitespace-pre-wrap break-words [.text-message+&amp;]:mt-5 overflow-x-auto\" dir=\"auto\" data-message-author-role=\"assistant\" data-message-id=\"3d7d46f6-7ec2-4222-9257-48fa0bba23c6\" data-suggestions=\"true\">\n<div class=\"flex w-full flex-col gap-1 empty:hidden first:pt-[3px]\">\n<div class=\"markdown prose w-full break-words dark:prose-invert light\">\n<table width=\"288\">\n<tbody>\n<tr>\n<td width=\"137\"><span style=\"color: #333333;\">Tuotteiden nimi<\/span><\/td>\n<td width=\"151\">Kalastuslaukku<\/td>\n<\/tr>\n<tr>\n<td><span style=\"color: #333333;\">Tuotenro.<\/span><\/td>\n<td><span style=\"color: #333333;\">PB-2179<\/span><\/td>\n<\/tr>\n<tr>\n<td><span style=\"color: #333333;\">Materiaali<\/span><\/td>\n<td>600D polyesteri<\/td>\n<\/tr>\n<tr>\n<td><span style=\"color: #333333;\">Koko<\/span><\/td>\n<td>Hyv\u00e4ksy r\u00e4\u00e4t\u00e4l\u00f6ityj\u00e4<\/td>\n<\/tr>\n<tr>\n<td><span style=\"color: #333333;\">\u00a0Toimitusaika<\/span><\/td>\n<td><span style=\"color: #333333;\">1-5 p\u00e4iv\u00e4\u00e4 pienille m\u00e4\u00e4rille lentoteitse ja 30-35 p\u00e4iv\u00e4\u00e4 suurille m\u00e4\u00e4rille meritse.<\/span><\/td>\n<\/tr>\n<\/tbody>\n<\/table>\n<p class=\"ds-markdown-paragraph\"><strong>Sinun luotettava kalastuslaukkujen toimittaja<\/strong><br \/>\nISO-sertifioitu reppu valmistaja toimii 15000\u33a1 vedenpit\u00e4v\u00e4 laukku Factory Kiinassa:<\/p>\n<p class=\"ds-markdown-paragraph\"><strong>\ud83d\udd39 Premium-tuotevalikoima<\/strong><\/p>\n<ul>\n<li>\n<p class=\"ds-markdown-paragraph\">1680D ballistinen nylon kalastus pussit<\/p>\n<\/li>\n<li>\n<p class=\"ds-markdown-paragraph\">IPX8 vedenpit\u00e4v\u00e4 tekniikka (1m\/72h testi)<\/p>\n<\/li>\n<li>\n<p class=\"ds-markdown-paragraph\">Turnausluokan taklausten j\u00e4rjest\u00e4misj\u00e4rjestelm\u00e4t<\/p>\n<\/li>\n<\/ul>\n<p class=\"ds-markdown-paragraph\"><strong>\ud83d\udd39 Toimitusketjuratkaisut<\/strong><br \/>\n- Kalastuslaukkujen irtotilaukset: Yksik\u00f6t: 100,000+ yksik\u00f6iden kapasiteetti<br \/>\n- Kalastuslaukkujen maailmanlaajuinen vientiasiakirjojen k\u00e4sittely<br \/>\n- Kalastuslaukkujen tukkukauppiasohjelmat<\/p>\n<p class=\"ds-markdown-paragraph\"><strong>\ud83d\udd39 R\u00e4\u00e4t\u00e4l\u00f6intipalvelut<\/strong><br \/>\n\u2192 Kalastuslaukku ODM: Kehit\u00e4 yhdess\u00e4 innovatiivisia malleja<br \/>\n\u2192 Kalastuslaukku OEM: tuotemerkkisi toteuttaminen<br \/>\n\u2192 Private Label: T\u00e4ydelliset white label -ratkaisut<\/p>\n<p class=\"ds-markdown-paragraph\"><strong>Kumppanin edut:<\/strong><br \/>\n\u2714 Todellinen kalastuslaukun valmistajan hinnoittelu (ei v\u00e4lik\u00e4si\u00e4)<br \/>\n\u2714 10 p\u00e4iv\u00e4n nopea prototyyppien rakentaminen<br \/>\n\u2714 Reaaliaikainen kalastuslaukkutehtaan tuotannon seuranta<br \/>\n\u2714 Asiakasp\u00e4\u00e4llikk\u00f6 Fishing Bag Company -kumppaneille<\/p>\n<p class=\"ds-markdown-paragraph\">Luotettava kalastuslaukkujen toimittaja - Tuotantolinjastamme asiakkaillesi. L\u00e4het\u00e4 s\u00e4hk\u00f6postia tukkumyyntitarjouksia varten jo t\u00e4n\u00e4\u00e4n!<\/p>\n<\/div>\n<\/div>\n<\/div>\n<\/div>","protected":false},"excerpt":{"rendered":"<h2 class=\"this-description-name\">Kalastus Laukut toimittaja<\/h2>\n<div class=\"sliderTable mt10 mb10 sliderTable-index0\">\n<div class=\"inner\">\n<div><strong>1. SUURI KAPASITEETTI<\/strong>: Sis\u00e4inen verkkotasku, yksi sivutasku sek\u00e4 etu- ja takatasku voivat s\u00e4ilytt\u00e4\u00e4 kaikki kalastusv\u00e4lineet, kuten vieheiden laatikot, koukut, sakset, avaimet, lompakko, puhelin ja paljon muuta. Sivutaskun ulkopuolella on yksi sivupullotasku ja erityisesti suunniteltu paikka kalastuspihdeille.<\/div>\n<div><strong>2. K\u00c4YTT\u00c4J\u00c4YST\u00c4V\u00c4LLINEN<\/strong>: MOLLE-hihnat laajentavat sen s\u00e4ilytyskapasiteettia entisest\u00e4\u00e4n ja antavat laukulle tyylikk\u00e4\u00e4n ulkon\u00e4\u00f6n. Etutaskun yl\u00e4puolella olevilla kahdella kiinnityshihnalla voi kuljettaa yht\u00e4 onkivapa. Helppokuljetuskahva,<\/div>\n<div>S\u00e4\u00e4dett\u00e4v\u00e4t pehmustetut olkahihnat kevent\u00e4v\u00e4t hartioiden ja k\u00e4sien kuormitusta.<\/div>\n<\/div>\n<\/div>","protected":false},"featured_media":5299,"template":"","meta":{"_uag_custom_page_level_css":""},"product_brand":[],"product_cat":[46],"product_tag":[],"class_list":{"0":"post-5294","1":"product","2":"type-product","3":"status-publish","4":"has-post-thumbnail","6":"product_cat-fishing-bag","8":"first","9":"instock","10":"shipping-taxable","11":"product-type-simple"},"uagb_featured_image_src":{"full":["https:\/\/pecbag.com\/wp-content\/uploads\/2025\/08\/Fishing-Bags-Supplier-5.jpeg",800,800,false],"thumbnail":["https:\/\/pecbag.com\/wp-content\/uploads\/2025\/08\/Fishing-Bags-Supplier-5-150x150.jpeg",150,150,true],"medium":["https:\/\/pecbag.com\/wp-content\/uploads\/2025\/08\/Fishing-Bags-Supplier-5-300x300.jpeg",300,300,true],"medium_large":["https:\/\/pecbag.com\/wp-content\/uploads\/2025\/08\/Fishing-Bags-Supplier-5-768x768.jpeg",768,768,true],"large":["https:\/\/pecbag.com\/wp-content\/uploads\/2025\/08\/Fishing-Bags-Supplier-5.jpeg",800,800,false],"1536x1536":["https:\/\/pecbag.com\/wp-content\/uploads\/2025\/08\/Fishing-Bags-Supplier-5.jpeg",800,800,false],"2048x2048":["https:\/\/pecbag.com\/wp-content\/uploads\/2025\/08\/Fishing-Bags-Supplier-5.jpeg",800,800,false],"trp-custom-language-flag":["https:\/\/pecbag.com\/wp-content\/uploads\/2025\/08\/Fishing-Bags-Supplier-5-12x12.jpeg",12,12,true],"woocommerce_thumbnail":["https:\/\/pecbag.com\/wp-content\/uploads\/2025\/08\/Fishing-Bags-Supplier-5-300x300.jpeg",300,300,true],"woocommerce_single":["https:\/\/pecbag.com\/wp-content\/uploads\/2025\/08\/Fishing-Bags-Supplier-5-600x600.jpeg",600,600,true],"woocommerce_gallery_thumbnail":["https:\/\/pecbag.com\/wp-content\/uploads\/2025\/08\/Fishing-Bags-Supplier-5-100x100.jpeg",100,100,true]},"uagb_author_info":{"display_name":"Lawrence","author_link":"https:\/\/pecbag.com\/fi\/author\/"},"uagb_comment_info":0,"uagb_excerpt":"Fishing Bags Supplier 1. LARGE CAPACITY: The internal mesh pocket, one side pocket, and the front and back pocket can store all fishing gear such as lure boxes, hooks, scissors, keys, wallet, phone, and more. There is one side bottle pocket and a specially-designed place for fishing pliers outside the side pocket. 2. USER-FRIENDLY: The&hellip;","_links":{"self":[{"href":"https:\/\/pecbag.com\/fi\/wp-json\/wp\/v2\/product\/5294","targetHints":{"allow":["GET"]}}],"collection":[{"href":"https:\/\/pecbag.com\/fi\/wp-json\/wp\/v2\/product"}],"about":[{"href":"https:\/\/pecbag.com\/fi\/wp-json\/wp\/v2\/types\/product"}],"wp:featuredmedia":[{"embeddable":true,"href":"https:\/\/pecbag.com\/fi\/wp-json\/wp\/v2\/media\/5299"}],"wp:attachment":[{"href":"https:\/\/pecbag.com\/fi\/wp-json\/wp\/v2\/media?parent=5294"}],"wp:term":[{"taxonomy":"product_brand","embeddable":true,"href":"https:\/\/pecbag.com\/fi\/wp-json\/wp\/v2\/product_brand?post=5294"},{"taxonomy":"product_cat","embeddable":true,"href":"https:\/\/pecbag.com\/fi\/wp-json\/wp\/v2\/product_cat?post=5294"},{"taxonomy":"product_tag","embeddable":true,"href":"https:\/\/pecbag.com\/fi\/wp-json\/wp\/v2\/product_tag?post=5294"}],"curies":[{"name":"wp","href":"https:\/\/api.w.org\/{rel}","templated":true}]}}