{"id":1450,"date":"2025-04-11T09:37:46","date_gmt":"2025-04-11T09:37:46","guid":{"rendered":"https:\/\/pecbag.com\/?post_type=product&#038;p=1450"},"modified":"2025-11-29T02:11:46","modified_gmt":"2025-11-29T02:11:46","slug":"china-chest-bag-manufacturers","status":"publish","type":"product","link":"https:\/\/pecbag.com\/fr\/china-chest-bag-manufacturers\/","title":{"rendered":"Fabricants chinois de sacs de poitrine"},"content":{"rendered":"<h2 title=\"Sac \u00e0 dos pliable pour chien Sac \u00e0 bandouli\u00e8re en maille respirante pour petit animal de compagnie Chien Chats\" data-immersive-translate-walked=\"1c928421-2e42-4cd3-8754-5404553c0af5\" data-immersive-translate-paragraph=\"1\" data-spm-anchor-id=\"a2700.details.0.i35.4f6757d4w4zNZA\">Top Wholesale China Chest Bag Manufacturers | Factory Direct &amp; Custom Designs<\/h2>\n<div class=\"flex flex-grow flex-col max-w-full\">\n<div class=\"min-h-[20px] text-message flex w-full flex-col items-end gap-2 whitespace-pre-wrap break-words [.text-message+&amp;]:mt-5 overflow-x-auto\" dir=\"auto\" data-message-author-role=\"assistant\" data-message-id=\"3d7d46f6-7ec2-4222-9257-48fa0bba23c6\" data-suggestions=\"true\">\n<div class=\"flex w-full flex-col gap-1 empty:hidden first:pt-[3px]\">\n<div class=\"markdown prose w-full break-words dark:prose-invert light\">\n<p>Besoin de durabilit\u00e9 <strong>sacs de poitrine fabricants en Chine<\/strong>? Nous proposons des prix de gros, une quantit\u00e9 minimale de 300 pi\u00e8ces et des mod\u00e8les tactiques\/militaires personnalis\u00e9s, r\u00e9sistants \u00e0 l'eau et \u00e0 la RFID, ainsi qu'un service d'exp\u00e9dition rapide. Obtenez des \u00e9chantillons gratuits d\u00e8s maintenant !<\/p>\n<table width=\"288\">\n<tbody>\n<tr>\n<td width=\"137\"><span style=\"color: #333333;\">Nom des produits<\/span><\/td>\n<td width=\"151\"><span style=\"color: #333333;\">Sac de poitrine<\/span><\/td>\n<\/tr>\n<tr>\n<td><span style=\"color: #333333;\">Num\u00e9ro d'article<\/span><\/td>\n<td><span style=\"color: #333333;\">P-B2004<\/span><\/td>\n<\/tr>\n<tr>\n<td><span style=\"color: #333333;\">Mat\u00e9riau<\/span><\/td>\n<td>Polyester<\/td>\n<\/tr>\n<tr>\n<td><span style=\"color: #333333;\">\u00a0Taille et couleur<\/span><\/td>\n<td>13 x 4 x 18 cm<\/td>\n<\/tr>\n<tr>\n<td><span style=\"color: #333333;\">\u00a0D\u00e9lai de livraison<\/span><\/td>\n<td><span style=\"color: #333333;\">1-5 jours pour les petites quantit\u00e9s par voie a\u00e9rienne et 30-35 jours pour les grandes quantit\u00e9s par voie maritime.<\/span><\/td>\n<\/tr>\n<\/tbody>\n<\/table>\n<p>En tant que personne de confiance <strong>Fabricants chinois de sacs de poitrine<\/strong>Nous produisons des \u00e9quipements tactiques robustes, des sacs \u00e0 bandouli\u00e8re et des \u00e9quipements de plein air pour les fournisseurs militaires, les organisateurs de festivals et les marques de voyage. Notre usine fournit :<br \/>\n\u2705 <strong>Flexibilit\u00e9 du commerce de gros<\/strong>: Commandes \u00e0 partir de 300 pi\u00e8ces avec des remises sur les achats en gros<br \/>\n\u2705 <strong>Personnalisation intelligente<\/strong>: Ajouter des sangles MOLLE, des poches RFID ou des logos de marque<br \/>\n\u2705 <strong>Constructions tous temps<\/strong>: Cordura\u00ae 1000D + fermetures \u00e0 glissi\u00e8re YKK + sangles respirantes<\/p>\n<p><strong>Pourquoi les acheteurs internationaux nous choisissent-ils ?<\/strong><\/p>\n<ul>\n<li><strong>\u00c9chantillonnage sur 10 jours<\/strong>: Obtenir des prototypes physiques avant la production de masse<\/li>\n<li><strong>Qualit\u00e9 certifi\u00e9e<\/strong>: ISO 9001, tissus certifi\u00e9s OEKO-TEX<\/li>\n<li><strong>Logistique rapide<\/strong>: Exp\u00e9dition DHL\/UPS en porte-\u00e0-porte vers plus de 50 pays<\/li>\n<\/ul>\n<p><strong>Parfait pour :<\/strong><\/p>\n<ul>\n<li>Entreprises de s\u00e9curit\u00e9 * D\u00e9taillants en plein air * Marchandises \u00e9v\u00e9nementielles<\/li>\n<\/ul>\n<p><strong>Lancez votre projet d\u00e8s aujourd'hui :<\/strong><br \/>\n\ud83c\udf92 Maquettes de conception 3D gratuites<br \/>\n\ud83c\udf92 Garantie d'\u00e9tanch\u00e9it\u00e9 et de r\u00e9sistance \u00e0 la d\u00e9chirure<br \/>\n\ud83c\udf92 D\u00e9lai de production de 15 jours<\/p>\n<\/div>\n<\/div>\n<\/div>\n<\/div>","protected":false},"excerpt":{"rendered":"<h2 data-immersive-translate-walked=\"344be1c1-5052-41eb-8fcd-0dbe236a0d6b\" data-immersive-translate-paragraph=\"1\">Fabricants chinois de sacs de poitrine<\/h2>\n<p>Nous fournissons des sacs de qualit\u00e9 sup\u00e9rieure avec une personnalisation compl\u00e8te de la taille et de la couleur, des tissus durables et une qualit\u00e9 certifi\u00e9e.<\/p>\n<p>B\u00e9n\u00e9ficiez de MOQ flexibles, d'une exp\u00e9dition mondiale rapide et de solutions de marques priv\u00e9es.<\/p>\n<p>Contactez-nous d\u00e8s aujourd'hui !<\/p>","protected":false},"featured_media":1454,"template":"","meta":{"_uag_custom_page_level_css":""},"product_brand":[],"product_cat":[61],"product_tag":[],"class_list":{"0":"post-1450","1":"product","2":"type-product","3":"status-publish","4":"has-post-thumbnail","6":"product_cat-chest-bag","8":"first","9":"instock","10":"shipping-taxable","11":"product-type-simple"},"uagb_featured_image_src":{"full":["https:\/\/pecbag.com\/wp-content\/uploads\/2025\/04\/CHINAC3.jpg",1487,1500,false],"thumbnail":["https:\/\/pecbag.com\/wp-content\/uploads\/2025\/04\/CHINAC3-150x150.jpg",150,150,true],"medium":["https:\/\/pecbag.com\/wp-content\/uploads\/2025\/04\/CHINAC3-297x300.jpg",297,300,true],"medium_large":["https:\/\/pecbag.com\/wp-content\/uploads\/2025\/04\/CHINAC3-768x775.jpg",768,775,true],"large":["https:\/\/pecbag.com\/wp-content\/uploads\/2025\/04\/CHINAC3-1015x1024.jpg",800,807,true],"1536x1536":["https:\/\/pecbag.com\/wp-content\/uploads\/2025\/04\/CHINAC3.jpg",1487,1500,false],"2048x2048":["https:\/\/pecbag.com\/wp-content\/uploads\/2025\/04\/CHINAC3.jpg",1487,1500,false],"trp-custom-language-flag":["https:\/\/pecbag.com\/wp-content\/uploads\/2025\/04\/CHINAC3.jpg",12,12,false],"woocommerce_thumbnail":["https:\/\/pecbag.com\/wp-content\/uploads\/2025\/04\/CHINAC3-300x300.jpg",300,300,true],"woocommerce_single":["https:\/\/pecbag.com\/wp-content\/uploads\/2025\/04\/CHINAC3-600x605.jpg",600,605,true],"woocommerce_gallery_thumbnail":["https:\/\/pecbag.com\/wp-content\/uploads\/2025\/04\/CHINAC3-100x100.jpg",100,100,true]},"uagb_author_info":{"display_name":"Lawrence","author_link":"https:\/\/pecbag.com\/fr\/author\/"},"uagb_comment_info":0,"uagb_excerpt":"China Chest Bag Manufacturers We provide premium bag with full-size and color customization, durable fabrics, and certified quality. Enjoy flexible MOQs, fast global shipping, and private label solutions. Contact us today!","_links":{"self":[{"href":"https:\/\/pecbag.com\/fr\/wp-json\/wp\/v2\/product\/1450","targetHints":{"allow":["GET"]}}],"collection":[{"href":"https:\/\/pecbag.com\/fr\/wp-json\/wp\/v2\/product"}],"about":[{"href":"https:\/\/pecbag.com\/fr\/wp-json\/wp\/v2\/types\/product"}],"wp:featuredmedia":[{"embeddable":true,"href":"https:\/\/pecbag.com\/fr\/wp-json\/wp\/v2\/media\/1454"}],"wp:attachment":[{"href":"https:\/\/pecbag.com\/fr\/wp-json\/wp\/v2\/media?parent=1450"}],"wp:term":[{"taxonomy":"product_brand","embeddable":true,"href":"https:\/\/pecbag.com\/fr\/wp-json\/wp\/v2\/product_brand?post=1450"},{"taxonomy":"product_cat","embeddable":true,"href":"https:\/\/pecbag.com\/fr\/wp-json\/wp\/v2\/product_cat?post=1450"},{"taxonomy":"product_tag","embeddable":true,"href":"https:\/\/pecbag.com\/fr\/wp-json\/wp\/v2\/product_tag?post=1450"}],"curies":[{"name":"wp","href":"https:\/\/api.w.org\/{rel}","templated":true}]}}