{"id":1456,"date":"2025-04-11T09:43:30","date_gmt":"2025-04-11T09:43:30","guid":{"rendered":"https:\/\/pecbag.com\/?post_type=product&#038;p=1456"},"modified":"2025-11-29T02:11:44","modified_gmt":"2025-11-29T02:11:44","slug":"waterproof-cooler-bag-manufacturer","status":"publish","type":"product","link":"https:\/\/pecbag.com\/fr\/waterproof-cooler-bag-manufacturer\/","title":{"rendered":"Fabricant de sacs isothermes \u00e9tanches"},"content":{"rendered":"<h2 title=\"Sac \u00e0 dos pliable pour chien Sac \u00e0 bandouli\u00e8re en maille respirante pour petit animal de compagnie Chien Chats\" data-immersive-translate-walked=\"1c928421-2e42-4cd3-8754-5404553c0af5\" data-immersive-translate-paragraph=\"1\" data-spm-anchor-id=\"a2700.details.0.i35.4f6757d4w4zNZA\">Top Wholesale Waterproof Cooler Bag Manufacturer | Factory Direct &amp; Custom Solutions<\/h2>\n<div class=\"flex flex-grow flex-col max-w-full\">\n<div class=\"min-h-[20px] text-message flex w-full flex-col items-end gap-2 whitespace-pre-wrap break-words [.text-message+&amp;]:mt-5 overflow-x-auto\" dir=\"auto\" data-message-author-role=\"assistant\" data-message-id=\"3d7d46f6-7ec2-4222-9257-48fa0bba23c6\" data-suggestions=\"true\">\n<div class=\"flex w-full flex-col gap-1 empty:hidden first:pt-[3px]\">\n<div class=\"markdown prose w-full break-words dark:prose-invert light\">\n<p>A la recherche d'une personne fiable <strong>fabricant de sacs isothermes \u00e9tanches<\/strong>? Nous proposons des prix de gros, des mod\u00e8les \u00e9tanches et une conservation de la glace pendant plus de 24 heures. Mat\u00e9riaux approuv\u00e9s par la FDA et remises en gros. Demandez des \u00e9chantillons gratuits d\u00e8s aujourd'hui !<\/p>\n<table width=\"288\">\n<tbody>\n<tr>\n<td width=\"137\"><span style=\"color: #333333;\">Nom des produits<\/span><\/td>\n<td width=\"151\"><span style=\"color: #333333;\">Sac isotherme<\/span><\/td>\n<\/tr>\n<tr>\n<td><span style=\"color: #333333;\">Num\u00e9ro d'article<\/span><\/td>\n<td><span style=\"color: #333333;\">PB-2007<\/span><\/td>\n<\/tr>\n<tr>\n<td><span style=\"color: #333333;\">Mat\u00e9riau<\/span><\/td>\n<td>Polyester 600D<\/td>\n<\/tr>\n<tr>\n<td><span style=\"color: #333333;\">Taille<\/span><\/td>\n<td>16,5\" x 11\" x 6,3\u2033.<\/td>\n<\/tr>\n<tr>\n<td><span style=\"color: #333333;\">\u00a0D\u00e9lai de livraison<\/span><\/td>\n<td><span style=\"color: #333333;\">1-5 jours pour les petites quantit\u00e9s par voie a\u00e9rienne et 30-35 jours pour les grandes quantit\u00e9s par voie maritime.<\/span><\/td>\n<\/tr>\n<\/tbody>\n<\/table>\n<p>En tant que leader <strong>Fabricant de sacs isothermes imperm\u00e9ables en Chine<\/strong>Nous fabriquons des sacs isothermes r\u00e9sistants pour les voyages de p\u00eache, les stations baln\u00e9aires et la logistique m\u00e9dicale. Notre usine livre :<br \/>\n\u2705 <strong>Pr\u00eat pour la vente en gros<\/strong>: MOQ 500pcs avec prix de gros<br \/>\n\u2705 <strong>Personnalisation intelligente<\/strong>: Ajouter des logos, des s\u00e9parateurs ou une isolation suppl\u00e9mentaire<br \/>\n\u2705 <strong>Des performances \u00e9prouv\u00e9es<\/strong>: Doublure TPU \u00e9tanche + refroidissement 48 heures<\/p>\n<p><strong>Pourquoi les grandes marques nous font confiance :<\/strong><\/p>\n<ul>\n<li><strong>Certifi\u00e9 FDA\/EU<\/strong>: Mat\u00e9riaux de qualit\u00e9 alimentaire et fermetures \u00e9clair non toxiques<\/li>\n<li><strong>D\u00e9lai d'ex\u00e9cution rapide<\/strong>: Production en 15 jours + exp\u00e9dition mondiale<\/li>\n<li><strong>Bordure \u00e9cologique<\/strong>: Tissus recycl\u00e9s et usine solaire<\/li>\n<\/ul>\n<p><strong>Parfait pour :<\/strong><\/p>\n<ul>\n<li>Startups de livraison de repas * Transport de produits pharmaceutiques * D\u00e9taillants de produits de plein air<\/li>\n<\/ul>\n<p><strong>Personnalisez vos sacs isothermes :<\/strong><br \/>\n\ud83e\uddca Maquettes de conception 3D gratuites<br \/>\n\ud83e\uddca Garantie d'\u00e9tanch\u00e9it\u00e9 et garantie de 2 ans<br \/>\n\ud83e\uddca Remises sur 2 000 unit\u00e9s et plus<\/p>\n<\/div>\n<\/div>\n<\/div>\n<\/div>","protected":false},"excerpt":{"rendered":"<h2 data-immersive-translate-walked=\"344be1c1-5052-41eb-8fcd-0dbe236a0d6b\" data-immersive-translate-paragraph=\"1\">Fabricant de sacs isothermes \u00e9tanches<\/h2>\n<p>Nous fournissons des sacs de qualit\u00e9 sup\u00e9rieure avec une personnalisation compl\u00e8te de la taille et de la couleur, des tissus durables et une qualit\u00e9 certifi\u00e9e.<\/p>\n<p>B\u00e9n\u00e9ficiez de MOQ flexibles, d'une exp\u00e9dition mondiale rapide et de solutions de marques priv\u00e9es.<\/p>\n<p>Contactez-nous d\u00e8s aujourd'hui !<\/p>","protected":false},"featured_media":1461,"template":"","meta":{"_uag_custom_page_level_css":""},"product_brand":[],"product_cat":[50],"product_tag":[],"class_list":{"0":"post-1456","1":"product","2":"type-product","3":"status-publish","4":"has-post-thumbnail","6":"product_cat-cooler-bag","8":"first","9":"instock","10":"shipping-taxable","11":"product-type-simple"},"uagb_featured_image_src":{"full":["https:\/\/pecbag.com\/wp-content\/uploads\/2025\/04\/Waterproof-Cooler-Bag-Manufacturer-6.jpg",960,960,false],"thumbnail":["https:\/\/pecbag.com\/wp-content\/uploads\/2025\/04\/Waterproof-Cooler-Bag-Manufacturer-6-150x150.jpg",150,150,true],"medium":["https:\/\/pecbag.com\/wp-content\/uploads\/2025\/04\/Waterproof-Cooler-Bag-Manufacturer-6-300x300.jpg",300,300,true],"medium_large":["https:\/\/pecbag.com\/wp-content\/uploads\/2025\/04\/Waterproof-Cooler-Bag-Manufacturer-6-768x768.jpg",768,768,true],"large":["https:\/\/pecbag.com\/wp-content\/uploads\/2025\/04\/Waterproof-Cooler-Bag-Manufacturer-6.jpg",800,800,false],"1536x1536":["https:\/\/pecbag.com\/wp-content\/uploads\/2025\/04\/Waterproof-Cooler-Bag-Manufacturer-6.jpg",960,960,false],"2048x2048":["https:\/\/pecbag.com\/wp-content\/uploads\/2025\/04\/Waterproof-Cooler-Bag-Manufacturer-6.jpg",960,960,false],"trp-custom-language-flag":["https:\/\/pecbag.com\/wp-content\/uploads\/2025\/04\/Waterproof-Cooler-Bag-Manufacturer-6.jpg",12,12,false],"woocommerce_thumbnail":["https:\/\/pecbag.com\/wp-content\/uploads\/2025\/04\/Waterproof-Cooler-Bag-Manufacturer-6-300x300.jpg",300,300,true],"woocommerce_single":["https:\/\/pecbag.com\/wp-content\/uploads\/2025\/04\/Waterproof-Cooler-Bag-Manufacturer-6-600x600.jpg",600,600,true],"woocommerce_gallery_thumbnail":["https:\/\/pecbag.com\/wp-content\/uploads\/2025\/04\/Waterproof-Cooler-Bag-Manufacturer-6-100x100.jpg",100,100,true]},"uagb_author_info":{"display_name":"Lawrence","author_link":"https:\/\/pecbag.com\/fr\/author\/"},"uagb_comment_info":0,"uagb_excerpt":"Waterproof Cooler Bag Manufacturer We provide premium bag with full-size and color customization, durable fabrics, and certified quality. Enjoy flexible MOQs, fast global shipping, and private label solutions. Contact us today!","_links":{"self":[{"href":"https:\/\/pecbag.com\/fr\/wp-json\/wp\/v2\/product\/1456","targetHints":{"allow":["GET"]}}],"collection":[{"href":"https:\/\/pecbag.com\/fr\/wp-json\/wp\/v2\/product"}],"about":[{"href":"https:\/\/pecbag.com\/fr\/wp-json\/wp\/v2\/types\/product"}],"wp:featuredmedia":[{"embeddable":true,"href":"https:\/\/pecbag.com\/fr\/wp-json\/wp\/v2\/media\/1461"}],"wp:attachment":[{"href":"https:\/\/pecbag.com\/fr\/wp-json\/wp\/v2\/media?parent=1456"}],"wp:term":[{"taxonomy":"product_brand","embeddable":true,"href":"https:\/\/pecbag.com\/fr\/wp-json\/wp\/v2\/product_brand?post=1456"},{"taxonomy":"product_cat","embeddable":true,"href":"https:\/\/pecbag.com\/fr\/wp-json\/wp\/v2\/product_cat?post=1456"},{"taxonomy":"product_tag","embeddable":true,"href":"https:\/\/pecbag.com\/fr\/wp-json\/wp\/v2\/product_tag?post=1456"}],"curies":[{"name":"wp","href":"https:\/\/api.w.org\/{rel}","templated":true}]}}