{"id":1464,"date":"2025-04-11T09:47:54","date_gmt":"2025-04-11T09:47:54","guid":{"rendered":"https:\/\/pecbag.com\/?post_type=product&#038;p=1464"},"modified":"2025-11-29T02:11:12","modified_gmt":"2025-11-29T02:11:12","slug":"cosmetic-bag-manufacturer","status":"publish","type":"product","link":"https:\/\/pecbag.com\/fr\/cosmetic-bag-manufacturer\/","title":{"rendered":"Fabricant de sacs \u00e0 cosm\u00e9tiques"},"content":{"rendered":"<h2 title=\"Sac \u00e0 dos pliable pour chien Sac \u00e0 bandouli\u00e8re en maille respirante pour petit animal de compagnie Chien Chats\" data-immersive-translate-walked=\"1c928421-2e42-4cd3-8754-5404553c0af5\" data-immersive-translate-paragraph=\"1\" data-spm-anchor-id=\"a2700.details.0.i35.4f6757d4w4zNZA\">Fabricant de sacs \u00e0 cosm\u00e9tiques en gros | Sacs \u00e0 maquillage personnalis\u00e9s Factory Direct<\/h2>\n<div class=\"flex flex-grow flex-col max-w-full\">\n<div class=\"min-h-[20px] text-message flex w-full flex-col items-end gap-2 whitespace-pre-wrap break-words [.text-message+&amp;]:mt-5 overflow-x-auto\" dir=\"auto\" data-message-author-role=\"assistant\" data-message-id=\"3d7d46f6-7ec2-4222-9257-48fa0bba23c6\" data-suggestions=\"true\">\n<div class=\"flex w-full flex-col gap-1 empty:hidden first:pt-[3px]\">\n<div class=\"markdown prose w-full break-words dark:prose-invert light\">\n<p>Besoin d'une personne de confiance <strong>fabricant de sacs cosm\u00e9tiques<\/strong>? Nous proposons des prix de gros, des designs conformes \u00e0 la FDA et des commandes rapides. Personnalisez les pochettes de maquillage pour les marques de produits de beaut\u00e9, les h\u00f4tels et les d\u00e9taillants. Recevez des \u00e9chantillons gratuits !<\/p>\n<table width=\"288\">\n<tbody>\n<tr>\n<td width=\"137\"><span style=\"color: #333333;\">Nom des produits<\/span><\/td>\n<td width=\"151\"><span style=\"color: #333333;\">Sac \u00e0 cosm\u00e9tiques<\/span><\/td>\n<\/tr>\n<tr>\n<td><span style=\"color: #333333;\">Num\u00e9ro d'article<\/span><\/td>\n<td><span style=\"color: #333333;\">PB-2008<\/span><\/td>\n<\/tr>\n<tr>\n<td><span style=\"color: #333333;\">Mat\u00e9riau<\/span><\/td>\n<td><span style=\"color: #333333;\">Coton, polyester, polaire<\/span><\/td>\n<\/tr>\n<tr>\n<td><span style=\"color: #333333;\">\u00a0Taille et couleur<\/span><\/td>\n<td><span style=\"color: #333333;\">Sur mesure<\/span><\/td>\n<\/tr>\n<tr>\n<td><span style=\"color: #333333;\">\u00a0D\u00e9lai de livraison<\/span><\/td>\n<td><span style=\"color: #333333;\">1-5 jours pour les petites quantit\u00e9s par voie a\u00e9rienne et 30-35 jours pour les grandes quantit\u00e9s par voie maritime.<\/span><\/td>\n<\/tr>\n<\/tbody>\n<\/table>\n<p>En tant que leader <strong>Fabricant de sacs cosm\u00e9tiques en Chine<\/strong>Nous fabriquons des trousses de maquillage \u00e9l\u00e9gantes et fonctionnelles pour les vendeurs de Sephora, les h\u00f4tels de luxe et les marques de soins de la peau biologiques. Notre usine est sp\u00e9cialis\u00e9e dans :<br \/>\n\u2705 <strong>Flexibilit\u00e9 du commerce de gros<\/strong>: MOQ \u00e0 partir de 300pcs<br \/>\n\u2705 <strong>Personnalisation intelligente<\/strong>: Ajouter des logos, du cuir v\u00e9g\u00e9tal ou des poches RFID<br \/>\n\u2705 <strong>Mat\u00e9riaux de premi\u00e8re qualit\u00e9<\/strong>: Doublures imperm\u00e9ables, fermetures \u00e0 glissi\u00e8re YKK, tissus certifi\u00e9s OEKO-TEX\u00ae.<\/p>\n<p><strong>Pourquoi les marques mondiales de produits de beaut\u00e9 nous choisissent-elles ?<\/strong><\/p>\n<ul>\n<li><strong>\u00c9chantillonnage sur 15 jours<\/strong>: Obtenez des prototypes physiques avec votre marque<\/li>\n<li><strong>Certifi\u00e9 s\u00fbr<\/strong>: Conformit\u00e9 FDA\/EU + contr\u00f4le de qualit\u00e9 en 6 \u00e9tapes<\/li>\n<li><strong>Eco-Conscience<\/strong>: Polyester recycl\u00e9 et emballage biod\u00e9gradable<\/li>\n<\/ul>\n<p><strong>Parfait pour :<\/strong><\/p>\n<ul>\n<li>Bo\u00eetes d'abonnement de maquillage * Coffrets de spa * Trousses de voyage pour pharmacies<\/li>\n<\/ul>\n<p><strong>Lancez votre projet d\u00e8s aujourd'hui :<\/strong><br \/>\n\ud83d\udc84 Maquettes de conception 3D gratuites<br \/>\n\ud83d\udc84 Garantie de r\u00e9sistance \u00e0 l'eau et aux rayures<br \/>\n\ud83d\udc84 Production en 20 jours avec livraison DHL<\/p>\n<\/div>\n<\/div>\n<\/div>\n<\/div>","protected":false},"excerpt":{"rendered":"<h2 data-immersive-translate-walked=\"344be1c1-5052-41eb-8fcd-0dbe236a0d6b\" data-immersive-translate-paragraph=\"1\">Fabricant de sacs \u00e0 cosm\u00e9tiques<\/h2>\n<p>Nous fournissons des sacs de qualit\u00e9 sup\u00e9rieure avec une personnalisation compl\u00e8te de la taille et de la couleur, des tissus durables et une qualit\u00e9 certifi\u00e9e.<\/p>\n<p>B\u00e9n\u00e9ficiez de MOQ flexibles, d'une exp\u00e9dition mondiale rapide et de solutions de marques priv\u00e9es.<\/p>\n<p>Contactez-nous d\u00e8s aujourd'hui !<\/p>","protected":false},"featured_media":1467,"template":"","meta":{"_uag_custom_page_level_css":""},"product_brand":[],"product_cat":[53],"product_tag":[],"class_list":{"0":"post-1464","1":"product","2":"type-product","3":"status-publish","4":"has-post-thumbnail","6":"product_cat-makeup-bag","8":"first","9":"instock","10":"shipping-taxable","11":"product-type-simple"},"uagb_featured_image_src":{"full":["https:\/\/pecbag.com\/wp-content\/uploads\/2025\/04\/Cosmetic-Bag-Manufacturer-1.jpg",600,600,false],"thumbnail":["https:\/\/pecbag.com\/wp-content\/uploads\/2025\/04\/Cosmetic-Bag-Manufacturer-1-150x150.jpg",150,150,true],"medium":["https:\/\/pecbag.com\/wp-content\/uploads\/2025\/04\/Cosmetic-Bag-Manufacturer-1-300x300.jpg",300,300,true],"medium_large":["https:\/\/pecbag.com\/wp-content\/uploads\/2025\/04\/Cosmetic-Bag-Manufacturer-1.jpg",600,600,false],"large":["https:\/\/pecbag.com\/wp-content\/uploads\/2025\/04\/Cosmetic-Bag-Manufacturer-1.jpg",600,600,false],"1536x1536":["https:\/\/pecbag.com\/wp-content\/uploads\/2025\/04\/Cosmetic-Bag-Manufacturer-1.jpg",600,600,false],"2048x2048":["https:\/\/pecbag.com\/wp-content\/uploads\/2025\/04\/Cosmetic-Bag-Manufacturer-1.jpg",600,600,false],"trp-custom-language-flag":["https:\/\/pecbag.com\/wp-content\/uploads\/2025\/04\/Cosmetic-Bag-Manufacturer-1.jpg",12,12,false],"woocommerce_thumbnail":["https:\/\/pecbag.com\/wp-content\/uploads\/2025\/04\/Cosmetic-Bag-Manufacturer-1-300x300.jpg",300,300,true],"woocommerce_single":["https:\/\/pecbag.com\/wp-content\/uploads\/2025\/04\/Cosmetic-Bag-Manufacturer-1.jpg",600,600,false],"woocommerce_gallery_thumbnail":["https:\/\/pecbag.com\/wp-content\/uploads\/2025\/04\/Cosmetic-Bag-Manufacturer-1-100x100.jpg",100,100,true]},"uagb_author_info":{"display_name":"Lawrence","author_link":"https:\/\/pecbag.com\/fr\/author\/"},"uagb_comment_info":0,"uagb_excerpt":"Cosmetic Bag Manufacturer We provide premium bag with full-size and color customization, durable fabrics, and certified quality. Enjoy flexible MOQs, fast global shipping, and private label solutions. Contact us today!","_links":{"self":[{"href":"https:\/\/pecbag.com\/fr\/wp-json\/wp\/v2\/product\/1464","targetHints":{"allow":["GET"]}}],"collection":[{"href":"https:\/\/pecbag.com\/fr\/wp-json\/wp\/v2\/product"}],"about":[{"href":"https:\/\/pecbag.com\/fr\/wp-json\/wp\/v2\/types\/product"}],"wp:featuredmedia":[{"embeddable":true,"href":"https:\/\/pecbag.com\/fr\/wp-json\/wp\/v2\/media\/1467"}],"wp:attachment":[{"href":"https:\/\/pecbag.com\/fr\/wp-json\/wp\/v2\/media?parent=1464"}],"wp:term":[{"taxonomy":"product_brand","embeddable":true,"href":"https:\/\/pecbag.com\/fr\/wp-json\/wp\/v2\/product_brand?post=1464"},{"taxonomy":"product_cat","embeddable":true,"href":"https:\/\/pecbag.com\/fr\/wp-json\/wp\/v2\/product_cat?post=1464"},{"taxonomy":"product_tag","embeddable":true,"href":"https:\/\/pecbag.com\/fr\/wp-json\/wp\/v2\/product_tag?post=1464"}],"curies":[{"name":"wp","href":"https:\/\/api.w.org\/{rel}","templated":true}]}}