{"id":1469,"date":"2025-04-11T09:58:33","date_gmt":"2025-04-11T09:58:33","guid":{"rendered":"https:\/\/pecbag.com\/?post_type=product&#038;p=1469"},"modified":"2025-11-29T02:11:04","modified_gmt":"2025-11-29T02:11:04","slug":"fashion-custom-crossbody-bag-manufacturer","status":"publish","type":"product","link":"https:\/\/pecbag.com\/fr\/fashion-custom-crossbody-bag-manufacturer\/","title":{"rendered":"Fabricant de sacs \u00e0 main personnalis\u00e9s \u00e0 la mode"},"content":{"rendered":"<h2 title=\"Sac \u00e0 dos pliable pour chien Sac \u00e0 bandouli\u00e8re en maille respirante pour petit animal de compagnie Chien Chats\" data-immersive-translate-walked=\"1c928421-2e42-4cd3-8754-5404553c0af5\" data-immersive-translate-paragraph=\"1\" data-spm-anchor-id=\"a2700.details.0.i35.4f6757d4w4zNZA\">Top Wholesale Fashion Custom Crossbody Bag Manufacturer | Factory Direct &amp; Trendy Designs<\/h2>\n<div class=\"flex flex-grow flex-col max-w-full\">\n<div class=\"min-h-[20px] text-message flex w-full flex-col items-end gap-2 whitespace-pre-wrap break-words [.text-message+&amp;]:mt-5 overflow-x-auto\" dir=\"auto\" data-message-author-role=\"assistant\" data-message-id=\"3d7d46f6-7ec2-4222-9257-48fa0bba23c6\" data-suggestions=\"true\">\n<div class=\"flex w-full flex-col gap-1 empty:hidden first:pt-[3px]\">\n<div class=\"markdown prose w-full break-words dark:prose-invert light\">\n<p>\u00c0 la recherche d'un <strong>Fabricant de sacs de voyage personnalis\u00e9s \u00e0 la mode<\/strong>? Nous fabriquons des sacs \u00e9l\u00e9gants pour les marques et les d\u00e9taillants : prix de gros, \u00e9chantillonnage sous 7 jours et mat\u00e9riaux respectueux de l'environnement. Personnalisez-les avec votre logo. Obtenez des \u00e9chantillons gratuits !<\/p>\n<table width=\"288\">\n<tbody>\n<tr>\n<td width=\"137\"><span style=\"color: #333333;\">Nom des produits<\/span><\/td>\n<td width=\"151\"><span style=\"color: #333333;\">Sac \u00e0 bandouli\u00e8re<\/span><\/td>\n<\/tr>\n<tr>\n<td><span style=\"color: #333333;\">Num\u00e9ro d'article<\/span><\/td>\n<td><span style=\"color: #333333;\">PB-2009<\/span><\/td>\n<\/tr>\n<tr>\n<td><span style=\"color: #333333;\">Mat\u00e9riau<\/span><\/td>\n<td>Polyester 600D<\/td>\n<\/tr>\n<tr>\n<td><span style=\"color: #333333;\">\u00a0Taille et couleur<\/span><\/td>\n<td>16 x 7 x 26 cm<\/td>\n<\/tr>\n<tr>\n<td><span style=\"color: #333333;\">\u00a0D\u00e9lai de livraison<\/span><\/td>\n<td><span style=\"color: #333333;\">1-5 jours pour les petites quantit\u00e9s par voie a\u00e9rienne et 30-35 jours pour les grandes quantit\u00e9s par voie maritime.<\/span><\/td>\n<\/tr>\n<\/tbody>\n<\/table>\n<p>En tant que leader <strong>Sac \u00e0 bandouli\u00e8re personnalis\u00e9 \u00e0 la mode, fabricant en Chine<\/strong>Dans notre usine, nous m\u00e9langeons les tendances des d\u00e9fil\u00e9s avec un design fonctionnel pour les marques de boutiques, les grands magasins et les collections d'influenceurs. Notre usine fournit :<br \/>\n\u2705 <strong>Pr\u00eat pour la vente en gros<\/strong>: MOQ 200pcs avec des remises en vrac<br \/>\n\u2705 <strong>Personnalisation intelligente<\/strong>: Ajouter des logos, des lani\u00e8res en cuir v\u00e9g\u00e9tal ou des cha\u00eenes<br \/>\n\u2705 <strong>Orient\u00e9 par les tendances<\/strong>Couleurs Pantone 2024 + poches RFID antivol<\/p>\n<p><strong>Pourquoi les grandes marques de mode nous font confiance :<\/strong><\/p>\n<ul>\n<li><strong>Plus de 15 ans d'expertise<\/strong>: Partenariat avec les fournisseurs de Zara\/H&amp;M<\/li>\n<li><strong>Qualit\u00e9 certifi\u00e9e<\/strong>: ISO 9001, tissus certifi\u00e9s OEKO-TEX<\/li>\n<li><strong>Rapide et \u00e9cologique<\/strong>: Production en 12 jours + exp\u00e9dition neutre en carbone<\/li>\n<\/ul>\n<p><strong>Parfait pour :<\/strong><\/p>\n<ul>\n<li>Boutiques de luxe * Produits des stations baln\u00e9aires * Produits des festivals<\/li>\n<\/ul>\n<p><strong>Commencez votre ligne d\u00e8s aujourd'hui :<\/strong><br \/>\n\ud83d\udc5c \u00c9chantillons physiques gratuits avec votre marque<br \/>\n\ud83d\udc5c Garantie de r\u00e9sistance \u00e0 l'eau et aux rayures<br \/>\n\ud83d\udc5c Nouvelles cr\u00e9ations hebdomadaires inspir\u00e9es des tendances Milan\/Paris<\/p>\n<\/div>\n<\/div>\n<\/div>\n<\/div>","protected":false},"excerpt":{"rendered":"<h2 data-immersive-translate-walked=\"344be1c1-5052-41eb-8fcd-0dbe236a0d6b\" data-immersive-translate-paragraph=\"1\">Fabricant de sacs \u00e0 main personnalis\u00e9s \u00e0 la mode<\/h2>\n<p>Nous fournissons des sacs de qualit\u00e9 sup\u00e9rieure avec une personnalisation compl\u00e8te de la taille et de la couleur, des tissus durables et une qualit\u00e9 certifi\u00e9e.<\/p>\n<p>B\u00e9n\u00e9ficiez de MOQ flexibles, d'une exp\u00e9dition mondiale rapide et de solutions de marques priv\u00e9es.<\/p>\n<p>Contactez-nous d\u00e8s aujourd'hui !<\/p>","protected":false},"featured_media":1473,"template":"","meta":{"_uag_custom_page_level_css":""},"product_brand":[],"product_cat":[62],"product_tag":[],"class_list":{"0":"post-1469","1":"product","2":"type-product","3":"status-publish","4":"has-post-thumbnail","6":"product_cat-crossbody-bags","8":"first","9":"instock","10":"shipping-taxable","11":"product-type-simple"},"uagb_featured_image_src":{"full":["https:\/\/pecbag.com\/wp-content\/uploads\/2025\/04\/Fashion-Custom-Crossbody-Bag-Manufacturer-4.jpg",1420,1420,false],"thumbnail":["https:\/\/pecbag.com\/wp-content\/uploads\/2025\/04\/Fashion-Custom-Crossbody-Bag-Manufacturer-4-150x150.jpg",150,150,true],"medium":["https:\/\/pecbag.com\/wp-content\/uploads\/2025\/04\/Fashion-Custom-Crossbody-Bag-Manufacturer-4-300x300.jpg",300,300,true],"medium_large":["https:\/\/pecbag.com\/wp-content\/uploads\/2025\/04\/Fashion-Custom-Crossbody-Bag-Manufacturer-4-768x768.jpg",768,768,true],"large":["https:\/\/pecbag.com\/wp-content\/uploads\/2025\/04\/Fashion-Custom-Crossbody-Bag-Manufacturer-4-1024x1024.jpg",800,800,true],"1536x1536":["https:\/\/pecbag.com\/wp-content\/uploads\/2025\/04\/Fashion-Custom-Crossbody-Bag-Manufacturer-4.jpg",1420,1420,false],"2048x2048":["https:\/\/pecbag.com\/wp-content\/uploads\/2025\/04\/Fashion-Custom-Crossbody-Bag-Manufacturer-4.jpg",1420,1420,false],"trp-custom-language-flag":["https:\/\/pecbag.com\/wp-content\/uploads\/2025\/04\/Fashion-Custom-Crossbody-Bag-Manufacturer-4.jpg",12,12,false],"woocommerce_thumbnail":["https:\/\/pecbag.com\/wp-content\/uploads\/2025\/04\/Fashion-Custom-Crossbody-Bag-Manufacturer-4-300x300.jpg",300,300,true],"woocommerce_single":["https:\/\/pecbag.com\/wp-content\/uploads\/2025\/04\/Fashion-Custom-Crossbody-Bag-Manufacturer-4-600x600.jpg",600,600,true],"woocommerce_gallery_thumbnail":["https:\/\/pecbag.com\/wp-content\/uploads\/2025\/04\/Fashion-Custom-Crossbody-Bag-Manufacturer-4-100x100.jpg",100,100,true]},"uagb_author_info":{"display_name":"Lawrence","author_link":"https:\/\/pecbag.com\/fr\/author\/"},"uagb_comment_info":0,"uagb_excerpt":"Fashion Custom Crossbody Bag Manufacturer We provide premium bag with full-size and color customization, durable fabrics, and certified quality. Enjoy flexible MOQs, fast global shipping, and private label solutions. Contact us today!","_links":{"self":[{"href":"https:\/\/pecbag.com\/fr\/wp-json\/wp\/v2\/product\/1469","targetHints":{"allow":["GET"]}}],"collection":[{"href":"https:\/\/pecbag.com\/fr\/wp-json\/wp\/v2\/product"}],"about":[{"href":"https:\/\/pecbag.com\/fr\/wp-json\/wp\/v2\/types\/product"}],"wp:featuredmedia":[{"embeddable":true,"href":"https:\/\/pecbag.com\/fr\/wp-json\/wp\/v2\/media\/1473"}],"wp:attachment":[{"href":"https:\/\/pecbag.com\/fr\/wp-json\/wp\/v2\/media?parent=1469"}],"wp:term":[{"taxonomy":"product_brand","embeddable":true,"href":"https:\/\/pecbag.com\/fr\/wp-json\/wp\/v2\/product_brand?post=1469"},{"taxonomy":"product_cat","embeddable":true,"href":"https:\/\/pecbag.com\/fr\/wp-json\/wp\/v2\/product_cat?post=1469"},{"taxonomy":"product_tag","embeddable":true,"href":"https:\/\/pecbag.com\/fr\/wp-json\/wp\/v2\/product_tag?post=1469"}],"curies":[{"name":"wp","href":"https:\/\/api.w.org\/{rel}","templated":true}]}}