{"id":1487,"date":"2025-04-11T10:10:02","date_gmt":"2025-04-11T10:10:02","guid":{"rendered":"https:\/\/pecbag.com\/?post_type=product&#038;p=1487"},"modified":"2025-11-29T02:10:50","modified_gmt":"2025-11-29T02:10:50","slug":"top-wholesale-duffel-bags-manufacturers-in-china","status":"publish","type":"product","link":"https:\/\/pecbag.com\/fr\/top-wholesale-duffel-bags-manufacturers-in-china\/","title":{"rendered":"Fabricants de sacs de sport en Chine"},"content":{"rendered":"<h2 title=\"Sac \u00e0 dos pliable pour chien Sac \u00e0 bandouli\u00e8re en maille respirante pour petit animal de compagnie Chien Chats\" data-immersive-translate-walked=\"1c928421-2e42-4cd3-8754-5404553c0af5\" data-immersive-translate-paragraph=\"1\" data-spm-anchor-id=\"a2700.details.0.i35.4f6757d4w4zNZA\">Top Wholesale Duffel Bags Manufacturers in China | Factory Direct &amp; Custom Designs<\/h2>\n<div class=\"flex flex-grow flex-col max-w-full\">\n<div class=\"min-h-[20px] text-message flex w-full flex-col items-end gap-2 whitespace-pre-wrap break-words [.text-message+&amp;]:mt-5 overflow-x-auto\" dir=\"auto\" data-message-author-role=\"assistant\" data-message-id=\"3d7d46f6-7ec2-4222-9257-48fa0bba23c6\" data-suggestions=\"true\">\n<div class=\"flex w-full flex-col gap-1 empty:hidden first:pt-[3px]\">\n<div class=\"markdown prose w-full break-words dark:prose-invert light\">\n<p>A la recherche d'une personne fiable <strong>sacs de voyage fabricants en Chine<\/strong>? Nous proposons des prix de gros, des designs imperm\u00e9ables et des remises en vrac. Personnalisez vos sacs de sport, de voyage ou militaires. Livraison rapide dans le monde entier. \u00c9chantillons gratuits !<\/p>\n<table width=\"288\">\n<tbody>\n<tr>\n<td width=\"137\"><span style=\"color: #333333;\">Nom des produits<\/span><\/td>\n<td width=\"151\">Sac de sport<\/td>\n<\/tr>\n<tr>\n<td><span style=\"color: #333333;\">Num\u00e9ro d'article<\/span><\/td>\n<td><span style=\"color: #333333;\">PB-2011<\/span><\/td>\n<\/tr>\n<tr>\n<td><span style=\"color: #333333;\">Mat\u00e9riau<\/span><\/td>\n<td>Polyester 600D<\/td>\n<\/tr>\n<tr>\n<td><span style=\"color: #333333;\">Taille<\/span><\/td>\n<td>48 X 24 X 25 CM<\/td>\n<\/tr>\n<tr>\n<td><span style=\"color: #333333;\">\u00a0D\u00e9lai de livraison<\/span><\/td>\n<td><span style=\"color: #333333;\">1-5 jours pour les petites quantit\u00e9s par voie a\u00e9rienne et 30-35 jours pour les grandes quantit\u00e9s par voie maritime.<\/span><\/td>\n<\/tr>\n<\/tbody>\n<\/table>\n<p>En tant que leader <strong>Fabricant de sacs de sport en Chine<\/strong>Nous fabriquons des sacs r\u00e9sistants pour les cha\u00eenes de gymnastique, les agences de voyage et les fournisseurs militaires. Notre usine livre :<br \/>\n\u2705 <strong>Flexibilit\u00e9 du commerce de gros<\/strong>: MOQ 500pcs avec prix de gros<br \/>\n\u2705 <strong>Personnalisation intelligente<\/strong>: Ajouter des logos, des sangles rembourr\u00e9es ou des compartiments suppl\u00e9mentaires<br \/>\n\u2705 <strong>Constructions robustes<\/strong>: Nylon 1000D, fermetures \u00e9clair \u00e9tanches et coutures anti-d\u00e9chirure<\/p>\n<p><strong>Pourquoi les acheteurs du monde entier nous font confiance :<\/strong><\/p>\n<ul>\n<li><strong>Plus de 15 ans d'exp\u00e9rience<\/strong>: Partenariat avec les fournisseurs de Decathlon et d'Adidas<\/li>\n<li><strong>Qualit\u00e9 certifi\u00e9e<\/strong>: ISO 9001, mat\u00e9riaux certifi\u00e9s OEKO-TEX<\/li>\n<li><strong>Production rapide<\/strong>: D\u00e9lai d'ex\u00e9cution de 18 jours + exp\u00e9dition porte \u00e0 porte<\/li>\n<\/ul>\n<p><strong>Parfait pour :<\/strong><\/p>\n<ul>\n<li>\u00c9quipes sportives * D\u00e9taillants d'articles de plein air * Programmes de cadeaux d'entreprise<\/li>\n<\/ul>\n<p><strong>Lancez votre projet d\u00e8s aujourd'hui :<\/strong><br \/>\n\ud83c\udf92 Maquettes de conception 3D gratuites<br \/>\n\ud83c\udf92 Garantie d'\u00e9tanch\u00e9it\u00e9 et de r\u00e9sistance aux rayures<br \/>\n\ud83c\udf92 Remises sur les commandes sup\u00e9rieures \u00e0 2 000 unit\u00e9s<\/p>\n<\/div>\n<\/div>\n<\/div>\n<\/div>","protected":false},"excerpt":{"rendered":"<h2 data-immersive-translate-walked=\"344be1c1-5052-41eb-8fcd-0dbe236a0d6b\" data-immersive-translate-paragraph=\"1\">Fabricants de sacs de sport en Chine<\/h2>\n<p>Nous fournissons des sacs de qualit\u00e9 sup\u00e9rieure avec une personnalisation compl\u00e8te de la taille et de la couleur, des tissus durables et une qualit\u00e9 certifi\u00e9e.<\/p>\n<p>B\u00e9n\u00e9ficiez de MOQ flexibles, d'une exp\u00e9dition mondiale rapide et de solutions de marques priv\u00e9es.<\/p>\n<p>Contactez-nous d\u00e8s aujourd'hui !<\/p>","protected":false},"featured_media":1494,"template":"","meta":{"_uag_custom_page_level_css":""},"product_brand":[],"product_cat":[63],"product_tag":[],"class_list":{"0":"post-1487","1":"product","2":"type-product","3":"status-publish","4":"has-post-thumbnail","6":"product_cat-duffel-bag","8":"first","9":"instock","10":"shipping-taxable","11":"product-type-simple"},"uagb_featured_image_src":{"full":["https:\/\/pecbag.com\/wp-content\/uploads\/2025\/04\/Duffel-Bag-Manufacturers-in-China-2.jpg",1500,1500,false],"thumbnail":["https:\/\/pecbag.com\/wp-content\/uploads\/2025\/04\/Duffel-Bag-Manufacturers-in-China-2-150x150.jpg",150,150,true],"medium":["https:\/\/pecbag.com\/wp-content\/uploads\/2025\/04\/Duffel-Bag-Manufacturers-in-China-2-300x300.jpg",300,300,true],"medium_large":["https:\/\/pecbag.com\/wp-content\/uploads\/2025\/04\/Duffel-Bag-Manufacturers-in-China-2-768x768.jpg",768,768,true],"large":["https:\/\/pecbag.com\/wp-content\/uploads\/2025\/04\/Duffel-Bag-Manufacturers-in-China-2-1024x1024.jpg",800,800,true],"1536x1536":["https:\/\/pecbag.com\/wp-content\/uploads\/2025\/04\/Duffel-Bag-Manufacturers-in-China-2.jpg",1500,1500,false],"2048x2048":["https:\/\/pecbag.com\/wp-content\/uploads\/2025\/04\/Duffel-Bag-Manufacturers-in-China-2.jpg",1500,1500,false],"trp-custom-language-flag":["https:\/\/pecbag.com\/wp-content\/uploads\/2025\/04\/Duffel-Bag-Manufacturers-in-China-2.jpg",12,12,false],"woocommerce_thumbnail":["https:\/\/pecbag.com\/wp-content\/uploads\/2025\/04\/Duffel-Bag-Manufacturers-in-China-2-300x300.jpg",300,300,true],"woocommerce_single":["https:\/\/pecbag.com\/wp-content\/uploads\/2025\/04\/Duffel-Bag-Manufacturers-in-China-2-600x600.jpg",600,600,true],"woocommerce_gallery_thumbnail":["https:\/\/pecbag.com\/wp-content\/uploads\/2025\/04\/Duffel-Bag-Manufacturers-in-China-2-100x100.jpg",100,100,true]},"uagb_author_info":{"display_name":"Lawrence","author_link":"https:\/\/pecbag.com\/fr\/author\/"},"uagb_comment_info":0,"uagb_excerpt":"Duffel Bags Manufacturers in China We provide premium bag with full-size and color customization, durable fabrics, and certified quality. Enjoy flexible MOQs, fast global shipping, and private label solutions. Contact us today!","_links":{"self":[{"href":"https:\/\/pecbag.com\/fr\/wp-json\/wp\/v2\/product\/1487","targetHints":{"allow":["GET"]}}],"collection":[{"href":"https:\/\/pecbag.com\/fr\/wp-json\/wp\/v2\/product"}],"about":[{"href":"https:\/\/pecbag.com\/fr\/wp-json\/wp\/v2\/types\/product"}],"wp:featuredmedia":[{"embeddable":true,"href":"https:\/\/pecbag.com\/fr\/wp-json\/wp\/v2\/media\/1494"}],"wp:attachment":[{"href":"https:\/\/pecbag.com\/fr\/wp-json\/wp\/v2\/media?parent=1487"}],"wp:term":[{"taxonomy":"product_brand","embeddable":true,"href":"https:\/\/pecbag.com\/fr\/wp-json\/wp\/v2\/product_brand?post=1487"},{"taxonomy":"product_cat","embeddable":true,"href":"https:\/\/pecbag.com\/fr\/wp-json\/wp\/v2\/product_cat?post=1487"},{"taxonomy":"product_tag","embeddable":true,"href":"https:\/\/pecbag.com\/fr\/wp-json\/wp\/v2\/product_tag?post=1487"}],"curies":[{"name":"wp","href":"https:\/\/api.w.org\/{rel}","templated":true}]}}