{"id":1503,"date":"2025-04-12T01:17:32","date_gmt":"2025-04-12T01:17:32","guid":{"rendered":"https:\/\/pecbag.com\/?post_type=product&#038;p=1503"},"modified":"2025-11-29T02:10:44","modified_gmt":"2025-11-29T02:10:44","slug":"sport-fishing-bag-factories","status":"publish","type":"product","link":"https:\/\/pecbag.com\/fr\/sport-fishing-bag-factories\/","title":{"rendered":"Fabrications de sacs de p\u00eache sportive"},"content":{"rendered":"<h2 title=\"Sac \u00e0 dos pliable pour chien Sac \u00e0 bandouli\u00e8re en maille respirante pour petit animal de compagnie Chien Chats\" data-immersive-translate-walked=\"1c928421-2e42-4cd3-8754-5404553c0af5\" data-immersive-translate-paragraph=\"1\" data-spm-anchor-id=\"a2700.details.0.i35.4f6757d4w4zNZA\">Top Wholesale Sport Fishing Bag Factories | Factory Direct &amp; Saltwater-Proof Designs<\/h2>\n<div class=\"flex flex-grow flex-col max-w-full\">\n<div class=\"min-h-[20px] text-message flex w-full flex-col items-end gap-2 whitespace-pre-wrap break-words [.text-message+&amp;]:mt-5 overflow-x-auto\" dir=\"auto\" data-message-author-role=\"assistant\" data-message-id=\"3d7d46f6-7ec2-4222-9257-48fa0bba23c6\" data-suggestions=\"true\">\n<div class=\"flex w-full flex-col gap-1 empty:hidden first:pt-[3px]\">\n<div class=\"markdown prose w-full break-words dark:prose-invert light\">\n<p>Besoin de durabilit\u00e9 <strong>usines de sacs de p\u00eache sportive<\/strong>? Nous fabriquons des sacs de p\u00eache imperm\u00e9ables et personnalis\u00e9s pour les marques de p\u00eache hauturi\u00e8re. Prix de gros, commandes MOQ rapides et exp\u00e9dition mondiale. Demandez des \u00e9chantillons gratuits d\u00e8s maintenant !<\/p>\n<table width=\"288\">\n<tbody>\n<tr>\n<td width=\"137\"><span style=\"color: #333333;\">Nom des produits<\/span><\/td>\n<td width=\"151\">Sac de p\u00eache<\/td>\n<\/tr>\n<tr>\n<td><span style=\"color: #333333;\">Num\u00e9ro d'article<\/span><\/td>\n<td><span style=\"color: #333333;\">PB-2012<\/span><\/td>\n<\/tr>\n<tr>\n<td><span style=\"color: #333333;\">Mat\u00e9riau<\/span><\/td>\n<td>Polyester 600D<\/td>\n<\/tr>\n<tr>\n<td><span style=\"color: #333333;\">Taille<\/span><\/td>\n<td>30*15*20cm<\/td>\n<\/tr>\n<tr>\n<td><span style=\"color: #333333;\">\u00a0D\u00e9lai de livraison<\/span><\/td>\n<td><span style=\"color: #333333;\">1-5 jours pour les petites quantit\u00e9s par voie a\u00e9rienne et 30-35 jours pour les grandes quantit\u00e9s par voie maritime.<\/span><\/td>\n<\/tr>\n<\/tbody>\n<\/table>\n<p>En tant que personne de confiance <strong>sacs de p\u00eache sportive usines en Chine<\/strong>Nous concevons des solutions de stockage de mat\u00e9riel de p\u00eache robuste pour les marinas, les p\u00eacheurs professionnels et les d\u00e9taillants d'articles de plein air. Notre usine livre :<br \/>\n\u2705 <strong>Pr\u00eat pour la vente en gros<\/strong>: MOQ 300pcs avec des remises en vrac<br \/>\n\u2705 <strong>Personnalisation intelligente<\/strong>: Ajouter des porte-cannes \u00e0 p\u00eache, des pochettes \u00e9tanches ou des sangles de fixation pour bateau<br \/>\n\u2705 <strong>R\u00e9sistant \u00e0 l'eau sal\u00e9e<\/strong>: Nylon 1000D + fermetures \u00e0 glissi\u00e8re r\u00e9sistantes \u00e0 la corrosion + rev\u00eatement anti-UV<\/p>\n<p><strong>Pourquoi les marques de p\u00eache nous choisissent-elles ?<\/strong><\/p>\n<ul>\n<li><strong>Plus de 20 ans d'expertise<\/strong>: Partenariat avec les fournisseurs Shimano et Penn<\/li>\n<li><strong>Durabilit\u00e9 certifi\u00e9e<\/strong>: Indice d'\u00e9tanch\u00e9it\u00e9 IPX6 et tests de plus de 50 000 cycles de fermeture \u00e0 glissi\u00e8re<\/li>\n<li><strong>Logistique rapide<\/strong>: Production en 15 jours + transport a\u00e9rien\/maritime vers les centres c\u00f4tiers<\/li>\n<\/ul>\n<p><strong>Parfait pour :<\/strong><\/p>\n<ul>\n<li>Charters de haute mer * Organisateurs de tournois de p\u00eache * Magasins d'\u00e9quipements marins<\/li>\n<\/ul>\n<p><strong>Accrochez d\u00e8s aujourd'hui le design qui vous convient :<\/strong><br \/>\n\ud83c\udfa3 Maquettes 3D gratuites avec votre marque<br \/>\n\ud83c\udfa3 Base antid\u00e9rapante et quincaillerie antirouille<br \/>\n\ud83c\udfa3 Remises sur les commandes sup\u00e9rieures \u00e0 1 000 unit\u00e9s<\/p>\n<\/div>\n<\/div>\n<\/div>\n<\/div>","protected":false},"excerpt":{"rendered":"<h2 data-immersive-translate-walked=\"344be1c1-5052-41eb-8fcd-0dbe236a0d6b\" data-immersive-translate-paragraph=\"1\">Fabrications de sacs de p\u00eache sportive<\/h2>\n<p>Nous fournissons des sacs de qualit\u00e9 sup\u00e9rieure avec une personnalisation compl\u00e8te de la taille et de la couleur, des tissus durables et une qualit\u00e9 certifi\u00e9e.<\/p>\n<p>B\u00e9n\u00e9ficiez de MOQ flexibles, d'une exp\u00e9dition mondiale rapide et de solutions de marques priv\u00e9es.<\/p>\n<p>Contactez-nous d\u00e8s aujourd'hui !<\/p>","protected":false},"featured_media":1509,"template":"","meta":{"_uag_custom_page_level_css":""},"product_brand":[],"product_cat":[46],"product_tag":[],"class_list":{"0":"post-1503","1":"product","2":"type-product","3":"status-publish","4":"has-post-thumbnail","6":"product_cat-fishing-bag","8":"first","9":"instock","10":"shipping-taxable","11":"product-type-simple"},"uagb_featured_image_src":{"full":["https:\/\/pecbag.com\/wp-content\/uploads\/2025\/04\/Sport-Fishing-Bag-Factories-2-scaled.jpg",2560,1920,false],"thumbnail":["https:\/\/pecbag.com\/wp-content\/uploads\/2025\/04\/Sport-Fishing-Bag-Factories-2-150x150.jpg",150,150,true],"medium":["https:\/\/pecbag.com\/wp-content\/uploads\/2025\/04\/Sport-Fishing-Bag-Factories-2-300x225.jpg",300,225,true],"medium_large":["https:\/\/pecbag.com\/wp-content\/uploads\/2025\/04\/Sport-Fishing-Bag-Factories-2-768x576.jpg",768,576,true],"large":["https:\/\/pecbag.com\/wp-content\/uploads\/2025\/04\/Sport-Fishing-Bag-Factories-2-1024x768.jpg",800,600,true],"1536x1536":["https:\/\/pecbag.com\/wp-content\/uploads\/2025\/04\/Sport-Fishing-Bag-Factories-2-1536x1152.jpg",1536,1152,true],"2048x2048":["https:\/\/pecbag.com\/wp-content\/uploads\/2025\/04\/Sport-Fishing-Bag-Factories-2-2048x1536.jpg",2048,1536,true],"trp-custom-language-flag":["https:\/\/pecbag.com\/wp-content\/uploads\/2025\/04\/Sport-Fishing-Bag-Factories-2-scaled.jpg",16,12,false],"woocommerce_thumbnail":["https:\/\/pecbag.com\/wp-content\/uploads\/2025\/04\/Sport-Fishing-Bag-Factories-2-300x300.jpg",300,300,true],"woocommerce_single":["https:\/\/pecbag.com\/wp-content\/uploads\/2025\/04\/Sport-Fishing-Bag-Factories-2-600x450.jpg",600,450,true],"woocommerce_gallery_thumbnail":["https:\/\/pecbag.com\/wp-content\/uploads\/2025\/04\/Sport-Fishing-Bag-Factories-2-100x100.jpg",100,100,true]},"uagb_author_info":{"display_name":"Lawrence","author_link":"https:\/\/pecbag.com\/fr\/author\/"},"uagb_comment_info":0,"uagb_excerpt":"Sport Fishing Bag Factories We provide premium bags with full-size and color customization, durable fabrics, and certified quality. Enjoy flexible MOQs, fast global shipping, and private label solutions. Contact us today!","_links":{"self":[{"href":"https:\/\/pecbag.com\/fr\/wp-json\/wp\/v2\/product\/1503","targetHints":{"allow":["GET"]}}],"collection":[{"href":"https:\/\/pecbag.com\/fr\/wp-json\/wp\/v2\/product"}],"about":[{"href":"https:\/\/pecbag.com\/fr\/wp-json\/wp\/v2\/types\/product"}],"wp:featuredmedia":[{"embeddable":true,"href":"https:\/\/pecbag.com\/fr\/wp-json\/wp\/v2\/media\/1509"}],"wp:attachment":[{"href":"https:\/\/pecbag.com\/fr\/wp-json\/wp\/v2\/media?parent=1503"}],"wp:term":[{"taxonomy":"product_brand","embeddable":true,"href":"https:\/\/pecbag.com\/fr\/wp-json\/wp\/v2\/product_brand?post=1503"},{"taxonomy":"product_cat","embeddable":true,"href":"https:\/\/pecbag.com\/fr\/wp-json\/wp\/v2\/product_cat?post=1503"},{"taxonomy":"product_tag","embeddable":true,"href":"https:\/\/pecbag.com\/fr\/wp-json\/wp\/v2\/product_tag?post=1503"}],"curies":[{"name":"wp","href":"https:\/\/api.w.org\/{rel}","templated":true}]}}