{"id":1517,"date":"2025-04-12T01:38:33","date_gmt":"2025-04-12T01:38:33","guid":{"rendered":"https:\/\/pecbag.com\/?post_type=product&#038;p=1517"},"modified":"2025-11-29T02:10:32","modified_gmt":"2025-11-29T02:10:32","slug":"gym-bag-manufacturers","status":"publish","type":"product","link":"https:\/\/pecbag.com\/fr\/gym-bag-manufacturers\/","title":{"rendered":"Fabricants de sacs de sport"},"content":{"rendered":"<h2 title=\"Sac \u00e0 dos pliable pour chien Sac \u00e0 bandouli\u00e8re en maille respirante pour petit animal de compagnie Chien Chats\" data-immersive-translate-walked=\"1c928421-2e42-4cd3-8754-5404553c0af5\" data-immersive-translate-paragraph=\"1\" data-spm-anchor-id=\"a2700.details.0.i35.4f6757d4w4zNZA\">Top Wholesale Gym Bag Manufacturers | Factory Direct &amp; Custom Sport Designs<\/h2>\n<div class=\"flex flex-grow flex-col max-w-full\">\n<div class=\"min-h-[20px] text-message flex w-full flex-col items-end gap-2 whitespace-pre-wrap break-words [.text-message+&amp;]:mt-5 overflow-x-auto\" dir=\"auto\" data-message-author-role=\"assistant\" data-message-id=\"3d7d46f6-7ec2-4222-9257-48fa0bba23c6\" data-suggestions=\"true\">\n<div class=\"flex w-full flex-col gap-1 empty:hidden first:pt-[3px]\">\n<div class=\"markdown prose w-full break-words dark:prose-invert light\">\n<p>Vous recherchez des fabricants de sacs de sport durables ? Nous proposons des prix de gros, des conceptions anti-microbiennes et une exp\u00e9dition mondiale rapide. Personnalisez les sacs de sport pour les marques de fitness. Demandez des \u00e9chantillons gratuits d\u00e8s maintenant !<\/p>\n<table width=\"288\">\n<tbody>\n<tr>\n<td width=\"137\"><span style=\"color: #333333;\">Nom des produits<\/span><\/td>\n<td width=\"151\">Sac de sport<\/td>\n<\/tr>\n<tr>\n<td><span style=\"color: #333333;\">Num\u00e9ro d'article<\/span><\/td>\n<td><span style=\"color: #333333;\">PB-2014<\/span><\/td>\n<\/tr>\n<tr>\n<td><span style=\"color: #333333;\">Mat\u00e9riau<\/span><\/td>\n<td>Polyester 600D<\/td>\n<\/tr>\n<tr>\n<td><span style=\"color: #333333;\">Taille<\/span><\/td>\n<td>53,3 x 23 x 30 CM<\/td>\n<\/tr>\n<tr>\n<td><span style=\"color: #333333;\">\u00a0D\u00e9lai de livraison<\/span><\/td>\n<td><span style=\"color: #333333;\">1-5 jours pour les petites quantit\u00e9s par voie a\u00e9rienne et 30-35 jours pour les grandes quantit\u00e9s par voie maritime.<\/span><\/td>\n<\/tr>\n<\/tbody>\n<\/table>\n<p>En tant que fabricants de sacs de sport de confiance en Chine, nous fabriquons des \u00e9quipements de fitness de haute performance pour les salles de CrossFit, les studios de yoga et les marques de v\u00eatements de sport. Notre usine fournit :<br \/>\n\u2705 <strong>Pr\u00eat pour la vente en gros<\/strong>: MOQ 300pcs avec des remises en vrac<br \/>\n\u2705 <strong>Personnalisation intelligente<\/strong>: Ajoutez des compartiments \u00e0 chaussures, des poches RFID ou des poign\u00e9es de pr\u00e9hension.<br \/>\n\u2705 <strong>Des constructions \u00e0 l'\u00e9preuve de la transpiration<\/strong>: Nylon 420D imperm\u00e9able + doublure anti-microbienne<\/p>\n<p><strong>Pourquoi les marques de fitness nous choisissent-elles ?<\/strong><\/p>\n<ul>\n<li><strong>Plus de 15 ans d'expertise<\/strong>: Partenariat avec les fournisseurs Reebok et Gold's Gym<\/li>\n<li><strong>Qualit\u00e9 certifi\u00e9e<\/strong>: Tissus certifi\u00e9s OEKO-TEX\u00ae et coutures renforc\u00e9es<\/li>\n<li><strong>D\u00e9lai d'ex\u00e9cution rapide<\/strong>: Production en 12 jours + exp\u00e9dition express dans le monde entier<\/li>\n<\/ul>\n<p><strong>Parfait pour :<\/strong><\/p>\n<ul>\n<li>Cha\u00eenes de gymnastique * Jeunes entreprises de v\u00eatements de sport * Personnes influentes dans le domaine du fitness<\/li>\n<\/ul>\n<p><strong>Cr\u00e9ez votre ligne de gymnastique d\u00e8s aujourd'hui :<\/strong><br \/>\n\ud83d\udc5c Maquettes de conception 3D gratuites<br \/>\n\ud83d\udc5c Poches ventil\u00e9es pour le linge et sangles pour tapis de yoga<br \/>\n\ud83d\udc5c Remises sur les commandes de plus de 1 000 unit\u00e9s<\/p>\n<\/div>\n<\/div>\n<\/div>\n<\/div>","protected":false},"excerpt":{"rendered":"<h2 data-immersive-translate-walked=\"344be1c1-5052-41eb-8fcd-0dbe236a0d6b\" data-immersive-translate-paragraph=\"1\">Fabricants de sacs de sport<\/h2>\n<p>Nous fournissons des sacs de qualit\u00e9 sup\u00e9rieure avec une personnalisation compl\u00e8te de la taille et de la couleur, des tissus durables et une qualit\u00e9 certifi\u00e9e.<\/p>\n<p>B\u00e9n\u00e9ficiez de MOQ flexibles, d'une exp\u00e9dition mondiale rapide et de solutions de marques priv\u00e9es.<\/p>\n<p>Contactez-nous d\u00e8s aujourd'hui !<\/p>","protected":false},"featured_media":1519,"template":"","meta":{"_uag_custom_page_level_css":""},"product_brand":[],"product_cat":[56],"product_tag":[],"class_list":{"0":"post-1517","1":"product","2":"type-product","3":"status-publish","4":"has-post-thumbnail","6":"product_cat-gym-bag","8":"first","9":"instock","10":"shipping-taxable","11":"product-type-simple"},"uagb_featured_image_src":{"full":["https:\/\/pecbag.com\/wp-content\/uploads\/2025\/04\/Gym-Bag-Manufacturers-3.jpg",1600,1600,false],"thumbnail":["https:\/\/pecbag.com\/wp-content\/uploads\/2025\/04\/Gym-Bag-Manufacturers-3-150x150.jpg",150,150,true],"medium":["https:\/\/pecbag.com\/wp-content\/uploads\/2025\/04\/Gym-Bag-Manufacturers-3-300x300.jpg",300,300,true],"medium_large":["https:\/\/pecbag.com\/wp-content\/uploads\/2025\/04\/Gym-Bag-Manufacturers-3-768x768.jpg",768,768,true],"large":["https:\/\/pecbag.com\/wp-content\/uploads\/2025\/04\/Gym-Bag-Manufacturers-3-1024x1024.jpg",800,800,true],"1536x1536":["https:\/\/pecbag.com\/wp-content\/uploads\/2025\/04\/Gym-Bag-Manufacturers-3-1536x1536.jpg",1536,1536,true],"2048x2048":["https:\/\/pecbag.com\/wp-content\/uploads\/2025\/04\/Gym-Bag-Manufacturers-3.jpg",1600,1600,false],"trp-custom-language-flag":["https:\/\/pecbag.com\/wp-content\/uploads\/2025\/04\/Gym-Bag-Manufacturers-3.jpg",12,12,false],"woocommerce_thumbnail":["https:\/\/pecbag.com\/wp-content\/uploads\/2025\/04\/Gym-Bag-Manufacturers-3-300x300.jpg",300,300,true],"woocommerce_single":["https:\/\/pecbag.com\/wp-content\/uploads\/2025\/04\/Gym-Bag-Manufacturers-3-600x600.jpg",600,600,true],"woocommerce_gallery_thumbnail":["https:\/\/pecbag.com\/wp-content\/uploads\/2025\/04\/Gym-Bag-Manufacturers-3-100x100.jpg",100,100,true]},"uagb_author_info":{"display_name":"Lawrence","author_link":"https:\/\/pecbag.com\/fr\/author\/"},"uagb_comment_info":0,"uagb_excerpt":"Gym Bag Manufacturers We provide premium bags with full-size and color customization, durable fabrics, and certified quality. Enjoy flexible MOQs, fast global shipping, and private label solutions. Contact us today!","_links":{"self":[{"href":"https:\/\/pecbag.com\/fr\/wp-json\/wp\/v2\/product\/1517","targetHints":{"allow":["GET"]}}],"collection":[{"href":"https:\/\/pecbag.com\/fr\/wp-json\/wp\/v2\/product"}],"about":[{"href":"https:\/\/pecbag.com\/fr\/wp-json\/wp\/v2\/types\/product"}],"wp:featuredmedia":[{"embeddable":true,"href":"https:\/\/pecbag.com\/fr\/wp-json\/wp\/v2\/media\/1519"}],"wp:attachment":[{"href":"https:\/\/pecbag.com\/fr\/wp-json\/wp\/v2\/media?parent=1517"}],"wp:term":[{"taxonomy":"product_brand","embeddable":true,"href":"https:\/\/pecbag.com\/fr\/wp-json\/wp\/v2\/product_brand?post=1517"},{"taxonomy":"product_cat","embeddable":true,"href":"https:\/\/pecbag.com\/fr\/wp-json\/wp\/v2\/product_cat?post=1517"},{"taxonomy":"product_tag","embeddable":true,"href":"https:\/\/pecbag.com\/fr\/wp-json\/wp\/v2\/product_tag?post=1517"}],"curies":[{"name":"wp","href":"https:\/\/api.w.org\/{rel}","templated":true}]}}