{"id":1524,"date":"2025-04-12T02:00:10","date_gmt":"2025-04-12T02:00:10","guid":{"rendered":"https:\/\/pecbag.com\/?post_type=product&#038;p=1524"},"modified":"2025-11-29T02:10:26","modified_gmt":"2025-11-29T02:10:26","slug":"waterproof-hiking-bag-factories","status":"publish","type":"product","link":"https:\/\/pecbag.com\/fr\/waterproof-hiking-bag-factories\/","title":{"rendered":"Sacs de randonn\u00e9e imperm\u00e9ables Fabriques"},"content":{"rendered":"<h2 title=\"Sac \u00e0 dos pliable pour chien Sac \u00e0 bandouli\u00e8re en maille respirante pour petit animal de compagnie Chien Chats\" data-immersive-translate-walked=\"1c928421-2e42-4cd3-8754-5404553c0af5\" data-immersive-translate-paragraph=\"1\" data-spm-anchor-id=\"a2700.details.0.i35.4f6757d4w4zNZA\">Top Wholesale Waterproof Hiking Bag Factories | Factory Direct &amp; Mountain-Tough Designs<\/h2>\n<div class=\"flex flex-grow flex-col max-w-full\">\n<div class=\"min-h-[20px] text-message flex w-full flex-col items-end gap-2 whitespace-pre-wrap break-words [.text-message+&amp;]:mt-5 overflow-x-auto\" dir=\"auto\" data-message-author-role=\"assistant\" data-message-id=\"3d7d46f6-7ec2-4222-9257-48fa0bba23c6\" data-suggestions=\"true\">\n<div class=\"flex w-full flex-col gap-1 empty:hidden first:pt-[3px]\">\n<div class=\"markdown prose w-full break-words dark:prose-invert light\">\n<p>Besoin de fiabilit\u00e9 <strong>sacs de randonn\u00e9e imperm\u00e9ables usines<\/strong>? Nous fabriquons des sacs \u00e0 dos conformes \u00e0 la norme IPX6 pour les marques de produits de plein air. Prix de gros, conceptions personnalis\u00e9es et exp\u00e9dition rapide. Demandez des \u00e9chantillons gratuits maintenant !<\/p>\n<table width=\"288\">\n<tbody>\n<tr>\n<td width=\"137\"><span style=\"color: #333333;\">Nom des produits<\/span><\/td>\n<td width=\"151\">Sac de randonn\u00e9e<\/td>\n<\/tr>\n<tr>\n<td><span style=\"color: #333333;\">Num\u00e9ro d'article<\/span><\/td>\n<td><span style=\"color: #333333;\">PB-2015<\/span><\/td>\n<\/tr>\n<tr>\n<td><span style=\"color: #333333;\">Mat\u00e9riau<\/span><\/td>\n<td>Polyester<\/td>\n<\/tr>\n<tr>\n<td><span style=\"color: #333333;\">Taille<\/span><\/td>\n<td>35*19*45 cm<\/td>\n<\/tr>\n<tr>\n<td><span style=\"color: #333333;\">\u00a0D\u00e9lai de livraison<\/span><\/td>\n<td><span style=\"color: #333333;\">1-5 jours pour les petites quantit\u00e9s par voie a\u00e9rienne et 30-35 jours pour les grandes quantit\u00e9s par voie maritime.<\/span><\/td>\n<\/tr>\n<\/tbody>\n<\/table>\n<p>En tant que personne de confiance <strong>sacs de randonn\u00e9e imperm\u00e9ables usines en Chine<\/strong>Nous concevons des sacs pr\u00eats pour l'aventure pour les guides de montagne, les marques de trekking et les d\u00e9taillants de produits de plein air. Notre usine livre :<br \/>\n\u2705 <strong>Flexibilit\u00e9 du commerce de gros<\/strong>: MOQ 200pcs avec des remises en vrac<br \/>\n\u2705 <strong>Personnalisation intelligente<\/strong>: Ajoutez des boucles pour piolet, des manchons d'hydratation ou des fermetures \u00e0 glissi\u00e8re r\u00e9sistantes aux ours.<br \/>\n\u2705 <strong>Constructions \u00e0 l'\u00e9preuve des temp\u00eates<\/strong>: Tissu ripstop 500D + construction \u00e0 coutures scell\u00e9es<\/p>\n<p><strong>Pourquoi les marques de plein air nous font confiance :<\/strong><\/p>\n<ul>\n<li><strong>12+ ans d'expertise<\/strong>: Partenariat avec les fournisseurs The North Face et Columbia<\/li>\n<li><strong>Protection certifi\u00e9e<\/strong>: Indice d'\u00e9tanch\u00e9it\u00e9 IPX6 et plus de 50 000 tests d'abrasion<\/li>\n<li><strong>Rapide et \u00e9cologique<\/strong>: Production en 15 jours + options d'exp\u00e9dition neutres en carbone<\/li>\n<\/ul>\n<p><strong>Parfait pour :<\/strong><\/p>\n<ul>\n<li>Exp\u00e9ditions alpines * Tour op\u00e9rateurs de randonn\u00e9e * Magasins de souvenirs des parcs nationaux<\/li>\n<\/ul>\n<p><strong>Emballez d\u00e8s aujourd'hui le mod\u00e8le qui vous convient le mieux :<\/strong><br \/>\n\ud83c\udf92 Maquettes 3D gratuites avec votre marque<br \/>\n\ud83c\udf92 Panneaux dorsaux respirants et sangles de r\u00e9partition du poids<br \/>\n\ud83c\udf92 Remises sur les commandes sup\u00e9rieures \u00e0 1 000 unit\u00e9s<\/p>\n<\/div>\n<\/div>\n<\/div>\n<\/div>","protected":false},"excerpt":{"rendered":"<h2 data-immersive-translate-walked=\"344be1c1-5052-41eb-8fcd-0dbe236a0d6b\" data-immersive-translate-paragraph=\"1\">Sacs de randonn\u00e9e imperm\u00e9ables Fabriques<\/h2>\n<p>Nous fournissons des sacs de qualit\u00e9 sup\u00e9rieure avec une personnalisation compl\u00e8te de la taille et de la couleur, des tissus durables et une qualit\u00e9 certifi\u00e9e.<\/p>\n<p>B\u00e9n\u00e9ficiez de MOQ flexibles, d'une exp\u00e9dition mondiale rapide et de solutions de marques priv\u00e9es.<\/p>\n<p>Contactez-nous d\u00e8s aujourd'hui !<\/p>","protected":false},"featured_media":1530,"template":"","meta":{"_uag_custom_page_level_css":""},"product_brand":[],"product_cat":[45],"product_tag":[],"class_list":{"0":"post-1524","1":"product","2":"type-product","3":"status-publish","4":"has-post-thumbnail","6":"product_cat-hiking-bag","8":"first","9":"instock","10":"shipping-taxable","11":"product-type-simple"},"uagb_featured_image_src":{"full":["https:\/\/pecbag.com\/wp-content\/uploads\/2025\/04\/Waterproof-5.jpg",679,675,false],"thumbnail":["https:\/\/pecbag.com\/wp-content\/uploads\/2025\/04\/Waterproof-5-150x150.jpg",150,150,true],"medium":["https:\/\/pecbag.com\/wp-content\/uploads\/2025\/04\/Waterproof-5-300x298.jpg",300,298,true],"medium_large":["https:\/\/pecbag.com\/wp-content\/uploads\/2025\/04\/Waterproof-5.jpg",679,675,false],"large":["https:\/\/pecbag.com\/wp-content\/uploads\/2025\/04\/Waterproof-5.jpg",679,675,false],"1536x1536":["https:\/\/pecbag.com\/wp-content\/uploads\/2025\/04\/Waterproof-5.jpg",679,675,false],"2048x2048":["https:\/\/pecbag.com\/wp-content\/uploads\/2025\/04\/Waterproof-5.jpg",679,675,false],"trp-custom-language-flag":["https:\/\/pecbag.com\/wp-content\/uploads\/2025\/04\/Waterproof-5.jpg",12,12,false],"woocommerce_thumbnail":["https:\/\/pecbag.com\/wp-content\/uploads\/2025\/04\/Waterproof-5-300x300.jpg",300,300,true],"woocommerce_single":["https:\/\/pecbag.com\/wp-content\/uploads\/2025\/04\/Waterproof-5-600x596.jpg",600,596,true],"woocommerce_gallery_thumbnail":["https:\/\/pecbag.com\/wp-content\/uploads\/2025\/04\/Waterproof-5-100x100.jpg",100,100,true]},"uagb_author_info":{"display_name":"Lawrence","author_link":"https:\/\/pecbag.com\/fr\/author\/"},"uagb_comment_info":0,"uagb_excerpt":"Waterproof Hiking Bag Factories We provide premium bags with full-size and color customization, durable fabrics, and certified quality. Enjoy flexible MOQs, fast global shipping, and private label solutions. Contact us today!","_links":{"self":[{"href":"https:\/\/pecbag.com\/fr\/wp-json\/wp\/v2\/product\/1524","targetHints":{"allow":["GET"]}}],"collection":[{"href":"https:\/\/pecbag.com\/fr\/wp-json\/wp\/v2\/product"}],"about":[{"href":"https:\/\/pecbag.com\/fr\/wp-json\/wp\/v2\/types\/product"}],"wp:featuredmedia":[{"embeddable":true,"href":"https:\/\/pecbag.com\/fr\/wp-json\/wp\/v2\/media\/1530"}],"wp:attachment":[{"href":"https:\/\/pecbag.com\/fr\/wp-json\/wp\/v2\/media?parent=1524"}],"wp:term":[{"taxonomy":"product_brand","embeddable":true,"href":"https:\/\/pecbag.com\/fr\/wp-json\/wp\/v2\/product_brand?post=1524"},{"taxonomy":"product_cat","embeddable":true,"href":"https:\/\/pecbag.com\/fr\/wp-json\/wp\/v2\/product_cat?post=1524"},{"taxonomy":"product_tag","embeddable":true,"href":"https:\/\/pecbag.com\/fr\/wp-json\/wp\/v2\/product_tag?post=1524"}],"curies":[{"name":"wp","href":"https:\/\/api.w.org\/{rel}","templated":true}]}}