{"id":1546,"date":"2025-04-12T02:40:09","date_gmt":"2025-04-12T02:40:09","guid":{"rendered":"https:\/\/pecbag.com\/?post_type=product&#038;p=1546"},"modified":"2025-11-29T02:09:26","modified_gmt":"2025-11-29T02:09:26","slug":"china-lunch-bag-manufacturer","status":"publish","type":"product","link":"https:\/\/pecbag.com\/fr\/china-lunch-bag-manufacturer\/","title":{"rendered":"Fabricant chinois de sacs \u00e0 lunch"},"content":{"rendered":"<h2 title=\"Sac \u00e0 dos pliable pour chien Sac \u00e0 bandouli\u00e8re en maille respirante pour petit animal de compagnie Chien Chats\" data-immersive-translate-walked=\"1c928421-2e42-4cd3-8754-5404553c0af5\" data-immersive-translate-paragraph=\"1\" data-spm-anchor-id=\"a2700.details.0.i35.4f6757d4w4zNZA\">Top Wholesale China Lunch Bag Manufacturer | Factory Direct &amp; Custom Food-Safe Designs<\/h2>\n<div class=\"flex flex-grow flex-col max-w-full\">\n<div class=\"min-h-[20px] text-message flex w-full flex-col items-end gap-2 whitespace-pre-wrap break-words [.text-message+&amp;]:mt-5 overflow-x-auto\" dir=\"auto\" data-message-author-role=\"assistant\" data-message-id=\"3d7d46f6-7ec2-4222-9257-48fa0bba23c6\" data-suggestions=\"true\">\n<div class=\"flex w-full flex-col gap-1 empty:hidden first:pt-[3px]\">\n<div class=\"markdown prose w-full break-words dark:prose-invert light\">\n<p>Besoin d'un <strong>Fabricant chinois de sacs \u00e0 lunch<\/strong>? Nous produisons des sacs \u00e0 lunch isol\u00e9s approuv\u00e9s par la FDA pour les marques de livraison de repas. Prix de gros, commandes rapides et exp\u00e9dition mondiale. Obtenez des \u00e9chantillons gratuits !<\/p>\n<table width=\"288\">\n<tbody>\n<tr>\n<td width=\"137\"><span style=\"color: #333333;\">Nom des produits<\/span><\/td>\n<td width=\"151\">Sac \u00e0 lunch<\/td>\n<\/tr>\n<tr>\n<td><span style=\"color: #333333;\">Num\u00e9ro d'article<\/span><\/td>\n<td><span style=\"color: #333333;\">PB-2018<\/span><\/td>\n<\/tr>\n<tr>\n<td><span style=\"color: #333333;\">Mat\u00e9riau<\/span><\/td>\n<td>Polyester 600D<\/td>\n<\/tr>\n<tr>\n<td><span style=\"color: #333333;\">Taille<\/span><\/td>\n<td>42 x 28 x 33 cm<\/td>\n<\/tr>\n<tr>\n<td><span style=\"color: #333333;\">\u00a0D\u00e9lai de livraison<\/span><\/td>\n<td><span style=\"color: #333333;\">1-5 jours pour les petites quantit\u00e9s par voie a\u00e9rienne et 30-35 jours pour les grandes quantit\u00e9s par voie maritime.<\/span><\/td>\n<\/tr>\n<\/tbody>\n<\/table>\n<p>En tant que personne de confiance <strong>Fabricants chinois de sacs \u00e0 lunch<\/strong>Nous fabriquons des sacs thermiques \u00e0 usage alimentaire pour les entreprises de pr\u00e9paration de repas, les caf\u00e9t\u00e9rias d'entreprise et les programmes de repas scolaires. Notre usine livre :<br \/>\n\u2705 <strong>Flexibilit\u00e9 du commerce de gros<\/strong>: MOQ 300pcs avec des remises en vrac<br \/>\n\u2705 <strong>Personnalisation intelligente<\/strong>: Ajouter des intercalaires, des pochettes r\u00e9frig\u00e9rantes ou des logos de marque<br \/>\n\u2705 <strong>Des constructions \u00e9tanches<\/strong>: Mousse isolante de 5 mm + doublures approuv\u00e9es par la FDA<\/p>\n<p><strong>Pourquoi les marques alimentaires nous choisissent-elles ?<\/strong><\/p>\n<ul>\n<li><strong>Expertise de plus de 10 ans<\/strong>: Partenariat avec les fournisseurs HelloFresh et Sodexo<\/li>\n<li><strong>Certifi\u00e9 s\u00fbr<\/strong>: Mat\u00e9riaux sans BPA et certification OEKO-TEX<\/li>\n<li><strong>Logistique rapide<\/strong>: Production en 15 jours + exp\u00e9dition en porte-\u00e0-porte<\/li>\n<\/ul>\n<p><strong>Parfait pour :<\/strong><\/p>\n<ul>\n<li>Livraison de kits de repas * Service de restauration hospitali\u00e8re * Restauration d'entreprise<\/li>\n<\/ul>\n<p><strong>Pr\u00e9parez d\u00e8s aujourd'hui votre solution d\u00e9jeuner id\u00e9ale :<\/strong><br \/>\n\ud83c\udf71 Maquettes 3D gratuites<br \/>\n\ud83c\udf71 R\u00e9tention de la glace jusqu'\u00e0 8 heures<br \/>\n\ud83c\udf71 Remises sur les commandes de plus de 1 000 unit\u00e9s<\/p>\n<\/div>\n<\/div>\n<\/div>\n<\/div>","protected":false},"excerpt":{"rendered":"<h2 data-immersive-translate-walked=\"344be1c1-5052-41eb-8fcd-0dbe236a0d6b\" data-immersive-translate-paragraph=\"1\">Fabricant chinois de sacs \u00e0 lunch<\/h2>\n<p>Nous fournissons des sacs de qualit\u00e9 sup\u00e9rieure avec une personnalisation compl\u00e8te de la taille et de la couleur, des tissus durables et une qualit\u00e9 certifi\u00e9e.<\/p>\n<p>B\u00e9n\u00e9ficiez de MOQ flexibles, d'une exp\u00e9dition mondiale rapide et de solutions de marques priv\u00e9es.<\/p>\n<p>Contactez-nous d\u00e8s aujourd'hui !<\/p>","protected":false},"featured_media":1549,"template":"","meta":{"_uag_custom_page_level_css":""},"product_brand":[],"product_cat":[52],"product_tag":[],"class_list":{"0":"post-1546","1":"product","2":"type-product","3":"status-publish","4":"has-post-thumbnail","6":"product_cat-lunch-bag","8":"first","9":"instock","10":"shipping-taxable","11":"product-type-simple"},"uagb_featured_image_src":{"full":["https:\/\/pecbag.com\/wp-content\/uploads\/2025\/04\/China-Lunch-Bag-Manufacturer-1.png",1500,1500,false],"thumbnail":["https:\/\/pecbag.com\/wp-content\/uploads\/2025\/04\/China-Lunch-Bag-Manufacturer-1-150x150.png",150,150,true],"medium":["https:\/\/pecbag.com\/wp-content\/uploads\/2025\/04\/China-Lunch-Bag-Manufacturer-1-300x300.png",300,300,true],"medium_large":["https:\/\/pecbag.com\/wp-content\/uploads\/2025\/04\/China-Lunch-Bag-Manufacturer-1-768x768.png",768,768,true],"large":["https:\/\/pecbag.com\/wp-content\/uploads\/2025\/04\/China-Lunch-Bag-Manufacturer-1-1024x1024.png",800,800,true],"1536x1536":["https:\/\/pecbag.com\/wp-content\/uploads\/2025\/04\/China-Lunch-Bag-Manufacturer-1.png",1500,1500,false],"2048x2048":["https:\/\/pecbag.com\/wp-content\/uploads\/2025\/04\/China-Lunch-Bag-Manufacturer-1.png",1500,1500,false],"trp-custom-language-flag":["https:\/\/pecbag.com\/wp-content\/uploads\/2025\/04\/China-Lunch-Bag-Manufacturer-1.png",12,12,false],"woocommerce_thumbnail":["https:\/\/pecbag.com\/wp-content\/uploads\/2025\/04\/China-Lunch-Bag-Manufacturer-1-300x300.png",300,300,true],"woocommerce_single":["https:\/\/pecbag.com\/wp-content\/uploads\/2025\/04\/China-Lunch-Bag-Manufacturer-1-600x600.png",600,600,true],"woocommerce_gallery_thumbnail":["https:\/\/pecbag.com\/wp-content\/uploads\/2025\/04\/China-Lunch-Bag-Manufacturer-1-100x100.png",100,100,true]},"uagb_author_info":{"display_name":"Lawrence","author_link":"https:\/\/pecbag.com\/fr\/author\/"},"uagb_comment_info":0,"uagb_excerpt":"China Lunch Bag Manufacturer We provide premium bags with full-size and color customization, durable fabrics, and certified quality. Enjoy flexible MOQs, fast global shipping, and private label solutions. Contact us today!","_links":{"self":[{"href":"https:\/\/pecbag.com\/fr\/wp-json\/wp\/v2\/product\/1546","targetHints":{"allow":["GET"]}}],"collection":[{"href":"https:\/\/pecbag.com\/fr\/wp-json\/wp\/v2\/product"}],"about":[{"href":"https:\/\/pecbag.com\/fr\/wp-json\/wp\/v2\/types\/product"}],"wp:featuredmedia":[{"embeddable":true,"href":"https:\/\/pecbag.com\/fr\/wp-json\/wp\/v2\/media\/1549"}],"wp:attachment":[{"href":"https:\/\/pecbag.com\/fr\/wp-json\/wp\/v2\/media?parent=1546"}],"wp:term":[{"taxonomy":"product_brand","embeddable":true,"href":"https:\/\/pecbag.com\/fr\/wp-json\/wp\/v2\/product_brand?post=1546"},{"taxonomy":"product_cat","embeddable":true,"href":"https:\/\/pecbag.com\/fr\/wp-json\/wp\/v2\/product_cat?post=1546"},{"taxonomy":"product_tag","embeddable":true,"href":"https:\/\/pecbag.com\/fr\/wp-json\/wp\/v2\/product_tag?post=1546"}],"curies":[{"name":"wp","href":"https:\/\/api.w.org\/{rel}","templated":true}]}}