{"id":1560,"date":"2025-04-12T02:56:11","date_gmt":"2025-04-12T02:56:11","guid":{"rendered":"https:\/\/pecbag.com\/?post_type=product&#038;p=1560"},"modified":"2025-11-29T02:09:11","modified_gmt":"2025-11-29T02:09:11","slug":"oem-shoulder-bag-custom-style","status":"publish","type":"product","link":"https:\/\/pecbag.com\/fr\/oem-shoulder-bag-custom-style\/","title":{"rendered":"Sac \u00e0 bandouli\u00e8re OEM Style personnalis\u00e9"},"content":{"rendered":"<h2 title=\"Sac \u00e0 dos pliable pour chien Sac \u00e0 bandouli\u00e8re en maille respirante pour petit animal de compagnie Chien Chats\" data-immersive-translate-walked=\"1c928421-2e42-4cd3-8754-5404553c0af5\" data-immersive-translate-paragraph=\"1\" data-spm-anchor-id=\"a2700.details.0.i35.4f6757d4w4zNZA\">Trusted OEM Shoulder Bag Factory | Wholesale Custom Styles &amp; Bulk Pricing<\/h2>\n<div class=\"flex flex-grow flex-col max-w-full\">\n<div class=\"min-h-[20px] text-message flex w-full flex-col items-end gap-2 whitespace-pre-wrap break-words [.text-message+&amp;]:mt-5 overflow-x-auto\" dir=\"auto\" data-message-author-role=\"assistant\" data-message-id=\"3d7d46f6-7ec2-4222-9257-48fa0bba23c6\" data-suggestions=\"true\">\n<div class=\"flex w-full flex-col gap-1 empty:hidden first:pt-[3px]\">\n<div class=\"markdown prose w-full break-words dark:prose-invert light\">\n<p>Vous recherchez des fabricants de sacs \u00e0 bandouli\u00e8re OEM ? Personnalisez les styles, les logos et les tissus \u00e0 des prix de gros. Faible MOQ, exp\u00e9dition rapide et assistance \u00e0 la conception 24 heures sur 24, 7 jours sur 7. Obtenez des devis en direct de l'usine d\u00e8s aujourd'hui !<\/p>\n<table width=\"288\">\n<tbody>\n<tr>\n<td width=\"137\"><span style=\"color: #333333;\">Nom des produits<\/span><\/td>\n<td width=\"151\">Sac \u00e0 bandouli\u00e8re<\/td>\n<\/tr>\n<tr>\n<td><span style=\"color: #333333;\">Num\u00e9ro d'article<\/span><\/td>\n<td><span style=\"color: #333333;\">PB-2020<\/span><\/td>\n<\/tr>\n<tr>\n<td><span style=\"color: #333333;\">Mat\u00e9riau<\/span><\/td>\n<td>Polyester 600D<\/td>\n<\/tr>\n<tr>\n<td><span style=\"color: #333333;\">Taille<\/span><\/td>\n<td>45 x 18 x 24,4 cm<\/td>\n<\/tr>\n<tr>\n<td><span style=\"color: #333333;\">\u00a0D\u00e9lai de livraison<\/span><\/td>\n<td><span style=\"color: #333333;\">1-5 jours pour les petites quantit\u00e9s par voie a\u00e9rienne et 30-35 jours pour les grandes quantit\u00e9s par voie maritime.<\/span><\/td>\n<\/tr>\n<\/tbody>\n<\/table>\n<p>En tant que leader\u00a0<strong>Usine de sacs \u00e0 bandouli\u00e8re OEM<\/strong>Nous transformons les id\u00e9es de votre marque en produits de haute qualit\u00e9, pr\u00eats \u00e0 \u00eatre commercialis\u00e9s. Que vous soyez une startup ou un d\u00e9taillant international, notre <strong>styles personnalis\u00e9s en gros<\/strong>\u00a0s'adapter \u00e0 vos besoins.<\/p>\n<p><strong>Pourquoi s'associer \u00e0 nous ?<\/strong><br \/>\n\u2705\u00a0<strong>Libert\u00e9 de conception<\/strong>:<\/p>\n<ul>\n<li>Formes, tailles et compartiments personnalis\u00e9s<\/li>\n<li>Ajouter des logos\/motifs de marque (broderie, impression, patchs)<\/li>\n<li>Choisissez parmi plus de 120 tissus (cuir v\u00e9g\u00e9talien, polyester recycl\u00e9, nylon imperm\u00e9able)<\/li>\n<\/ul>\n<p>\u2705\u00a0<strong>Des conditions favorables aux grossistes<\/strong>:<\/p>\n<ul>\n<li>MOQ 100 pcs - id\u00e9al pour les petites marques<\/li>\n<li>Remises en masse \u00e0 partir de 500 unit\u00e9s<\/li>\n<li>Production en 15 jours + exp\u00e9dition porte \u00e0 porte (DHL\/FedEx)<\/li>\n<\/ul>\n<p>\u2705\u00a0<strong>Construit pour durer<\/strong>:<\/p>\n<ul>\n<li>Coutures renforc\u00e9es et bretelles antid\u00e9rapantes<\/li>\n<li>Poches \u00e0 s\u00e9curit\u00e9 RFID et fermetures \u00e0 glissi\u00e8re cach\u00e9es (option de mise \u00e0 niveau)<\/li>\n<li>R\u00e9pond aux tests de durabilit\u00e9 ISO 9001 et SGS<\/li>\n<\/ul>\n<p><strong>Qui utilise nos sacs ?<\/strong><br \/>\n\u2714\ufe0f\u00a0<strong>Entreprises clientes<\/strong>: Cadeaux promotionnels pour les \u00e9v\u00e9nements technologiques<br \/>\n\u2714\ufe0f\u00a0<strong>Marques de mode<\/strong>: Sacs \u00e0 bandouli\u00e8re tendance pour les collections 2025<br \/>\n\u2714\ufe0f\u00a0<strong>D\u00e9taillants de produits de plein air<\/strong>: Conceptions r\u00e9sistantes \u00e0 l'eau pour la randonn\u00e9e et le camping<\/p>\n<\/div>\n<\/div>\n<\/div>\n<\/div>","protected":false},"excerpt":{"rendered":"<h2 data-immersive-translate-walked=\"344be1c1-5052-41eb-8fcd-0dbe236a0d6b\" data-immersive-translate-paragraph=\"1\">Sac \u00e0 bandouli\u00e8re OEM Style personnalis\u00e9<\/h2>\n<p>Nous fournissons des sacs de qualit\u00e9 sup\u00e9rieure avec une personnalisation compl\u00e8te de la taille et de la couleur, des tissus durables et une qualit\u00e9 certifi\u00e9e.<\/p>\n<p>B\u00e9n\u00e9ficiez de MOQ flexibles, d'une exp\u00e9dition mondiale rapide et de solutions de marques priv\u00e9es.<\/p>\n<p>Contactez-nous d\u00e8s aujourd'hui !<\/p>","protected":false},"featured_media":1561,"template":"","meta":{"_uag_custom_page_level_css":""},"product_brand":[],"product_cat":[64],"product_tag":[],"class_list":{"0":"post-1560","1":"product","2":"type-product","3":"status-publish","4":"has-post-thumbnail","6":"product_cat-shoulder-bag","8":"first","9":"instock","10":"shipping-taxable","11":"product-type-simple"},"uagb_featured_image_src":{"full":["https:\/\/pecbag.com\/wp-content\/uploads\/2025\/04\/OEM-Shoulder-Bag-Custom-Style-6.jpg",1601,2000,false],"thumbnail":["https:\/\/pecbag.com\/wp-content\/uploads\/2025\/04\/OEM-Shoulder-Bag-Custom-Style-6-150x150.jpg",150,150,true],"medium":["https:\/\/pecbag.com\/wp-content\/uploads\/2025\/04\/OEM-Shoulder-Bag-Custom-Style-6-240x300.jpg",240,300,true],"medium_large":["https:\/\/pecbag.com\/wp-content\/uploads\/2025\/04\/OEM-Shoulder-Bag-Custom-Style-6-768x959.jpg",768,959,true],"large":["https:\/\/pecbag.com\/wp-content\/uploads\/2025\/04\/OEM-Shoulder-Bag-Custom-Style-6-820x1024.jpg",800,999,true],"1536x1536":["https:\/\/pecbag.com\/wp-content\/uploads\/2025\/04\/OEM-Shoulder-Bag-Custom-Style-6-1230x1536.jpg",1230,1536,true],"2048x2048":["https:\/\/pecbag.com\/wp-content\/uploads\/2025\/04\/OEM-Shoulder-Bag-Custom-Style-6.jpg",1601,2000,false],"trp-custom-language-flag":["https:\/\/pecbag.com\/wp-content\/uploads\/2025\/04\/OEM-Shoulder-Bag-Custom-Style-6.jpg",10,12,false],"woocommerce_thumbnail":["https:\/\/pecbag.com\/wp-content\/uploads\/2025\/04\/OEM-Shoulder-Bag-Custom-Style-6-300x300.jpg",300,300,true],"woocommerce_single":["https:\/\/pecbag.com\/wp-content\/uploads\/2025\/04\/OEM-Shoulder-Bag-Custom-Style-6-600x750.jpg",600,750,true],"woocommerce_gallery_thumbnail":["https:\/\/pecbag.com\/wp-content\/uploads\/2025\/04\/OEM-Shoulder-Bag-Custom-Style-6-100x100.jpg",100,100,true]},"uagb_author_info":{"display_name":"Lawrence","author_link":"https:\/\/pecbag.com\/fr\/author\/"},"uagb_comment_info":0,"uagb_excerpt":"OEM Shoulder Bag Custom Style We provide premium bags with full-size and color customization, durable fabrics, and certified quality. Enjoy flexible MOQs, fast global shipping, and private label solutions. Contact us today!","_links":{"self":[{"href":"https:\/\/pecbag.com\/fr\/wp-json\/wp\/v2\/product\/1560","targetHints":{"allow":["GET"]}}],"collection":[{"href":"https:\/\/pecbag.com\/fr\/wp-json\/wp\/v2\/product"}],"about":[{"href":"https:\/\/pecbag.com\/fr\/wp-json\/wp\/v2\/types\/product"}],"wp:featuredmedia":[{"embeddable":true,"href":"https:\/\/pecbag.com\/fr\/wp-json\/wp\/v2\/media\/1561"}],"wp:attachment":[{"href":"https:\/\/pecbag.com\/fr\/wp-json\/wp\/v2\/media?parent=1560"}],"wp:term":[{"taxonomy":"product_brand","embeddable":true,"href":"https:\/\/pecbag.com\/fr\/wp-json\/wp\/v2\/product_brand?post=1560"},{"taxonomy":"product_cat","embeddable":true,"href":"https:\/\/pecbag.com\/fr\/wp-json\/wp\/v2\/product_cat?post=1560"},{"taxonomy":"product_tag","embeddable":true,"href":"https:\/\/pecbag.com\/fr\/wp-json\/wp\/v2\/product_tag?post=1560"}],"curies":[{"name":"wp","href":"https:\/\/api.w.org\/{rel}","templated":true}]}}