{"id":1574,"date":"2025-04-12T03:29:45","date_gmt":"2025-04-12T03:29:45","guid":{"rendered":"https:\/\/pecbag.com\/?post_type=product&#038;p=1574"},"modified":"2025-11-29T02:08:54","modified_gmt":"2025-11-29T02:08:54","slug":"surfboard-bag-manufacturers-china","status":"publish","type":"product","link":"https:\/\/pecbag.com\/fr\/surfboard-bag-manufacturers-china\/","title":{"rendered":"Sac de planche de surf Fabricants Chine"},"content":{"rendered":"<h2 title=\"Sac \u00e0 dos pliable pour chien Sac \u00e0 bandouli\u00e8re en maille respirante pour petit animal de compagnie Chien Chats\" data-immersive-translate-walked=\"1c928421-2e42-4cd3-8754-5404553c0af5\" data-immersive-translate-paragraph=\"1\" data-spm-anchor-id=\"a2700.details.0.i35.4f6757d4w4zNZA\">Top Surfboard Bag Manufacturers China | Wholesale Factory for Custom &amp; Padded Designs<\/h2>\n<div class=\"flex flex-grow flex-col max-w-full\">\n<div class=\"min-h-[20px] text-message flex w-full flex-col items-end gap-2 whitespace-pre-wrap break-words [.text-message+&amp;]:mt-5 overflow-x-auto\" dir=\"auto\" data-message-author-role=\"assistant\" data-message-id=\"3d7d46f6-7ec2-4222-9257-48fa0bba23c6\" data-suggestions=\"true\">\n<div class=\"flex w-full flex-col gap-1 empty:hidden first:pt-[3px]\">\n<div class=\"markdown prose w-full break-words dark:prose-invert light\">\n<p>\u00c0 la recherche de\u00a0<strong>sacs pour planches de surf fabricants en Chine<\/strong>? Nous proposons des designs imperm\u00e9ables, des remises en gros et des logos personnalis\u00e9s. Exp\u00e9dition rapide, faible MOQ et assistance 24\/7. Obtenez des \u00e9chantillons gratuits d\u00e8s maintenant !<\/p>\n<table width=\"288\">\n<tbody>\n<tr>\n<td width=\"137\"><span style=\"color: #333333;\">Nom des produits<\/span><\/td>\n<td width=\"151\">Sac pour planche de surf<\/td>\n<\/tr>\n<tr>\n<td><span style=\"color: #333333;\">Num\u00e9ro d'article<\/span><\/td>\n<td><span style=\"color: #333333;\">PB-2022<\/span><\/td>\n<\/tr>\n<tr>\n<td><span style=\"color: #333333;\">Mat\u00e9riau<\/span><\/td>\n<td>Polyester 600D + PP tiss\u00e9<\/td>\n<\/tr>\n<tr>\n<td><span style=\"color: #333333;\">\u00a0Taille et couleur<\/span><\/td>\n<td><span style=\"color: #333333;\">Sur mesure<\/span><\/td>\n<\/tr>\n<tr>\n<td><span style=\"color: #333333;\">\u00a0D\u00e9lai de livraison<\/span><\/td>\n<td><span style=\"color: #333333;\">1-5 jours pour les petites quantit\u00e9s par voie a\u00e9rienne et 30-35 jours pour les grandes quantit\u00e9s par voie maritime.<\/span><\/td>\n<\/tr>\n<\/tbody>\n<\/table>\n<p>En tant que chef de file\u00a0<strong>sacs pour planches de surf fabricants en Chine<\/strong>Nous fabriquons des protections robustes pour les shortboards, les longboards et les pagaies de SUP. Que vous soyez une marque de surf, un magasin de location ou un d\u00e9taillant, notre\u00a0<strong>usine de vente en gros<\/strong>\u00a0livre\u00a0<strong>sacs de surf personnalis\u00e9s<\/strong>\u00a0Construit pour survivre \u00e0 l'eau sal\u00e9e, au soleil et aux aventures sablonneuses.<\/p>\n<p><strong>Pourquoi nous choisir ?<\/strong><br \/>\n\u2705\u00a0<strong>Protection Surf-Smart<\/strong>:<\/p>\n<ul>\n<li>rembourrage en mousse de 10 mm + polyester 600D anti-UV<\/li>\n<li>Fermetures \u00e0 glissi\u00e8re YKK \u00e9tanches et coutures renforc\u00e9es (IPX5)<\/li>\n<li>Dimensions sur mesure (planches de 6' \u00e0 12') +\u00a0<strong>logos de marque<\/strong>\u00a0(impression\/broderie)<\/li>\n<\/ul>\n<p>\u2705\u00a0<strong>Avantages pour les grossistes<\/strong>:<\/p>\n<ul>\n<li><strong>MOQ 100pcs<\/strong>\u00a0- id\u00e9al pour les entreprises en phase de d\u00e9marrage et les petits lots<\/li>\n<li><strong>25% off<\/strong>\u00a0commandes de plus de 500 unit\u00e9s<\/li>\n<li><strong>Production en 15 jours<\/strong>\u00a0+ exp\u00e9dition a\u00e9rienne\/maritime vers les centres mondiaux de surf<\/li>\n<\/ul>\n<p>\u2705\u00a0<strong>Con\u00e7u pour les coureurs professionnels<\/strong>:<\/p>\n<ul>\n<li>La doublure int\u00e9rieure \u00e0 s\u00e9chage rapide emp\u00eache la moisissure.<\/li>\n<li>Bretelles r\u00e9glables + poches pour le mat\u00e9riel<\/li>\n<li>A pass\u00e9 avec succ\u00e8s plus de 10 000 tests d'abrasion (certifi\u00e9 ISO 9001)<\/li>\n<\/ul>\n<p><strong>Confiance de la part de<\/strong>:<br \/>\n\ud83c\udfc4\u2642\ufe0f \u00e9coles de surf \u00e0 Hawa\u00ef et \u00e0 Bali<br \/>\n\ud83c\udfd6\ufe0f Stations baln\u00e9aires en Espagne et au Costa Rica<br \/>\n\ud83d\uded2 Des d\u00e9taillants soucieux de l'environnement aux \u00c9tats-Unis et dans l'Union europ\u00e9enne<\/p>\n<\/div>\n<\/div>\n<\/div>\n<\/div>","protected":false},"excerpt":{"rendered":"<h2 data-immersive-translate-walked=\"344be1c1-5052-41eb-8fcd-0dbe236a0d6b\" data-immersive-translate-paragraph=\"1\">Sac de planche de surf Fabricants Chine<\/h2>\n<p>Nous fournissons des sacs de qualit\u00e9 sup\u00e9rieure avec une personnalisation compl\u00e8te de la taille et de la couleur, des tissus durables et une qualit\u00e9 certifi\u00e9e.<\/p>\n<p>B\u00e9n\u00e9ficiez de MOQ flexibles, d'une exp\u00e9dition mondiale rapide et de solutions de marques priv\u00e9es.<\/p>\n<p>Contactez-nous d\u00e8s aujourd'hui !<\/p>","protected":false},"featured_media":1582,"template":"","meta":{"_uag_custom_page_level_css":""},"product_brand":[],"product_cat":[47],"product_tag":[],"class_list":{"0":"post-1574","1":"product","2":"type-product","3":"status-publish","4":"has-post-thumbnail","6":"product_cat-surfboard-bag","8":"first","9":"instock","10":"shipping-taxable","11":"product-type-simple"},"uagb_featured_image_src":{"full":["https:\/\/pecbag.com\/wp-content\/uploads\/2025\/04\/Surfboard-Bag-Manufacturers-China-3.jpg",1200,1200,false],"thumbnail":["https:\/\/pecbag.com\/wp-content\/uploads\/2025\/04\/Surfboard-Bag-Manufacturers-China-3-150x150.jpg",150,150,true],"medium":["https:\/\/pecbag.com\/wp-content\/uploads\/2025\/04\/Surfboard-Bag-Manufacturers-China-3-300x300.jpg",300,300,true],"medium_large":["https:\/\/pecbag.com\/wp-content\/uploads\/2025\/04\/Surfboard-Bag-Manufacturers-China-3-768x768.jpg",768,768,true],"large":["https:\/\/pecbag.com\/wp-content\/uploads\/2025\/04\/Surfboard-Bag-Manufacturers-China-3-1024x1024.jpg",800,800,true],"1536x1536":["https:\/\/pecbag.com\/wp-content\/uploads\/2025\/04\/Surfboard-Bag-Manufacturers-China-3.jpg",1200,1200,false],"2048x2048":["https:\/\/pecbag.com\/wp-content\/uploads\/2025\/04\/Surfboard-Bag-Manufacturers-China-3.jpg",1200,1200,false],"trp-custom-language-flag":["https:\/\/pecbag.com\/wp-content\/uploads\/2025\/04\/Surfboard-Bag-Manufacturers-China-3.jpg",12,12,false],"woocommerce_thumbnail":["https:\/\/pecbag.com\/wp-content\/uploads\/2025\/04\/Surfboard-Bag-Manufacturers-China-3-300x300.jpg",300,300,true],"woocommerce_single":["https:\/\/pecbag.com\/wp-content\/uploads\/2025\/04\/Surfboard-Bag-Manufacturers-China-3-600x600.jpg",600,600,true],"woocommerce_gallery_thumbnail":["https:\/\/pecbag.com\/wp-content\/uploads\/2025\/04\/Surfboard-Bag-Manufacturers-China-3-100x100.jpg",100,100,true]},"uagb_author_info":{"display_name":"Lawrence","author_link":"https:\/\/pecbag.com\/fr\/author\/"},"uagb_comment_info":0,"uagb_excerpt":"Surfboard Bag Manufacturers China We provide premium bags with full-size and color customization, durable fabrics, and certified quality. Enjoy flexible MOQs, fast global shipping, and private label solutions. Contact us today!","_links":{"self":[{"href":"https:\/\/pecbag.com\/fr\/wp-json\/wp\/v2\/product\/1574","targetHints":{"allow":["GET"]}}],"collection":[{"href":"https:\/\/pecbag.com\/fr\/wp-json\/wp\/v2\/product"}],"about":[{"href":"https:\/\/pecbag.com\/fr\/wp-json\/wp\/v2\/types\/product"}],"wp:featuredmedia":[{"embeddable":true,"href":"https:\/\/pecbag.com\/fr\/wp-json\/wp\/v2\/media\/1582"}],"wp:attachment":[{"href":"https:\/\/pecbag.com\/fr\/wp-json\/wp\/v2\/media?parent=1574"}],"wp:term":[{"taxonomy":"product_brand","embeddable":true,"href":"https:\/\/pecbag.com\/fr\/wp-json\/wp\/v2\/product_brand?post=1574"},{"taxonomy":"product_cat","embeddable":true,"href":"https:\/\/pecbag.com\/fr\/wp-json\/wp\/v2\/product_cat?post=1574"},{"taxonomy":"product_tag","embeddable":true,"href":"https:\/\/pecbag.com\/fr\/wp-json\/wp\/v2\/product_tag?post=1574"}],"curies":[{"name":"wp","href":"https:\/\/api.w.org\/{rel}","templated":true}]}}