{"id":1583,"date":"2025-04-12T03:43:51","date_gmt":"2025-04-12T03:43:51","guid":{"rendered":"https:\/\/pecbag.com\/?post_type=product&#038;p=1583"},"modified":"2025-11-29T02:08:47","modified_gmt":"2025-11-29T02:08:47","slug":"camouflage-tactical-bag-manufacturer","status":"publish","type":"product","link":"https:\/\/pecbag.com\/fr\/camouflage-tactical-bag-manufacturer\/","title":{"rendered":"Sacoche tactique camouflage Fabricant"},"content":{"rendered":"<h2 title=\"Sac \u00e0 dos pliable pour chien Sac \u00e0 bandouli\u00e8re en maille respirante pour petit animal de compagnie Chien Chats\" data-immersive-translate-walked=\"1c928421-2e42-4cd3-8754-5404553c0af5\" data-immersive-translate-paragraph=\"1\" data-spm-anchor-id=\"a2700.details.0.i35.4f6757d4w4zNZA\">Fabricant de sacs tactiques en camouflage de confiance | Fabricant en gros de sacs tactiques en camouflage de qualit\u00e9 militaire<\/h2>\n<div class=\"flex flex-grow flex-col max-w-full\">\n<div class=\"min-h-[20px] text-message flex w-full flex-col items-end gap-2 whitespace-pre-wrap break-words [.text-message+&amp;]:mt-5 overflow-x-auto\" dir=\"auto\" data-message-author-role=\"assistant\" data-message-id=\"3d7d46f6-7ec2-4222-9257-48fa0bba23c6\" data-suggestions=\"true\">\n<div class=\"flex w-full flex-col gap-1 empty:hidden first:pt-[3px]\">\n<div class=\"markdown prose w-full break-words dark:prose-invert light\">\n<p>Besoin de robustesse\u00a0<strong>fabricants de sacs tactiques de camouflage<\/strong>? Nous proposons des conceptions MIL-SPEC, des prix de gros et des logos personnalis\u00e9s. Faible MOQ, exp\u00e9dition rapide et \u00e9chantillons gratuits. Faites \u00e9quipe avec une usine certifi\u00e9e d\u00e8s aujourd'hui !<\/p>\n<table width=\"288\">\n<tbody>\n<tr>\n<td width=\"137\"><span style=\"color: #333333;\">Nom des produits<\/span><\/td>\n<td width=\"151\">Sac tactique<\/td>\n<\/tr>\n<tr>\n<td><span style=\"color: #333333;\">Num\u00e9ro d'article<\/span><\/td>\n<td><span style=\"color: #333333;\">PB-2023<\/span><\/td>\n<\/tr>\n<tr>\n<td><span style=\"color: #333333;\">Mat\u00e9riau<\/span><\/td>\n<td>Polyester 600D<\/td>\n<\/tr>\n<tr>\n<td><span style=\"color: #333333;\">Taille<\/span><\/td>\n<td>30*15*52cm<\/td>\n<\/tr>\n<tr>\n<td><span style=\"color: #333333;\">\u00a0D\u00e9lai de livraison<\/span><\/td>\n<td><span style=\"color: #333333;\">1-5 jours pour les petites quantit\u00e9s par voie a\u00e9rienne et 30-35 jours pour les grandes quantit\u00e9s par voie maritime.<\/span><\/td>\n<\/tr>\n<\/tbody>\n<\/table>\n<p>En tant que leader\u00a0<strong>Fabricant de sacs tactiques de camouflage<\/strong>Nous concevons des \u00e9quipements auxquels font confiance les unit\u00e9s militaires, les marques de produits de plein air et les sp\u00e9cialistes de la survie. Notre\u00a0<strong>usine de vente en gros<\/strong>\u00a0produit\u00a0<strong>sacs tactiques personnalis\u00e9s<\/strong>\u00a0con\u00e7u pour se fondre dans les for\u00eats, les d\u00e9serts et les jungles urbaines, tout en survivant aux missions les plus difficiles.<\/p>\n<p><strong>Pourquoi travailler avec nous ?<\/strong><br \/>\n\u2705\u00a0<strong>Qualit\u00e9 militaire<\/strong>:<\/p>\n<ul>\n<li><strong>Tissu Cordura\u00ae 500D<\/strong>\u00a0- ind\u00e9chirable et r\u00e9sistant aux intemp\u00e9ries<\/li>\n<li><strong>Sangle MOLLE<\/strong>\u00a0pour les pi\u00e8ces jointes modulaires (agencements personnalisables)<\/li>\n<li><strong>Fermetures \u00e9clair \u00e9tanches IP67<\/strong>\u00a0+ points de tension renforc\u00e9s<\/li>\n<\/ul>\n<p>\u2705\u00a0<strong>Avantages du commerce de gros<\/strong>:<\/p>\n<ul>\n<li><strong>MOQ 150pcs<\/strong>\u00a0- parfait pour les startups et les petites commandes<\/li>\n<li><strong>20% off<\/strong>\u00a0commandes de plus de 500 unit\u00e9s<\/li>\n<li><strong>Production en 18 jours<\/strong>\u00a0+ exp\u00e9dition a\u00e9rienne\/maritime vers plus de 60 pays<\/li>\n<\/ul>\n<p>\u2705\u00a0<strong>Fonctionnalit\u00e9s pr\u00eates \u00e0 l'emploi<\/strong>:<\/p>\n<ul>\n<li><strong>Motifs de camouflage r\u00e9sistants aux IR<\/strong>\u00a0(Bois, Num\u00e9rique, Multicam)<\/li>\n<li><strong>Compartiments pour la vessie d'hydratation<\/strong>\u00a0+ poches pour port dissimul\u00e9<\/li>\n<li><strong>Test\u00e9 selon la norme MIL-STD-810G<\/strong>\u00a0normes (abrasion, UV et exposition \u00e0 l'eau)<\/li>\n<\/ul>\n<p><strong>Confiance de la part de<\/strong>:<br \/>\n\ud83d\udd2b Fournisseurs militaires dans les r\u00e9gions des \u00c9tats-Unis et de l'OTAN<br \/>\n\ud83c\udf32 Les marques de mat\u00e9riel de chasse au Canada et en Scandinavie<br \/>\n\ud83d\ude81 ONG d'aide aux sinistr\u00e9s dans le monde entier<\/p>\n<\/div>\n<\/div>\n<\/div>\n<\/div>","protected":false},"excerpt":{"rendered":"<h2 data-immersive-translate-walked=\"344be1c1-5052-41eb-8fcd-0dbe236a0d6b\" data-immersive-translate-paragraph=\"1\">Sacoche tactique camouflage Fabricant<\/h2>\n<p>Nous fournissons des sacs de qualit\u00e9 sup\u00e9rieure avec une personnalisation compl\u00e8te de la taille et de la couleur, des tissus durables et une qualit\u00e9 certifi\u00e9e.<\/p>\n<p>B\u00e9n\u00e9ficiez de MOQ flexibles, d'une exp\u00e9dition mondiale rapide et de solutions de marques priv\u00e9es.<\/p>\n<p>Contactez-nous d\u00e8s aujourd'hui !<\/p>","protected":false},"featured_media":1586,"template":"","meta":{"_uag_custom_page_level_css":""},"product_brand":[],"product_cat":[55],"product_tag":[],"class_list":{"0":"post-1583","1":"product","2":"type-product","3":"status-publish","4":"has-post-thumbnail","6":"product_cat-tactical-bag","8":"first","9":"instock","10":"shipping-taxable","11":"product-type-simple"},"uagb_featured_image_src":{"full":["https:\/\/pecbag.com\/wp-content\/uploads\/2025\/04\/Tactical-Bag-6.jpg",1600,1600,false],"thumbnail":["https:\/\/pecbag.com\/wp-content\/uploads\/2025\/04\/Tactical-Bag-6-150x150.jpg",150,150,true],"medium":["https:\/\/pecbag.com\/wp-content\/uploads\/2025\/04\/Tactical-Bag-6-300x300.jpg",300,300,true],"medium_large":["https:\/\/pecbag.com\/wp-content\/uploads\/2025\/04\/Tactical-Bag-6-768x768.jpg",768,768,true],"large":["https:\/\/pecbag.com\/wp-content\/uploads\/2025\/04\/Tactical-Bag-6-1024x1024.jpg",800,800,true],"1536x1536":["https:\/\/pecbag.com\/wp-content\/uploads\/2025\/04\/Tactical-Bag-6-1536x1536.jpg",1536,1536,true],"2048x2048":["https:\/\/pecbag.com\/wp-content\/uploads\/2025\/04\/Tactical-Bag-6.jpg",1600,1600,false],"trp-custom-language-flag":["https:\/\/pecbag.com\/wp-content\/uploads\/2025\/04\/Tactical-Bag-6.jpg",12,12,false],"woocommerce_thumbnail":["https:\/\/pecbag.com\/wp-content\/uploads\/2025\/04\/Tactical-Bag-6-300x300.jpg",300,300,true],"woocommerce_single":["https:\/\/pecbag.com\/wp-content\/uploads\/2025\/04\/Tactical-Bag-6-600x600.jpg",600,600,true],"woocommerce_gallery_thumbnail":["https:\/\/pecbag.com\/wp-content\/uploads\/2025\/04\/Tactical-Bag-6-100x100.jpg",100,100,true]},"uagb_author_info":{"display_name":"Lawrence","author_link":"https:\/\/pecbag.com\/fr\/author\/"},"uagb_comment_info":0,"uagb_excerpt":"Camouflage Tactical Bag Manufacturer We provide premium bags with full-size and color customization, durable fabrics, and certified quality. Enjoy flexible MOQs, fast global shipping, and private label solutions. Contact us today!","_links":{"self":[{"href":"https:\/\/pecbag.com\/fr\/wp-json\/wp\/v2\/product\/1583","targetHints":{"allow":["GET"]}}],"collection":[{"href":"https:\/\/pecbag.com\/fr\/wp-json\/wp\/v2\/product"}],"about":[{"href":"https:\/\/pecbag.com\/fr\/wp-json\/wp\/v2\/types\/product"}],"wp:featuredmedia":[{"embeddable":true,"href":"https:\/\/pecbag.com\/fr\/wp-json\/wp\/v2\/media\/1586"}],"wp:attachment":[{"href":"https:\/\/pecbag.com\/fr\/wp-json\/wp\/v2\/media?parent=1583"}],"wp:term":[{"taxonomy":"product_brand","embeddable":true,"href":"https:\/\/pecbag.com\/fr\/wp-json\/wp\/v2\/product_brand?post=1583"},{"taxonomy":"product_cat","embeddable":true,"href":"https:\/\/pecbag.com\/fr\/wp-json\/wp\/v2\/product_cat?post=1583"},{"taxonomy":"product_tag","embeddable":true,"href":"https:\/\/pecbag.com\/fr\/wp-json\/wp\/v2\/product_tag?post=1583"}],"curies":[{"name":"wp","href":"https:\/\/api.w.org\/{rel}","templated":true}]}}