{"id":1592,"date":"2025-04-12T03:47:09","date_gmt":"2025-04-12T03:47:09","guid":{"rendered":"https:\/\/pecbag.com\/?post_type=product&#038;p=1592"},"modified":"2025-11-29T02:08:40","modified_gmt":"2025-11-29T02:08:40","slug":"china-custom-tool-bag","status":"publish","type":"product","link":"https:\/\/pecbag.com\/fr\/china-custom-tool-bag\/","title":{"rendered":"Sac \u00e0 outils personnalis\u00e9 en Chine"},"content":{"rendered":"<h2 title=\"Sac \u00e0 dos pliable pour chien Sac \u00e0 bandouli\u00e8re en maille respirante pour petit animal de compagnie Chien Chats\" data-immersive-translate-walked=\"1c928421-2e42-4cd3-8754-5404553c0af5\" data-immersive-translate-paragraph=\"1\" data-spm-anchor-id=\"a2700.details.0.i35.4f6757d4w4zNZA\">Sac \u00e0 outils personnalis\u00e9 en Chine, fabricant et grossiste de sacs \u00e0 outils durables et modulables<\/h2>\n<div class=\"flex flex-grow flex-col max-w-full\">\n<div class=\"min-h-[20px] text-message flex w-full flex-col items-end gap-2 whitespace-pre-wrap break-words [.text-message+&amp;]:mt-5 overflow-x-auto\" dir=\"auto\" data-message-author-role=\"assistant\" data-message-id=\"3d7d46f6-7ec2-4222-9257-48fa0bba23c6\" data-suggestions=\"true\">\n<div class=\"flex w-full flex-col gap-1 empty:hidden first:pt-[3px]\">\n<div class=\"markdown prose w-full break-words dark:prose-invert light\">\n<p>Besoin\u00a0<strong>Sac \u00e0 outils personnalis\u00e9 en Chine<\/strong>\u00a0fournisseurs ? Nous proposons des conceptions robustes, des remises en gros et l'impression de logos. Faible MOQ, livraison rapide et assistance 24\/7. Demandez des \u00e9chantillons gratuits d\u00e8s aujourd'hui !<\/p>\n<table width=\"288\">\n<tbody>\n<tr>\n<td width=\"137\"><span style=\"color: #333333;\">Nom des produits<\/span><\/td>\n<td width=\"151\">Sac \u00e0 outils<\/td>\n<\/tr>\n<tr>\n<td><span style=\"color: #333333;\">Num\u00e9ro d'article<\/span><\/td>\n<td><span style=\"color: #333333;\">PB-2024<\/span><\/td>\n<\/tr>\n<tr>\n<td><span style=\"color: #333333;\">Mat\u00e9riau<\/span><\/td>\n<td>Nylon<\/td>\n<\/tr>\n<tr>\n<td><span style=\"color: #333333;\">\u00a0Taille et couleur<\/span><\/td>\n<td>11,5\" x 6\" x 4,7\u2032<\/td>\n<\/tr>\n<tr>\n<td><span style=\"color: #333333;\">\u00a0D\u00e9lai de livraison<\/span><\/td>\n<td><span style=\"color: #333333;\">1-5 jours pour les petites quantit\u00e9s par voie a\u00e9rienne et 30-35 jours pour les grandes quantit\u00e9s par voie maritime.<\/span><\/td>\n<\/tr>\n<\/tbody>\n<\/table>\n<p>En tant que leader\u00a0<strong>Fabricant chinois de sacs \u00e0 outils personnalis\u00e9s<\/strong>Nous concevons des \u00e9quipements robustes pour les m\u00e9caniciens, les \u00e9quipes de construction et les marques de bricolage. Notre\u00a0<strong>usine de vente en gros<\/strong>\u00a0livre\u00a0<strong>sacs \u00e0 outils personnalis\u00e9s<\/strong> qui organisent des cl\u00e9s, des perceuses et des gadgets, con\u00e7us pour survivre aux chantiers, aux camions et \u00e0 l'usure quotidienne.<\/p>\n<p><strong>Pourquoi s'associer \u00e0 nous ?<\/strong><br \/>\n\u2705\u00a0<strong>Qualit\u00e9 industrielle<\/strong>:<\/p>\n<ul>\n<li><strong>polyester 600D<\/strong>\u00a0+ coutures renforc\u00e9es (dure 5X plus longtemps que les sacs standard)<\/li>\n<li><strong>Bases anti-rayures<\/strong>\u00a0Fermetures \u00e0 glissi\u00e8re &amp; YKK (test\u00e9es pour plus de 20 000 ouvertures\/fermetures)<\/li>\n<li><strong>Doublures imperm\u00e9ables<\/strong>\u00a0&amp; mat\u00e9riel antirouille (class\u00e9 IP54)<\/li>\n<\/ul>\n<p>\u2705\u00a0<strong>Avantages pour les grossistes<\/strong>:<\/p>\n<ul>\n<li><strong>MOQ 100pcs<\/strong>\u00a0- parfait pour les startups et les petites entreprises<\/li>\n<li><strong>30% off<\/strong>\u00a0commandes de plus de 500 unit\u00e9s<\/li>\n<li><strong>Production en 15 jours<\/strong>\u00a0+ exp\u00e9dition globale (DHL\/FedEx)<\/li>\n<\/ul>\n<p>\u2705\u00a0<strong>Personnalisez votre fa\u00e7on de faire<\/strong>:<\/p>\n<ul>\n<li>Ajouter\u00a0<strong>logos de la marque<\/strong>\u00a0(s\u00e9rigraphie\/broderie)<\/li>\n<li>Choisissez des compartiments (boucles \u00e9lastiques, fentes pour cl\u00e9s, panneaux magn\u00e9tiques)<\/li>\n<li>Couleurs au choix (noir, camouflage, orange hi-vis)<\/li>\n<\/ul>\n<p><strong>Confiance de la part de<\/strong>:<br \/>\n\ud83d\ude97 Cha\u00eenes de r\u00e9paration automobile en Allemagne et en Australie<br \/>\n\ud83d\udee0\ufe0f Des marques d'outils comme ProTech et GearMaster<br \/>\n\ud83c\udfd7\ufe0f Fournisseurs du secteur de la construction au Moyen-Orient<\/p>\n<\/div>\n<\/div>\n<\/div>\n<\/div>","protected":false},"excerpt":{"rendered":"<h2 data-immersive-translate-walked=\"344be1c1-5052-41eb-8fcd-0dbe236a0d6b\" data-immersive-translate-paragraph=\"1\">Sac \u00e0 outils personnalis\u00e9 en Chine<\/h2>\n<p>Nous fournissons des sacs de qualit\u00e9 sup\u00e9rieure avec une personnalisation compl\u00e8te de la taille et de la couleur, des tissus durables et une qualit\u00e9 certifi\u00e9e.<\/p>\n<p>B\u00e9n\u00e9ficiez de MOQ flexibles, d'une exp\u00e9dition mondiale rapide et de solutions de marques priv\u00e9es.<\/p>\n<p>Contactez-nous d\u00e8s aujourd'hui !<\/p>","protected":false},"featured_media":1598,"template":"","meta":{"_uag_custom_page_level_css":""},"product_brand":[],"product_cat":[49],"product_tag":[],"class_list":{"0":"post-1592","1":"product","2":"type-product","3":"status-publish","4":"has-post-thumbnail","6":"product_cat-tool-bag","8":"first","9":"instock","10":"shipping-taxable","11":"product-type-simple"},"uagb_featured_image_src":{"full":["https:\/\/pecbag.com\/wp-content\/uploads\/2025\/04\/China-Custom-Tool-Bag-3.png",612,616,false],"thumbnail":["https:\/\/pecbag.com\/wp-content\/uploads\/2025\/04\/China-Custom-Tool-Bag-3-150x150.png",150,150,true],"medium":["https:\/\/pecbag.com\/wp-content\/uploads\/2025\/04\/China-Custom-Tool-Bag-3-298x300.png",298,300,true],"medium_large":["https:\/\/pecbag.com\/wp-content\/uploads\/2025\/04\/China-Custom-Tool-Bag-3.png",612,616,false],"large":["https:\/\/pecbag.com\/wp-content\/uploads\/2025\/04\/China-Custom-Tool-Bag-3.png",612,616,false],"1536x1536":["https:\/\/pecbag.com\/wp-content\/uploads\/2025\/04\/China-Custom-Tool-Bag-3.png",612,616,false],"2048x2048":["https:\/\/pecbag.com\/wp-content\/uploads\/2025\/04\/China-Custom-Tool-Bag-3.png",612,616,false],"trp-custom-language-flag":["https:\/\/pecbag.com\/wp-content\/uploads\/2025\/04\/China-Custom-Tool-Bag-3.png",12,12,false],"woocommerce_thumbnail":["https:\/\/pecbag.com\/wp-content\/uploads\/2025\/04\/China-Custom-Tool-Bag-3-300x300.png",300,300,true],"woocommerce_single":["https:\/\/pecbag.com\/wp-content\/uploads\/2025\/04\/China-Custom-Tool-Bag-3-600x604.png",600,604,true],"woocommerce_gallery_thumbnail":["https:\/\/pecbag.com\/wp-content\/uploads\/2025\/04\/China-Custom-Tool-Bag-3-100x100.png",100,100,true]},"uagb_author_info":{"display_name":"Lawrence","author_link":"https:\/\/pecbag.com\/fr\/author\/"},"uagb_comment_info":0,"uagb_excerpt":"China Custom Tool Bag We provide premium bags with full-size and color customization, durable fabrics, and certified quality. Enjoy flexible MOQs, fast global shipping, and private label solutions. Contact us today!","_links":{"self":[{"href":"https:\/\/pecbag.com\/fr\/wp-json\/wp\/v2\/product\/1592","targetHints":{"allow":["GET"]}}],"collection":[{"href":"https:\/\/pecbag.com\/fr\/wp-json\/wp\/v2\/product"}],"about":[{"href":"https:\/\/pecbag.com\/fr\/wp-json\/wp\/v2\/types\/product"}],"wp:featuredmedia":[{"embeddable":true,"href":"https:\/\/pecbag.com\/fr\/wp-json\/wp\/v2\/media\/1598"}],"wp:attachment":[{"href":"https:\/\/pecbag.com\/fr\/wp-json\/wp\/v2\/media?parent=1592"}],"wp:term":[{"taxonomy":"product_brand","embeddable":true,"href":"https:\/\/pecbag.com\/fr\/wp-json\/wp\/v2\/product_brand?post=1592"},{"taxonomy":"product_cat","embeddable":true,"href":"https:\/\/pecbag.com\/fr\/wp-json\/wp\/v2\/product_cat?post=1592"},{"taxonomy":"product_tag","embeddable":true,"href":"https:\/\/pecbag.com\/fr\/wp-json\/wp\/v2\/product_tag?post=1592"}],"curies":[{"name":"wp","href":"https:\/\/api.w.org\/{rel}","templated":true}]}}