{"id":1600,"date":"2025-04-12T03:52:43","date_gmt":"2025-04-12T03:52:43","guid":{"rendered":"https:\/\/pecbag.com\/?post_type=product&#038;p=1600"},"modified":"2025-11-29T02:08:33","modified_gmt":"2025-11-29T02:08:33","slug":"travel-makeup-bag-gactory","status":"publish","type":"product","link":"https:\/\/pecbag.com\/fr\/travel-makeup-bag-gactory\/","title":{"rendered":"Trousse de maquillage de voyage Gactory"},"content":{"rendered":"<h2 title=\"Sac \u00e0 dos pliable pour chien Sac \u00e0 bandouli\u00e8re en maille respirante pour petit animal de compagnie Chien Chats\" data-immersive-translate-walked=\"1c928421-2e42-4cd3-8754-5404553c0af5\" data-immersive-translate-paragraph=\"1\" data-spm-anchor-id=\"a2700.details.0.i35.4f6757d4w4zNZA\">Top Travel Makeup Bag Factory | Wholesale Custom Cosmetic Organizers for Beauty Brands<\/h2>\n<div class=\"flex flex-grow flex-col max-w-full\">\n<div class=\"min-h-[20px] text-message flex w-full flex-col items-end gap-2 whitespace-pre-wrap break-words [.text-message+&amp;]:mt-5 overflow-x-auto\" dir=\"auto\" data-message-author-role=\"assistant\" data-message-id=\"3d7d46f6-7ec2-4222-9257-48fa0bba23c6\" data-suggestions=\"true\">\n<div class=\"flex w-full flex-col gap-1 empty:hidden first:pt-[3px]\">\n<div class=\"markdown prose w-full break-words dark:prose-invert light\">\n<p>Besoin d'un\u00a0<strong>sac de maquillage de voyage usine<\/strong>? Nous offrons des designs \u00e9l\u00e9gants et imperm\u00e9ables, des remises en gros et une exp\u00e9dition rapide. Faible MOQ et impression gratuite du logo. Demandez des \u00e9chantillons gratuits et des maquettes en 3D d\u00e8s aujourd'hui !<\/p>\n<table width=\"288\">\n<tbody>\n<tr>\n<td width=\"137\"><span style=\"color: #333333;\">Nom des produits<\/span><\/td>\n<td width=\"151\">Sac de voyage<\/td>\n<\/tr>\n<tr>\n<td><span style=\"color: #333333;\">Num\u00e9ro d'article<\/span><\/td>\n<td><span style=\"color: #333333;\">PB-2025<\/span><\/td>\n<\/tr>\n<tr>\n<td><span style=\"color: #333333;\">Mat\u00e9riau<\/span><\/td>\n<td>Polyester<\/td>\n<\/tr>\n<tr>\n<td><span style=\"color: #333333;\">\u00a0Taille et couleur<\/span><\/td>\n<td>21*10.5*11.5 pouces<\/td>\n<\/tr>\n<tr>\n<td><span style=\"color: #333333;\">\u00a0D\u00e9lai de livraison<\/span><\/td>\n<td><span style=\"color: #333333;\">1-5 jours pour les petites quantit\u00e9s par voie a\u00e9rienne et 30-35 jours pour les grandes quantit\u00e9s par voie maritime.<\/span><\/td>\n<\/tr>\n<\/tbody>\n<\/table>\n<p>En tant que leader\u00a0<strong>sac de maquillage de voyage usine<\/strong>\u00a0en Chine, nous fabriquons des organiseurs \u00e9l\u00e9gants pour les cosm\u00e9tiques, les pinceaux et les soins de la peau. Parfaits pour les marques de produits de beaut\u00e9, les h\u00f4tels et les d\u00e9taillants de cadeaux, nos\u00a0<strong>sacs de maquillage personnalis\u00e9s en gros<\/strong>\u00a0garder les produits s\u00e9curis\u00e9s, \u00e9l\u00e9gants et pr\u00eats \u00e0 voyager.<\/p>\n<p><strong>Pourquoi nous choisir ?<\/strong><br \/>\n\u2705\u00a0<strong>Personnalisation intelligente<\/strong>:<\/p>\n<ul>\n<li>Ajouter\u00a0<strong>logos de la marque<\/strong>\u00a0(broderie, marquage \u00e0 chaud ou gravure au laser)<\/li>\n<li>Choisissez parmi plus de 80 tissus (PU imperm\u00e9able, cuir v\u00e9g\u00e9tal, polyester recycl\u00e9 respectueux de l'environnement)<\/li>\n<li>Compartiments personnalis\u00e9s (fentes pour brosses, poches pour miroirs, pochettes d\u00e9tachables)<\/li>\n<\/ul>\n<p>\u2705\u00a0<strong>Avantages pour le commerce de gros<\/strong>:<\/p>\n<ul>\n<li><strong>MOQ 100pcs<\/strong>\u00a0- id\u00e9al pour les startups et les petites commandes<\/li>\n<li><strong>25% off<\/strong>\u00a0pour les commandes en gros (500+ unit\u00e9s)<\/li>\n<li><strong>Production en 12 jours<\/strong>\u00a0+ exp\u00e9dition par avion vers les \u00c9tats-Unis, l'Union europ\u00e9enne et l'Asie<\/li>\n<\/ul>\n<p>\u2705\u00a0<strong>Durabilit\u00e9 test\u00e9e en voyage<\/strong>:<\/p>\n<ul>\n<li><strong>Fermetures \u00e9clair \u00e9tanches<\/strong>\u00a0+ doublures nettoyables \u00e0 l'eau (pas d'\u00e9claboussures ni de taches !)<\/li>\n<li><strong>Formats adapt\u00e9s au TSA<\/strong> (convient aux bagages \u00e0 main)<\/li>\n<li>A pass\u00e9 avec succ\u00e8s plus de 10 000 tests de cycles de fermeture \u00e9clair (certifi\u00e9 ISO 9001)<\/li>\n<\/ul>\n<p><strong>Confiance de la part de<\/strong>:<br \/>\nLes g\u00e9ants de la beaut\u00e9 comme GlowLab et PureSkin<br \/>\n\ud83c\udfe8 Cha\u00eenes h\u00f4teli\u00e8res de luxe \u00e0 Duba\u00ef et \u00e0 Paris<br \/>\n\ud83c\udf81 Fournisseurs de cadeaux pour les compagnies a\u00e9riennes et les \u00e9v\u00e9nements VIP<\/p>\n<\/div>\n<\/div>\n<\/div>\n<\/div>","protected":false},"excerpt":{"rendered":"<h2 data-immersive-translate-walked=\"344be1c1-5052-41eb-8fcd-0dbe236a0d6b\" data-immersive-translate-paragraph=\"1\">Trousse de maquillage de voyage Gactory<\/h2>\n<p>Nous fournissons des sacs de qualit\u00e9 sup\u00e9rieure avec une personnalisation compl\u00e8te de la taille et de la couleur, des tissus durables et une qualit\u00e9 certifi\u00e9e.<\/p>\n<p>B\u00e9n\u00e9ficiez de MOQ flexibles, d'une exp\u00e9dition mondiale rapide et de solutions de marques priv\u00e9es.<\/p>\n<p>Contactez-nous d\u00e8s aujourd'hui !<\/p>","protected":false},"featured_media":1604,"template":"","meta":{"_uag_custom_page_level_css":""},"product_brand":[],"product_cat":[68],"product_tag":[],"class_list":{"0":"post-1600","1":"product","2":"type-product","3":"status-publish","4":"has-post-thumbnail","6":"product_cat-travel-bag","8":"first","9":"instock","10":"shipping-taxable","11":"product-type-simple"},"uagb_featured_image_src":{"full":["https:\/\/pecbag.com\/wp-content\/uploads\/2025\/04\/Travel-Makeup-Bag-Gactory-2.jpg",1000,1000,false],"thumbnail":["https:\/\/pecbag.com\/wp-content\/uploads\/2025\/04\/Travel-Makeup-Bag-Gactory-2-150x150.jpg",150,150,true],"medium":["https:\/\/pecbag.com\/wp-content\/uploads\/2025\/04\/Travel-Makeup-Bag-Gactory-2-300x300.jpg",300,300,true],"medium_large":["https:\/\/pecbag.com\/wp-content\/uploads\/2025\/04\/Travel-Makeup-Bag-Gactory-2-768x768.jpg",768,768,true],"large":["https:\/\/pecbag.com\/wp-content\/uploads\/2025\/04\/Travel-Makeup-Bag-Gactory-2.jpg",800,800,false],"1536x1536":["https:\/\/pecbag.com\/wp-content\/uploads\/2025\/04\/Travel-Makeup-Bag-Gactory-2.jpg",1000,1000,false],"2048x2048":["https:\/\/pecbag.com\/wp-content\/uploads\/2025\/04\/Travel-Makeup-Bag-Gactory-2.jpg",1000,1000,false],"trp-custom-language-flag":["https:\/\/pecbag.com\/wp-content\/uploads\/2025\/04\/Travel-Makeup-Bag-Gactory-2.jpg",12,12,false],"woocommerce_thumbnail":["https:\/\/pecbag.com\/wp-content\/uploads\/2025\/04\/Travel-Makeup-Bag-Gactory-2-300x300.jpg",300,300,true],"woocommerce_single":["https:\/\/pecbag.com\/wp-content\/uploads\/2025\/04\/Travel-Makeup-Bag-Gactory-2-600x600.jpg",600,600,true],"woocommerce_gallery_thumbnail":["https:\/\/pecbag.com\/wp-content\/uploads\/2025\/04\/Travel-Makeup-Bag-Gactory-2-100x100.jpg",100,100,true]},"uagb_author_info":{"display_name":"Lawrence","author_link":"https:\/\/pecbag.com\/fr\/author\/"},"uagb_comment_info":0,"uagb_excerpt":"Travel Makeup Bag Gactory We provide premium bags with full-size and color customization, durable fabrics, and certified quality. Enjoy flexible MOQs, fast global shipping, and private label solutions. Contact us today!","_links":{"self":[{"href":"https:\/\/pecbag.com\/fr\/wp-json\/wp\/v2\/product\/1600","targetHints":{"allow":["GET"]}}],"collection":[{"href":"https:\/\/pecbag.com\/fr\/wp-json\/wp\/v2\/product"}],"about":[{"href":"https:\/\/pecbag.com\/fr\/wp-json\/wp\/v2\/types\/product"}],"wp:featuredmedia":[{"embeddable":true,"href":"https:\/\/pecbag.com\/fr\/wp-json\/wp\/v2\/media\/1604"}],"wp:attachment":[{"href":"https:\/\/pecbag.com\/fr\/wp-json\/wp\/v2\/media?parent=1600"}],"wp:term":[{"taxonomy":"product_brand","embeddable":true,"href":"https:\/\/pecbag.com\/fr\/wp-json\/wp\/v2\/product_brand?post=1600"},{"taxonomy":"product_cat","embeddable":true,"href":"https:\/\/pecbag.com\/fr\/wp-json\/wp\/v2\/product_cat?post=1600"},{"taxonomy":"product_tag","embeddable":true,"href":"https:\/\/pecbag.com\/fr\/wp-json\/wp\/v2\/product_tag?post=1600"}],"curies":[{"name":"wp","href":"https:\/\/api.w.org\/{rel}","templated":true}]}}