{"id":3174,"date":"2025-05-23T01:23:49","date_gmt":"2025-05-23T01:23:49","guid":{"rendered":"https:\/\/pecbag.com\/?post_type=product&#038;p=3174"},"modified":"2025-11-29T02:07:26","modified_gmt":"2025-11-29T02:07:26","slug":"waterproof-outdoor-bicycle-backpack","status":"publish","type":"product","link":"https:\/\/pecbag.com\/fr\/waterproof-outdoor-bicycle-backpack\/","title":{"rendered":"Sac \u00e0 dos de v\u00e9lo \u00e9tanche pour l'ext\u00e9rieur"},"content":{"rendered":"<h2 title=\"Sac \u00e0 dos pliable pour chien Sac \u00e0 bandouli\u00e8re en maille respirante pour petit animal de compagnie Chien Chats\" data-immersive-translate-walked=\"1c928421-2e42-4cd3-8754-5404553c0af5\" data-immersive-translate-paragraph=\"1\" data-spm-anchor-id=\"a2700.details.0.i35.4f6757d4w4zNZA\">Sac \u00e0 dos \u00e9tanche pour bicyclette d'ext\u00e9rieur | Fabricant de sacs \u00e9tanches | Fournisseur de produits en vrac<\/h2>\n<div class=\"flex flex-grow flex-col max-w-full\">\n<div class=\"min-h-[20px] text-message flex w-full flex-col items-end gap-2 whitespace-pre-wrap break-words [.text-message+&amp;]:mt-5 overflow-x-auto\" dir=\"auto\" data-message-author-role=\"assistant\" data-message-id=\"3d7d46f6-7ec2-4222-9257-48fa0bba23c6\" data-suggestions=\"true\">\n<div class=\"flex w-full flex-col gap-1 empty:hidden first:pt-[3px]\">\n<div class=\"markdown prose w-full break-words dark:prose-invert light\">\n<p>Besoin\u00a0<strong>sacs \u00e0 dos \u00e9tanches pour bicyclettes<\/strong>\u00a0qui survivent \u00e0 la pluie, \u00e0 la boue et \u00e0 des trajets difficiles ? Nous sommes un\u00a0<strong>usine de sacs \u00e9tanches<\/strong>\u00a0et\u00a0<strong>fabricant de sacs \u00e0 dos<\/strong>\u00a0en Chine, fabriquant des sacoches de v\u00e9lo r\u00e9sistantes pour les marques et les grossistes du monde entier !<\/p>\n<table width=\"288\">\n<tbody>\n<tr>\n<td width=\"137\"><span style=\"color: #333333;\">Nom des produits<\/span><\/td>\n<td width=\"151\"><span style=\"color: #333333;\">Sac \u00e0 v\u00e9lo<\/span><\/td>\n<\/tr>\n<tr>\n<td><span style=\"color: #333333;\">Num\u00e9ro d'article<\/span><\/td>\n<td><span style=\"color: #333333;\">PB-2004<\/span><\/td>\n<\/tr>\n<tr>\n<td><span style=\"color: #333333;\">Mat\u00e9riau<\/span><\/td>\n<td>PU<\/td>\n<\/tr>\n<tr>\n<td><span style=\"color: #333333;\">Taille<\/span><\/td>\n<td>29,5 x 12 x 42 cm<\/td>\n<\/tr>\n<tr>\n<td><span style=\"color: #333333;\">\u00a0D\u00e9lai de livraison<\/span><\/td>\n<td><span style=\"color: #333333;\">1-5 jours pour les petites quantit\u00e9s par voie a\u00e9rienne et 30-35 jours pour les grandes quantit\u00e9s par voie maritime.<\/span><\/td>\n<\/tr>\n<\/tbody>\n<\/table>\n<p class=\"ds-markdown-paragraph\">\u2705\u00a0<strong>Pourquoi nous choisir ?<\/strong><\/p>\n<ul>\n<li>\n<p class=\"ds-markdown-paragraph\"><strong>100% Imperm\u00e9able \u00e0 l'eau<\/strong>: Les coutures scell\u00e9es et le tissu enduit de TPU gardent l'\u00e9quipement au sec - pas de fuites, jamais !<\/p>\n<\/li>\n<li>\n<p class=\"ds-markdown-paragraph\"><strong>\u00c9conomies sur les commandes en vrac<\/strong>: Produire des sacs \u00e0 v\u00e9lo en vrac \u00e0 des prix imbattables (MOQ 50+ unit\u00e9s).<\/p>\n<\/li>\n<li>\n<p class=\"ds-markdown-paragraph\"><strong>Votre marque, votre voie<\/strong>: Personnaliser les designs, logos et couleurs avec la sacoche de v\u00e9lo ODM\/OEM ou\u00a0<strong>marque priv\u00e9e<\/strong>\u00a0les services.<\/p>\n<\/li>\n<li>\n<p class=\"ds-markdown-paragraph\"><strong>Expertise en Chine<\/strong>: En tant que fournisseur principal de sac \u00e0 v\u00e9lo en Chine, nous combinons la qualit\u00e9 avec une logistique d'exportation de sac \u00e0 v\u00e9lo rapide.<\/p>\n<\/li>\n<\/ul>\n<p class=\"ds-markdown-paragraph\"><strong>Des caract\u00e9ristiques qui font vendre :<\/strong><br \/>\n\ud83d\udd39 Sangles renforc\u00e9es et fermetures \u00e0 glissi\u00e8re YKK pour la durabilit\u00e9<br \/>\n\ud83d\udd39 Bandes r\u00e9fl\u00e9chissantes pour la s\u00e9curit\u00e9 nocturne<br \/>\n\ud83d\udd39 Rembourrage dorsal respirant et conception ergonomique<br \/>\n\ud83d\udd39 Production certifi\u00e9e CE et ISO<\/p>\n<p class=\"ds-markdown-paragraph\"><strong>Parfait pour :<\/strong><\/p>\n<ul>\n<li>\n<p class=\"ds-markdown-paragraph\">Marques de cyclisme et grossistes en sacs de v\u00e9lo<\/p>\n<\/li>\n<li>\n<p class=\"ds-markdown-paragraph\">D\u00e9taillants de produits de plein air et vendeurs de sacs \u00e0 v\u00e9lo<\/p>\n<\/li>\n<li>\n<p class=\"ds-markdown-paragraph\">Les startups ont besoin de solutions de label priv\u00e9 pour les sacs \u00e0 v\u00e9lo<\/p>\n<\/li>\n<\/ul>\n<p class=\"ds-markdown-paragraph\"><strong>Vous avez un projet ?<\/strong>\u00a0Nous ferons en sorte que cela devienne une r\u00e9alit\u00e9 !<br \/>\n\u2705 \u00c9chantillons gratuits \u2705 Production sous 15 jours \u2705 Exp\u00e9dition porte-\u00e0-porte<\/p>\n<p class=\"ds-markdown-paragraph\"><strong>Pr\u00eat \u00e0 stocker des sacoches de v\u00e9lo pr\u00eates pour l'aventure ?<\/strong>\u00a0Contactez-nous d\u00e8s aujourd'hui pour obtenir un devis ou lancez votre projet de sacoche de v\u00e9lo OEM\/ODM d\u00e8s maintenant !<\/p>\n<\/div>\n<\/div>\n<\/div>\n<\/div>","protected":false},"excerpt":{"rendered":"<h2 data-immersive-translate-walked=\"344be1c1-5052-41eb-8fcd-0dbe236a0d6b\" data-immersive-translate-paragraph=\"1\">Sac \u00e0 dos de v\u00e9lo \u00e9tanche pour l'ext\u00e9rieur<\/h2>\n<p><strong>Hydrofuge :<\/strong> Cette sacoche pour v\u00e9lo est fabriqu\u00e9e en tissu hydrofuge et recouverte d'une surface en caoutchouc PU. Sa fermeture \u00e0 glissi\u00e8re est munie d'une bande imperm\u00e9able thermoscell\u00e9e qui emp\u00eache efficacement l'eau de pluie de s'infiltrer. En outre, une housse de protection contre la pluie est \u00e9galement incluse pour assurer la meilleure protection contre l'eau.<\/p>\n<p><strong>Application multi-sc\u00e8ne :<\/strong> Il peut \u00eatre utilis\u00e9 comme sac \u00e0 dos avec un compartiment int\u00e9gr\u00e9 pour l'ordinateur afin de r\u00e9pondre \u00e0 vos besoins. Il peut \u00eatre utilis\u00e9 comme sac \u00e0 bandouli\u00e8re pour les d\u00e9placements quotidiens. Il peut \u00eatre utilis\u00e9 comme sacoche de v\u00e9lo, librement interchangeable, adapt\u00e9 \u00e0 une grande vari\u00e9t\u00e9 de v\u00e9los.<\/p>","protected":false},"featured_media":3176,"template":"","meta":{"_uag_custom_page_level_css":""},"product_brand":[],"product_cat":[48],"product_tag":[],"class_list":{"0":"post-3174","1":"product","2":"type-product","3":"status-publish","4":"has-post-thumbnail","6":"product_cat-bike-bag","8":"first","9":"instock","10":"shipping-taxable","11":"product-type-simple"},"uagb_featured_image_src":{"full":["https:\/\/pecbag.com\/wp-content\/uploads\/2025\/05\/Waterproof-Outdoor-Bicycle-Backpack-6.jpg",1500,1500,false],"thumbnail":["https:\/\/pecbag.com\/wp-content\/uploads\/2025\/05\/Waterproof-Outdoor-Bicycle-Backpack-6-150x150.jpg",150,150,true],"medium":["https:\/\/pecbag.com\/wp-content\/uploads\/2025\/05\/Waterproof-Outdoor-Bicycle-Backpack-6-300x300.jpg",300,300,true],"medium_large":["https:\/\/pecbag.com\/wp-content\/uploads\/2025\/05\/Waterproof-Outdoor-Bicycle-Backpack-6-768x768.jpg",768,768,true],"large":["https:\/\/pecbag.com\/wp-content\/uploads\/2025\/05\/Waterproof-Outdoor-Bicycle-Backpack-6-1024x1024.jpg",800,800,true],"1536x1536":["https:\/\/pecbag.com\/wp-content\/uploads\/2025\/05\/Waterproof-Outdoor-Bicycle-Backpack-6.jpg",1500,1500,false],"2048x2048":["https:\/\/pecbag.com\/wp-content\/uploads\/2025\/05\/Waterproof-Outdoor-Bicycle-Backpack-6.jpg",1500,1500,false],"trp-custom-language-flag":["https:\/\/pecbag.com\/wp-content\/uploads\/2025\/05\/Waterproof-Outdoor-Bicycle-Backpack-6-12x12.jpg",12,12,true],"woocommerce_thumbnail":["https:\/\/pecbag.com\/wp-content\/uploads\/2025\/05\/Waterproof-Outdoor-Bicycle-Backpack-6-300x300.jpg",300,300,true],"woocommerce_single":["https:\/\/pecbag.com\/wp-content\/uploads\/2025\/05\/Waterproof-Outdoor-Bicycle-Backpack-6-600x600.jpg",600,600,true],"woocommerce_gallery_thumbnail":["https:\/\/pecbag.com\/wp-content\/uploads\/2025\/05\/Waterproof-Outdoor-Bicycle-Backpack-6-100x100.jpg",100,100,true]},"uagb_author_info":{"display_name":"Lawrence","author_link":"https:\/\/pecbag.com\/fr\/author\/"},"uagb_comment_info":0,"uagb_excerpt":"Waterproof Outdoor Bicycle Backpack Water Repellent: This bicycle bag is made of water repellent fabric and laminated with a PU rubber surface. Its zipper uses heat-sealed waterproof tape, which can effectively prevent rainwater from infiltrating. In addition, a rain cover is also included to provide the best waterproof protection Multi-scene Application: Can be used as\u2026","_links":{"self":[{"href":"https:\/\/pecbag.com\/fr\/wp-json\/wp\/v2\/product\/3174","targetHints":{"allow":["GET"]}}],"collection":[{"href":"https:\/\/pecbag.com\/fr\/wp-json\/wp\/v2\/product"}],"about":[{"href":"https:\/\/pecbag.com\/fr\/wp-json\/wp\/v2\/types\/product"}],"wp:featuredmedia":[{"embeddable":true,"href":"https:\/\/pecbag.com\/fr\/wp-json\/wp\/v2\/media\/3176"}],"wp:attachment":[{"href":"https:\/\/pecbag.com\/fr\/wp-json\/wp\/v2\/media?parent=3174"}],"wp:term":[{"taxonomy":"product_brand","embeddable":true,"href":"https:\/\/pecbag.com\/fr\/wp-json\/wp\/v2\/product_brand?post=3174"},{"taxonomy":"product_cat","embeddable":true,"href":"https:\/\/pecbag.com\/fr\/wp-json\/wp\/v2\/product_cat?post=3174"},{"taxonomy":"product_tag","embeddable":true,"href":"https:\/\/pecbag.com\/fr\/wp-json\/wp\/v2\/product_tag?post=3174"}],"curies":[{"name":"wp","href":"https:\/\/api.w.org\/{rel}","templated":true}]}}