{"id":3183,"date":"2025-05-23T02:39:04","date_gmt":"2025-05-23T02:39:04","guid":{"rendered":"https:\/\/pecbag.com\/?post_type=product&#038;p=3183"},"modified":"2025-11-29T02:07:21","modified_gmt":"2025-11-29T02:07:21","slug":"3-in-1-tarpaulin-outdoor-bike-backpack","status":"publish","type":"product","link":"https:\/\/pecbag.com\/fr\/3-in-1-tarpaulin-outdoor-bike-backpack\/","title":{"rendered":"Tarpaulin Outdoor Bike Backpack"},"content":{"rendered":"<h2 title=\"Sac \u00e0 dos pliable pour chien Sac \u00e0 bandouli\u00e8re en maille respirante pour petit animal de compagnie Chien Chats\" data-immersive-translate-walked=\"1c928421-2e42-4cd3-8754-5404553c0af5\" data-immersive-translate-paragraph=\"1\" data-spm-anchor-id=\"a2700.details.0.i35.4f6757d4w4zNZA\">\u00a0Tarpaulin Outdoor Bike Backpack Manufacturer | Waterproof Bag Factory | Bulk Supplier<\/h2>\n<div class=\"flex flex-grow flex-col max-w-full\">\n<div class=\"min-h-[20px] text-message flex w-full flex-col items-end gap-2 whitespace-pre-wrap break-words [.text-message+&amp;]:mt-5 overflow-x-auto\" dir=\"auto\" data-message-author-role=\"assistant\" data-message-id=\"3d7d46f6-7ec2-4222-9257-48fa0bba23c6\" data-suggestions=\"true\">\n<div class=\"flex w-full flex-col gap-1 empty:hidden first:pt-[3px]\">\n<div class=\"markdown prose w-full break-words dark:prose-invert light\">\n<p>Besoin <strong>\u00a0Sac \u00e0 dos 3 en 1 en b\u00e2che pour v\u00e9lo d'ext\u00e9rieur<\/strong>\u00a0qui supportent la pluie, les routes accident\u00e9es et les lourdes charges ? Nous sommes un\u00a0<strong>usine de sacs \u00e9tanches<\/strong>\u00a0et\u00a0<strong>fabricant de sacs \u00e0 dos<\/strong>\u00a0en Chine, cr\u00e9ant des sacoches de v\u00e9lo multifonctionnelles pour les aventuriers et les marques du monde entier !<\/p>\n<p class=\"ds-markdown-paragraph\">\u2705 <strong>Pourquoi travailler avec nous ?<\/strong><\/p>\n<ul>\n<li>\n<p class=\"ds-markdown-paragraph\"><strong>Magie 3 en 1<\/strong>: Compartiments d\u00e9tachables + rangement extensible + housse de pluie int\u00e9gr\u00e9e = compagnon de route id\u00e9al.<\/p>\n<\/li>\n<li>\n<p class=\"ds-markdown-paragraph\"><strong>Tarpaulin Tough<\/strong>: 100% tissu imperm\u00e9able 1200D tarpaulin - survit aux temp\u00eates et aux \u00e9raflures !<\/p>\n<\/li>\n<li>\n<p class=\"ds-markdown-paragraph\"><strong>Commande group\u00e9e d'\u00e9lectricit\u00e9<\/strong>: Produire rapidement des commandes de sacs \u00e0 v\u00e9lo en vrac (MOQ 100pcs) avec\u00a0<strong>ODM\/OEM<\/strong>\u00a0ou des options de marque priv\u00e9e.<\/p>\n<\/li>\n<li>\n<p class=\"ds-markdown-paragraph\"><strong>L'avantage financier de la Chine<\/strong>: En tant que fournisseur principal de sac \u00e0 v\u00e9lo en Chine, nous offrons la qualit\u00e9 \u00e0 des prix imbattables.<\/p>\n<\/li>\n<\/ul>\n<p class=\"ds-markdown-paragraph\"><strong>Les caract\u00e9ristiques qui se vendent rapidement :<\/strong><br \/>\n\ud83d\udd39 Poches cach\u00e9es antivol + bandes de s\u00e9curit\u00e9 r\u00e9fl\u00e9chissantes<br \/>\n\ud83d\udd39 Bretelles en maille respirante (r\u00e9glables pour tous les cavaliers)<br \/>\n\ud83d\udd39 Coutures renforc\u00e9es + fermetures \u00e0 glissi\u00e8re YKK (test\u00e9es pour plus de 50 000 cycles)<br \/>\n\ud83d\udd39 Certifi\u00e9 CE\/SGS - pas de mat\u00e9riaux toxiques<\/p>\n<p class=\"ds-markdown-paragraph\"><strong>Parfait pour :<\/strong><\/p>\n<ul>\n<li>\n<p class=\"ds-markdown-paragraph\">Marques de cyclisme et grossistes en sacs de v\u00e9lo<\/p>\n<\/li>\n<li>\n<p class=\"ds-markdown-paragraph\">Vendeurs de mat\u00e9riel de plein air et magasins de commerce \u00e9lectronique<\/p>\n<\/li>\n<li>\n<p class=\"ds-markdown-paragraph\">Les startups ont besoin de solutions de label priv\u00e9 pour les sacs \u00e0 v\u00e9lo<\/p>\n<\/li>\n<\/ul>\n<p class=\"ds-markdown-paragraph\"><strong>Vous avez un projet ?<\/strong>\u00a0Nous rendons les choses concr\u00e8tes en 3 \u00e9tapes :<br \/>\n1\ufe0f\u20e3 . Envoyez votre id\u00e9e (ou utilisez la n\u00f4tre !)<br \/>\n2\ufe0f\u20e3 . Nous r\u00e9aliserons un prototype dans les 7 jours<br \/>\n3\ufe0f\u20e3 Exp\u00e9dier dans le monde entier via les r\u00e9seaux d'exportation de sacs \u00e0 v\u00e9lo<\/p>\n<p class=\"ds-markdown-paragraph\"><strong>Pr\u00eat \u00e0 dominer les pistes ?<\/strong><br \/>\n\ud83d\udc49 Obtenir\u00a0<strong>\u00e9chantillons gratuits,<\/strong>\u00a0\ud83d\udc49 Devis instantan\u00e9s \ud83d\udc49 , et production en 15 jours<\/p>\n<\/div>\n<\/div>\n<\/div>\n<\/div>","protected":false},"excerpt":{"rendered":"<p><strong>Imperm\u00e9able \u00e0 l'eau :\u00a0<\/strong>L'utilisation d'une technologie de soudure sans soudure, d'un mat\u00e9riau de b\u00e2che et d'une conception d'enroulement permet \u00e0 100% d'\u00eatre imperm\u00e9able \u00e0 l'eau.<\/p>\n<p><strong>Multifonctionnel :<\/strong> Il peut \u00eatre utilis\u00e9 comme sacoche de v\u00e9lo, sac \u00e0 dos pour les d\u00e9placements quotidiens ou sac \u00e0 bandouli\u00e8re. Les bretelles sont cach\u00e9es dans le sac \u00e0 dos, qui peut \u00eatre attach\u00e9 au porte-bagages arri\u00e8re. Ouvrez le compartiment inf\u00e9rieur \u00e0 fermeture \u00e9clair et vous trouverez un sac en filet pour casque \u00e0 l'int\u00e9rieur.<\/p>\n<table width=\"288\">\n<tbody>\n<tr>\n<td width=\"137\"><span style=\"color: #333333;\">Nom des produits<\/span><\/td>\n<td width=\"151\"><span style=\"color: #333333;\">Sac \u00e0 v\u00e9lo<\/span><\/td>\n<\/tr>\n<tr>\n<td><span style=\"color: #333333;\">Num\u00e9ro d'article<\/span><\/td>\n<td><span style=\"color: #333333;\">PB-2028<\/span><\/td>\n<\/tr>\n<tr>\n<td><span style=\"color: #333333;\">Mat\u00e9riau<\/span><\/td>\n<td>Polyester 600D<\/td>\n<\/tr>\n<tr>\n<td><span style=\"color: #333333;\">\u00a0Taille et couleur<\/span><\/td>\n<td>26 x 16 x 43 cm<\/td>\n<\/tr>\n<tr>\n<td><span style=\"color: #333333;\">\u00a0D\u00e9lai de livraison<\/span><\/td>\n<td><span style=\"color: #333333;\">1-5 jours pour les petites quantit\u00e9s par voie a\u00e9rienne et 30-35 jours pour les grandes quantit\u00e9s par voie maritime.<\/span><\/td>\n<\/tr>\n<\/tbody>\n<\/table>","protected":false},"featured_media":3185,"template":"","meta":{"_uag_custom_page_level_css":""},"product_brand":[],"product_cat":[48],"product_tag":[],"class_list":{"0":"post-3183","1":"product","2":"type-product","3":"status-publish","4":"has-post-thumbnail","6":"product_cat-bike-bag","8":"first","9":"instock","10":"shipping-taxable","11":"product-type-simple"},"uagb_featured_image_src":{"full":["https:\/\/pecbag.com\/wp-content\/uploads\/2025\/05\/3-in-1-Tarpaulin-Outdoor-Bike-Backpack-1.jpeg",1367,1367,false],"thumbnail":["https:\/\/pecbag.com\/wp-content\/uploads\/2025\/05\/3-in-1-Tarpaulin-Outdoor-Bike-Backpack-1-150x150.jpeg",150,150,true],"medium":["https:\/\/pecbag.com\/wp-content\/uploads\/2025\/05\/3-in-1-Tarpaulin-Outdoor-Bike-Backpack-1-300x300.jpeg",300,300,true],"medium_large":["https:\/\/pecbag.com\/wp-content\/uploads\/2025\/05\/3-in-1-Tarpaulin-Outdoor-Bike-Backpack-1-768x768.jpeg",768,768,true],"large":["https:\/\/pecbag.com\/wp-content\/uploads\/2025\/05\/3-in-1-Tarpaulin-Outdoor-Bike-Backpack-1-1024x1024.jpeg",800,800,true],"1536x1536":["https:\/\/pecbag.com\/wp-content\/uploads\/2025\/05\/3-in-1-Tarpaulin-Outdoor-Bike-Backpack-1.jpeg",1367,1367,false],"2048x2048":["https:\/\/pecbag.com\/wp-content\/uploads\/2025\/05\/3-in-1-Tarpaulin-Outdoor-Bike-Backpack-1.jpeg",1367,1367,false],"trp-custom-language-flag":["https:\/\/pecbag.com\/wp-content\/uploads\/2025\/05\/3-in-1-Tarpaulin-Outdoor-Bike-Backpack-1-12x12.jpeg",12,12,true],"woocommerce_thumbnail":["https:\/\/pecbag.com\/wp-content\/uploads\/2025\/05\/3-in-1-Tarpaulin-Outdoor-Bike-Backpack-1-300x300.jpeg",300,300,true],"woocommerce_single":["https:\/\/pecbag.com\/wp-content\/uploads\/2025\/05\/3-in-1-Tarpaulin-Outdoor-Bike-Backpack-1-600x600.jpeg",600,600,true],"woocommerce_gallery_thumbnail":["https:\/\/pecbag.com\/wp-content\/uploads\/2025\/05\/3-in-1-Tarpaulin-Outdoor-Bike-Backpack-1-100x100.jpeg",100,100,true]},"uagb_author_info":{"display_name":"Lawrence","author_link":"https:\/\/pecbag.com\/fr\/author\/"},"uagb_comment_info":0,"uagb_excerpt":"Waterproof:\u00a0Use seamless welded technology, tarpaulin material, and roll-up design, enabling 100% waterproof. Multifunctional: It can be used as a bike pannier bag\/a commuter backpack\/shoulder bag. Shoulder straps are hidden in the backpack, which could be attached to the rear rack. Open the bottom zipper compartment, and there is a helmet mesh bag inside. Products Name\u2026","_links":{"self":[{"href":"https:\/\/pecbag.com\/fr\/wp-json\/wp\/v2\/product\/3183","targetHints":{"allow":["GET"]}}],"collection":[{"href":"https:\/\/pecbag.com\/fr\/wp-json\/wp\/v2\/product"}],"about":[{"href":"https:\/\/pecbag.com\/fr\/wp-json\/wp\/v2\/types\/product"}],"wp:featuredmedia":[{"embeddable":true,"href":"https:\/\/pecbag.com\/fr\/wp-json\/wp\/v2\/media\/3185"}],"wp:attachment":[{"href":"https:\/\/pecbag.com\/fr\/wp-json\/wp\/v2\/media?parent=3183"}],"wp:term":[{"taxonomy":"product_brand","embeddable":true,"href":"https:\/\/pecbag.com\/fr\/wp-json\/wp\/v2\/product_brand?post=3183"},{"taxonomy":"product_cat","embeddable":true,"href":"https:\/\/pecbag.com\/fr\/wp-json\/wp\/v2\/product_cat?post=3183"},{"taxonomy":"product_tag","embeddable":true,"href":"https:\/\/pecbag.com\/fr\/wp-json\/wp\/v2\/product_tag?post=3183"}],"curies":[{"name":"wp","href":"https:\/\/api.w.org\/{rel}","templated":true}]}}