{"id":3190,"date":"2025-05-23T02:48:51","date_gmt":"2025-05-23T02:48:51","guid":{"rendered":"https:\/\/pecbag.com\/?post_type=product&#038;p=3190"},"modified":"2025-11-29T02:07:14","modified_gmt":"2025-11-29T02:07:14","slug":"customizable-rainproof-bicycle-saddle-pack","status":"publish","type":"product","link":"https:\/\/pecbag.com\/fr\/customizable-rainproof-bicycle-saddle-pack\/","title":{"rendered":"Nouveau Arriv\u00e9e Sac de selle de v\u00e9lo imperm\u00e9able personnalisable"},"content":{"rendered":"<h5 title=\"Sac \u00e0 dos pliable pour chien Sac \u00e0 bandouli\u00e8re en maille respirante pour petit animal de compagnie Chien Chats\" data-immersive-translate-walked=\"1c928421-2e42-4cd3-8754-5404553c0af5\" data-immersive-translate-paragraph=\"1\" data-spm-anchor-id=\"a2700.details.0.i35.4f6757d4w4zNZA\">Sac de selle de v\u00e9lo imperm\u00e9able et personnalisable - Fabricant de sac \u00e0 dos et de sacoches imperm\u00e9ables<\/h5>\n<p title=\"Sac \u00e0 dos pliable pour chien Sac \u00e0 bandouli\u00e8re en maille respirante pour petit animal de compagnie Chien Chats\" data-immersive-translate-walked=\"1c928421-2e42-4cd3-8754-5404553c0af5\" data-immersive-translate-paragraph=\"1\" data-spm-anchor-id=\"a2700.details.0.i35.4f6757d4w4zNZA\"><span style=\"font-size: 16px;\">Besoin <\/span><span style=\"font-size: 16px;\">sacoches de selle de v\u00e9lo imperm\u00e9ables<\/span><span style=\"font-size: 16px;\">\u00a0qui gardent le mat\u00e9riel au sec et les pilotes heureux ? Nous sommes un\u00a0<\/span><span style=\"font-size: 16px;\">usine de sacs \u00e9tanches<\/span><span style=\"font-size: 16px;\">\u00a0et\u00a0<\/span><span style=\"font-size: 16px;\">fabricant de sacs \u00e0 dos<\/span><span style=\"font-size: 16px;\">\u00a0en Chine, en lan\u00e7ant les produits les plus tendances de la saison.\u00a0<\/span><span style=\"font-size: 16px;\">sacoches de selle de v\u00e9lo personnalisables<\/span><span style=\"font-size: 16px;\">\u00a0pour les marques et les grossistes !<\/span><\/p>\n<div class=\"flex flex-grow flex-col max-w-full\">\n<div class=\"min-h-[20px] text-message flex w-full flex-col items-end gap-2 whitespace-pre-wrap break-words [.text-message+&amp;]:mt-5 overflow-x-auto\" dir=\"auto\" data-message-author-role=\"assistant\" data-message-id=\"3d7d46f6-7ec2-4222-9257-48fa0bba23c6\" data-suggestions=\"true\">\n<div class=\"flex w-full flex-col gap-1 empty:hidden first:pt-[3px]\">\n<div class=\"markdown prose w-full break-words dark:prose-invert light\">\n<table width=\"288\">\n<tbody>\n<tr>\n<td width=\"137\"><span style=\"color: #333333;\">Nom des produits<\/span><\/td>\n<td width=\"151\"><span style=\"color: #333333;\">Sac \u00e0 v\u00e9lo<\/span><\/td>\n<\/tr>\n<tr>\n<td><span style=\"color: #333333;\">Num\u00e9ro d'article<\/span><\/td>\n<td><span style=\"color: #333333;\">PB-2029<\/span><\/td>\n<\/tr>\n<tr>\n<td><span style=\"color: #333333;\">Mat\u00e9riau<\/span><\/td>\n<td>Polyester 600D<\/td>\n<\/tr>\n<tr>\n<td><span style=\"color: #333333;\">Taille<\/span><\/td>\n<td>39*19*29 cm<\/td>\n<\/tr>\n<tr>\n<td><span style=\"color: #333333;\">\u00a0D\u00e9lai de livraison<\/span><\/td>\n<td><span style=\"color: #333333;\">1-5 jours pour les petites quantit\u00e9s par voie a\u00e9rienne et 30-35 jours pour les grandes quantit\u00e9s par voie maritime.<\/span><\/td>\n<\/tr>\n<\/tbody>\n<\/table>\n<p class=\"ds-markdown-paragraph\"><strong>Description :<\/strong><br \/>\nVous avez besoin de sacoches de v\u00e9lo imperm\u00e9ables qui gardent le mat\u00e9riel au sec et les cyclistes heureux ? Nous sommes l'un des principaux fabricants de sacs \u00e9tanches et de sacs \u00e0 dos en Chine et nous lan\u00e7ons les sacoches de v\u00e9lo personnalisables les plus tendances de la saison pour les marques et les grossistes !<\/p>\n<p class=\"ds-markdown-paragraph\">\u2705\u00a0<strong>Pourquoi nous choisir ?<\/strong><\/p>\n<ul>\n<li>\n<p class=\"ds-markdown-paragraph\"><strong>Puissance \u00e9tanche \u00e0 la pluie<\/strong>: 100% rev\u00eatement TPU imperm\u00e9able + coutures scell\u00e9es - riez des averses !<\/p>\n<\/li>\n<li>\n<p class=\"ds-markdown-paragraph\"><strong>Tout personnaliser<\/strong>: Couleurs, logos, tailles - concevez votre sac de selle de v\u00e9lo via ODM\/OEM ou marque priv\u00e9e (MOQ 50pcs).<\/p>\n<\/li>\n<li>\n<p class=\"ds-markdown-paragraph\"><strong>Coup de pouce pour les commandes group\u00e9es<\/strong>: Produire rapidement des commandes de sacs \u00e0 v\u00e9lo en vrac (d\u00e9lai d'ex\u00e9cution de 15 jours) pour les ventes urgentes de l'\u00e9t\u00e9 ou les f\u00eates de fin d'ann\u00e9e.<\/p>\n<\/li>\n<li>\n<p class=\"ds-markdown-paragraph\"><strong>L'avantage financier de la Chine<\/strong>: En tant que fournisseur principal de sac \u00e0 v\u00e9lo en Chine, nous allions la qualit\u00e9 \u00e0 des prix imbattables.<\/p>\n<\/li>\n<\/ul>\n<p class=\"ds-markdown-paragraph\"><strong>Caract\u00e9ristiques que les cyclistes adorent :<\/strong><br \/>\n\ud83d\udd39 Compact mais extensible (5L \u2192 12L)<br \/>\nBandes r\u00e9fl\u00e9chissantes + fermetures \u00e0 glissi\u00e8re antivol<br \/>\n\ud83d\udd39 Le syst\u00e8me de montage universel s'adapte \u00e0 tous les types de v\u00e9lo<br \/>\n\ud83d\udd39 Certifi\u00e9 CE\/SGS - pas d'odeurs toxiques<\/p>\n<p class=\"ds-markdown-paragraph\"><strong>Parfait pour :<\/strong><\/p>\n<ul>\n<li>\n<p class=\"ds-markdown-paragraph\">Marques de cyclisme et grossistes en sacs de v\u00e9lo<\/p>\n<\/li>\n<li>\n<p class=\"ds-markdown-paragraph\">Vendeurs de mat\u00e9riel de plein air et vendeurs sur Amazon<\/p>\n<\/li>\n<li>\n<p class=\"ds-markdown-paragraph\">Les startups ont besoin de solutions de label priv\u00e9 pour les sacs \u00e0 v\u00e9lo<\/p>\n<\/li>\n<\/ul>\n<p class=\"ds-markdown-paragraph\"><strong>Comment cela fonctionne-t-il ?<\/strong><br \/>\n1\ufe0f\u20e3 . Envoyez votre dessin (ou choisissez parmi plus de 50 mod\u00e8les)<br \/>\n2\ufe0f\u20e3 . Nous r\u00e9aliserons un prototype dans les 5 jours<br \/>\n3\ufe0f\u20e3 . Exp\u00e9dition dans le monde entier via les r\u00e9seaux d'exportation de sacs \u00e0 v\u00e9lo<\/p>\n<p class=\"ds-markdown-paragraph\"><strong>Pr\u00eat \u00e0 surfer sur la vague de l'imperm\u00e9abilit\u00e9 ?<\/strong><br \/>\n\ud83d\udc49\u00a0<strong>\u00c9chantillons gratuits<\/strong>\u00a0\ud83d\udc49 , Devis instantan\u00e9 \ud83d\udc49 , D\u00e9p\u00f4t 30%<\/p>\n<\/div>\n<\/div>\n<\/div>\n<\/div>","protected":false},"excerpt":{"rendered":"<h2 title=\"Sac \u00e0 dos pliable pour chien Sac \u00e0 bandouli\u00e8re en maille respirante pour petit animal de compagnie Chien Chats\" data-immersive-translate-walked=\"1c928421-2e42-4cd3-8754-5404553c0af5\" data-immersive-translate-paragraph=\"1\" data-spm-anchor-id=\"a2700.details.0.i35.4f6757d4w4zNZA\">Nouveau Arriv\u00e9e Sac de selle de v\u00e9lo imperm\u00e9able personnalisable<\/h2>\n<p><strong>Fonction imperm\u00e9able \u00e0 l'eau.<\/strong> Fabriqu\u00e9e en polyester 600D avec une couche de PVC imperm\u00e9able des deux c\u00f4t\u00e9s, cette sacoche de v\u00e9lo est tr\u00e8s durable et enti\u00e8rement imperm\u00e9able, ainsi qu'anti-d\u00e9chirure, r\u00e9sistante \u00e0 l'usure et \u00e0 la chaleur, prot\u00e9geant ainsi parfaitement vos articles.<\/p>\n<p><strong>17L Capacit\u00e9.<\/strong>\u00a0Taille du sac de v\u00e9lo : 39*19*29 cm, jusqu'\u00e0 17L de capacit\u00e9, enti\u00e8rement expans\u00e9 pour contenir plus. Permet de ranger facilement les bouteilles d'eau (pas de sacs lat\u00e9raux), les pompes, les chaussures, les gants, les portefeuilles, les v\u00eatements, les barres d'\u00e9nergie, etc.<\/p>\n<p><strong>Porte-selle arri\u00e8re de v\u00e9lo Pannier Installation facile.<\/strong>\u00a0Syst\u00e8me de fixation rapide, facile \u00e0 fixer sur le porte-bagages de la banquette arri\u00e8re et poign\u00e9e de transport pour le transport.<\/p>","protected":false},"featured_media":3191,"template":"","meta":{"_uag_custom_page_level_css":""},"product_brand":[],"product_cat":[48],"product_tag":[],"class_list":{"0":"post-3190","1":"product","2":"type-product","3":"status-publish","4":"has-post-thumbnail","6":"product_cat-bike-bag","8":"first","9":"instock","10":"shipping-taxable","11":"product-type-simple"},"uagb_featured_image_src":{"full":["https:\/\/pecbag.com\/wp-content\/uploads\/2025\/05\/New-Arrival-Customizable-Rainproof-Bicycle-Saddle-Pack-5.jpeg",1500,1500,false],"thumbnail":["https:\/\/pecbag.com\/wp-content\/uploads\/2025\/05\/New-Arrival-Customizable-Rainproof-Bicycle-Saddle-Pack-5-150x150.jpeg",150,150,true],"medium":["https:\/\/pecbag.com\/wp-content\/uploads\/2025\/05\/New-Arrival-Customizable-Rainproof-Bicycle-Saddle-Pack-5-300x300.jpeg",300,300,true],"medium_large":["https:\/\/pecbag.com\/wp-content\/uploads\/2025\/05\/New-Arrival-Customizable-Rainproof-Bicycle-Saddle-Pack-5-768x768.jpeg",768,768,true],"large":["https:\/\/pecbag.com\/wp-content\/uploads\/2025\/05\/New-Arrival-Customizable-Rainproof-Bicycle-Saddle-Pack-5-1024x1024.jpeg",800,800,true],"1536x1536":["https:\/\/pecbag.com\/wp-content\/uploads\/2025\/05\/New-Arrival-Customizable-Rainproof-Bicycle-Saddle-Pack-5.jpeg",1500,1500,false],"2048x2048":["https:\/\/pecbag.com\/wp-content\/uploads\/2025\/05\/New-Arrival-Customizable-Rainproof-Bicycle-Saddle-Pack-5.jpeg",1500,1500,false],"trp-custom-language-flag":["https:\/\/pecbag.com\/wp-content\/uploads\/2025\/05\/New-Arrival-Customizable-Rainproof-Bicycle-Saddle-Pack-5-12x12.jpeg",12,12,true],"woocommerce_thumbnail":["https:\/\/pecbag.com\/wp-content\/uploads\/2025\/05\/New-Arrival-Customizable-Rainproof-Bicycle-Saddle-Pack-5-300x300.jpeg",300,300,true],"woocommerce_single":["https:\/\/pecbag.com\/wp-content\/uploads\/2025\/05\/New-Arrival-Customizable-Rainproof-Bicycle-Saddle-Pack-5-600x600.jpeg",600,600,true],"woocommerce_gallery_thumbnail":["https:\/\/pecbag.com\/wp-content\/uploads\/2025\/05\/New-Arrival-Customizable-Rainproof-Bicycle-Saddle-Pack-5-100x100.jpeg",100,100,true]},"uagb_author_info":{"display_name":"Lawrence","author_link":"https:\/\/pecbag.com\/fr\/author\/"},"uagb_comment_info":0,"uagb_excerpt":"New Arrival Customizable Rainproof Bicycle Saddle Pack Waterproof Function. Made of 600D polyester material with waterproof PVC layer on both sides, this bike pannier is super durable and fully waterproof, as well as anti-tear, wear resistant and heat-resistant, protecting your items perfectly. 17L Capacity.\u00a0Bike Trunk Bag size: 39*19*29 cm\/15.3*7.4*11.4 inch, up to 17L capacity, fully\u2026","_links":{"self":[{"href":"https:\/\/pecbag.com\/fr\/wp-json\/wp\/v2\/product\/3190","targetHints":{"allow":["GET"]}}],"collection":[{"href":"https:\/\/pecbag.com\/fr\/wp-json\/wp\/v2\/product"}],"about":[{"href":"https:\/\/pecbag.com\/fr\/wp-json\/wp\/v2\/types\/product"}],"wp:featuredmedia":[{"embeddable":true,"href":"https:\/\/pecbag.com\/fr\/wp-json\/wp\/v2\/media\/3191"}],"wp:attachment":[{"href":"https:\/\/pecbag.com\/fr\/wp-json\/wp\/v2\/media?parent=3190"}],"wp:term":[{"taxonomy":"product_brand","embeddable":true,"href":"https:\/\/pecbag.com\/fr\/wp-json\/wp\/v2\/product_brand?post=3190"},{"taxonomy":"product_cat","embeddable":true,"href":"https:\/\/pecbag.com\/fr\/wp-json\/wp\/v2\/product_cat?post=3190"},{"taxonomy":"product_tag","embeddable":true,"href":"https:\/\/pecbag.com\/fr\/wp-json\/wp\/v2\/product_tag?post=3190"}],"curies":[{"name":"wp","href":"https:\/\/api.w.org\/{rel}","templated":true}]}}