{"id":3204,"date":"2025-05-23T06:23:26","date_gmt":"2025-05-23T06:23:26","guid":{"rendered":"https:\/\/pecbag.com\/?post_type=product&#038;p=3204"},"modified":"2025-11-29T02:07:00","modified_gmt":"2025-11-29T02:07:00","slug":"bike-under-seat-pack","status":"publish","type":"product","link":"https:\/\/pecbag.com\/fr\/bike-under-seat-pack\/","title":{"rendered":"Sac sous si\u00e8ge v\u00e9lo avec bouteille d'eau"},"content":{"rendered":"<h5 title=\"Sac \u00e0 dos pliable pour chien Sac \u00e0 bandouli\u00e8re en maille respirante pour petit animal de compagnie Chien Chats\" data-immersive-translate-walked=\"1c928421-2e42-4cd3-8754-5404553c0af5\" data-immersive-translate-paragraph=\"1\" data-spm-anchor-id=\"a2700.details.0.i35.4f6757d4w4zNZA\">Fabricant de sac sous si\u00e8ge pour v\u00e9lo | Fabricant de sac \u00e9tanche et fournisseur de sac \u00e0 dos | OEM en vrac<\/h5>\n<p title=\"Sac \u00e0 dos pliable pour chien Sac \u00e0 bandouli\u00e8re en maille respirante pour petit animal de compagnie Chien Chats\" data-immersive-translate-walked=\"1c928421-2e42-4cd3-8754-5404553c0af5\" data-immersive-translate-paragraph=\"1\" data-spm-anchor-id=\"a2700.details.0.i35.4f6757d4w4zNZA\">Vous avez besoin d'un sac de selle pour v\u00e9lo qui garde vos outils au sec et vous permet de rouler sans encombrement ? Nous sommes un fabricant de sacs imperm\u00e9ables et de sacs \u00e0 dos en Chine. Nous fabriquons des sacoches \u00e9l\u00e9gantes et durables pour les cyclistes, les d\u00e9taillants et les marques internationales !<\/p>\n<div class=\"flex flex-grow flex-col max-w-full\">\n<div class=\"min-h-[20px] text-message flex w-full flex-col items-end gap-2 whitespace-pre-wrap break-words [.text-message+&amp;]:mt-5 overflow-x-auto\" dir=\"auto\" data-message-author-role=\"assistant\" data-message-id=\"3d7d46f6-7ec2-4222-9257-48fa0bba23c6\" data-suggestions=\"true\">\n<div class=\"flex w-full flex-col gap-1 empty:hidden first:pt-[3px]\">\n<div class=\"markdown prose w-full break-words dark:prose-invert light\">\n<table style=\"height: 247px;\" width=\"306\">\n<tbody>\n<tr>\n<td width=\"137\"><span style=\"color: #333333;\">Nom des produits<\/span><\/td>\n<td width=\"151\">Sac \u00e0 v\u00e9lo<\/td>\n<\/tr>\n<tr>\n<td><span style=\"color: #333333;\">Num\u00e9ro d'article<\/span><\/td>\n<td><span style=\"color: #333333;\">PB-2031<\/span><\/td>\n<\/tr>\n<tr>\n<td><span style=\"color: #333333;\">Mat\u00e9riau<\/span><\/td>\n<td>PU<\/td>\n<\/tr>\n<tr>\n<td><span style=\"color: #333333;\">Taille<\/span><\/td>\n<td>12 X 8 X 26 CM<\/td>\n<\/tr>\n<tr>\n<td><span style=\"color: #333333;\">\u00a0D\u00e9lai de livraison<\/span><\/td>\n<td><span style=\"color: #333333;\">1-5 jours pour les petites quantit\u00e9s par voie a\u00e9rienne et 30-35 jours pour les grandes quantit\u00e9s par voie maritime.<\/span><\/td>\n<\/tr>\n<\/tbody>\n<\/table>\n<p class=\"ds-markdown-paragraph\">\u2705\u00a0<strong>Pourquoi nous choisir ?<\/strong><\/p>\n<ul>\n<li>\n<p class=\"ds-markdown-paragraph\"><strong>100% Imperm\u00e9able \u00e0 l'eau<\/strong>: Coutures enduites de TPU + fermeture \u00e0 enroulement - survit \u00e0 la pluie, \u00e0 la boue et aux flaques d'eau !<\/p>\n<\/li>\n<li>\n<p class=\"ds-markdown-paragraph\"><strong>Stockage furtif<\/strong>: Les mod\u00e8les minces 2L-5L s'adaptent \u00e0 n'importe quelle selle de v\u00e9lo (pas d'oscillation !).<\/p>\n<\/li>\n<li>\n<p class=\"ds-markdown-paragraph\"><strong>Avantages des commandes group\u00e9es<\/strong>: Produisez des sacs de v\u00e9lo en vrac (MOQ 50pcs) avec ODM\/OEM ou marque de distributeur en 12 jours !<\/p>\n<\/li>\n<li>\n<p class=\"ds-markdown-paragraph\"><strong>L'avantage financier de la Chine<\/strong>: En tant que fournisseur de sacoche de v\u00e9lo en Chine, nous fournissons des produits de qualit\u00e9 \u00e0 des prix d'usine.<\/p>\n<\/li>\n<\/ul>\n<p class=\"ds-markdown-paragraph\"><strong>Les caract\u00e9ristiques que les cyclistes recherchent :<\/strong><br \/>\n\ud83d\udd39 Logos r\u00e9fl\u00e9chissants pour la s\u00e9curit\u00e9 nocturne<br \/>\n\ud83d\udd39 Sangles antid\u00e9rapantes + boucles \u00e0 d\u00e9gagement rapide<br \/>\n\ud83d\udd39 Poches int\u00e9rieures cach\u00e9es en filet (cl\u00e9s\/cartes)<br \/>\n\ud83d\udd39 Tissus certifi\u00e9s OEKO-TEX (pas d'odeurs toxiques)<\/p>\n<p class=\"ds-markdown-paragraph\"><strong>Parfait pour :<\/strong><\/p>\n<ul>\n<li>\n<p class=\"ds-markdown-paragraph\">Magasins de v\u00e9los et grossistes en sacs \u00e0 v\u00e9lo<\/p>\n<\/li>\n<li>\n<p class=\"ds-markdown-paragraph\">Vendeurs de commerce \u00e9lectronique et marques de plein air<\/p>\n<\/li>\n<li>\n<p class=\"ds-markdown-paragraph\">Les startups ont besoin de solutions de label priv\u00e9 pour les sacs \u00e0 v\u00e9lo<\/p>\n<\/li>\n<\/ul>\n<p class=\"ds-markdown-paragraph\"><strong>Comment cela fonctionne-t-il ?<\/strong><br \/>\n1\ufe0f\u20e3 Envoyez votre logo ou choisissez parmi plus de 80 designs<br \/>\n2\ufe0f\u20e3 Nous r\u00e9alisons des prototypes \u2192 approuver \u2192 produire en s\u00e9rie<br \/>\n3\ufe0f\u20e3 Exp\u00e9dition dans le monde entier via les r\u00e9seaux d'exportation de sacs \u00e0 v\u00e9lo<\/p>\n<p class=\"ds-markdown-paragraph\"><strong>Pr\u00eat \u00e0 stocker des packs de si\u00e8ges qui se vendent comme de l'eau de roche ?<\/strong><br \/>\n\ud83d\udc49\u00a0<strong>\u00c9chantillons gratuits<\/strong>\u00a0\ud83d\udc49 20% deposit \ud83d\udc49 24\/7 support<\/p>\n<\/div>\n<\/div>\n<\/div>\n<\/div>","protected":false},"excerpt":{"rendered":"<h2 title=\"Sac \u00e0 dos pliable pour chien Sac \u00e0 bandouli\u00e8re en maille respirante pour petit animal de compagnie Chien Chats\" data-immersive-translate-walked=\"1c928421-2e42-4cd3-8754-5404553c0af5\" data-immersive-translate-paragraph=\"1\" data-spm-anchor-id=\"a2700.details.0.i35.4f6757d4w4zNZA\">Sac sous si\u00e8ge v\u00e9lo avec bouteille d'eau<\/h2>\n<p><strong>1. PORTE-BOUTEILLE D'EAU : <\/strong>Con\u00e7u pour s'adapter \u00e0 la plupart des bouteilles d'eau, vous pouvez placer la bouteille \u00e0 l'int\u00e9rieur du sac et ajuster la bande \u00e9lastique pour la maintenir en place.<\/p>\n<p><strong>2. R\u00c9SISTANT \u00c0 L'EAU ET SANS PVC : <\/strong>L'ext\u00e9rieur de la sacoche de v\u00e9lo est fabriqu\u00e9 en fibre Oxford avec un tissu PU complexe imperm\u00e9able et dispose d'une fermeture \u00e9clair imperm\u00e9able, garantissant que l'eau reste \u00e0 l'ext\u00e9rieur. De plus, notre sacoche de v\u00e9lo ne contient pas de PVC, ce qui la rend plus s\u00fbre et plus fiable pour une utilisation \u00e0 long terme.<\/p>\n<p><strong>3. RANDONN\u00c9ES S\u00c9CURITAIRES :<\/strong>\u00a0La sacoche de v\u00e9lo est \u00e9quip\u00e9e de rev\u00eatements r\u00e9fl\u00e9chissants sur les deux c\u00f4t\u00e9s et \u00e0 l'arri\u00e8re, et elle comporte un point d'attache pour un feu de signalisation \u00e0 l'arri\u00e8re, ce qui r\u00e9duit efficacement le risque d'accident pendant les trajets nocturnes.<\/p>","protected":false},"featured_media":3206,"template":"","meta":{"_uag_custom_page_level_css":""},"product_brand":[],"product_cat":[48],"product_tag":[],"class_list":{"0":"post-3204","1":"product","2":"type-product","3":"status-publish","4":"has-post-thumbnail","6":"product_cat-bike-bag","8":"first","9":"instock","10":"shipping-taxable","11":"product-type-simple"},"uagb_featured_image_src":{"full":["https:\/\/pecbag.com\/wp-content\/uploads\/2025\/05\/Bike-Under-Seat-Pack-with-Water-Bottle-4.jpeg",1600,1600,false],"thumbnail":["https:\/\/pecbag.com\/wp-content\/uploads\/2025\/05\/Bike-Under-Seat-Pack-with-Water-Bottle-4-150x150.jpeg",150,150,true],"medium":["https:\/\/pecbag.com\/wp-content\/uploads\/2025\/05\/Bike-Under-Seat-Pack-with-Water-Bottle-4-300x300.jpeg",300,300,true],"medium_large":["https:\/\/pecbag.com\/wp-content\/uploads\/2025\/05\/Bike-Under-Seat-Pack-with-Water-Bottle-4-768x768.jpeg",768,768,true],"large":["https:\/\/pecbag.com\/wp-content\/uploads\/2025\/05\/Bike-Under-Seat-Pack-with-Water-Bottle-4-1024x1024.jpeg",800,800,true],"1536x1536":["https:\/\/pecbag.com\/wp-content\/uploads\/2025\/05\/Bike-Under-Seat-Pack-with-Water-Bottle-4-1536x1536.jpeg",1536,1536,true],"2048x2048":["https:\/\/pecbag.com\/wp-content\/uploads\/2025\/05\/Bike-Under-Seat-Pack-with-Water-Bottle-4.jpeg",1600,1600,false],"trp-custom-language-flag":["https:\/\/pecbag.com\/wp-content\/uploads\/2025\/05\/Bike-Under-Seat-Pack-with-Water-Bottle-4-12x12.jpeg",12,12,true],"woocommerce_thumbnail":["https:\/\/pecbag.com\/wp-content\/uploads\/2025\/05\/Bike-Under-Seat-Pack-with-Water-Bottle-4-300x300.jpeg",300,300,true],"woocommerce_single":["https:\/\/pecbag.com\/wp-content\/uploads\/2025\/05\/Bike-Under-Seat-Pack-with-Water-Bottle-4-600x600.jpeg",600,600,true],"woocommerce_gallery_thumbnail":["https:\/\/pecbag.com\/wp-content\/uploads\/2025\/05\/Bike-Under-Seat-Pack-with-Water-Bottle-4-100x100.jpeg",100,100,true]},"uagb_author_info":{"display_name":"Lawrence","author_link":"https:\/\/pecbag.com\/fr\/author\/"},"uagb_comment_info":0,"uagb_excerpt":"Bike Under Seat Pack with Water Bottle 1. WATER BOTTLE HOLDER: Designed to fit most water bottles, you can place the bottle inside the bag and adjust the elastic band to secure it in place. 2. WATER RESISTANT &amp; PVC-FREE: The exterior of the bike seat bag is made from Oxford fiber with a complex\u2026","_links":{"self":[{"href":"https:\/\/pecbag.com\/fr\/wp-json\/wp\/v2\/product\/3204","targetHints":{"allow":["GET"]}}],"collection":[{"href":"https:\/\/pecbag.com\/fr\/wp-json\/wp\/v2\/product"}],"about":[{"href":"https:\/\/pecbag.com\/fr\/wp-json\/wp\/v2\/types\/product"}],"wp:featuredmedia":[{"embeddable":true,"href":"https:\/\/pecbag.com\/fr\/wp-json\/wp\/v2\/media\/3206"}],"wp:attachment":[{"href":"https:\/\/pecbag.com\/fr\/wp-json\/wp\/v2\/media?parent=3204"}],"wp:term":[{"taxonomy":"product_brand","embeddable":true,"href":"https:\/\/pecbag.com\/fr\/wp-json\/wp\/v2\/product_brand?post=3204"},{"taxonomy":"product_cat","embeddable":true,"href":"https:\/\/pecbag.com\/fr\/wp-json\/wp\/v2\/product_cat?post=3204"},{"taxonomy":"product_tag","embeddable":true,"href":"https:\/\/pecbag.com\/fr\/wp-json\/wp\/v2\/product_tag?post=3204"}],"curies":[{"name":"wp","href":"https:\/\/api.w.org\/{rel}","templated":true}]}}