{"id":3221,"date":"2025-05-23T07:39:17","date_gmt":"2025-05-23T07:39:17","guid":{"rendered":"https:\/\/pecbag.com\/?post_type=product&#038;p=3221"},"modified":"2025-11-29T02:06:49","modified_gmt":"2025-11-29T02:06:49","slug":"portable-camping-bag","status":"publish","type":"product","link":"https:\/\/pecbag.com\/fr\/portable-camping-bag\/","title":{"rendered":"Sac de camping portable"},"content":{"rendered":"<h5 title=\"Sac \u00e0 dos pliable pour chien Sac \u00e0 bandouli\u00e8re en maille respirante pour petit animal de compagnie Chien Chats\" data-immersive-translate-walked=\"1c928421-2e42-4cd3-8754-5404553c0af5\" data-immersive-translate-paragraph=\"1\" data-spm-anchor-id=\"a2700.details.0.i35.4f6757d4w4zNZA\">Fabricant de sacs de camping portables | Fabricant de sacs \u00e9tanches et de sacs \u00e0 dos | OEM en vrac<\/h5>\n<div class=\"flex flex-grow flex-col max-w-full\">\n<div class=\"min-h-[20px] text-message flex w-full flex-col items-end gap-2 whitespace-pre-wrap break-words [.text-message+&amp;]:mt-5 overflow-x-auto\" dir=\"auto\" data-message-author-role=\"assistant\" data-message-id=\"3d7d46f6-7ec2-4222-9257-48fa0bba23c6\" data-suggestions=\"true\">\n<div class=\"flex w-full flex-col gap-1 empty:hidden first:pt-[3px]\">\n<div class=\"markdown prose w-full break-words dark:prose-invert light\">\n<p>Vous avez besoin de sacs de camping portables qui allient l\u00e9g\u00e8ret\u00e9 et durabilit\u00e9 ? Nous sommes une usine de sacs \u00e9tanches et un fabricant de sacs \u00e0 dos en Chine, fabriquant des \u00e9quipements pr\u00eats pour l'aventure pour les marques de plein air, les d\u00e9taillants et les grossistes internationaux !<\/p>\n<table width=\"288\">\n<tbody>\n<tr>\n<td width=\"137\"><span style=\"color: #333333;\">Nom des produits<\/span><\/td>\n<td width=\"151\"><span style=\"color: #333333;\">Sac de camp<\/span><\/td>\n<\/tr>\n<tr>\n<td><span style=\"color: #333333;\">Num\u00e9ro d'article<\/span><\/td>\n<td><span style=\"color: #333333;\">PB-2033<\/span><\/td>\n<\/tr>\n<tr>\n<td><span style=\"color: #333333;\">Mat\u00e9riau<\/span><\/td>\n<td>Polyester 600D<\/td>\n<\/tr>\n<tr>\n<td><span style=\"color: #333333;\">Taille<\/span><\/td>\n<td>15,3 x 7,9 x 9,4 pouces<\/td>\n<\/tr>\n<tr>\n<td><span style=\"color: #333333;\">\u00a0D\u00e9lai de livraison<\/span><\/td>\n<td><span style=\"color: #333333;\">1-5 jours pour les petites quantit\u00e9s par voie a\u00e9rienne et 30-35 jours pour les grandes quantit\u00e9s par voie maritime.<\/span><\/td>\n<\/tr>\n<\/tbody>\n<\/table>\n<p class=\"ds-markdown-paragraph\">Besoin\u00a0<strong>sacs de camping portables<\/strong>\u00a0qui allient l\u00e9g\u00e8ret\u00e9 et robustesse ? Nous sommes un\u00a0<strong>usine de sacs \u00e9tanches<\/strong>\u00a0et\u00a0<strong>fabricant de sacs \u00e0 dos<\/strong>\u00a0en Chine, fabriquant des \u00e9quipements pr\u00eats pour l'aventure pour les marques de plein air, les d\u00e9taillants et les grossistes du monde entier !<\/p>\n<p class=\"ds-markdown-paragraph\">\u2705\u00a0<strong>Pourquoi nous choisir ?<\/strong><\/p>\n<ul>\n<li>\n<p class=\"ds-markdown-paragraph\"><strong>Ultra-portable<\/strong>: Pliable en format de poche (15x10cm !) - parfait pour les randonneurs, les voyageurs et les trousses d'urgence.<\/p>\n<\/li>\n<li>\n<p class=\"ds-markdown-paragraph\"><strong>Guerrier imperm\u00e9able<\/strong>: Coutures lamin\u00e9es TPU + fermeture roll-top - riez des temp\u00eates de pluie et des travers\u00e9es de rivi\u00e8res !<\/p>\n<\/li>\n<li>\n<p class=\"ds-markdown-paragraph\"><strong>Magie de la commande en vrac<\/strong>: Produits\u00a0<strong>sacs de camping en vrac (MOQ 50pcs) avec ODM\/OEM ou marque de distributeur en 10<\/strong> jours !<\/p>\n<\/li>\n<li>\n<p class=\"ds-markdown-paragraph\"><strong>Avantage en termes de co\u00fbts pour la Chine<\/strong>: En tant que fournisseur de sacs de camping en Chine, nous fournissons des produits de qualit\u00e9 \u00e0 des prix d'usine.<\/p>\n<\/li>\n<\/ul>\n<p class=\"ds-markdown-paragraph\"><strong>Les caract\u00e9ristiques qui se vendent rapidement :<\/strong><br \/>\nCapacit\u00e9 extensible de 20 \u00e0 40 litres (sacs de couchage et \u00e9quipement)<br \/>\n\ud83d\udd39 Poches cach\u00e9es antivol + sangle \u00e0 marguerite<br \/>\n\ud83d\udd39 Bretelles en maille respirante + r\u00e9partition du poids<br \/>\n\ud83d\udd39 Tissus certifi\u00e9s OEKO-TEX (\u00e9cologiques, sans odeurs)<\/p>\n<p class=\"ds-markdown-paragraph\"><strong>Parfait pour :<\/strong><\/p>\n<ul>\n<li>\n<p class=\"ds-markdown-paragraph\">D\u00e9taillants de produits de plein air et grossistes en sacs de camping<\/p>\n<\/li>\n<li>\n<p class=\"ds-markdown-paragraph\">Vendeurs de mat\u00e9riel de survie et magasins de commerce \u00e9lectronique<\/p>\n<\/li>\n<li>\n<p class=\"ds-markdown-paragraph\">Des start-ups cr\u00e9ent des marques priv\u00e9es de sacs de camping<\/p>\n<\/li>\n<\/ul>\n<p class=\"ds-markdown-paragraph\"><strong>Comment cela fonctionne-t-il ?<\/strong><br \/>\n1\ufe0f\u20e3 Choisissez parmi plus de 150 mod\u00e8les ou envoyez votre logo<br \/>\n2\ufe0f\u20e3 Nous r\u00e9alisons des prototypes \u2192 approuver \u2192 produire en s\u00e9rie<br \/>\n3\ufe0f\u20e3 Exp\u00e9dition dans le monde entier via les r\u00e9seaux d'exportation de sacs de camping<\/p>\n<p class=\"ds-markdown-paragraph\"><strong>Pr\u00eat \u00e0 mettre le succ\u00e8s au c\u0153ur de chaque aventure ?<\/strong><br \/>\n\ud83d\udc49\u00a0<strong>\u00c9chantillons gratuits<\/strong>\u00a0\ud83d\udc49 15% deposit \ud83d\udc49 24\/7 support<\/p>\n<\/div>\n<\/div>\n<\/div>\n<\/div>","protected":false},"excerpt":{"rendered":"<h2 data-immersive-translate-walked=\"344be1c1-5052-41eb-8fcd-0dbe236a0d6b\" data-immersive-translate-paragraph=\"1\">Sac de camping portable<\/h2>\n<p><strong>1.CONCEPTION \u00c0 GRANDE CAPACIT\u00c9 :\u00a0<\/strong>Dimensions : 44 x 25 x 23 cm (L x L x H) environ 25 L de capacit\u00e9 interne. La grande capacit\u00e9 peut contenir 36 canettes (330 ml), ce qui permet de r\u00e9pondre \u00e0 tous les besoins en boissons et en nourriture de 3 \u00e0 4 personnes voyageant en plein air. Il suffit d\u00e9sormais d'un panier de pique-nique pliable pour r\u00e9soudre tous les probl\u00e8mes de stockage lors des sorties, et il n'est plus n\u00e9cessaire de transporter plusieurs sacs et r\u00e9cipients partout.<\/p>\n<p><strong>2. PORTABLE ET PLIABLE :<\/strong>\u00a0La version actualis\u00e9e comprend des supports lat\u00e9raux flexibles qui fournissent plus de structure sans s'affaisser ou s'effondrer ; la conception de la poign\u00e9e rembourr\u00e9e pliable est n\u00e9e pour \u00e9conomiser de l'espace, pratique pour le transport ; la doublure TPU imperm\u00e9able et le corps en tissu amovible du panier \u00e0 pique-nique du sac isotherme contribuent \u00e0 l'\u00e9tanch\u00e9it\u00e9 et \u00e0 la facilit\u00e9 de nettoyage. Un panier en tissu et un r\u00e9servoir d'eau parfaits pour le transport.<\/p>","protected":false},"featured_media":3224,"template":"","meta":{"_uag_custom_page_level_css":""},"product_brand":[],"product_cat":[44,50],"product_tag":[],"class_list":{"0":"post-3221","1":"product","2":"type-product","3":"status-publish","4":"has-post-thumbnail","6":"product_cat-camping-bags","7":"product_cat-cooler-bag","9":"first","10":"instock","11":"shipping-taxable","12":"product-type-simple"},"uagb_featured_image_src":{"full":["https:\/\/pecbag.com\/wp-content\/uploads\/2025\/05\/Portable-Camping-Bag-1.jpeg",800,800,false],"thumbnail":["https:\/\/pecbag.com\/wp-content\/uploads\/2025\/05\/Portable-Camping-Bag-1-150x150.jpeg",150,150,true],"medium":["https:\/\/pecbag.com\/wp-content\/uploads\/2025\/05\/Portable-Camping-Bag-1-300x300.jpeg",300,300,true],"medium_large":["https:\/\/pecbag.com\/wp-content\/uploads\/2025\/05\/Portable-Camping-Bag-1-768x768.jpeg",768,768,true],"large":["https:\/\/pecbag.com\/wp-content\/uploads\/2025\/05\/Portable-Camping-Bag-1.jpeg",800,800,false],"1536x1536":["https:\/\/pecbag.com\/wp-content\/uploads\/2025\/05\/Portable-Camping-Bag-1.jpeg",800,800,false],"2048x2048":["https:\/\/pecbag.com\/wp-content\/uploads\/2025\/05\/Portable-Camping-Bag-1.jpeg",800,800,false],"trp-custom-language-flag":["https:\/\/pecbag.com\/wp-content\/uploads\/2025\/05\/Portable-Camping-Bag-1-12x12.jpeg",12,12,true],"woocommerce_thumbnail":["https:\/\/pecbag.com\/wp-content\/uploads\/2025\/05\/Portable-Camping-Bag-1-300x300.jpeg",300,300,true],"woocommerce_single":["https:\/\/pecbag.com\/wp-content\/uploads\/2025\/05\/Portable-Camping-Bag-1-600x600.jpeg",600,600,true],"woocommerce_gallery_thumbnail":["https:\/\/pecbag.com\/wp-content\/uploads\/2025\/05\/Portable-Camping-Bag-1-100x100.jpeg",100,100,true]},"uagb_author_info":{"display_name":"Lawrence","author_link":"https:\/\/pecbag.com\/fr\/author\/"},"uagb_comment_info":0,"uagb_excerpt":"Portable Camping Bag 1.LARGE CAPACITY DESIGN:\u00a0Dimensions: 44 x 25 x 23 cm (L x W x H) about 25 L internal capacity. Large capacity can hold 36 cans (330 ml), which can meet all the beverage and food needs of 3-4 people traveling outdoors. Now only a foldable picnic basket is needed to solve all\u2026","_links":{"self":[{"href":"https:\/\/pecbag.com\/fr\/wp-json\/wp\/v2\/product\/3221","targetHints":{"allow":["GET"]}}],"collection":[{"href":"https:\/\/pecbag.com\/fr\/wp-json\/wp\/v2\/product"}],"about":[{"href":"https:\/\/pecbag.com\/fr\/wp-json\/wp\/v2\/types\/product"}],"wp:featuredmedia":[{"embeddable":true,"href":"https:\/\/pecbag.com\/fr\/wp-json\/wp\/v2\/media\/3224"}],"wp:attachment":[{"href":"https:\/\/pecbag.com\/fr\/wp-json\/wp\/v2\/media?parent=3221"}],"wp:term":[{"taxonomy":"product_brand","embeddable":true,"href":"https:\/\/pecbag.com\/fr\/wp-json\/wp\/v2\/product_brand?post=3221"},{"taxonomy":"product_cat","embeddable":true,"href":"https:\/\/pecbag.com\/fr\/wp-json\/wp\/v2\/product_cat?post=3221"},{"taxonomy":"product_tag","embeddable":true,"href":"https:\/\/pecbag.com\/fr\/wp-json\/wp\/v2\/product_tag?post=3221"}],"curies":[{"name":"wp","href":"https:\/\/api.w.org\/{rel}","templated":true}]}}