{"id":3230,"date":"2025-05-23T09:21:16","date_gmt":"2025-05-23T09:21:16","guid":{"rendered":"https:\/\/pecbag.com\/?post_type=product&#038;p=3230"},"modified":"2025-11-29T02:06:40","modified_gmt":"2025-11-29T02:06:40","slug":"outdoor-camping-picnic-cooler-bag","status":"publish","type":"product","link":"https:\/\/pecbag.com\/fr\/outdoor-camping-picnic-cooler-bag\/","title":{"rendered":"Sac isotherme pour le camping et le pique-nique"},"content":{"rendered":"<h5 title=\"Sac \u00e0 dos pliable pour chien Sac \u00e0 bandouli\u00e8re en maille respirante pour petit animal de compagnie Chien Chats\" data-immersive-translate-walked=\"1c928421-2e42-4cd3-8754-5404553c0af5\" data-immersive-translate-paragraph=\"1\" data-spm-anchor-id=\"a2700.details.0.i35.4f6757d4w4zNZA\">Fabricant de sacs isothermes pour camping et pique-nique en plein air | Fabricant de sacs \u00e9tanches et de sacs \u00e0 dos | OEM en vrac<\/h5>\n<div class=\"flex flex-grow flex-col max-w-full\">\n<div class=\"min-h-[20px] text-message flex w-full flex-col items-end gap-2 whitespace-pre-wrap break-words [.text-message+&amp;]:mt-5 overflow-x-auto\" dir=\"auto\" data-message-author-role=\"assistant\" data-message-id=\"3d7d46f6-7ec2-4222-9257-48fa0bba23c6\" data-suggestions=\"true\">\n<div class=\"flex w-full flex-col gap-1 empty:hidden first:pt-[3px]\">\n<div class=\"markdown prose w-full break-words dark:prose-invert light\">\n<p>Vous avez besoin de sacs isothermes pour le camping et les pique-niques en plein air qui gardent les boissons froides et les aventures fra\u00eeches ? Nous sommes une usine de sacs \u00e9tanches et un fabricant de sacs \u00e0 dos en Chine, fabriquant des sacs isothermes de haute performance pour les marques de plein air, les d\u00e9taillants et les grossistes du monde entier !<\/p>\n<table width=\"288\">\n<tbody>\n<tr>\n<td width=\"137\"><span style=\"color: #333333;\">Nom des produits<\/span><\/td>\n<td width=\"151\"><span style=\"color: #333333;\">Sac de camp<\/span><\/td>\n<\/tr>\n<tr>\n<td><span style=\"color: #333333;\">Num\u00e9ro d'article<\/span><\/td>\n<td><span style=\"color: #333333;\">PB-2034<\/span><\/td>\n<\/tr>\n<tr>\n<td><span style=\"color: #333333;\">Mat\u00e9riau<\/span><\/td>\n<td>Polyester 600D<\/td>\n<\/tr>\n<tr>\n<td><span style=\"color: #333333;\">Taille<\/span><\/td>\n<td>11,8 x 7,9 x 16,3 pouces<\/td>\n<\/tr>\n<tr>\n<td><span style=\"color: #333333;\">\u00a0D\u00e9lai de livraison<\/span><\/td>\n<td><span style=\"color: #333333;\">1-5 jours pour les petites quantit\u00e9s par voie a\u00e9rienne et 30-35 jours pour les grandes quantit\u00e9s par voie maritime.<\/span><\/td>\n<\/tr>\n<\/tbody>\n<\/table>\n<p class=\"ds-markdown-paragraph\">\u2705\u00a0<strong>Pourquoi s'associer \u00e0 nous ?<\/strong><\/p>\n<ul>\n<li>\n<p class=\"ds-markdown-paragraph\"><strong>Une fiabilit\u00e9 \u00e0 toute \u00e9preuve<\/strong>: Isolation 48 heures + doublure imperm\u00e9able 100% - parfait pour les sorties \u00e0 la plage, les randonn\u00e9es ou les barbecues dans l'arri\u00e8re-cour !<\/p>\n<\/li>\n<li>\n<p class=\"ds-markdown-paragraph\"><strong>Plier et partir<\/strong>: L\u00e9ger, il se plie au tiers de sa taille lorsqu'il est vide, ce qui permet d'\u00e9conomiser des frais de stockage et d'exp\u00e9dition pour les commandes de sacs de camping en gros !<\/p>\n<\/li>\n<li>\n<p class=\"ds-markdown-paragraph\"><strong>Personnalisez votre marque<\/strong>: Ajoutez des logos, des couleurs ou des caract\u00e9ristiques uniques via ODM\/OEM ou une marque priv\u00e9e (MOQ 100pcs).<\/p>\n<\/li>\n<li>\n<p class=\"ds-markdown-paragraph\"><strong>L'avantage financier de la Chine<\/strong>: En tant que premier fournisseur de sacs de camping en Chine, la qualit\u00e9 est associ\u00e9e \u00e0 des prix d'usine imbattables.<\/p>\n<\/li>\n<\/ul>\n<p class=\"ds-markdown-paragraph\"><strong>Des caract\u00e9ristiques recherch\u00e9es par les clients :<\/strong><br \/>\nCapacit\u00e9 20L-50L + s\u00e9parateurs amovibles (pour les canettes, les bouteilles ou les aliments)<br \/>\n\ud83d\udd39 Poign\u00e9es renforc\u00e9es + bandouli\u00e8res r\u00e9glables (3 fa\u00e7ons de porter)<br \/>\n\ud83d\udd39 Doublure PEVA anti-moisissure + isolation \u00e9cologique (certifi\u00e9e OEKO-TEX)<br \/>\n\ud83d\udd39 Fermetures \u00e0 glissi\u00e8re YKK + coutures soud\u00e9es - survivent aux pistes accident\u00e9es et aux \u00e9claboussures<\/p>\n<p class=\"ds-markdown-paragraph\"><strong>Parfait pour :<\/strong><\/p>\n<ul>\n<li>\n<p class=\"ds-markdown-paragraph\">D\u00e9taillants de produits de plein air et grossistes en sacs de camping<\/p>\n<\/li>\n<li>\n<p class=\"ds-markdown-paragraph\">Vendeurs de mat\u00e9riel de pique-nique et vendeurs en ligne<\/p>\n<\/li>\n<li>\n<p class=\"ds-markdown-paragraph\">Des start-ups cr\u00e9ent des marques priv\u00e9es de sacs de camping<\/p>\n<\/li>\n<\/ul>\n<p class=\"ds-markdown-paragraph\"><strong>Comment nous travaillons :<\/strong><br \/>\n1\ufe0f\u20e3 Choisissez parmi plus de 120 mod\u00e8les ou envoyez vos id\u00e9es<br \/>\n2\ufe0f\u20e3 Prototype en 5 jours \u2192 approbation \u2192 production en s\u00e9rie<br \/>\n3\ufe0f\u20e3 Exp\u00e9dition via les r\u00e9seaux d'exportation de sacs de camping (options air\/mer)<\/p>\n<p class=\"ds-markdown-paragraph\"><strong>Pr\u00eat \u00e0 se rafra\u00eechir avec les sacs isothermes les plus vendus ?<\/strong><br \/>\n\ud83d\udc49\u00a0<strong>\u00c9chantillons gratuits<\/strong>\u00a0\ud83d\udc49 20% deposit \ud83d\udc49 24h quotes<\/p>\n<\/div>\n<\/div>\n<\/div>\n<\/div>","protected":false},"excerpt":{"rendered":"<h2 data-immersive-translate-walked=\"344be1c1-5052-41eb-8fcd-0dbe236a0d6b\" data-immersive-translate-paragraph=\"1\">Sac isotherme pour le camping et le pique-nique<\/h2>\n<p><strong>1. PANIER DE PIQUE-NIQUE FAMILIAL PARFAIT SAC \u00c0 DOS POUR 4 :<\/strong>\u00a0Comprend 4 couteaux en acier inoxydable, 4 fourchettes en acier inoxydable, 4 cuill\u00e8res en acier inoxydable, 4 assiettes plates, 4 serviettes en coton et 4 verres \u00e0 vin.<\/p>\n<p><strong>2. CONSERVER LA FRA\u00ceCHEUR DES ALIMENTS : <\/strong>Le grand compartiment isolant en PEVA est id\u00e9al pour conserver les aliments froids au frais ou les aliments chauds jusqu'\u00e0 5 heures.<\/p>\n<p><strong>3. QUALIT\u00c9 DE LA CONSTRUCTION : <\/strong>Fabriqu\u00e9 en polyester r\u00e9sistant, avec des bretelles souples et r\u00e9glables, et une poign\u00e9e de transport robuste ; comprend 3 compartiments \u00e0 fermeture \u00e9clair.<\/p>\n<p><strong>4. MOBILIT\u00c9 SUPPL\u00c9MENTAIRE : <\/strong>Le sac portable mesure environ 11,8 x 7,9 x 16,3 pouces. Il offre la capacit\u00e9 d'un panier de pique-nique traditionnel et la facilit\u00e9 de transport d'un sac \u00e0 dos.<\/p>","protected":false},"featured_media":3231,"template":"","meta":{"_uag_custom_page_level_css":""},"product_brand":[],"product_cat":[44,60,50],"product_tag":[],"class_list":{"0":"post-3230","1":"product","2":"type-product","3":"status-publish","4":"has-post-thumbnail","6":"product_cat-camping-bags","7":"product_cat-backpack","8":"product_cat-cooler-bag","10":"first","11":"instock","12":"shipping-taxable","13":"product-type-simple"},"uagb_featured_image_src":{"full":["https:\/\/pecbag.com\/wp-content\/uploads\/2025\/05\/Camping-Picnic-Cooler-Bag-2.jpeg",800,800,false],"thumbnail":["https:\/\/pecbag.com\/wp-content\/uploads\/2025\/05\/Camping-Picnic-Cooler-Bag-2-150x150.jpeg",150,150,true],"medium":["https:\/\/pecbag.com\/wp-content\/uploads\/2025\/05\/Camping-Picnic-Cooler-Bag-2-300x300.jpeg",300,300,true],"medium_large":["https:\/\/pecbag.com\/wp-content\/uploads\/2025\/05\/Camping-Picnic-Cooler-Bag-2-768x768.jpeg",768,768,true],"large":["https:\/\/pecbag.com\/wp-content\/uploads\/2025\/05\/Camping-Picnic-Cooler-Bag-2.jpeg",800,800,false],"1536x1536":["https:\/\/pecbag.com\/wp-content\/uploads\/2025\/05\/Camping-Picnic-Cooler-Bag-2.jpeg",800,800,false],"2048x2048":["https:\/\/pecbag.com\/wp-content\/uploads\/2025\/05\/Camping-Picnic-Cooler-Bag-2.jpeg",800,800,false],"trp-custom-language-flag":["https:\/\/pecbag.com\/wp-content\/uploads\/2025\/05\/Camping-Picnic-Cooler-Bag-2-12x12.jpeg",12,12,true],"woocommerce_thumbnail":["https:\/\/pecbag.com\/wp-content\/uploads\/2025\/05\/Camping-Picnic-Cooler-Bag-2-300x300.jpeg",300,300,true],"woocommerce_single":["https:\/\/pecbag.com\/wp-content\/uploads\/2025\/05\/Camping-Picnic-Cooler-Bag-2-600x600.jpeg",600,600,true],"woocommerce_gallery_thumbnail":["https:\/\/pecbag.com\/wp-content\/uploads\/2025\/05\/Camping-Picnic-Cooler-Bag-2-100x100.jpeg",100,100,true]},"uagb_author_info":{"display_name":"Lawrence","author_link":"https:\/\/pecbag.com\/fr\/author\/"},"uagb_comment_info":0,"uagb_excerpt":"Outdoor Camping Picnic Cooler Bag 1. PERFECT FAMILY PICNIC BASKET BACKPACK FOR 4:\u00a0Includes 4x Stainless Steel Knives, 4x Stainless Steel Forks, 4x Stainless Steel Spoons, 4x Dinner Plates, 4x Cotton Napkins, and 4x Wine Glasses. 2. KEEP FOOD FRESH: Large PEVA liner insulated compartment is perfect for keeping cold food cooler and fresher or hot\u2026","_links":{"self":[{"href":"https:\/\/pecbag.com\/fr\/wp-json\/wp\/v2\/product\/3230","targetHints":{"allow":["GET"]}}],"collection":[{"href":"https:\/\/pecbag.com\/fr\/wp-json\/wp\/v2\/product"}],"about":[{"href":"https:\/\/pecbag.com\/fr\/wp-json\/wp\/v2\/types\/product"}],"wp:featuredmedia":[{"embeddable":true,"href":"https:\/\/pecbag.com\/fr\/wp-json\/wp\/v2\/media\/3231"}],"wp:attachment":[{"href":"https:\/\/pecbag.com\/fr\/wp-json\/wp\/v2\/media?parent=3230"}],"wp:term":[{"taxonomy":"product_brand","embeddable":true,"href":"https:\/\/pecbag.com\/fr\/wp-json\/wp\/v2\/product_brand?post=3230"},{"taxonomy":"product_cat","embeddable":true,"href":"https:\/\/pecbag.com\/fr\/wp-json\/wp\/v2\/product_cat?post=3230"},{"taxonomy":"product_tag","embeddable":true,"href":"https:\/\/pecbag.com\/fr\/wp-json\/wp\/v2\/product_tag?post=3230"}],"curies":[{"name":"wp","href":"https:\/\/api.w.org\/{rel}","templated":true}]}}