{"id":3244,"date":"2025-05-26T01:22:57","date_gmt":"2025-05-26T01:22:57","guid":{"rendered":"https:\/\/pecbag.com\/?post_type=product&#038;p=3244"},"modified":"2025-11-29T02:06:16","modified_gmt":"2025-11-29T02:06:16","slug":"large-soft-sided-cooling-bag","status":"publish","type":"product","link":"https:\/\/pecbag.com\/fr\/large-soft-sided-cooling-bag\/","title":{"rendered":"Grand sac de refroidissement souple"},"content":{"rendered":"<h5 title=\"Sac \u00e0 dos pliable pour chien Sac \u00e0 bandouli\u00e8re en maille respirante pour petit animal de compagnie Chien Chats\" data-immersive-translate-walked=\"1c928421-2e42-4cd3-8754-5404553c0af5\" data-immersive-translate-paragraph=\"1\" data-spm-anchor-id=\"a2700.details.0.i35.4f6757d4w4zNZA\">Fabricant de grands sacs isothermes \u00e0 parois souples | Fabricant de sacs \u00e9tanches et de sacs \u00e0 dos | OEM en vrac<\/h5>\n<div class=\"flex flex-grow flex-col max-w-full\">\n<div class=\"min-h-[20px] text-message flex w-full flex-col items-end gap-2 whitespace-pre-wrap break-words [.text-message+&amp;]:mt-5 overflow-x-auto\" dir=\"auto\" data-message-author-role=\"assistant\" data-message-id=\"3d7d46f6-7ec2-4222-9257-48fa0bba23c6\" data-suggestions=\"true\">\n<div class=\"flex w-full flex-col gap-1 empty:hidden first:pt-[3px]\">\n<div class=\"markdown prose w-full break-words dark:prose-invert light\">\n<p>Vous avez besoin de grands sacs r\u00e9frig\u00e9rants \u00e0 parois souples qui gardent les marchandises au frais pendant plusieurs jours ? Nous sommes une usine de sacs \u00e9tanches et un fabricant de sacs \u00e0 dos en Chine, produisant des solutions de refroidissement robustes pour les services de livraison de nourriture, les soci\u00e9t\u00e9s pharmaceutiques et les grossistes de sacs r\u00e9frig\u00e9rants dans le monde entier !<\/p>\n<table width=\"288\">\n<tbody>\n<tr>\n<td width=\"137\"><span style=\"color: #333333;\">Nom des produits<\/span><\/td>\n<td width=\"151\"><span style=\"color: #333333;\">Sac de refroidissement<\/span><\/td>\n<\/tr>\n<tr>\n<td><span style=\"color: #333333;\">Num\u00e9ro d'article<\/span><\/td>\n<td><span style=\"color: #333333;\">PB-2036<\/span><\/td>\n<\/tr>\n<tr>\n<td><span style=\"color: #333333;\">Mat\u00e9riau<\/span><\/td>\n<td>Polyester 600D<\/td>\n<\/tr>\n<tr>\n<td><span style=\"color: #333333;\">\u00a0Taille et couleur<\/span><\/td>\n<td>40 x 30 x 30 cm<\/td>\n<\/tr>\n<tr>\n<td><span style=\"color: #333333;\">\u00a0D\u00e9lai de livraison<\/span><\/td>\n<td><span style=\"color: #333333;\">1-5 jours pour les petites quantit\u00e9s par voie a\u00e9rienne et 30-35 jours pour les grandes quantit\u00e9s par voie maritime.<\/span><\/td>\n<\/tr>\n<\/tbody>\n<\/table>\n<p class=\"ds-markdown-paragraph\">\u2705\u00a0<strong>Pourquoi s'associer \u00e0 nous ?<\/strong><\/p>\n<ul>\n<li>\n<p class=\"ds-markdown-paragraph\"><strong>Refroidissement de 72 heures<\/strong>: Isolation \u00e9cologique de 4 cm + doublure r\u00e9fl\u00e9chissant la chaleur - parfait pour les vaccins, les fruits de mer ou la pr\u00e9paration des repas !<\/p>\n<\/li>\n<li>\n<p class=\"ds-markdown-paragraph\"><strong>Doux et spacieux<\/strong>: Capacit\u00e9s de 50 \u00e0 100 litres - convient aux bo\u00eetes, aux bouteilles ou aux objets irr\u00e9guliers sans gonfler.<\/p>\n<\/li>\n<li>\n<p class=\"ds-markdown-paragraph\"><strong>Avantages des commandes group\u00e9es<\/strong>: Produire des sacs de refroidissement en vrac (MOQ 50pcs) avec ODM\/OEM ou label priv\u00e9 en 15 jours !<\/p>\n<\/li>\n<li>\n<p class=\"ds-markdown-paragraph\"><strong>L'avantage financier de la Chine<\/strong>: En tant que premier fournisseur de sacs de refroidissement en Chine, nous allions la qualit\u00e9 \u00e0 des prix imbattables.<\/p>\n<\/li>\n<\/ul>\n<p class=\"ds-markdown-paragraph\"><strong>Des caract\u00e9ristiques qui font vendre :<\/strong><br \/>\n\ud83d\udd39 100% coutures TPU \u00e9tanches + int\u00e9rieurs PEVA anti-moisissure<br \/>\n\ud83d\udd39 Poign\u00e9es renforc\u00e9es (capacit\u00e9 de 300+ lbs) + bandouli\u00e8res amovibles<br \/>\n\ud83d\udd39 Compartiments personnalisables + poches bloqu\u00e9es RFID<br \/>\n\ud83d\udd39 Certifi\u00e9 OEKO-TEX - sans danger pour l'alimentation et l'industrie pharmaceutique<\/p>\n<p class=\"ds-markdown-paragraph\"><strong>Parfait pour :<\/strong><\/p>\n<ul>\n<li>\n<p class=\"ds-markdown-paragraph\">Fournisseurs m\u00e9dicaux et vendeurs de poches de refroidissement<\/p>\n<\/li>\n<li>\n<p class=\"ds-markdown-paragraph\">Soci\u00e9t\u00e9s de kits de repas et grossistes en sacs r\u00e9frig\u00e9rants<\/p>\n<\/li>\n<li>\n<p class=\"ds-markdown-paragraph\">Startups construisant des sacs r\u00e9frig\u00e9rants sous marque de distributeur marques de distributeur<\/p>\n<\/li>\n<\/ul>\n<p class=\"ds-markdown-paragraph\"><strong>Comment nous travaillons :<\/strong><br \/>\n1\ufe0f\u20e3 Choisissez parmi plus de 80 mod\u00e8les ou envoyez vos sp\u00e9cifications<br \/>\n2\ufe0f\u20e3 Prototype en 7 jours \u2192 approbation \u2192 production en s\u00e9rie<br \/>\n3\ufe0f\u20e3 Exp\u00e9dition via les r\u00e9seaux d'exportation de sacs de refroidissement (options DDP\/DAP)<\/p>\n<p class=\"ds-markdown-paragraph\"><strong>Pr\u00eat \u00e0 r\u00e9duire vos marges b\u00e9n\u00e9ficiaires ?<\/strong><br \/>\n\ud83d\udc49\u00a0<strong>\u00c9chantillons gratuits<\/strong>\u00a0\ud83d\udc49 20% deposit \ud83d\udc49 24h quotes<\/p>\n<\/div>\n<\/div>\n<\/div>\n<\/div>","protected":false},"excerpt":{"rendered":"<h2 data-immersive-translate-walked=\"344be1c1-5052-41eb-8fcd-0dbe236a0d6b\" data-immersive-translate-paragraph=\"1\">Grand sac de refroidissement souple<\/h2>\n<div class=\"sliderTable mt10 mb10 sliderTable-index0\">\n<div class=\"inner\">Ce sac isotherme pr\u00e9sente un excellent design, une taille adapt\u00e9e et un emballage portable facile \u00e0 ranger. Vous pouvez le plier \u00e0 plat et le ranger dans vos bagages, ou stocker des aliments surgel\u00e9s lorsque vous faites vos courses. Fabriqu\u00e9 en polyester 600D de haute qualit\u00e9 et dot\u00e9 de fermetures \u00e0 glissi\u00e8re renforc\u00e9es pour une durabilit\u00e9 maximale. Dot\u00e9 d'une doublure int\u00e9rieure anti-fuites Ultra Safe, facile \u00e0 nettoyer. La doublure douce et \u00e9tanche est \u00e9galement facile \u00e0 nettoyer ; il suffit de l'essuyer avec un chiffon humide.<\/div>\n<\/div>","protected":false},"featured_media":3251,"template":"","meta":{"_uag_custom_page_level_css":""},"product_brand":[],"product_cat":[44,50],"product_tag":[],"class_list":{"0":"post-3244","1":"product","2":"type-product","3":"status-publish","4":"has-post-thumbnail","6":"product_cat-camping-bags","7":"product_cat-cooler-bag","9":"first","10":"instock","11":"shipping-taxable","12":"product-type-simple"},"uagb_featured_image_src":{"full":["https:\/\/pecbag.com\/wp-content\/uploads\/2025\/05\/Large-Soft-Sided-Cooling-Bag-3-1.jpeg",750,750,false],"thumbnail":["https:\/\/pecbag.com\/wp-content\/uploads\/2025\/05\/Large-Soft-Sided-Cooling-Bag-3-1-150x150.jpeg",150,150,true],"medium":["https:\/\/pecbag.com\/wp-content\/uploads\/2025\/05\/Large-Soft-Sided-Cooling-Bag-3-1-300x300.jpeg",300,300,true],"medium_large":["https:\/\/pecbag.com\/wp-content\/uploads\/2025\/05\/Large-Soft-Sided-Cooling-Bag-3-1.jpeg",750,750,false],"large":["https:\/\/pecbag.com\/wp-content\/uploads\/2025\/05\/Large-Soft-Sided-Cooling-Bag-3-1.jpeg",750,750,false],"1536x1536":["https:\/\/pecbag.com\/wp-content\/uploads\/2025\/05\/Large-Soft-Sided-Cooling-Bag-3-1.jpeg",750,750,false],"2048x2048":["https:\/\/pecbag.com\/wp-content\/uploads\/2025\/05\/Large-Soft-Sided-Cooling-Bag-3-1.jpeg",750,750,false],"trp-custom-language-flag":["https:\/\/pecbag.com\/wp-content\/uploads\/2025\/05\/Large-Soft-Sided-Cooling-Bag-3-1-12x12.jpeg",12,12,true],"woocommerce_thumbnail":["https:\/\/pecbag.com\/wp-content\/uploads\/2025\/05\/Large-Soft-Sided-Cooling-Bag-3-1-300x300.jpeg",300,300,true],"woocommerce_single":["https:\/\/pecbag.com\/wp-content\/uploads\/2025\/05\/Large-Soft-Sided-Cooling-Bag-3-1-600x600.jpeg",600,600,true],"woocommerce_gallery_thumbnail":["https:\/\/pecbag.com\/wp-content\/uploads\/2025\/05\/Large-Soft-Sided-Cooling-Bag-3-1-100x100.jpeg",100,100,true]},"uagb_author_info":{"display_name":"Lawrence","author_link":"https:\/\/pecbag.com\/fr\/author\/"},"uagb_comment_info":0,"uagb_excerpt":"Large Soft Sided Cooling Bag This cooler bag is an excellent design, a suitable size, and an easy-to-store portable pack. You can fold it flat and pack it in your luggage, or store frozen food while shopping. Made with high-quality 600D polyester fabric and reinforced zippers to ensure maximum durability. Features an Ultra Safe leak-proof,\u2026","_links":{"self":[{"href":"https:\/\/pecbag.com\/fr\/wp-json\/wp\/v2\/product\/3244","targetHints":{"allow":["GET"]}}],"collection":[{"href":"https:\/\/pecbag.com\/fr\/wp-json\/wp\/v2\/product"}],"about":[{"href":"https:\/\/pecbag.com\/fr\/wp-json\/wp\/v2\/types\/product"}],"wp:featuredmedia":[{"embeddable":true,"href":"https:\/\/pecbag.com\/fr\/wp-json\/wp\/v2\/media\/3251"}],"wp:attachment":[{"href":"https:\/\/pecbag.com\/fr\/wp-json\/wp\/v2\/media?parent=3244"}],"wp:term":[{"taxonomy":"product_brand","embeddable":true,"href":"https:\/\/pecbag.com\/fr\/wp-json\/wp\/v2\/product_brand?post=3244"},{"taxonomy":"product_cat","embeddable":true,"href":"https:\/\/pecbag.com\/fr\/wp-json\/wp\/v2\/product_cat?post=3244"},{"taxonomy":"product_tag","embeddable":true,"href":"https:\/\/pecbag.com\/fr\/wp-json\/wp\/v2\/product_tag?post=3244"}],"curies":[{"name":"wp","href":"https:\/\/api.w.org\/{rel}","templated":true}]}}