{"id":3269,"date":"2025-05-26T02:52:21","date_gmt":"2025-05-26T02:52:21","guid":{"rendered":"https:\/\/pecbag.com\/?post_type=product&#038;p=3269"},"modified":"2025-11-29T02:04:08","modified_gmt":"2025-11-29T02:04:08","slug":"compartment-outdoor-cooler-picnic-backpack","status":"publish","type":"product","link":"https:\/\/pecbag.com\/fr\/compartment-outdoor-cooler-picnic-backpack\/","title":{"rendered":"Sac \u00e0 dos de pique-nique avec glaci\u00e8re ext\u00e9rieure \u00e0 compartiments"},"content":{"rendered":"<h5 title=\"Sac \u00e0 dos pliable pour chien Sac \u00e0 bandouli\u00e8re en maille respirante pour petit animal de compagnie Chien Chats\" data-immersive-translate-walked=\"1c928421-2e42-4cd3-8754-5404553c0af5\" data-immersive-translate-paragraph=\"1\" data-spm-anchor-id=\"a2700.details.0.i35.4f6757d4w4zNZA\">Sac \u00e0 dos de pique-nique avec compartiment pour glaci\u00e8re d'ext\u00e9rieur | Fabricant de sacs \u00e9tanches et fournisseur de sacs \u00e0 dos | OEM en vrac<\/h5>\n<div class=\"flex flex-grow flex-col max-w-full\">\n<div class=\"min-h-[20px] text-message flex w-full flex-col items-end gap-2 whitespace-pre-wrap break-words [.text-message+&amp;]:mt-5 overflow-x-auto\" dir=\"auto\" data-message-author-role=\"assistant\" data-message-id=\"3d7d46f6-7ec2-4222-9257-48fa0bba23c6\" data-suggestions=\"true\">\n<div class=\"flex w-full flex-col gap-1 empty:hidden first:pt-[3px]\">\n<div class=\"markdown prose w-full break-words dark:prose-invert light\">\n<p>Vous avez besoin d'une glaci\u00e8re \u00e0 compartiments pour organiser vos affaires et garder vos boissons glac\u00e9es toute la journ\u00e9e ? En tant que leader dans la fabrication de sacs \u00e9tanches et de sacs \u00e0 dos en Chine, nous fabriquons des sacs \u00e0 dos de pique-nique avec des solutions de rangement intelligentes pour les marques de plein air, les organisateurs d'\u00e9v\u00e9nements et les grossistes de sacs r\u00e9frig\u00e9rants dans le monde entier !<\/p>\n<table width=\"288\">\n<tbody>\n<tr>\n<td width=\"137\"><span style=\"color: #333333;\">Nom des produits<\/span><\/td>\n<td width=\"151\"><span style=\"color: #333333;\">Sac de refroidissement<\/span><\/td>\n<\/tr>\n<tr>\n<td><span style=\"color: #333333;\">Num\u00e9ro d'article<\/span><\/td>\n<td><span style=\"color: #333333;\">PB-2039<\/span><\/td>\n<\/tr>\n<tr>\n<td><span style=\"color: #333333;\">Mat\u00e9riau<\/span><\/td>\n<td>Flocon de neige<\/td>\n<\/tr>\n<tr>\n<td><span style=\"color: #333333;\">\u00a0Taille et couleur<\/span><\/td>\n<td>19*32*46 cm<\/td>\n<\/tr>\n<tr>\n<td><span style=\"color: #333333;\">\u00a0D\u00e9lai de livraison<\/span><\/td>\n<td><span style=\"color: #333333;\">1-5 jours pour les petites quantit\u00e9s par voie a\u00e9rienne et 30-35 jours pour les grandes quantit\u00e9s par voie maritime.<\/span><\/td>\n<\/tr>\n<\/tbody>\n<\/table>\n<p class=\"ds-markdown-paragraph\">\u2705\u00a0<strong>Pourquoi nos sacs \u00e0 dos de pique-nique avec glaci\u00e8re ext\u00e9rieure \u00e0 compartiments se distinguent-ils :<\/strong><\/p>\n<ul>\n<li>\n<p class=\"ds-markdown-paragraph\"><strong>Plus de 6 compartiments d\u00e9di\u00e9s<\/strong>: S\u00e9parez les aliments, les boissons, les ustensiles et les gadgets. Fini le chaos des pique-niques !<\/p>\n<\/li>\n<li>\n<p class=\"ds-markdown-paragraph\"><strong>Refroidissement de 48 heures<\/strong>: Isolation \u00e9cologique de 4 cm + doublure TPU imperm\u00e9able - la glace dure deux fois plus longtemps que les sacs standard.<\/p>\n<\/li>\n<li>\n<p class=\"ds-markdown-paragraph\"><strong>Commande group\u00e9e d'\u00e9lectricit\u00e9<\/strong>: Produisez des sacs de refroidissement en vrac (MOQ 50pcs) avec des sacs de refroidissement ODM\/OEM ou sous marque de distributeur en 12 jours !<\/p>\n<\/li>\n<li>\n<p class=\"ds-markdown-paragraph\"><strong>L'avantage financier de la Chine<\/strong>: En tant que premier fournisseur de sacs de refroidissement en Chine, nous allions la qualit\u00e9 \u00e0 des prix imbattables.<\/p>\n<\/li>\n<\/ul>\n<p class=\"ds-markdown-paragraph\"><strong>Des caract\u00e9ristiques qui stimulent les ventes :<\/strong><br \/>\nCapacit\u00e9 30L-50L + poches lat\u00e9rales extensibles (pour bouteilles de vin et couvertures)<br \/>\n\ud83d\udd39 Bretelles rembourr\u00e9es + panneau dorsal respirant (confort tout au long de la journ\u00e9e)<br \/>\nFermetures \u00e0 glissi\u00e8re antivol + fentes pour cartes avec blocage RFID<br \/>\n\ud83d\udd39 Certifi\u00e9 CE\/SGS - sans danger pour le contact alimentaire<\/p>\n<p class=\"ds-markdown-paragraph\"><strong>Parfait pour :<\/strong><\/p>\n<ul>\n<li>\n<p class=\"ds-markdown-paragraph\">D\u00e9taillants de produits de plein air et vendeurs de sacs r\u00e9frig\u00e9rants<\/p>\n<\/li>\n<li>\n<p class=\"ds-markdown-paragraph\">Organisateurs de mariages et grossistes en sacs de refroidissement<\/p>\n<\/li>\n<li>\n<p class=\"ds-markdown-paragraph\">Startups cr\u00e9ant des marques de sacs r\u00e9frig\u00e9rants sous marque de distributeur<\/p>\n<\/li>\n<\/ul>\n<p class=\"ds-markdown-paragraph\"><strong>Comment nous construisons votre glaci\u00e8re ext\u00e9rieure \u00e0 compartiments Sacs \u00e0 dos de pique-nique :<\/strong><br \/>\n1\ufe0f\u20e3 Choisissez parmi plus de 100 mod\u00e8les ou personnalisez chaque d\u00e9tail<br \/>\n2\ufe0f\u20e3 Prototype en 7 jours \u2192 approbation \u2192 production en s\u00e9rie<br \/>\n3\ufe0f\u20e3 Exp\u00e9dition via les r\u00e9seaux d'exportation de sacs de refroidissement (air\/mer\/express)<\/p>\n<p class=\"ds-markdown-paragraph\"><strong>Pourquoi nous sommes votre fabricant chinois de sacs de refroidissement #1 :<\/strong><br \/>\n\u2705 Plus de 10 ans d'expertise dans la fabrication de sacs de refroidissement<br \/>\n\u2705 40% technologie d'isolation plus l\u00e9g\u00e8re que celle des concurrents<br \/>\n\u2705 Assistance multilingue 24\/7 (EN\/ES\/FR\/DE)<\/p>\n<p class=\"ds-markdown-paragraph\"><strong>Pr\u00eat \u00e0 transformer les pique-niques en profits ?<\/strong><br \/>\n\ud83d\udc49\u00a0<strong>\u00c9chantillons gratuits<\/strong>\u00a0\ud83d\udc49 15% deposit \ud83d\udc49 24h quotes<\/p>\n<\/div>\n<\/div>\n<\/div>\n<\/div>","protected":false},"excerpt":{"rendered":"<h2 data-immersive-translate-walked=\"344be1c1-5052-41eb-8fcd-0dbe236a0d6b\" data-immersive-translate-paragraph=\"1\">Sac \u00e0 dos de pique-nique avec glaci\u00e8re ext\u00e9rieure \u00e0 compartiments<\/h2>\n<div class=\"sliderTable mt10 mb10 sliderTable-index0\">\n<div class=\"inner\">1. Sac \u00e0 dos isol\u00e9 22 heures : Une feuille de mousse isolante \u00e9paissie et une doublure \u00e9tanche garantissent d'excellentes performances d'isolation. Que vous soyez en camping, \u00e0 la plage, en pique-nique, en randonn\u00e9e, en voyage, en bateau, en train de jouer \u00e0 l'ext\u00e9rieur ou au travail, notre sac isotherme peut garder vos bi\u00e8res et vos aliments au frais\/chaud\/frais pendant longtemps.<br \/>\n2. Glaci\u00e8re de grande capacit\u00e9 et multi-poches : Le sac \u00e0 dos isotherme Cooler offre plusieurs poches, le sac principal peut contenir jusqu'\u00e0 36 canettes (32L). 2 poches frontales zipp\u00e9es pour placer vos couverts et t\u00e9l\u00e9phones portables, 4 poches lat\u00e9rales pour ranger parapluies et boissons, il y a aussi une poche sup\u00e9rieure pour ranger facilement les snacks et les fruits.<\/div>\n<\/div>","protected":false},"featured_media":3271,"template":"","meta":{"_uag_custom_page_level_css":""},"product_brand":[],"product_cat":[44,60,50],"product_tag":[],"class_list":{"0":"post-3269","1":"product","2":"type-product","3":"status-publish","4":"has-post-thumbnail","6":"product_cat-camping-bags","7":"product_cat-backpack","8":"product_cat-cooler-bag","10":"first","11":"instock","12":"shipping-taxable","13":"product-type-simple"},"uagb_featured_image_src":{"full":["https:\/\/pecbag.com\/wp-content\/uploads\/2025\/05\/Compartment-Outdoor-Cooler-Picnic-Backpack-1.jpeg",963,963,false],"thumbnail":["https:\/\/pecbag.com\/wp-content\/uploads\/2025\/05\/Compartment-Outdoor-Cooler-Picnic-Backpack-1-150x150.jpeg",150,150,true],"medium":["https:\/\/pecbag.com\/wp-content\/uploads\/2025\/05\/Compartment-Outdoor-Cooler-Picnic-Backpack-1-300x300.jpeg",300,300,true],"medium_large":["https:\/\/pecbag.com\/wp-content\/uploads\/2025\/05\/Compartment-Outdoor-Cooler-Picnic-Backpack-1-768x768.jpeg",768,768,true],"large":["https:\/\/pecbag.com\/wp-content\/uploads\/2025\/05\/Compartment-Outdoor-Cooler-Picnic-Backpack-1.jpeg",800,800,false],"1536x1536":["https:\/\/pecbag.com\/wp-content\/uploads\/2025\/05\/Compartment-Outdoor-Cooler-Picnic-Backpack-1.jpeg",963,963,false],"2048x2048":["https:\/\/pecbag.com\/wp-content\/uploads\/2025\/05\/Compartment-Outdoor-Cooler-Picnic-Backpack-1.jpeg",963,963,false],"trp-custom-language-flag":["https:\/\/pecbag.com\/wp-content\/uploads\/2025\/05\/Compartment-Outdoor-Cooler-Picnic-Backpack-1-12x12.jpeg",12,12,true],"woocommerce_thumbnail":["https:\/\/pecbag.com\/wp-content\/uploads\/2025\/05\/Compartment-Outdoor-Cooler-Picnic-Backpack-1-300x300.jpeg",300,300,true],"woocommerce_single":["https:\/\/pecbag.com\/wp-content\/uploads\/2025\/05\/Compartment-Outdoor-Cooler-Picnic-Backpack-1-600x600.jpeg",600,600,true],"woocommerce_gallery_thumbnail":["https:\/\/pecbag.com\/wp-content\/uploads\/2025\/05\/Compartment-Outdoor-Cooler-Picnic-Backpack-1-100x100.jpeg",100,100,true]},"uagb_author_info":{"display_name":"Lawrence","author_link":"https:\/\/pecbag.com\/fr\/author\/"},"uagb_comment_info":0,"uagb_excerpt":"Compartment Outdoor Cooler Picnic Backpack 1. 22 Hours Insulated Backpack: Thickened insulation foil foam and leak-proof liner ensure excellent insulation performance. Whether you're camping, at the beach, picnicking, hiking, traveling, boating, playing outdoors, or working, our Cooler Bag can keep your beers and food cool\/hot\/fresh for a long time 2. Large Capacity &amp; Multi-Pocket Design\u2026","_links":{"self":[{"href":"https:\/\/pecbag.com\/fr\/wp-json\/wp\/v2\/product\/3269","targetHints":{"allow":["GET"]}}],"collection":[{"href":"https:\/\/pecbag.com\/fr\/wp-json\/wp\/v2\/product"}],"about":[{"href":"https:\/\/pecbag.com\/fr\/wp-json\/wp\/v2\/types\/product"}],"wp:featuredmedia":[{"embeddable":true,"href":"https:\/\/pecbag.com\/fr\/wp-json\/wp\/v2\/media\/3271"}],"wp:attachment":[{"href":"https:\/\/pecbag.com\/fr\/wp-json\/wp\/v2\/media?parent=3269"}],"wp:term":[{"taxonomy":"product_brand","embeddable":true,"href":"https:\/\/pecbag.com\/fr\/wp-json\/wp\/v2\/product_brand?post=3269"},{"taxonomy":"product_cat","embeddable":true,"href":"https:\/\/pecbag.com\/fr\/wp-json\/wp\/v2\/product_cat?post=3269"},{"taxonomy":"product_tag","embeddable":true,"href":"https:\/\/pecbag.com\/fr\/wp-json\/wp\/v2\/product_tag?post=3269"}],"curies":[{"name":"wp","href":"https:\/\/api.w.org\/{rel}","templated":true}]}}