{"id":3303,"date":"2025-05-26T06:44:09","date_gmt":"2025-05-26T06:44:09","guid":{"rendered":"https:\/\/pecbag.com\/?post_type=product&#038;p=3303"},"modified":"2025-11-29T02:03:03","modified_gmt":"2025-11-29T02:03:03","slug":"eco-friendly-tpu-fishing-chest-bag","status":"publish","type":"product","link":"https:\/\/pecbag.com\/fr\/eco-friendly-tpu-fishing-chest-bag\/","title":{"rendered":"Sacoche de p\u00eache \u00e9cologique en TPU"},"content":{"rendered":"<h5 title=\"Sac \u00e0 dos pliable pour chien Sac \u00e0 bandouli\u00e8re en maille respirante pour petit animal de compagnie Chien Chats\" data-immersive-translate-walked=\"1c928421-2e42-4cd3-8754-5404553c0af5\" data-immersive-translate-paragraph=\"1\" data-spm-anchor-id=\"a2700.details.0.i35.4f6757d4w4zNZA\">Fabricant de sacs de p\u00eache \u00e9cologiques en TPU | Fabricant de sacs \u00e9tanches &amp; Fournisseur de sacs \u00e0 dos<\/h5>\n<div class=\"flex flex-grow flex-col max-w-full\">\n<div class=\"min-h-[20px] text-message flex w-full flex-col items-end gap-2 whitespace-pre-wrap break-words [.text-message+&amp;]:mt-5 overflow-x-auto\" dir=\"auto\" data-message-author-role=\"assistant\" data-message-id=\"3d7d46f6-7ec2-4222-9257-48fa0bba23c6\" data-suggestions=\"true\">\n<div class=\"flex w-full flex-col gap-1 empty:hidden first:pt-[3px]\">\n<div class=\"markdown prose w-full break-words dark:prose-invert light\">\n<p>Besoin de sacs de p\u00eache TPU \u00e9cologiques qui prot\u00e8gent le mat\u00e9riel et la plan\u00e8te ? En tant que fabricant de sacs \u00e9tanches et de sacs \u00e0 dos en Chine, nous sommes sp\u00e9cialis\u00e9s dans les sacs de p\u00eache TPU \u00e9cologiques con\u00e7us pour les p\u00eacheurs soucieux de l'environnement, les marques de p\u00eache et les grossistes de sacs de p\u00eache dans le monde entier !<\/p>\n<table width=\"288\">\n<tbody>\n<tr>\n<td width=\"137\"><span style=\"color: #333333;\">Nom des produits<\/span><\/td>\n<td width=\"151\"><span style=\"color: #333333;\">Sac de poitrine<\/span><\/td>\n<\/tr>\n<tr>\n<td><span style=\"color: #333333;\">Num\u00e9ro d'article<\/span><\/td>\n<td><span style=\"color: #333333;\">PB-2044<\/span><\/td>\n<\/tr>\n<tr>\n<td><span style=\"color: #333333;\">Mat\u00e9riau<\/span><\/td>\n<td>TPU \u00e9cologique<\/td>\n<\/tr>\n<tr>\n<td><span style=\"color: #333333;\">Taille<\/span><\/td>\n<td>23*12*36 cm<\/td>\n<\/tr>\n<tr>\n<td><span style=\"color: #333333;\">\u00a0D\u00e9lai de livraison<\/span><\/td>\n<td><span style=\"color: #333333;\">1-5 jours pour les petites quantit\u00e9s par voie a\u00e9rienne et 30-35 jours pour les grandes quantit\u00e9s par voie maritime.<\/span><\/td>\n<\/tr>\n<\/tbody>\n<\/table>\n<p class=\"ds-markdown-paragraph\">\u2705\u00a0<strong>Pourquoi nos sacs de p\u00eache TPU \u00e9cologiques gagnent-ils :<\/strong><\/p>\n<ul>\n<li>\n<p class=\"ds-markdown-paragraph\"><strong>Mat\u00e9riaux sans danger pour les oc\u00e9ans<\/strong>: 100% TPU recyclable + colorants non toxiques - survit aux temp\u00eates d'eau sal\u00e9e sans nuire \u00e0 la vie marine !<\/p>\n<\/li>\n<li>\n<p class=\"ds-markdown-paragraph\"><strong>Conception approuv\u00e9e par les p\u00eacheurs<\/strong>Compartiments : 6+ compartiments antirouille - stockez les leurres, les outils et les app\u00e2ts sans fuites ni odeurs.<\/p>\n<\/li>\n<li>\n<p class=\"ds-markdown-paragraph\"><strong>Pr\u00eat pour les commandes en vrac<\/strong>: Produire des sacs de poitrine en vrac (MOQ 50pcs) par le biais de sacs de poitrine ODM\/OEM ou de marques de distributeur en 10 jours !<\/p>\n<\/li>\n<li>\n<p class=\"ds-markdown-paragraph\"><strong>L'avantage financier de la Chine<\/strong>: En tant que principal fournisseur de sacs de poitrine en Chine, nous offrons une durabilit\u00e9 de premier ordre \u00e0 des prix d'usine.<\/p>\n<\/li>\n<\/ul>\n<p class=\"ds-markdown-paragraph\"><strong>Des caract\u00e9ristiques qui accrochent les clients :<\/strong><br \/>\n\ud83d\udd39 Fermetures \u00e9clair r\u00e9sistantes \u00e0 l'eau de mer + poches en filet \u00e0 s\u00e9chage rapide<br \/>\n\ud83d\udd39 Bretelles r\u00e9glables (convient aux cuissardes ou aux v\u00eatements d\u00e9contract\u00e9s) + boucles porte-cannes \u00e0 p\u00eache<br \/>\n\ud83d\udd39 Garniture r\u00e9fl\u00e9chissante pour la s\u00e9curit\u00e9 \u00e0 l'aube et au cr\u00e9puscule (certifi\u00e9e CE)<br \/>\n\ud83d\udd39 Certifi\u00e9 OEKO-TEX - 100% respectueux des poissons et biod\u00e9gradable<\/p>\n<p class=\"ds-markdown-paragraph\"><strong>Parfait pour :<\/strong><\/p>\n<ul>\n<li>\n<p class=\"ds-markdown-paragraph\">Marques de p\u00eache \u00e9cologique et vendeurs de sacs de p\u00eache<\/p>\n<\/li>\n<li>\n<p class=\"ds-markdown-paragraph\">D\u00e9taillants et grossistes en sacs marins<\/p>\n<\/li>\n<li>\n<p class=\"ds-markdown-paragraph\">Les startups qui construisent des lignes \u00e9cologiques de sacs de poitrine sous marque de distributeur<\/p>\n<\/li>\n<\/ul>\n<p class=\"ds-markdown-paragraph\"><strong>Comment nous fabriquons vos sacs de p\u00eache TPU \u00e9cologiques :<\/strong><br \/>\n1\ufe0f\u20e3 Choisissez parmi plus de 40 designs durables ou personnalisez le v\u00f4tre<br \/>\n2\ufe0f\u20e3 Prototype en 5 jours \u2192 test en conditions r\u00e9elles de p\u00eache \u2192 production<br \/>\n3\ufe0f\u20e3 Exp\u00e9dition via les r\u00e9seaux d'exportation de sacs de poitrine (air\/mer\/rail)<\/p>\n<p class=\"ds-markdown-paragraph\"><strong>Pourquoi nous sommes votre choix #1 :<\/strong><br \/>\n\u2705 Plus de 8 ans d'expertise dans la fabrication de sacs de poitrine en \u00e9co-mat\u00e9riaux<br \/>\n\u2705 30% TPU plus r\u00e9sistant que les alternatives standards en PVC<br \/>\n\u2705 Assistance 24\/7 en anglais, japonais et espagnol<\/p>\n<p class=\"ds-markdown-paragraph\"><strong>Pr\u00eat \u00e0 jeter un filet pour des profits plus verts ?<\/strong><br \/>\n\ud83d\udc49\u00a0<strong>\u00c9chantillons gratuits<\/strong>\u00a0\ud83d\udc49 15% deposit \ud83d\udc49 24h quotes<\/p>\n<\/div>\n<\/div>\n<\/div>\n<\/div>","protected":false},"excerpt":{"rendered":"<h2 data-immersive-translate-walked=\"344be1c1-5052-41eb-8fcd-0dbe236a0d6b\" data-immersive-translate-paragraph=\"1\">Sacoche de p\u00eache \u00e9cologique en TPU<\/h2>\n<p>Nous fournissons des sacs de qualit\u00e9 sup\u00e9rieure avec une personnalisation compl\u00e8te de la taille et de la couleur, des tissus durables et une qualit\u00e9 certifi\u00e9e.<\/p>\n<p>B\u00e9n\u00e9ficiez de MOQ flexibles, d'une exp\u00e9dition mondiale rapide et de solutions de marques priv\u00e9es.<\/p>\n<p>Contactez-nous d\u00e8s aujourd'hui !<\/p>","protected":false},"featured_media":3308,"template":"","meta":{"_uag_custom_page_level_css":""},"product_brand":[],"product_cat":[61],"product_tag":[],"class_list":{"0":"post-3303","1":"product","2":"type-product","3":"status-publish","4":"has-post-thumbnail","6":"product_cat-chest-bag","8":"first","9":"instock","10":"shipping-taxable","11":"product-type-simple"},"uagb_featured_image_src":{"full":["https:\/\/pecbag.com\/wp-content\/uploads\/2025\/05\/Eco-friendly-TPU-Fishing-Chest-Bag-4.jpg",1000,1000,false],"thumbnail":["https:\/\/pecbag.com\/wp-content\/uploads\/2025\/05\/Eco-friendly-TPU-Fishing-Chest-Bag-4-150x150.jpg",150,150,true],"medium":["https:\/\/pecbag.com\/wp-content\/uploads\/2025\/05\/Eco-friendly-TPU-Fishing-Chest-Bag-4-300x300.jpg",300,300,true],"medium_large":["https:\/\/pecbag.com\/wp-content\/uploads\/2025\/05\/Eco-friendly-TPU-Fishing-Chest-Bag-4-768x768.jpg",768,768,true],"large":["https:\/\/pecbag.com\/wp-content\/uploads\/2025\/05\/Eco-friendly-TPU-Fishing-Chest-Bag-4.jpg",800,800,false],"1536x1536":["https:\/\/pecbag.com\/wp-content\/uploads\/2025\/05\/Eco-friendly-TPU-Fishing-Chest-Bag-4.jpg",1000,1000,false],"2048x2048":["https:\/\/pecbag.com\/wp-content\/uploads\/2025\/05\/Eco-friendly-TPU-Fishing-Chest-Bag-4.jpg",1000,1000,false],"trp-custom-language-flag":["https:\/\/pecbag.com\/wp-content\/uploads\/2025\/05\/Eco-friendly-TPU-Fishing-Chest-Bag-4-12x12.jpg",12,12,true],"woocommerce_thumbnail":["https:\/\/pecbag.com\/wp-content\/uploads\/2025\/05\/Eco-friendly-TPU-Fishing-Chest-Bag-4-300x300.jpg",300,300,true],"woocommerce_single":["https:\/\/pecbag.com\/wp-content\/uploads\/2025\/05\/Eco-friendly-TPU-Fishing-Chest-Bag-4-600x600.jpg",600,600,true],"woocommerce_gallery_thumbnail":["https:\/\/pecbag.com\/wp-content\/uploads\/2025\/05\/Eco-friendly-TPU-Fishing-Chest-Bag-4-100x100.jpg",100,100,true]},"uagb_author_info":{"display_name":"Lawrence","author_link":"https:\/\/pecbag.com\/fr\/author\/"},"uagb_comment_info":0,"uagb_excerpt":"Eco-friendly TPU Fishing Chest Bag We provide premium bags with full-size and color customization, durable fabrics, and certified quality. Enjoy flexible MOQs, fast global shipping, and private label solutions. Contact us today!","_links":{"self":[{"href":"https:\/\/pecbag.com\/fr\/wp-json\/wp\/v2\/product\/3303","targetHints":{"allow":["GET"]}}],"collection":[{"href":"https:\/\/pecbag.com\/fr\/wp-json\/wp\/v2\/product"}],"about":[{"href":"https:\/\/pecbag.com\/fr\/wp-json\/wp\/v2\/types\/product"}],"wp:featuredmedia":[{"embeddable":true,"href":"https:\/\/pecbag.com\/fr\/wp-json\/wp\/v2\/media\/3308"}],"wp:attachment":[{"href":"https:\/\/pecbag.com\/fr\/wp-json\/wp\/v2\/media?parent=3303"}],"wp:term":[{"taxonomy":"product_brand","embeddable":true,"href":"https:\/\/pecbag.com\/fr\/wp-json\/wp\/v2\/product_brand?post=3303"},{"taxonomy":"product_cat","embeddable":true,"href":"https:\/\/pecbag.com\/fr\/wp-json\/wp\/v2\/product_cat?post=3303"},{"taxonomy":"product_tag","embeddable":true,"href":"https:\/\/pecbag.com\/fr\/wp-json\/wp\/v2\/product_tag?post=3303"}],"curies":[{"name":"wp","href":"https:\/\/api.w.org\/{rel}","templated":true}]}}