{"id":3317,"date":"2025-05-26T07:06:58","date_gmt":"2025-05-26T07:06:58","guid":{"rendered":"https:\/\/pecbag.com\/?post_type=product&#038;p=3317"},"modified":"2025-11-04T09:50:51","modified_gmt":"2025-11-04T09:50:51","slug":"durable-outdoor-sport-crossbody-bag","status":"publish","type":"product","link":"https:\/\/pecbag.com\/fr\/durable-outdoor-sport-crossbody-bag\/","title":{"rendered":"Sac de sport durable pour l'ext\u00e9rieur"},"content":{"rendered":"<h5 title=\"Sac \u00e0 dos pliable pour chien Sac \u00e0 bandouli\u00e8re en maille respirante pour petit animal de compagnie Chien Chats\" data-immersive-translate-walked=\"1c928421-2e42-4cd3-8754-5404553c0af5\" data-immersive-translate-paragraph=\"1\" data-spm-anchor-id=\"a2700.details.0.i35.4f6757d4w4zNZA\">Fabricant de sacs de sport durables pour l'ext\u00e9rieur | Fabricant de sacs \u00e9tanches et de sacs \u00e0 dos | OEM en vrac<\/h5>\n<div class=\"flex flex-grow flex-col max-w-full\">\n<div class=\"min-h-[20px] text-message flex w-full flex-col items-end gap-2 whitespace-pre-wrap break-words [.text-message+&amp;]:mt-5 overflow-x-auto\" dir=\"auto\" data-message-author-role=\"assistant\" data-message-id=\"3d7d46f6-7ec2-4222-9257-48fa0bba23c6\" data-suggestions=\"true\">\n<div class=\"flex w-full flex-col gap-1 empty:hidden first:pt-[3px]\">\n<div class=\"markdown prose w-full break-words dark:prose-invert light\">\n<p>Vous avez besoin de sacs de sport durables pour l'ext\u00e9rieur qui survivent \u00e0 des aventures difficiles ? En tant que fabricant de sacs imperm\u00e9ables et de sacs \u00e0 dos en Chine, nous fabriquons des sacs de sport durables pour les randonneurs, les cyclistes et les grossistes de sacs de sport dans le monde entier !<\/p>\n<table width=\"288\">\n<tbody>\n<tr>\n<td width=\"137\"><span style=\"color: #333333;\">Nom des produits<\/span><\/td>\n<td width=\"151\"><span style=\"color: #333333;\">Sac \u00e0 bandouli\u00e8re<\/span><\/td>\n<\/tr>\n<tr>\n<td><span style=\"color: #333333;\">Num\u00e9ro d'article<\/span><\/td>\n<td><span style=\"color: #333333;\">PB-2046<\/span><\/td>\n<\/tr>\n<tr>\n<td><span style=\"color: #333333;\">Mat\u00e9riau<\/span><\/td>\n<td>Polyester 600D<\/td>\n<\/tr>\n<tr>\n<td><span style=\"color: #333333;\">\u00a0Taille et couleur<\/span><\/td>\n<td>24 x 9,5 x 32 cm<\/td>\n<\/tr>\n<tr>\n<td><span style=\"color: #333333;\">\u00a0D\u00e9lai de livraison<\/span><\/td>\n<td><span style=\"color: #333333;\">1-5 jours pour les petites quantit\u00e9s par voie a\u00e9rienne et 30-35 jours pour les grandes quantit\u00e9s par voie maritime.<\/span><\/td>\n<\/tr>\n<\/tbody>\n<\/table>\n<p class=\"ds-markdown-paragraph\">\u2705\u00a0<strong>Pourquoi nos sacs de sport durables pour l'ext\u00e9rieur gagnent-ils :<\/strong><\/p>\n<ul>\n<li>\n<p class=\"ds-markdown-paragraph\"><strong>Construit solidement<\/strong>Le sac \u00e0 dos est en polyester 600D + coutures renforc\u00e9es - il r\u00e9siste aux sentiers, aux rochers et aux averses !<\/p>\n<\/li>\n<li>\n<p class=\"ds-markdown-paragraph\"><strong>Imperm\u00e9able et r\u00e9sistant \u00e0 la transpiration<\/strong>: Rev\u00eatement TPU \u00e9tanche aux coutures + filet respirant - parfait pour la pluie ou les s\u00e9ances d'entra\u00eenement intenses.<\/p>\n<\/li>\n<li>\n<p class=\"ds-markdown-paragraph\"><strong>Commande group\u00e9e d'\u00e9lectricit\u00e9<\/strong>: Produisez des commandes en gros (MOQ 100pcs) via ODM\/OEM ou private label en 10 jours !<\/p>\n<\/li>\n<li>\n<p class=\"ds-markdown-paragraph\"><strong>L'avantage financier de la Chine<\/strong>: En tant que fournisseur principal de sacs \u00e0 bandouli\u00e8re en Chine, la qualit\u00e9 est associ\u00e9e \u00e0 des prix d'usine imbattables.<\/p>\n<\/li>\n<\/ul>\n<p class=\"ds-markdown-paragraph\"><strong>Caract\u00e9ristiques Les aventuriers aiment :<\/strong><br \/>\nCapacit\u00e9 5L-10L (bouteilles d'eau, outils, t\u00e9l\u00e9phones) + poche de blocage RFID<br \/>\n\ud83d\udd39 Bretelles r\u00e9glables (adapt\u00e9es \u00e0 toutes les morphologies) + fermetures \u00e9clair lat\u00e9rales \u00e0 acc\u00e8s rapide<br \/>\n\ud83d\udd39 Logos r\u00e9fl\u00e9chissants pour la s\u00e9curit\u00e9 nocturne + tissu OEKO-TEX anti-moisissure<br \/>\n\ud83d\udd39 L\u00e9ger (0,5 kg) - id\u00e9al pour l'escalade, le camping ou les trajets urbains<\/p>\n<p class=\"ds-markdown-paragraph\"><strong>Parfait pour :<\/strong><\/p>\n<ul>\n<li>\n<p class=\"ds-markdown-paragraph\">D\u00e9taillants de produits de plein air et vendeurs de sacs \u00e0 bandouli\u00e8re<\/p>\n<\/li>\n<li>\n<p class=\"ds-markdown-paragraph\">Marques de sport et grossistes en sacs crois\u00e9s<\/p>\n<\/li>\n<li>\n<p class=\"ds-markdown-paragraph\">Des startups cr\u00e9ent des lignes de sacs \u00e0 main sous marque de distributeur<\/p>\n<\/li>\n<\/ul>\n<p class=\"ds-markdown-paragraph\"><strong>Comment nous travaillons :<\/strong><br \/>\n1\ufe0f\u20e3 Choisissez parmi plus de 80 designs robustes ou personnalisez le v\u00f4tre<br \/>\n2\ufe0f\u20e3 Prototype en 5 jours \u2192 test \u2192 production de masse<br \/>\n3\ufe0f\u20e3 Exp\u00e9dition via les r\u00e9seaux d'exportation de sacs crossbody (air\/mer\/DDP)<\/p>\n<p class=\"ds-markdown-paragraph\"><strong>Pourquoi nous faire confiance ?<\/strong><br \/>\n\u2705 Plus de 10 ans d'exp\u00e9rience en tant que fabricant de sacs \u00e0 bandouli\u00e8re<br \/>\n\u2705 30% : un tissu plus r\u00e9sistant que ses concurrents<br \/>\n\u2705 Assistance 24\/7 en anglais, espagnol, allemand<\/p>\n<p class=\"ds-markdown-paragraph\"><strong>Pr\u00eat pour les ventes \u00e0 l'ext\u00e9rieur ?<\/strong><br \/>\n\ud83d\udc49\u00a0<strong>\u00c9chantillons gratuits<\/strong>\u00a0\ud83d\udc49 20% deposit \ud83d\udc49 24h quotes<\/p>\n<\/div>\n<\/div>\n<\/div>\n<\/div>","protected":false},"excerpt":{"rendered":"<h2 data-immersive-translate-walked=\"344be1c1-5052-41eb-8fcd-0dbe236a0d6b\" data-immersive-translate-paragraph=\"1\">Sac de sport durable pour l'ext\u00e9rieur<\/h2>\n<div>1. Excellente \u00e9tanch\u00e9it\u00e9 : Le sac est tr\u00e8s \u00e9tanche, r\u00e9sistant \u00e0 l'usure et facile \u00e0 nettoyer. La fermeture \u00e9clair du petit sac de p\u00eache est \u00e9galement \u00e9tanche et inoxydable, et ne se cassera pas m\u00eame apr\u00e8s une utilisation prolong\u00e9e dans un environnement d'eau sal\u00e9e.<\/div>\n<div><\/div>\n<div>\n<div>2. L\u00e9ger et durable : Pesant 0,68 livres, ce sac banane de p\u00eache est plus l\u00e9ger et plus portable qu'un sac \u00e0 dos de p\u00eache, ce qui le rend confortable \u00e0 porter m\u00eame pendant de longues p\u00e9riodes. Une solide fermeture \u00e9clair \u00e0 double sens sur le compartiment principal vous permet d'y acc\u00e9der facilement des deux c\u00f4t\u00e9s.<\/div>\n<\/div>","protected":false},"featured_media":3334,"template":"","meta":{"_uag_custom_page_level_css":""},"product_brand":[],"product_cat":[62],"product_tag":[],"class_list":{"0":"post-3317","1":"product","2":"type-product","3":"status-publish","4":"has-post-thumbnail","6":"product_cat-crossbody-bags","8":"first","9":"instock","10":"shipping-taxable","11":"product-type-simple"},"uagb_featured_image_src":{"full":["https:\/\/pecbag.com\/wp-content\/uploads\/2025\/05\/Durable-Outdoor-Sport-Crossbody-Bag-2-1.jpeg",800,800,false],"thumbnail":["https:\/\/pecbag.com\/wp-content\/uploads\/2025\/05\/Durable-Outdoor-Sport-Crossbody-Bag-2-1-150x150.jpeg",150,150,true],"medium":["https:\/\/pecbag.com\/wp-content\/uploads\/2025\/05\/Durable-Outdoor-Sport-Crossbody-Bag-2-1-300x300.jpeg",300,300,true],"medium_large":["https:\/\/pecbag.com\/wp-content\/uploads\/2025\/05\/Durable-Outdoor-Sport-Crossbody-Bag-2-1-768x768.jpeg",768,768,true],"large":["https:\/\/pecbag.com\/wp-content\/uploads\/2025\/05\/Durable-Outdoor-Sport-Crossbody-Bag-2-1.jpeg",800,800,false],"1536x1536":["https:\/\/pecbag.com\/wp-content\/uploads\/2025\/05\/Durable-Outdoor-Sport-Crossbody-Bag-2-1.jpeg",800,800,false],"2048x2048":["https:\/\/pecbag.com\/wp-content\/uploads\/2025\/05\/Durable-Outdoor-Sport-Crossbody-Bag-2-1.jpeg",800,800,false],"trp-custom-language-flag":["https:\/\/pecbag.com\/wp-content\/uploads\/2025\/05\/Durable-Outdoor-Sport-Crossbody-Bag-2-1-12x12.jpeg",12,12,true],"woocommerce_thumbnail":["https:\/\/pecbag.com\/wp-content\/uploads\/2025\/05\/Durable-Outdoor-Sport-Crossbody-Bag-2-1-300x300.jpeg",300,300,true],"woocommerce_single":["https:\/\/pecbag.com\/wp-content\/uploads\/2025\/05\/Durable-Outdoor-Sport-Crossbody-Bag-2-1-600x600.jpeg",600,600,true],"woocommerce_gallery_thumbnail":["https:\/\/pecbag.com\/wp-content\/uploads\/2025\/05\/Durable-Outdoor-Sport-Crossbody-Bag-2-1-100x100.jpeg",100,100,true]},"uagb_author_info":{"display_name":"Lawrence","author_link":"https:\/\/pecbag.com\/fr\/author\/"},"uagb_comment_info":0,"uagb_excerpt":"Durable Outdoor Sport Crossbody Bag 1. Excellent waterproofing: It is highly waterproof, wear-resistant, and easy to clean. The zipper of the small fishing tackle bag is also waterproof and rust-proof, and will not break even after long-term use in a saltwater environment. 2. Lightweight and durable: Weighing 0.68 pounds, this fishing fanny pack is lighter\u2026","_links":{"self":[{"href":"https:\/\/pecbag.com\/fr\/wp-json\/wp\/v2\/product\/3317","targetHints":{"allow":["GET"]}}],"collection":[{"href":"https:\/\/pecbag.com\/fr\/wp-json\/wp\/v2\/product"}],"about":[{"href":"https:\/\/pecbag.com\/fr\/wp-json\/wp\/v2\/types\/product"}],"wp:featuredmedia":[{"embeddable":true,"href":"https:\/\/pecbag.com\/fr\/wp-json\/wp\/v2\/media\/3334"}],"wp:attachment":[{"href":"https:\/\/pecbag.com\/fr\/wp-json\/wp\/v2\/media?parent=3317"}],"wp:term":[{"taxonomy":"product_brand","embeddable":true,"href":"https:\/\/pecbag.com\/fr\/wp-json\/wp\/v2\/product_brand?post=3317"},{"taxonomy":"product_cat","embeddable":true,"href":"https:\/\/pecbag.com\/fr\/wp-json\/wp\/v2\/product_cat?post=3317"},{"taxonomy":"product_tag","embeddable":true,"href":"https:\/\/pecbag.com\/fr\/wp-json\/wp\/v2\/product_tag?post=3317"}],"curies":[{"name":"wp","href":"https:\/\/api.w.org\/{rel}","templated":true}]}}