{"id":3347,"date":"2025-05-26T08:27:18","date_gmt":"2025-05-26T08:27:18","guid":{"rendered":"https:\/\/pecbag.com\/?post_type=product&#038;p=3347"},"modified":"2025-11-29T02:00:53","modified_gmt":"2025-11-29T02:00:53","slug":"waterproof-multi-functional-travel-sport-backpack","status":"publish","type":"product","link":"https:\/\/pecbag.com\/fr\/waterproof-multi-functional-travel-sport-backpack\/","title":{"rendered":"Sac \u00e0 dos de sport de voyage multifonctionnel \u00e9tanche"},"content":{"rendered":"<h5 title=\"Sac \u00e0 dos pliable pour chien Sac \u00e0 bandouli\u00e8re en maille respirante pour petit animal de compagnie Chien Chats\" data-immersive-translate-walked=\"1c928421-2e42-4cd3-8754-5404553c0af5\" data-immersive-translate-paragraph=\"1\" data-spm-anchor-id=\"a2700.details.0.i35.4f6757d4w4zNZA\">Sacs \u00e0 dos de sport de voyage multifonctionnels et \u00e9tanches | Fabricant de sacs \u00e0 dos \u00e9tanches - Bulk Duffel Bag Solutions<\/h5>\n<div class=\"flex flex-grow flex-col max-w-full\">\n<div class=\"min-h-[20px] text-message flex w-full flex-col items-end gap-2 whitespace-pre-wrap break-words [.text-message+&amp;]:mt-5 overflow-x-auto\" dir=\"auto\" data-message-author-role=\"assistant\" data-message-id=\"3d7d46f6-7ec2-4222-9257-48fa0bba23c6\" data-suggestions=\"true\">\n<div class=\"flex w-full flex-col gap-1 empty:hidden first:pt-[3px]\">\n<div class=\"markdown prose w-full break-words dark:prose-invert light\">\n<p>Besoin d'un sac \u00e0 dos de camping tactique pour survivre dans la nature ? Nous sommes une usine de sacs \u00e9tanches et un fabricant de sacs \u00e0 dos en Chine, fabriquant des sacs robustes et polyvalents pour les marques de plein air, les militaires et les grossistes du monde entier !<\/p>\n<table width=\"288\">\n<tbody>\n<tr>\n<td width=\"137\"><span style=\"color: #333333;\">Nom des produits<\/span><\/td>\n<td width=\"151\"><span style=\"color: #333333;\">Sac de camp<\/span><\/td>\n<\/tr>\n<tr>\n<td><span style=\"color: #333333;\">Num\u00e9ro d'article<\/span><\/td>\n<td><span style=\"color: #333333;\">PB-2050<\/span><\/td>\n<\/tr>\n<tr>\n<td><span style=\"color: #333333;\">Mat\u00e9riau<\/span><\/td>\n<td>Ripstop avec rev\u00eatement en cuir<\/td>\n<\/tr>\n<tr>\n<td><span style=\"color: #333333;\">Taille<\/span><\/td>\n<td>32L*16W*50H CM<\/td>\n<\/tr>\n<tr>\n<td><span style=\"color: #333333;\">\u00a0D\u00e9lai de livraison<\/span><\/td>\n<td><span style=\"color: #333333;\">1-5 jours pour les petites quantit\u00e9s par voie a\u00e9rienne et 30-35 jours pour les grandes quantit\u00e9s par voie maritime.<\/span><\/td>\n<\/tr>\n<\/tbody>\n<\/table>\n<p>En tant que premier fabricant chinois de sacs de sport et de sacs imperm\u00e9ables, nous sommes sp\u00e9cialis\u00e9s dans la production de sacs \u00e0 dos de voyage multifonctionnels et imperm\u00e9ables pour les marques internationales. Notre soci\u00e9t\u00e9 de sacs de sport offre :<\/p>\n<p>\u2705 <strong>Sacs \u00e0 dos \u00e9tanches 30L-90L<\/strong> avec coutures scell\u00e9es TPU (nylon 500D-1000D)<br \/>\n\u2705 <strong>Sacs de sport personnalis\u00e9s<\/strong> avec roues amovibles et sangles de compression<br \/>\n\u2705 <strong>Services OEM\/ODM<\/strong> pour <strong>sacs \u00e0 dos de sport sous marque de distributeur<\/strong><br \/>\n\u2705 <strong>Production de sacs de sport en vrac<\/strong> avec un d\u00e9lai d'ex\u00e9cution rapide de 15 jours<\/p>\n<p>Les grossistes en sacs de sport et les d\u00e9taillants de produits de plein air du monde entier lui font confiance. Les principales caract\u00e9ristiques sont les suivantes :<br \/>\n- Dimensions des bagages \u00e0 main approuv\u00e9es par les compagnies a\u00e9riennes<br \/>\n- Bandes r\u00e9fl\u00e9chissantes \u00e0 360\u00b0 pour la s\u00e9curit\u00e9 nocturne<br \/>\n- Compartiments amovibles pour le linge humide et le linge sec<\/p>\n<p><strong>Pourquoi choisir notre usine de sacs de sport\uff1a<\/strong><br \/>\n\ud83d\udd39 12 ans d'exp\u00e9rience en tant que premier exportateur de sacs de sport en Chine<br \/>\n\ud83d\udd39 Certifi\u00e9 \u00e9tanche IPX6 et r\u00e9sistant \u00e0 l'abrasion<br \/>\n\ud83d\udd39 Support de conception 3D gratuit avec votre logo<br \/>\n\ud83d\udd39 Exp\u00e9dition FOB\/DDP avec conformit\u00e9 REACH<\/p>\n<p>Demandez des \u00e9chantillons gratuits de nos sacs \u00e0 dos de voyage multifonctionnels imperm\u00e9ables ou obtenez des devis instantan\u00e9s. Les vendeurs de sacs Duffel b\u00e9n\u00e9ficient d'une remise de 18% sur les commandes sup\u00e9rieures \u00e0 2 000 unit\u00e9s.<\/p>\n<\/div>\n<\/div>\n<\/div>\n<\/div>","protected":false},"excerpt":{"rendered":"<h2 data-immersive-translate-walked=\"344be1c1-5052-41eb-8fcd-0dbe236a0d6b\" data-immersive-translate-paragraph=\"1\">Sac \u00e0 dos de sport de voyage multifonctionnel \u00e9tanche<\/h2>\n<p>1. Grande taille, jusqu'\u00e0 10 poches multifonctionnelles, sac \u00e0 chaussures respirant, poche lat\u00e9rale \u00e0 fermeture \u00e9clair, poche \u00e9lastique en filet, poche pour ordinateur, poche pour lunettes avec protection en flanelle \u00e0 l'int\u00e9rieur.<\/p>\n<p>2. L'ensemble du sac est dot\u00e9 d'une fermeture \u00e0 glissi\u00e8re en forme de U, et la fermeture \u00e0 glissi\u00e8re invers\u00e9e est plus belle et plus lisse.<\/p>\n<p>3. Le tissu est durable et hydrofuge, frais au toucher et de couleur fra\u00eeche, un article de mode indispensable pour l'\u00e9t\u00e9.<\/p>","protected":false},"featured_media":3349,"template":"","meta":{"_uag_custom_page_level_css":""},"product_brand":[],"product_cat":[60,63,56,55],"product_tag":[],"class_list":{"0":"post-3347","1":"product","2":"type-product","3":"status-publish","4":"has-post-thumbnail","6":"product_cat-backpack","7":"product_cat-duffel-bag","8":"product_cat-gym-bag","9":"product_cat-tactical-bag","11":"first","12":"instock","13":"shipping-taxable","14":"product-type-simple"},"uagb_featured_image_src":{"full":["https:\/\/pecbag.com\/wp-content\/uploads\/2025\/05\/Waterproof-Multi-Functional-Travel-Sport-Backpack-1.jpeg",1000,1000,false],"thumbnail":["https:\/\/pecbag.com\/wp-content\/uploads\/2025\/05\/Waterproof-Multi-Functional-Travel-Sport-Backpack-1-150x150.jpeg",150,150,true],"medium":["https:\/\/pecbag.com\/wp-content\/uploads\/2025\/05\/Waterproof-Multi-Functional-Travel-Sport-Backpack-1-300x300.jpeg",300,300,true],"medium_large":["https:\/\/pecbag.com\/wp-content\/uploads\/2025\/05\/Waterproof-Multi-Functional-Travel-Sport-Backpack-1-768x768.jpeg",768,768,true],"large":["https:\/\/pecbag.com\/wp-content\/uploads\/2025\/05\/Waterproof-Multi-Functional-Travel-Sport-Backpack-1.jpeg",800,800,false],"1536x1536":["https:\/\/pecbag.com\/wp-content\/uploads\/2025\/05\/Waterproof-Multi-Functional-Travel-Sport-Backpack-1.jpeg",1000,1000,false],"2048x2048":["https:\/\/pecbag.com\/wp-content\/uploads\/2025\/05\/Waterproof-Multi-Functional-Travel-Sport-Backpack-1.jpeg",1000,1000,false],"trp-custom-language-flag":["https:\/\/pecbag.com\/wp-content\/uploads\/2025\/05\/Waterproof-Multi-Functional-Travel-Sport-Backpack-1-12x12.jpeg",12,12,true],"woocommerce_thumbnail":["https:\/\/pecbag.com\/wp-content\/uploads\/2025\/05\/Waterproof-Multi-Functional-Travel-Sport-Backpack-1-300x300.jpeg",300,300,true],"woocommerce_single":["https:\/\/pecbag.com\/wp-content\/uploads\/2025\/05\/Waterproof-Multi-Functional-Travel-Sport-Backpack-1-600x600.jpeg",600,600,true],"woocommerce_gallery_thumbnail":["https:\/\/pecbag.com\/wp-content\/uploads\/2025\/05\/Waterproof-Multi-Functional-Travel-Sport-Backpack-1-100x100.jpeg",100,100,true]},"uagb_author_info":{"display_name":"Lawrence","author_link":"https:\/\/pecbag.com\/fr\/author\/"},"uagb_comment_info":0,"uagb_excerpt":"Waterproof Multi-Functional Travel Sport Backpack 1. Large size, up to 10 multifunctional pockets, breathable shoe bag, side zipper pocket, mesh elastic pocket, computer pocket, glasses pocket with flannel protection inside. 2. The whole bag has a U-shaped zipper design, and the reverse zipper is more beautiful and smoother 3. The fabric is durable and water-repellent,\u2026","_links":{"self":[{"href":"https:\/\/pecbag.com\/fr\/wp-json\/wp\/v2\/product\/3347","targetHints":{"allow":["GET"]}}],"collection":[{"href":"https:\/\/pecbag.com\/fr\/wp-json\/wp\/v2\/product"}],"about":[{"href":"https:\/\/pecbag.com\/fr\/wp-json\/wp\/v2\/types\/product"}],"wp:featuredmedia":[{"embeddable":true,"href":"https:\/\/pecbag.com\/fr\/wp-json\/wp\/v2\/media\/3349"}],"wp:attachment":[{"href":"https:\/\/pecbag.com\/fr\/wp-json\/wp\/v2\/media?parent=3347"}],"wp:term":[{"taxonomy":"product_brand","embeddable":true,"href":"https:\/\/pecbag.com\/fr\/wp-json\/wp\/v2\/product_brand?post=3347"},{"taxonomy":"product_cat","embeddable":true,"href":"https:\/\/pecbag.com\/fr\/wp-json\/wp\/v2\/product_cat?post=3347"},{"taxonomy":"product_tag","embeddable":true,"href":"https:\/\/pecbag.com\/fr\/wp-json\/wp\/v2\/product_tag?post=3347"}],"curies":[{"name":"wp","href":"https:\/\/api.w.org\/{rel}","templated":true}]}}