{"id":3375,"date":"2025-05-26T09:33:23","date_gmt":"2025-05-26T09:33:23","guid":{"rendered":"https:\/\/pecbag.com\/?post_type=product&#038;p=3375"},"modified":"2025-11-29T02:00:28","modified_gmt":"2025-11-29T02:00:28","slug":"hot-selling-tackle-fishing-rod-bag","status":"publish","type":"product","link":"https:\/\/pecbag.com\/fr\/hot-selling-tackle-fishing-rod-bag\/","title":{"rendered":"Sac pour canne \u00e0 p\u00eache Hot Selling Tackle"},"content":{"rendered":"<h5 title=\"Sac \u00e0 dos pliable pour chien Sac \u00e0 bandouli\u00e8re en maille respirante pour petit animal de compagnie Chien Chats\" data-immersive-translate-walked=\"1c928421-2e42-4cd3-8754-5404553c0af5\" data-immersive-translate-paragraph=\"1\" data-spm-anchor-id=\"a2700.details.0.i35.4f6757d4w4zNZA\">Sacs de p\u00eache pour cannes \u00e0 p\u00eache, sacs \u00e9tanches et sacs \u00e0 dos - Bulk Fishing Gear Solutions<\/h5>\n<div class=\"flex flex-grow flex-col max-w-full\">\n<div class=\"min-h-[20px] text-message flex w-full flex-col items-end gap-2 whitespace-pre-wrap break-words [.text-message+&amp;]:mt-5 overflow-x-auto\" dir=\"auto\" data-message-author-role=\"assistant\" data-message-id=\"3d7d46f6-7ec2-4222-9257-48fa0bba23c6\" data-suggestions=\"true\">\n<div class=\"flex w-full flex-col gap-1 empty:hidden first:pt-[3px]\">\n<div class=\"markdown prose w-full break-words dark:prose-invert light\">\n<table width=\"288\">\n<tbody>\n<tr>\n<td width=\"137\"><span style=\"color: #333333;\">Nom des produits<\/span><\/td>\n<td width=\"151\">Sac de p\u00eache<\/td>\n<\/tr>\n<tr>\n<td><span style=\"color: #333333;\">Num\u00e9ro d'article<\/span><\/td>\n<td><span style=\"color: #333333;\">PB-2054<\/span><\/td>\n<\/tr>\n<tr>\n<td><span style=\"color: #333333;\">Mat\u00e9riau<\/span><\/td>\n<td>Polyester 600D<\/td>\n<\/tr>\n<tr>\n<td><span style=\"color: #333333;\">Taille<\/span><\/td>\n<td>30*15*20cm<\/td>\n<\/tr>\n<tr>\n<td><span style=\"color: #333333;\">\u00a0D\u00e9lai de livraison<\/span><\/td>\n<td><span style=\"color: #333333;\">1-5 jours pour les petites quantit\u00e9s par voie a\u00e9rienne et 30-35 jours pour les grandes quantit\u00e9s par voie maritime.<\/span><\/td>\n<\/tr>\n<\/tbody>\n<\/table>\n<p>En tant que premier fabricant chinois de sacs de p\u00eache et de sacs imperm\u00e9ables, nous produisons des sacs de p\u00eache pour cannes \u00e0 p\u00eache de premi\u00e8re qualit\u00e9 pour les distributeurs mondiaux. Notre soci\u00e9t\u00e9 de sacs de p\u00eache offre :<\/p>\n<p>\u2705 <strong>Sacs d'une capacit\u00e9 de 3 \u00e0 7 tiges<\/strong> avec protecteurs de tube en PVC et tissu Oxford 600D<br \/>\n\u2705 <strong>Sacs de p\u00eache personnalis\u00e9s<\/strong> avec bo\u00eetes de p\u00eache modulaires (MOQ 50pcs)<br \/>\n\u2705 <strong>Services OEM\/ODM<\/strong> pour <strong>mat\u00e9riel de p\u00eache sous marque de distributeur<\/strong><br \/>\n\u2705 <strong>Production de sacs de p\u00eache en vrac<\/strong> avec livraison rapide en 10 jours<\/p>\n<p>Les grossistes en sacs de p\u00eache et les marques de produits de plein air du monde entier lui font confiance. Les caract\u00e9ristiques comprennent :<br \/>\n- Fermetures \u00e9clair \u00e9tanches IPX5 et bretelles renforc\u00e9es<br \/>\n- Poches en filet \u00e0 s\u00e9chage rapide et accessoires m\u00e9talliques antirouille<br \/>\n- Conceptions convertibles sac \u00e0 dos\/corps<\/p>\n<p><strong>Pourquoi choisir notre usine de sacs de p\u00eache<\/strong>:<br \/>\n\ud83d\udd39 12+ years as top fishing bag exporters from China (plus de 12 ans d'exp\u00e9rience en tant qu'exportateurs de sacs de p\u00eache en Chine)<br \/>\n\ud83d\udd39 Conception 3D gratuite avec votre logo et votre palette de couleurs<br \/>\n\ud83d\udd39 Certifications CE\/SGS et support d'exp\u00e9dition DDP<br \/>\n\ud83d\udd39 20% sur les commandes de plus de 1 000 unit\u00e9s pour les vendeurs de sacs de p\u00eache<\/p>\n<p>Demandez des \u00e9chantillons gratuits de nos sacs pour cannes \u00e0 p\u00eache ou obtenez des devis instantan\u00e9s. Les fournisseurs de sacs de p\u00eache re\u00e7oivent en priorit\u00e9 des cr\u00e9neaux de production et des rapports de contr\u00f4le de qualit\u00e9.<\/p>\n<\/div>\n<\/div>\n<\/div>\n<\/div>","protected":false},"excerpt":{"rendered":"<h2 data-immersive-translate-walked=\"344be1c1-5052-41eb-8fcd-0dbe236a0d6b\" data-immersive-translate-paragraph=\"1\">Sac pour canne \u00e0 p\u00eache Hot Selling Tackle<\/h2>\n<p>1. PROTECTION FIABLE : Notre sac de p\u00eache est fabriqu\u00e9 dans un mat\u00e9riau r\u00e9sistant \u00e0 l'eau pour garantir que votre \u00e9quipement reste sec, en s\u00e9curit\u00e9 et facile \u00e0 transporter.<br \/>\npour y acc\u00e9der.<\/p>\n<p>2. BEAUCOUP DE PLACE : Ce sac pour cannes \u00e0 p\u00eache et accessoires est dot\u00e9 de huit s\u00e9parations ext\u00e9rieures pour toutes vos cannes, moulinets, mouches, lignes et autres accessoires.<br \/>\nmat\u00e9riel. Transportez facilement tout ce dont vous avez besoin jusqu'au lac ou \u00e0 la rivi\u00e8re et ne vous inqui\u00e9tez pas de laisser quelque chose derri\u00e8re vous.<\/p>\n<p>3. PORTABLE : Prenez-le et partez. Ce sac combin\u00e9 pour cannes \u00e0 p\u00eache est dot\u00e9 de deux poign\u00e9es rembourr\u00e9es et d'une bandouli\u00e8re amovible. Il est facile \u00e0<br \/>\nLes poches ext\u00e9rieures sont \u00e9quip\u00e9es de fermetures \u00e0 glissi\u00e8re robustes.<\/p>\n<p>4. DIMENSIONS : Ce sac mesure 31,5\u2033 x 9,5\u2033 x 6\u2033 \u00e0 l'ext\u00e9rieur et dispose d'un compartiment principal mesurant 30,5\u2033 x 8,75\u2033 x 3,75\u2033.<br \/>\nSa taille est parfaite pour que tout soit organis\u00e9 et \u00e0 port\u00e9e de main, tout en restant facilement transportable.<\/p>","protected":false},"featured_media":3378,"template":"","meta":{"_uag_custom_page_level_css":""},"product_brand":[],"product_cat":[61,62,46],"product_tag":[],"class_list":{"0":"post-3375","1":"product","2":"type-product","3":"status-publish","4":"has-post-thumbnail","6":"product_cat-chest-bag","7":"product_cat-crossbody-bags","8":"product_cat-fishing-bag","10":"first","11":"instock","12":"shipping-taxable","13":"product-type-simple"},"uagb_featured_image_src":{"full":["https:\/\/pecbag.com\/wp-content\/uploads\/2025\/05\/Hot-Selling-Tackle-Fishing-Rod-Bag-2-scaled.jpg",2560,1920,false],"thumbnail":["https:\/\/pecbag.com\/wp-content\/uploads\/2025\/05\/Hot-Selling-Tackle-Fishing-Rod-Bag-2-150x150.jpg",150,150,true],"medium":["https:\/\/pecbag.com\/wp-content\/uploads\/2025\/05\/Hot-Selling-Tackle-Fishing-Rod-Bag-2-300x225.jpg",300,225,true],"medium_large":["https:\/\/pecbag.com\/wp-content\/uploads\/2025\/05\/Hot-Selling-Tackle-Fishing-Rod-Bag-2-768x576.jpg",768,576,true],"large":["https:\/\/pecbag.com\/wp-content\/uploads\/2025\/05\/Hot-Selling-Tackle-Fishing-Rod-Bag-2-1024x768.jpg",800,600,true],"1536x1536":["https:\/\/pecbag.com\/wp-content\/uploads\/2025\/05\/Hot-Selling-Tackle-Fishing-Rod-Bag-2-1536x1152.jpg",1536,1152,true],"2048x2048":["https:\/\/pecbag.com\/wp-content\/uploads\/2025\/05\/Hot-Selling-Tackle-Fishing-Rod-Bag-2-2048x1536.jpg",2048,1536,true],"trp-custom-language-flag":["https:\/\/pecbag.com\/wp-content\/uploads\/2025\/05\/Hot-Selling-Tackle-Fishing-Rod-Bag-2-16x12.jpg",16,12,true],"woocommerce_thumbnail":["https:\/\/pecbag.com\/wp-content\/uploads\/2025\/05\/Hot-Selling-Tackle-Fishing-Rod-Bag-2-300x300.jpg",300,300,true],"woocommerce_single":["https:\/\/pecbag.com\/wp-content\/uploads\/2025\/05\/Hot-Selling-Tackle-Fishing-Rod-Bag-2-600x450.jpg",600,450,true],"woocommerce_gallery_thumbnail":["https:\/\/pecbag.com\/wp-content\/uploads\/2025\/05\/Hot-Selling-Tackle-Fishing-Rod-Bag-2-100x100.jpg",100,100,true]},"uagb_author_info":{"display_name":"Lawrence","author_link":"https:\/\/pecbag.com\/fr\/author\/"},"uagb_comment_info":0,"uagb_excerpt":"Hot Selling Tackle Fishing Rod Bag 1. RELIABLE PROTECTION: Our fishing bag is constructed of water-resistant material to ensure your gear stays dry, safe, and easy to access. 2. LOTS OF ROOM: This rod and tackle bag is built with eight exterior dividers for all of your rods, reels, flies, line, and other gear. Easily\u2026","_links":{"self":[{"href":"https:\/\/pecbag.com\/fr\/wp-json\/wp\/v2\/product\/3375","targetHints":{"allow":["GET"]}}],"collection":[{"href":"https:\/\/pecbag.com\/fr\/wp-json\/wp\/v2\/product"}],"about":[{"href":"https:\/\/pecbag.com\/fr\/wp-json\/wp\/v2\/types\/product"}],"wp:featuredmedia":[{"embeddable":true,"href":"https:\/\/pecbag.com\/fr\/wp-json\/wp\/v2\/media\/3378"}],"wp:attachment":[{"href":"https:\/\/pecbag.com\/fr\/wp-json\/wp\/v2\/media?parent=3375"}],"wp:term":[{"taxonomy":"product_brand","embeddable":true,"href":"https:\/\/pecbag.com\/fr\/wp-json\/wp\/v2\/product_brand?post=3375"},{"taxonomy":"product_cat","embeddable":true,"href":"https:\/\/pecbag.com\/fr\/wp-json\/wp\/v2\/product_cat?post=3375"},{"taxonomy":"product_tag","embeddable":true,"href":"https:\/\/pecbag.com\/fr\/wp-json\/wp\/v2\/product_tag?post=3375"}],"curies":[{"name":"wp","href":"https:\/\/api.w.org\/{rel}","templated":true}]}}