{"id":3389,"date":"2025-05-26T10:00:36","date_gmt":"2025-05-26T10:00:36","guid":{"rendered":"https:\/\/pecbag.com\/?post_type=product&#038;p=3389"},"modified":"2025-11-29T02:00:22","modified_gmt":"2025-11-29T02:00:22","slug":"new-design-portable-large-fishing-cooler-bag","status":"publish","type":"product","link":"https:\/\/pecbag.com\/fr\/new-design-portable-large-fishing-cooler-bag\/","title":{"rendered":"New Design Portable Large Fishing Cooler Bag"},"content":{"rendered":"<h5 title=\"Sac \u00e0 dos pliable pour chien Sac \u00e0 bandouli\u00e8re en maille respirante pour petit animal de compagnie Chien Chats\" data-immersive-translate-walked=\"1c928421-2e42-4cd3-8754-5404553c0af5\" data-immersive-translate-paragraph=\"1\" data-spm-anchor-id=\"a2700.details.0.i35.4f6757d4w4zNZA\">Sac de refroidissement pour la p\u00eache portable de conception nouvelle | Fabricant de v\u00eatements polyvalents pour animaux de compagnie et de v\u00eatements pour chiens | OEM en vrac<\/h5>\n<div class=\"flex flex-grow flex-col max-w-full\">\n<div class=\"min-h-[20px] text-message flex w-full flex-col items-end gap-2 whitespace-pre-wrap break-words [.text-message+&amp;]:mt-5 overflow-x-auto\" dir=\"auto\" data-message-author-role=\"assistant\" data-message-id=\"3d7d46f6-7ec2-4222-9257-48fa0bba23c6\" data-suggestions=\"true\">\n<div class=\"flex w-full flex-col gap-1 empty:hidden first:pt-[3px]\">\n<div class=\"markdown prose w-full break-words dark:prose-invert light\">\n<table width=\"288\">\n<tbody>\n<tr>\n<td width=\"137\"><span style=\"color: #333333;\">Nom des produits<\/span><\/td>\n<td width=\"151\">Sac de p\u00eache<\/td>\n<\/tr>\n<tr>\n<td><span style=\"color: #333333;\">Num\u00e9ro d'article<\/span><\/td>\n<td><span style=\"color: #333333;\">PB-210<\/span><\/td>\n<\/tr>\n<tr>\n<td><span style=\"color: #333333;\">Mat\u00e9riau<\/span><\/td>\n<td>B\u00e2che 500D PVC<\/td>\n<\/tr>\n<tr>\n<td><span style=\"color: #333333;\">Taille<\/span><\/td>\n<td>Acceptation des produits personnalis\u00e9s<\/td>\n<\/tr>\n<tr>\n<td><span style=\"color: #333333;\">\u00a0D\u00e9lai de livraison<\/span><\/td>\n<td><span style=\"color: #333333;\">1-5 jours pour les petites quantit\u00e9s par voie a\u00e9rienne et 30-35 jours pour les grandes quantit\u00e9s par voie maritime.<\/span><\/td>\n<\/tr>\n<\/tbody>\n<\/table>\n<p class=\"ds-markdown-paragraph\">Need New Design Portable Large Fishing Cooler Bags that keep catches fresh (Besoin d'un nouveau design de sacs r\u00e9frig\u00e9rants portables pour la p\u00eache)\u00a0<em>et<\/em>\u00a0votre mat\u00e9riel bien organis\u00e9 ? En tant que fabricant de v\u00eatements pour animaux et de v\u00eatements pour chiens en Chine, nous tirons parti de notre expertise pour fabriquer des sacs isothermes de p\u00eache de grande taille New Design Portable - auxquels font confiance les marques de p\u00eache, les d\u00e9taillants d'articles de plein air et les grossistes en sacs de p\u00eache !<\/p>\n<p class=\"ds-markdown-paragraph\">\u2705\u00a0<strong>Pourquoi les p\u00eacheurs et les d\u00e9taillants nous choisissent :<\/strong><\/p>\n<ul>\n<li>\n<p class=\"ds-markdown-paragraph\"><strong>R\u00e9tention de la glace toute la journ\u00e9e<\/strong>: Isolation \u00e9cologique de 5 cm + coutures \u00e9tanches - garde le poisson\/les boissons fra\u00eeches au frais pendant plus de 48 heures !<\/p>\n<\/li>\n<li>\n<p class=\"ds-markdown-paragraph\"><strong>Portable et spacieux<\/strong>Capacit\u00e9 de 60 litres + roues repliables \/ poign\u00e9e t\u00e9lescopique - pour transporter des charges lourdes sans effort.<\/p>\n<\/li>\n<li>\n<p class=\"ds-markdown-paragraph\"><strong>Pr\u00eat pour les commandes en vrac<\/strong>: Produire des sacs de p\u00eache en vrac (MOQ 50pcs) via Fishing Bag ODM\/OEM ou private label en 12 jours !<\/p>\n<\/li>\n<li>\n<p class=\"ds-markdown-paragraph\"><strong>Avantage en termes de co\u00fbts pour la Chine<\/strong>: En tant que fabricant chinois de sacs de p\u00eache, nous offrons une qualit\u00e9 de premier ordre \u00e0 des prix imbattables.<\/p>\n<\/li>\n<\/ul>\n<p class=\"ds-markdown-paragraph\"><strong>Des caract\u00e9ristiques qui attirent les clients :<\/strong><br \/>\n\ud83d\udd39\u00a0<strong>Conception sp\u00e9cifique aux poissons<\/strong>: Bouchon de vidange + bacs \u00e0 app\u00e2ts amovibles + mat\u00e9riel antirouille<br \/>\n\ud83d\udd39 Organisation du mat\u00e9riel : 8+ compartiments modulaires + supports pour cannes \u00e0 p\u00eache<br \/>\ncoque 1200D TPU (IPX6 \u00e9tanche) + base r\u00e9sistante aux d\u00e9chirures<br \/>\n\ud83d\udd39 Int\u00e9rieurs certifi\u00e9s OEKO-TEX - aucune trace de produits chimiques dans les captures<\/p>\n<p class=\"ds-markdown-paragraph\"><strong>Parfait pour :<\/strong><\/p>\n<ul>\n<li>\n<p class=\"ds-markdown-paragraph\">Magasins d'articles de p\u00eache et vendeurs de sacs de p\u00eache<\/p>\n<\/li>\n<li>\n<p class=\"ds-markdown-paragraph\">Cha\u00eenes d'ext\u00e9rieur et sacs de p\u00eache grossistes<\/p>\n<\/li>\n<li>\n<p class=\"ds-markdown-paragraph\">Les startups qui cr\u00e9ent des marques de distributeur pour les sacs de p\u00eache<\/p>\n<\/li>\n<\/ul>\n<p class=\"ds-markdown-paragraph\"><strong>Votre parcours de production :<\/strong><br \/>\n1\ufe0f\u20e3 Personnalisez les couleurs et le logo (ou choisissez parmi plus de 40 mod\u00e8les sp\u00e9cifiques \u00e0 la p\u00eache).<br \/>\n2\ufe0f\u20e3 Prototype en 6 jours \u2192 test \u00e0 l'eau \u2192 production de masse<br \/>\n3\ufe0f\u20e3 Exp\u00e9dition via les r\u00e9seaux d'exportation de sacs de p\u00eache (air\/mer DDP dans le monde entier)<\/p>\n<p class=\"ds-markdown-paragraph\"><strong>R\u00e9f\u00e9rences de l'usine :<\/strong><br \/>\n\u2705 Plus de 12 ans d'exp\u00e9rience dans le domaine de la fabrication (articles pour animaux de compagnie + produits de plein air)<br \/>\n\u2705 30% : isolation plus \u00e9paisse que les glaci\u00e8res standard<br \/>\n\u2705 Certifications : ISO 9001, SGS, BSCI<\/p>\n<p class=\"ds-markdown-paragraph\"><strong>Pr\u00eat \u00e0 d\u00e9crocher des commandes plus importantes ?<\/strong><br \/>\n\ud83d\udc49\u00a0<strong>\u00c9chantillons gratuits test\u00e9s sur l'eau<\/strong>\u00a0\ud83d\udc49 15% deposit \ud83d\udc49 24h quotes<\/p>\n<\/div>\n<\/div>\n<\/div>\n<\/div>","protected":false},"excerpt":{"rendered":"<h2 data-immersive-translate-walked=\"344be1c1-5052-41eb-8fcd-0dbe236a0d6b\" data-immersive-translate-paragraph=\"1\">New Design Portable Large Fishing Cooler Bag<\/h2>\n<p>Nous fournissons des sacs de qualit\u00e9 sup\u00e9rieure avec une personnalisation compl\u00e8te de la taille et de la couleur, des tissus durables et une qualit\u00e9 certifi\u00e9e.<\/p>\n<p>B\u00e9n\u00e9ficiez de MOQ flexibles, d'une exp\u00e9dition mondiale rapide et de solutions de marques priv\u00e9es.<\/p>\n<p>Contactez-nous d\u00e8s aujourd'hui !<\/p>","protected":false},"featured_media":4071,"template":"","meta":{"_uag_custom_page_level_css":""},"product_brand":[],"product_cat":[46,50],"product_tag":[],"class_list":{"0":"post-3389","1":"product","2":"type-product","3":"status-publish","4":"has-post-thumbnail","6":"product_cat-fishing-bag","7":"product_cat-cooler-bag","9":"first","10":"instock","11":"shipping-taxable","12":"product-type-simple"},"uagb_featured_image_src":{"full":["https:\/\/pecbag.com\/wp-content\/uploads\/2025\/06\/New-Design-Portable-Large-Fishing-Cooler-Bag-5.jpg",1000,1000,false],"thumbnail":["https:\/\/pecbag.com\/wp-content\/uploads\/2025\/06\/New-Design-Portable-Large-Fishing-Cooler-Bag-5-150x150.jpg",150,150,true],"medium":["https:\/\/pecbag.com\/wp-content\/uploads\/2025\/06\/New-Design-Portable-Large-Fishing-Cooler-Bag-5-300x300.jpg",300,300,true],"medium_large":["https:\/\/pecbag.com\/wp-content\/uploads\/2025\/06\/New-Design-Portable-Large-Fishing-Cooler-Bag-5-768x768.jpg",768,768,true],"large":["https:\/\/pecbag.com\/wp-content\/uploads\/2025\/06\/New-Design-Portable-Large-Fishing-Cooler-Bag-5.jpg",800,800,false],"1536x1536":["https:\/\/pecbag.com\/wp-content\/uploads\/2025\/06\/New-Design-Portable-Large-Fishing-Cooler-Bag-5.jpg",1000,1000,false],"2048x2048":["https:\/\/pecbag.com\/wp-content\/uploads\/2025\/06\/New-Design-Portable-Large-Fishing-Cooler-Bag-5.jpg",1000,1000,false],"trp-custom-language-flag":["https:\/\/pecbag.com\/wp-content\/uploads\/2025\/06\/New-Design-Portable-Large-Fishing-Cooler-Bag-5-12x12.jpg",12,12,true],"woocommerce_thumbnail":["https:\/\/pecbag.com\/wp-content\/uploads\/2025\/06\/New-Design-Portable-Large-Fishing-Cooler-Bag-5-300x300.jpg",300,300,true],"woocommerce_single":["https:\/\/pecbag.com\/wp-content\/uploads\/2025\/06\/New-Design-Portable-Large-Fishing-Cooler-Bag-5-600x600.jpg",600,600,true],"woocommerce_gallery_thumbnail":["https:\/\/pecbag.com\/wp-content\/uploads\/2025\/06\/New-Design-Portable-Large-Fishing-Cooler-Bag-5-100x100.jpg",100,100,true]},"uagb_author_info":{"display_name":"Lawrence","author_link":"https:\/\/pecbag.com\/fr\/author\/"},"uagb_comment_info":0,"uagb_excerpt":"New Design Portable Large Fishing Cooler Bag We provide premium bags with full-size and color customization, durable fabrics, and certified quality. Enjoy flexible MOQs, fast global shipping, and private label solutions. Contact us today!","_links":{"self":[{"href":"https:\/\/pecbag.com\/fr\/wp-json\/wp\/v2\/product\/3389","targetHints":{"allow":["GET"]}}],"collection":[{"href":"https:\/\/pecbag.com\/fr\/wp-json\/wp\/v2\/product"}],"about":[{"href":"https:\/\/pecbag.com\/fr\/wp-json\/wp\/v2\/types\/product"}],"wp:featuredmedia":[{"embeddable":true,"href":"https:\/\/pecbag.com\/fr\/wp-json\/wp\/v2\/media\/4071"}],"wp:attachment":[{"href":"https:\/\/pecbag.com\/fr\/wp-json\/wp\/v2\/media?parent=3389"}],"wp:term":[{"taxonomy":"product_brand","embeddable":true,"href":"https:\/\/pecbag.com\/fr\/wp-json\/wp\/v2\/product_brand?post=3389"},{"taxonomy":"product_cat","embeddable":true,"href":"https:\/\/pecbag.com\/fr\/wp-json\/wp\/v2\/product_cat?post=3389"},{"taxonomy":"product_tag","embeddable":true,"href":"https:\/\/pecbag.com\/fr\/wp-json\/wp\/v2\/product_tag?post=3389"}],"curies":[{"name":"wp","href":"https:\/\/api.w.org\/{rel}","templated":true}]}}