{"id":3417,"date":"2025-05-27T00:57:12","date_gmt":"2025-05-27T00:57:12","guid":{"rendered":"https:\/\/pecbag.com\/?post_type=product&#038;p=3417"},"modified":"2025-11-29T01:59:06","modified_gmt":"2025-11-29T01:59:06","slug":"600d-oxford-fishing-pole-bag","status":"publish","type":"product","link":"https:\/\/pecbag.com\/fr\/600d-oxford-fishing-pole-bag\/","title":{"rendered":"Sac pour canne \u00e0 p\u00eache 600D Oxford"},"content":{"rendered":"<h5 title=\"Sac \u00e0 dos pliable pour chien Sac \u00e0 bandouli\u00e8re en maille respirante pour petit animal de compagnie Chien Chats\" data-immersive-translate-walked=\"1c928421-2e42-4cd3-8754-5404553c0af5\" data-immersive-translate-paragraph=\"1\" data-spm-anchor-id=\"a2700.details.0.i35.4f6757d4w4zNZA\">600D Oxford Fishing Pole Bags | Waterproof Bag Factory &amp; Backpack Manufacturer - Bulk Fishing Gear Solutions<\/h5>\n<div class=\"flex flex-grow flex-col max-w-full\">\n<div class=\"min-h-[20px] text-message flex w-full flex-col items-end gap-2 whitespace-pre-wrap break-words [.text-message+&amp;]:mt-5 overflow-x-auto\" dir=\"auto\" data-message-author-role=\"assistant\" data-message-id=\"3d7d46f6-7ec2-4222-9257-48fa0bba23c6\" data-suggestions=\"true\">\n<div class=\"flex w-full flex-col gap-1 empty:hidden first:pt-[3px]\">\n<div class=\"markdown prose w-full break-words dark:prose-invert light\">\n<table width=\"288\">\n<tbody>\n<tr>\n<td width=\"137\"><span style=\"color: #333333;\">Nom des produits<\/span><\/td>\n<td width=\"151\">Sac de p\u00eache<\/td>\n<\/tr>\n<tr>\n<td><span style=\"color: #333333;\">Num\u00e9ro d'article<\/span><\/td>\n<td><span style=\"color: #333333;\">PB-2057<\/span><\/td>\n<\/tr>\n<tr>\n<td><span style=\"color: #333333;\">Mat\u00e9riau<\/span><\/td>\n<td>600D Oxford<\/td>\n<\/tr>\n<tr>\n<td><span style=\"color: #333333;\">Taille<\/span><\/td>\n<td>48.4\u2033L x 13.4\u2033D<\/td>\n<\/tr>\n<tr>\n<td><span style=\"color: #333333;\">\u00a0D\u00e9lai de livraison<\/span><\/td>\n<td><span style=\"color: #333333;\">1-5 jours pour les petites quantit\u00e9s par voie a\u00e9rienne et 30-35 jours pour les grandes quantit\u00e9s par voie maritime.<\/span><\/td>\n<\/tr>\n<\/tbody>\n<\/table>\n<p>En tant que premier fabricant chinois de sacs de p\u00eache et de sacs imperm\u00e9ables, nous fabriquons des sacs de p\u00eache robustes en 600D Oxford pour les p\u00eacheurs du monde entier. Notre soci\u00e9t\u00e9 de sacs de p\u00eache propose :<\/p>\n<p>\u2705 <strong>Tissu Oxford 600D de qualit\u00e9 militaire<\/strong> avec rev\u00eatement imperm\u00e9able TPU<br \/>\n\u2705 <strong>Sacs \u00e0 cannes \u00e0 p\u00eache sur mesure<\/strong> pour 5-9 cannes avec protecteurs de pointe renforc\u00e9s (MOQ 50pcs)<br \/>\n\u2705 <strong>Services OEM\/ODM<\/strong> pour <strong>mat\u00e9riel de p\u00eache sous marque de distributeur<\/strong><br \/>\n\u2705 <strong>Production de sacs de p\u00eache en vrac<\/strong> avec livraison rapide en 12 jours<\/p>\n<p>Les grossistes en sacs de p\u00eache et les fournisseurs de mat\u00e9riel maritime du monde entier lui font confiance. Caract\u00e9ristiques principales :<br \/>\n- Bretelles rembourr\u00e9es et syst\u00e8me de sangles de compression<br \/>\n- Poches en filet \u00e0 s\u00e9chage rapide et fermetures \u00e0 glissi\u00e8re r\u00e9sistantes \u00e0 la corrosion<br \/>\n- Conceptions convertibles sac \u00e0 dos\/corps<\/p>\n<p><strong>Pourquoi choisir notre usine de sacs de p\u00eache<\/strong>:<br \/>\n\ud83d\udd39 Plus de 15 ans d'exp\u00e9rience en tant que premier exportateur de sacs de p\u00eache en Chine<br \/>\n\ud83d\udd39 Conception gratuite d'un pack technique en 3D avec votre marque<br \/>\n\ud83d\udd39 Certifications CE\/SGS et conditions EXW\/FOB\/DDP<br \/>\n\ud83d\udd39 25% r\u00e9duction pour les vendeurs de sacs de p\u00eache \u00e0 partir de 2 000 unit\u00e9s<\/p>\n<p>Demandez des \u00e9chantillons gratuits de nos sacs pour cannes \u00e0 p\u00eache en 600D Oxford ou obtenez des devis instantan\u00e9s. Les fournisseurs de sacs de p\u00eache b\u00e9n\u00e9ficient de responsables du contr\u00f4le qualit\u00e9 et d'un suivi des lots.<\/p>\n<\/div>\n<\/div>\n<\/div>\n<\/div>","protected":false},"excerpt":{"rendered":"<h2 data-immersive-translate-walked=\"344be1c1-5052-41eb-8fcd-0dbe236a0d6b\" data-immersive-translate-paragraph=\"1\">Sac pour canne \u00e0 p\u00eache 600D Oxford<\/h2>\n<p>Nous fournissons des sacs de qualit\u00e9 sup\u00e9rieure avec une personnalisation compl\u00e8te de la taille et de la couleur, des tissus durables et une qualit\u00e9 certifi\u00e9e.<\/p>\n<p>B\u00e9n\u00e9ficiez de MOQ flexibles, d'une exp\u00e9dition mondiale rapide et de solutions de marques priv\u00e9es.<\/p>\n<p>Contactez-nous d\u00e8s aujourd'hui !<\/p>","protected":false},"featured_media":3419,"template":"","meta":{"_uag_custom_page_level_css":""},"product_brand":[],"product_cat":[46],"product_tag":[],"class_list":{"0":"post-3417","1":"product","2":"type-product","3":"status-publish","4":"has-post-thumbnail","6":"product_cat-fishing-bag","8":"first","9":"instock","10":"shipping-taxable","11":"product-type-simple"},"uagb_featured_image_src":{"full":["https:\/\/pecbag.com\/wp-content\/uploads\/2025\/05\/600D-Oxford-Fishing-Pole-Bag-1.jpeg",1000,1000,false],"thumbnail":["https:\/\/pecbag.com\/wp-content\/uploads\/2025\/05\/600D-Oxford-Fishing-Pole-Bag-1-150x150.jpeg",150,150,true],"medium":["https:\/\/pecbag.com\/wp-content\/uploads\/2025\/05\/600D-Oxford-Fishing-Pole-Bag-1-300x300.jpeg",300,300,true],"medium_large":["https:\/\/pecbag.com\/wp-content\/uploads\/2025\/05\/600D-Oxford-Fishing-Pole-Bag-1-768x768.jpeg",768,768,true],"large":["https:\/\/pecbag.com\/wp-content\/uploads\/2025\/05\/600D-Oxford-Fishing-Pole-Bag-1.jpeg",800,800,false],"1536x1536":["https:\/\/pecbag.com\/wp-content\/uploads\/2025\/05\/600D-Oxford-Fishing-Pole-Bag-1.jpeg",1000,1000,false],"2048x2048":["https:\/\/pecbag.com\/wp-content\/uploads\/2025\/05\/600D-Oxford-Fishing-Pole-Bag-1.jpeg",1000,1000,false],"trp-custom-language-flag":["https:\/\/pecbag.com\/wp-content\/uploads\/2025\/05\/600D-Oxford-Fishing-Pole-Bag-1-12x12.jpeg",12,12,true],"woocommerce_thumbnail":["https:\/\/pecbag.com\/wp-content\/uploads\/2025\/05\/600D-Oxford-Fishing-Pole-Bag-1-300x300.jpeg",300,300,true],"woocommerce_single":["https:\/\/pecbag.com\/wp-content\/uploads\/2025\/05\/600D-Oxford-Fishing-Pole-Bag-1-600x600.jpeg",600,600,true],"woocommerce_gallery_thumbnail":["https:\/\/pecbag.com\/wp-content\/uploads\/2025\/05\/600D-Oxford-Fishing-Pole-Bag-1-100x100.jpeg",100,100,true]},"uagb_author_info":{"display_name":"Lawrence","author_link":"https:\/\/pecbag.com\/fr\/author\/"},"uagb_comment_info":0,"uagb_excerpt":"600D Oxford Fishing Pole Bag We provide premium bags with full-size and color customization, durable fabrics, and certified quality. Enjoy flexible MOQs, fast global shipping, and private label solutions. Contact us today!","_links":{"self":[{"href":"https:\/\/pecbag.com\/fr\/wp-json\/wp\/v2\/product\/3417","targetHints":{"allow":["GET"]}}],"collection":[{"href":"https:\/\/pecbag.com\/fr\/wp-json\/wp\/v2\/product"}],"about":[{"href":"https:\/\/pecbag.com\/fr\/wp-json\/wp\/v2\/types\/product"}],"wp:featuredmedia":[{"embeddable":true,"href":"https:\/\/pecbag.com\/fr\/wp-json\/wp\/v2\/media\/3419"}],"wp:attachment":[{"href":"https:\/\/pecbag.com\/fr\/wp-json\/wp\/v2\/media?parent=3417"}],"wp:term":[{"taxonomy":"product_brand","embeddable":true,"href":"https:\/\/pecbag.com\/fr\/wp-json\/wp\/v2\/product_brand?post=3417"},{"taxonomy":"product_cat","embeddable":true,"href":"https:\/\/pecbag.com\/fr\/wp-json\/wp\/v2\/product_cat?post=3417"},{"taxonomy":"product_tag","embeddable":true,"href":"https:\/\/pecbag.com\/fr\/wp-json\/wp\/v2\/product_tag?post=3417"}],"curies":[{"name":"wp","href":"https:\/\/api.w.org\/{rel}","templated":true}]}}