{"id":3424,"date":"2025-05-27T01:26:48","date_gmt":"2025-05-27T01:26:48","guid":{"rendered":"https:\/\/pecbag.com\/?post_type=product&#038;p=3424"},"modified":"2025-11-29T01:58:58","modified_gmt":"2025-11-29T01:58:58","slug":"lightweight-durable-disc-golf-backpack-bag","status":"publish","type":"product","link":"https:\/\/pecbag.com\/fr\/lightweight-durable-disc-golf-backpack-bag\/","title":{"rendered":"Sac \u00e0 dos de Disc Golf l\u00e9ger et durable"},"content":{"rendered":"<h5 title=\"Sac \u00e0 dos pliable pour chien Sac \u00e0 bandouli\u00e8re en maille respirante pour petit animal de compagnie Chien Chats\" data-immersive-translate-walked=\"1c928421-2e42-4cd3-8754-5404553c0af5\" data-immersive-translate-paragraph=\"1\" data-spm-anchor-id=\"a2700.details.0.i35.4f6757d4w4zNZA\">Sacs \u00e0 dos l\u00e9gers et durables pour Disc Golf | Fabricant de sacs \u00e9tanches et de sacs \u00e0 dos - Bulk Golf Gear Solutions<\/h5>\n<div class=\"flex flex-grow flex-col max-w-full\">\n<div class=\"min-h-[20px] text-message flex w-full flex-col items-end gap-2 whitespace-pre-wrap break-words [.text-message+&amp;]:mt-5 overflow-x-auto\" dir=\"auto\" data-message-author-role=\"assistant\" data-message-id=\"3d7d46f6-7ec2-4222-9257-48fa0bba23c6\" data-suggestions=\"true\">\n<div class=\"flex w-full flex-col gap-1 empty:hidden first:pt-[3px]\">\n<div class=\"markdown prose w-full break-words dark:prose-invert light\">\n<table width=\"288\">\n<tbody>\n<tr>\n<td width=\"137\"><span style=\"color: #333333;\">Nom des produits<\/span><\/td>\n<td width=\"151\">Sac de golf<\/td>\n<\/tr>\n<tr>\n<td><span style=\"color: #333333;\">Num\u00e9ro d'article<\/span><\/td>\n<td><span style=\"color: #333333;\">PB-2058<\/span><\/td>\n<\/tr>\n<tr>\n<td><span style=\"color: #333333;\">Mat\u00e9riau<\/span><\/td>\n<td>Polyester 600D<\/td>\n<\/tr>\n<tr>\n<td><span style=\"color: #333333;\">Taille<\/span><\/td>\n<td>24 \"L*15 \"L*11 \"H<\/td>\n<\/tr>\n<tr>\n<td><span style=\"color: #333333;\">\u00a0D\u00e9lai de livraison<\/span><\/td>\n<td><span style=\"color: #333333;\">1-5 jours pour les petites quantit\u00e9s par voie a\u00e9rienne et 30-35 jours pour les grandes quantit\u00e9s par voie maritime.<\/span><\/td>\n<\/tr>\n<\/tbody>\n<\/table>\n<p>En tant que premier fabricant chinois de sacs de golf et de sacs \u00e9tanches, nous concevons des sacs \u00e0 dos de golf \u00e0 disque l\u00e9gers et durables de haute performance pour les distributeurs mondiaux. Notre entreprise de sacs de golf livre :<\/p>\n<p>\u2705 <strong>Construction ultral\u00e9g\u00e8re en nylon 800D<\/strong> (moins de 2.5lbs \u00e0 vide)<br \/>\n\u2705 <strong>Capacit\u00e9 de 18 disques et plus<\/strong> avec s\u00e9parateurs rembourr\u00e9s et poches pour putter (MOQ 50pcs)<br \/>\n\u2705 <strong>Services OEM\/ODM<\/strong> pour <strong>marque priv\u00e9e de mat\u00e9riel de golf<\/strong><br \/>\n\u2705 <strong>Production de sacs de golf en vrac<\/strong> avec un d\u00e9lai d'ex\u00e9cution rapide de 10 jours<\/p>\n<p>Les grossistes en sacs de golf et les marques de sport du monde entier lui font confiance. Caract\u00e9ristiques principales :<br \/>\n- Fermetures \u00e9clair \u00e9tanches IPX6 et plaque de base renforc\u00e9e<br \/>\n- Pochette pour objets de valeur \u00e0 acc\u00e8s rapide et sangles ergonomiques<br \/>\n- Mod\u00e8les de tournois approuv\u00e9s par la PDGA<\/p>\n<p><strong>Pourquoi choisir notre usine de sacs de golf ?\u00a0<\/strong><br \/>\n\ud83d\udd39 Plus de 12 ans d'exp\u00e9rience en tant que leader dans l'exportation de sacs de golf en Chine<br \/>\n\ud83d\udd39 Conception 3D gratuite avec votre logo et personnalisation des couleurs<br \/>\n\ud83d\udd39 Certifications CE\/SGS et exp\u00e9dition FOB\/DDP<br \/>\n\ud83d\udd39 Remise 20% pour les vendeurs de sacs de golf \u00e0 partir de 1 500 unit\u00e9s<\/p>\n<p>Demandez des \u00e9chantillons gratuits de nos sacs \u00e0 dos pour le golf \u00e0 disque ou obtenez des devis instantan\u00e9s. Les fournisseurs de sacs de golf re\u00e7oivent des rapports de contr\u00f4le de qualit\u00e9 d\u00e9di\u00e9s et des mises \u00e0 niveau antivol RFID.<\/p>\n<\/div>\n<\/div>\n<\/div>\n<\/div>","protected":false},"excerpt":{"rendered":"<h2 data-immersive-translate-walked=\"344be1c1-5052-41eb-8fcd-0dbe236a0d6b\" data-immersive-translate-paragraph=\"1\">Sac \u00e0 dos de Disc Golf l\u00e9ger et durable<\/h2>\n<p>1. Grande capacit\u00e9 : Le compartiment principal de ce sac de disc golf peut contenir 16 disques, et le compartiment sup\u00e9rieur peut contenir 5 disques.<\/p>\n<p>2. Multiples poches de rangement : Ce sac \u00e0 dos de disc golf a 6 poches multifonctionnelles suppl\u00e9mentaires pour transporter tout ce dont vous avez besoin, y compris une bouteille d'eau de 42oz, un r\u00e9cup\u00e9rateur de disc golf, un parapluie, des stylos, une carte de score, une serviette, des cl\u00e9s, une montre, un portefeuille et un t\u00e9l\u00e9phone portable.\u3010Note : les disques et ces articles ne sont pas inclus.\u3011<\/p>\n<p>3. L\u00e9ger et confortable : Ce sac de disc golf p\u00e8se environ 1,5 livres et comporte des bretelles rembourr\u00e9es r\u00e9glables, une sangle de main rembourr\u00e9e et un panneau arri\u00e8re rembourr\u00e9, ce qui le rend portable, confortable et perm\u00e9able \u00e0 l'air.<\/p>\n<p>4. Mat\u00e9riau durable : Ce sac de golf \u00e0 disque est fabriqu\u00e9 en tissu polyester 600D durable. Le squelette rigide int\u00e9gr\u00e9 lui permet de rester debout \u00e0 tout moment.<\/p>","protected":false},"featured_media":3426,"template":"","meta":{"_uag_custom_page_level_css":""},"product_brand":[],"product_cat":[51,60],"product_tag":[],"class_list":{"0":"post-3424","1":"product","2":"type-product","3":"status-publish","4":"has-post-thumbnail","6":"product_cat-golf-bag","7":"product_cat-backpack","9":"first","10":"instock","11":"shipping-taxable","12":"product-type-simple"},"uagb_featured_image_src":{"full":["https:\/\/pecbag.com\/wp-content\/uploads\/2025\/05\/Lightweight-Durable-Disc-Golf-Backpack-Bag-6-scaled.jpeg",2560,2560,false],"thumbnail":["https:\/\/pecbag.com\/wp-content\/uploads\/2025\/05\/Lightweight-Durable-Disc-Golf-Backpack-Bag-6-150x150.jpeg",150,150,true],"medium":["https:\/\/pecbag.com\/wp-content\/uploads\/2025\/05\/Lightweight-Durable-Disc-Golf-Backpack-Bag-6-300x300.jpeg",300,300,true],"medium_large":["https:\/\/pecbag.com\/wp-content\/uploads\/2025\/05\/Lightweight-Durable-Disc-Golf-Backpack-Bag-6-768x768.jpeg",768,768,true],"large":["https:\/\/pecbag.com\/wp-content\/uploads\/2025\/05\/Lightweight-Durable-Disc-Golf-Backpack-Bag-6-1024x1024.jpeg",800,800,true],"1536x1536":["https:\/\/pecbag.com\/wp-content\/uploads\/2025\/05\/Lightweight-Durable-Disc-Golf-Backpack-Bag-6-1536x1536.jpeg",1536,1536,true],"2048x2048":["https:\/\/pecbag.com\/wp-content\/uploads\/2025\/05\/Lightweight-Durable-Disc-Golf-Backpack-Bag-6-2048x2048.jpeg",2048,2048,true],"trp-custom-language-flag":["https:\/\/pecbag.com\/wp-content\/uploads\/2025\/05\/Lightweight-Durable-Disc-Golf-Backpack-Bag-6-12x12.jpeg",12,12,true],"woocommerce_thumbnail":["https:\/\/pecbag.com\/wp-content\/uploads\/2025\/05\/Lightweight-Durable-Disc-Golf-Backpack-Bag-6-300x300.jpeg",300,300,true],"woocommerce_single":["https:\/\/pecbag.com\/wp-content\/uploads\/2025\/05\/Lightweight-Durable-Disc-Golf-Backpack-Bag-6-600x600.jpeg",600,600,true],"woocommerce_gallery_thumbnail":["https:\/\/pecbag.com\/wp-content\/uploads\/2025\/05\/Lightweight-Durable-Disc-Golf-Backpack-Bag-6-100x100.jpeg",100,100,true]},"uagb_author_info":{"display_name":"Lawrence","author_link":"https:\/\/pecbag.com\/fr\/author\/"},"uagb_comment_info":0,"uagb_excerpt":"Lightweight Durable Disc Golf Backpack Bag 1. Large Capacity: The main compartment of this disc golf bag can hold 16 discs, and the upper compartment can hold 5 discs. 2. Multiple Storage Pockets: This disc golf backpack has 6 extra multifunctional pockets to carry all you need including a 42oz water bottle, disc golf retriever,\u2026","_links":{"self":[{"href":"https:\/\/pecbag.com\/fr\/wp-json\/wp\/v2\/product\/3424","targetHints":{"allow":["GET"]}}],"collection":[{"href":"https:\/\/pecbag.com\/fr\/wp-json\/wp\/v2\/product"}],"about":[{"href":"https:\/\/pecbag.com\/fr\/wp-json\/wp\/v2\/types\/product"}],"wp:featuredmedia":[{"embeddable":true,"href":"https:\/\/pecbag.com\/fr\/wp-json\/wp\/v2\/media\/3426"}],"wp:attachment":[{"href":"https:\/\/pecbag.com\/fr\/wp-json\/wp\/v2\/media?parent=3424"}],"wp:term":[{"taxonomy":"product_brand","embeddable":true,"href":"https:\/\/pecbag.com\/fr\/wp-json\/wp\/v2\/product_brand?post=3424"},{"taxonomy":"product_cat","embeddable":true,"href":"https:\/\/pecbag.com\/fr\/wp-json\/wp\/v2\/product_cat?post=3424"},{"taxonomy":"product_tag","embeddable":true,"href":"https:\/\/pecbag.com\/fr\/wp-json\/wp\/v2\/product_tag?post=3424"}],"curies":[{"name":"wp","href":"https:\/\/api.w.org\/{rel}","templated":true}]}}