{"id":3438,"date":"2025-05-27T02:27:55","date_gmt":"2025-05-27T02:27:55","guid":{"rendered":"https:\/\/pecbag.com\/?post_type=product&#038;p=3438"},"modified":"2025-11-29T01:58:46","modified_gmt":"2025-11-29T01:58:46","slug":"hot-selling-durable-multifunctional-disc-golf-bag","status":"publish","type":"product","link":"https:\/\/pecbag.com\/fr\/hot-selling-durable-multifunctional-disc-golf-bag\/","title":{"rendered":"Sac de golf \u00e0 disque durable et multifonctionnel (vente \u00e0 chaud)"},"content":{"rendered":"<h5 title=\"Sac \u00e0 dos pliable pour chien Sac \u00e0 bandouli\u00e8re en maille respirante pour petit animal de compagnie Chien Chats\" data-immersive-translate-walked=\"1c928421-2e42-4cd3-8754-5404553c0af5\" data-immersive-translate-paragraph=\"1\" data-spm-anchor-id=\"a2700.details.0.i35.4f6757d4w4zNZA\">Sacs de golf \u00e0 disque multifonctionnels et durables - Bulk Golf Gear Solutions<\/h5>\n<div class=\"flex flex-grow flex-col max-w-full\">\n<div class=\"min-h-[20px] text-message flex w-full flex-col items-end gap-2 whitespace-pre-wrap break-words [.text-message+&amp;]:mt-5 overflow-x-auto\" dir=\"auto\" data-message-author-role=\"assistant\" data-message-id=\"3d7d46f6-7ec2-4222-9257-48fa0bba23c6\" data-suggestions=\"true\">\n<div class=\"flex w-full flex-col gap-1 empty:hidden first:pt-[3px]\">\n<div class=\"markdown prose w-full break-words dark:prose-invert light\">\n<table width=\"288\">\n<tbody>\n<tr>\n<td width=\"137\"><span style=\"color: #333333;\">Nom des produits<\/span><\/td>\n<td width=\"151\">Sac de golf<\/td>\n<\/tr>\n<tr>\n<td><span style=\"color: #333333;\">Num\u00e9ro d'article<\/span><\/td>\n<td><span style=\"color: #333333;\">PB-2060<\/span><\/td>\n<\/tr>\n<tr>\n<td><span style=\"color: #333333;\">Mat\u00e9riau<\/span><\/td>\n<td>Polyester<\/td>\n<\/tr>\n<tr>\n<td><span style=\"color: #333333;\">Taille<\/span><\/td>\n<td>23*28*25 cm<\/td>\n<\/tr>\n<tr>\n<td><span style=\"color: #333333;\">\u00a0D\u00e9lai de livraison<\/span><\/td>\n<td><span style=\"color: #333333;\">1-5 jours pour les petites quantit\u00e9s par voie a\u00e9rienne et 30-35 jours pour les grandes quantit\u00e9s par voie maritime.<\/span><\/td>\n<\/tr>\n<\/tbody>\n<\/table>\n<p>En tant que premier fabricant chinois de sacs de golf et de sacs \u00e9tanches, nous produisons des sacs de golf \u00e0 disque multifonctionnels durables et tr\u00e8s performants pour les distributeurs du monde entier. Notre soci\u00e9t\u00e9 de sacs de golf livre :<\/p>\n<p>\u2705 <strong>Capacit\u00e9 de 18 \u00e0 22 disques<\/strong> avec une organisation de tournoi approuv\u00e9e par la PDGA<br \/>\n\u2705 <strong>Conception \u00e9tanche IPX6<\/strong> Utilisation de nylon balistique 840D<br \/>\n\u2705 <strong>Services OEM\/ODM<\/strong> pour <strong>marque priv\u00e9e de mat\u00e9riel de golf<\/strong> (MOQ 50pcs)<br \/>\n\u2705 <strong>Production de sacs de golf en vrac<\/strong> avec un d\u00e9lai d'ex\u00e9cution rapide de 10 jours<\/p>\n<p>Les grossistes en sacs de golf et les magasins professionnels du monde entier lui font confiance. Principales innovations :<br \/>\n- Pochette pour objets de valeur \u00e0 acc\u00e8s rapide avec protection RFID<br \/>\n- Modes sac \u00e0 dos\/chariot convertibles avec sangles ergonomiques<br \/>\n- Compartiment d\u00e9tachable pour glaci\u00e8re et porte-parapluie<\/p>\n<p><strong>Pourquoi devenir partenaire de notre usine de sacs de golf<\/strong>:<br \/>\n\ud83d\udd39 Plus de 15 ans d'exp\u00e9rience dans l'exportation de sacs de golf en Chine<br \/>\n\ud83d\udd39 Support de conception 3D gratuit avec votre marque<br \/>\n\ud83d\udd39 Certifications CE\/SGS et exp\u00e9dition FOB\/DDP<br \/>\n\ud83d\udd39 Remise 30% pour les vendeurs de sacs de golf \u00e0 partir de 3 000 unit\u00e9s<\/p>\n<p>Demandez des \u00e9chantillons gratuits de nos sacs de golf \u00e0 disque multifonctionnels ou obtenez des devis instantan\u00e9s. Les fournisseurs de sacs de golf b\u00e9n\u00e9ficient d'un acc\u00e8s exclusif \u00e0 :<br \/>\n- Am\u00e9lioration de l'isolation thermique<br \/>\n- Rapports de contr\u00f4le de qualit\u00e9 par lot<br \/>\n- Affectation prioritaire des lignes de production<\/p>\n<\/div>\n<\/div>\n<\/div>\n<\/div>","protected":false},"excerpt":{"rendered":"<h2 data-immersive-translate-walked=\"344be1c1-5052-41eb-8fcd-0dbe236a0d6b\" data-immersive-translate-paragraph=\"1\">Sac de golf \u00e0 disque durable et multifonctionnel (vente \u00e0 chaud)<\/h2>\n<p>1. A la mode : Ce sac \u00e0 tee de balles de golf est \u00e9l\u00e9gant et vous permet de passer un bon moment lorsque vous jouez.<\/p>\n<p>2. Un bon accessoire pour les amateurs de golf : Les porte-balles de golf peuvent r\u00e9soudre le probl\u00e8me de la tenue simultan\u00e9e des tees et des balles de golf.<\/p>","protected":false},"featured_media":3442,"template":"","meta":{"_uag_custom_page_level_css":""},"product_brand":[],"product_cat":[51,60],"product_tag":[],"class_list":{"0":"post-3438","1":"product","2":"type-product","3":"status-publish","4":"has-post-thumbnail","6":"product_cat-golf-bag","7":"product_cat-backpack","9":"first","10":"instock","11":"shipping-taxable","12":"product-type-simple"},"uagb_featured_image_src":{"full":["https:\/\/pecbag.com\/wp-content\/uploads\/2025\/05\/Hot-Selling-Durable-Multifunctional-Disc-Golf-Bag-1.jpeg",720,720,false],"thumbnail":["https:\/\/pecbag.com\/wp-content\/uploads\/2025\/05\/Hot-Selling-Durable-Multifunctional-Disc-Golf-Bag-1-150x150.jpeg",150,150,true],"medium":["https:\/\/pecbag.com\/wp-content\/uploads\/2025\/05\/Hot-Selling-Durable-Multifunctional-Disc-Golf-Bag-1-300x300.jpeg",300,300,true],"medium_large":["https:\/\/pecbag.com\/wp-content\/uploads\/2025\/05\/Hot-Selling-Durable-Multifunctional-Disc-Golf-Bag-1.jpeg",720,720,false],"large":["https:\/\/pecbag.com\/wp-content\/uploads\/2025\/05\/Hot-Selling-Durable-Multifunctional-Disc-Golf-Bag-1.jpeg",720,720,false],"1536x1536":["https:\/\/pecbag.com\/wp-content\/uploads\/2025\/05\/Hot-Selling-Durable-Multifunctional-Disc-Golf-Bag-1.jpeg",720,720,false],"2048x2048":["https:\/\/pecbag.com\/wp-content\/uploads\/2025\/05\/Hot-Selling-Durable-Multifunctional-Disc-Golf-Bag-1.jpeg",720,720,false],"trp-custom-language-flag":["https:\/\/pecbag.com\/wp-content\/uploads\/2025\/05\/Hot-Selling-Durable-Multifunctional-Disc-Golf-Bag-1-12x12.jpeg",12,12,true],"woocommerce_thumbnail":["https:\/\/pecbag.com\/wp-content\/uploads\/2025\/05\/Hot-Selling-Durable-Multifunctional-Disc-Golf-Bag-1-300x300.jpeg",300,300,true],"woocommerce_single":["https:\/\/pecbag.com\/wp-content\/uploads\/2025\/05\/Hot-Selling-Durable-Multifunctional-Disc-Golf-Bag-1-600x600.jpeg",600,600,true],"woocommerce_gallery_thumbnail":["https:\/\/pecbag.com\/wp-content\/uploads\/2025\/05\/Hot-Selling-Durable-Multifunctional-Disc-Golf-Bag-1-100x100.jpeg",100,100,true]},"uagb_author_info":{"display_name":"Lawrence","author_link":"https:\/\/pecbag.com\/fr\/author\/"},"uagb_comment_info":0,"uagb_excerpt":"Hot Selling Durable Multifunctional Disc Golf Bag 1. Fashionable: With fashion design, this golf ball tee bag is stylish, making you have a good time when playing 2. Good accessory for golf lovers: Golf holders can solve the problem of holding golf tees and balls at the same time.","_links":{"self":[{"href":"https:\/\/pecbag.com\/fr\/wp-json\/wp\/v2\/product\/3438","targetHints":{"allow":["GET"]}}],"collection":[{"href":"https:\/\/pecbag.com\/fr\/wp-json\/wp\/v2\/product"}],"about":[{"href":"https:\/\/pecbag.com\/fr\/wp-json\/wp\/v2\/types\/product"}],"wp:featuredmedia":[{"embeddable":true,"href":"https:\/\/pecbag.com\/fr\/wp-json\/wp\/v2\/media\/3442"}],"wp:attachment":[{"href":"https:\/\/pecbag.com\/fr\/wp-json\/wp\/v2\/media?parent=3438"}],"wp:term":[{"taxonomy":"product_brand","embeddable":true,"href":"https:\/\/pecbag.com\/fr\/wp-json\/wp\/v2\/product_brand?post=3438"},{"taxonomy":"product_cat","embeddable":true,"href":"https:\/\/pecbag.com\/fr\/wp-json\/wp\/v2\/product_cat?post=3438"},{"taxonomy":"product_tag","embeddable":true,"href":"https:\/\/pecbag.com\/fr\/wp-json\/wp\/v2\/product_tag?post=3438"}],"curies":[{"name":"wp","href":"https:\/\/api.w.org\/{rel}","templated":true}]}}