{"id":3472,"date":"2025-05-27T03:04:30","date_gmt":"2025-05-27T03:04:30","guid":{"rendered":"https:\/\/pecbag.com\/?post_type=product&#038;p=3472"},"modified":"2025-11-29T01:57:37","modified_gmt":"2025-11-29T01:57:37","slug":"camping-backpack-lightweight-hiking-bag","status":"publish","type":"product","link":"https:\/\/pecbag.com\/fr\/camping-backpack-lightweight-hiking-bag\/","title":{"rendered":"Sac \u00e0 dos de camping l\u00e9ger Sac de randonn\u00e9e"},"content":{"rendered":"<h5 title=\"Sac \u00e0 dos pliable pour chien Sac \u00e0 bandouli\u00e8re en maille respirante pour petit animal de compagnie Chien Chats\" data-immersive-translate-walked=\"1c928421-2e42-4cd3-8754-5404553c0af5\" data-immersive-translate-paragraph=\"1\" data-spm-anchor-id=\"a2700.details.0.i35.4f6757d4w4zNZA\">Sac \u00e0 dos de camping Sacs de randonn\u00e9e l\u00e9gers | Fabricant de sacs imperm\u00e9ables et de sacs \u00e0 dos - Bulk Outdoor Gear Solutions<\/h5>\n<div class=\"flex flex-grow flex-col max-w-full\">\n<div class=\"min-h-[20px] text-message flex w-full flex-col items-end gap-2 whitespace-pre-wrap break-words [.text-message+&amp;]:mt-5 overflow-x-auto\" dir=\"auto\" data-message-author-role=\"assistant\" data-message-id=\"3d7d46f6-7ec2-4222-9257-48fa0bba23c6\" data-suggestions=\"true\">\n<div class=\"flex w-full flex-col gap-1 empty:hidden first:pt-[3px]\">\n<div class=\"markdown prose w-full break-words dark:prose-invert light\">\n<table width=\"288\">\n<tbody>\n<tr>\n<td width=\"137\"><span style=\"color: #333333;\">Nom des produits<\/span><\/td>\n<td width=\"151\">Sac de randonn\u00e9e<\/td>\n<\/tr>\n<tr>\n<td><span style=\"color: #333333;\">Num\u00e9ro d'article<\/span><\/td>\n<td><span style=\"color: #333333;\">PB-2065<\/span><\/td>\n<\/tr>\n<tr>\n<td><span style=\"color: #333333;\">Mat\u00e9riau<\/span><\/td>\n<td>Ripstop<\/td>\n<\/tr>\n<tr>\n<td><span style=\"color: #333333;\">\u00a0Taille et couleur<\/span><\/td>\n<td>20.5*12.2*6.3 pouces<\/td>\n<\/tr>\n<tr>\n<td><span style=\"color: #333333;\">\u00a0D\u00e9lai de livraison<\/span><\/td>\n<td><span style=\"color: #333333;\">1-5 jours pour les petites quantit\u00e9s par voie a\u00e9rienne et 30-35 jours pour les grandes quantit\u00e9s par voie maritime.<\/span><\/td>\n<\/tr>\n<\/tbody>\n<\/table>\n<p>En tant que premier fabricant chinois de sacs de randonn\u00e9e et de sacs imperm\u00e9ables, nous sommes sp\u00e9cialis\u00e9s dans la production de sacs de randonn\u00e9e l\u00e9gers de qualit\u00e9 sup\u00e9rieure pour les marques mondiales d'activit\u00e9s de plein air. Notre soci\u00e9t\u00e9 de sacs de randonn\u00e9e propose :<\/p>\n<p>\u2705 <strong>Nylon ultral\u00e9ger 210D ripstop<\/strong> (1.3lbs \u00e0 vide) avec rev\u00eatement \u00e9tanche IPX6<br \/>\n\u2705 <strong>Mod\u00e8les personnalisables<\/strong>\u00a0pour <strong>sacs de randonn\u00e9e \u00e0 marque priv\u00e9e<\/strong><br \/>\n\u2705 <strong>Services OEM\/ODM<\/strong> avec support 3D tech pack<br \/>\n\u2705 <strong>Production de sacs de randonn\u00e9e en vrac<\/strong> avec livraison rapide en 10 jours<\/p>\n<p>Les grossistes et les d\u00e9taillants de sacs de randonn\u00e9e du monde entier lui font confiance. Caract\u00e9ristiques principales :<br \/>\n- Syst\u00e8me dorsal ergonomique \u00e0 flux d'air et \u00e9l\u00e9vateurs de charge r\u00e9glables<br \/>\n- Compatible avec les bouteilles d'hydratation + poches s\u00e9curis\u00e9es RFID<br \/>\n- Pliable en pochette de rangement (7\u2033x5\u2033)<\/p>\n<p><strong>Pourquoi choisir notre usine de sacs de randonn\u00e9e<\/strong>:<br \/>\n\ud83d\udd39 18+ ans d'exp\u00e9rience en tant que leader dans l'exportation de sacs de randonn\u00e9e en Chine<br \/>\n\ud83d\udd39 Prototypage num\u00e9rique gratuit avec votre logo\/couleurs<br \/>\n\ud83d\udd39 Mat\u00e9riaux certifi\u00e9s OEKO-Tex &amp; REACH<br \/>\n\ud83d\udd39 Remise 30% pour les vendeurs de sacs de randonn\u00e9e \u00e0 partir de 3 000 unit\u00e9s<\/p>\n<p>Demandez des \u00e9chantillons gratuits de nos sacs de randonn\u00e9e l\u00e9gers ou obtenez des devis instantan\u00e9s. Les fournisseurs de sacs de randonn\u00e9e appr\u00e9cient :<br \/>\n- Sur mesure MOQ<br \/>\n- Certificats de qualit\u00e9 sp\u00e9cifiques aux lots<br \/>\n- Options prioritaires pour le fret a\u00e9rien et maritime<\/p>\n<\/div>\n<\/div>\n<\/div>\n<\/div>","protected":false},"excerpt":{"rendered":"<h2 data-immersive-translate-walked=\"344be1c1-5052-41eb-8fcd-0dbe236a0d6b\" data-immersive-translate-paragraph=\"1\">Sac \u00e0 dos de camping l\u00e9ger Sac de randonn\u00e9e<\/h2>\n<ul class=\"list-paddingleft-2\">\n<li>Sangles r\u00e9glables - R\u00e9glez la tension selon vos besoins, pour attacher votre sac \u00e0 dos ou suspendre un sac de couchage, un matelas, un hamac, etc.<\/li>\n<li>Sac de voyage multifonctionnel, d'une capacit\u00e9 de 50 litres, comprenant un compartiment principal, deux poches frontales zipp\u00e9es, un compartiment pour sac de couchage, des poches lat\u00e9rales en filet. Vous pouvez y ranger votre tente, votre couverture ou votre mat\u00e9riel de cuisine, id\u00e9al pour les aventures de 2 \u00e0 4 jours.<\/li>\n<\/ul>","protected":false},"featured_media":3478,"template":"","meta":{"_uag_custom_page_level_css":""},"product_brand":[],"product_cat":[60,45,68],"product_tag":[],"class_list":{"0":"post-3472","1":"product","2":"type-product","3":"status-publish","4":"has-post-thumbnail","6":"product_cat-backpack","7":"product_cat-hiking-bag","8":"product_cat-travel-bag","10":"first","11":"instock","12":"shipping-taxable","13":"product-type-simple"},"uagb_featured_image_src":{"full":["https:\/\/pecbag.com\/wp-content\/uploads\/2025\/05\/Camping-Backpack-lightweight-Hiking-Bag-5.jpeg",960,960,false],"thumbnail":["https:\/\/pecbag.com\/wp-content\/uploads\/2025\/05\/Camping-Backpack-lightweight-Hiking-Bag-5-150x150.jpeg",150,150,true],"medium":["https:\/\/pecbag.com\/wp-content\/uploads\/2025\/05\/Camping-Backpack-lightweight-Hiking-Bag-5-300x300.jpeg",300,300,true],"medium_large":["https:\/\/pecbag.com\/wp-content\/uploads\/2025\/05\/Camping-Backpack-lightweight-Hiking-Bag-5-768x768.jpeg",768,768,true],"large":["https:\/\/pecbag.com\/wp-content\/uploads\/2025\/05\/Camping-Backpack-lightweight-Hiking-Bag-5.jpeg",800,800,false],"1536x1536":["https:\/\/pecbag.com\/wp-content\/uploads\/2025\/05\/Camping-Backpack-lightweight-Hiking-Bag-5.jpeg",960,960,false],"2048x2048":["https:\/\/pecbag.com\/wp-content\/uploads\/2025\/05\/Camping-Backpack-lightweight-Hiking-Bag-5.jpeg",960,960,false],"trp-custom-language-flag":["https:\/\/pecbag.com\/wp-content\/uploads\/2025\/05\/Camping-Backpack-lightweight-Hiking-Bag-5-12x12.jpeg",12,12,true],"woocommerce_thumbnail":["https:\/\/pecbag.com\/wp-content\/uploads\/2025\/05\/Camping-Backpack-lightweight-Hiking-Bag-5-300x300.jpeg",300,300,true],"woocommerce_single":["https:\/\/pecbag.com\/wp-content\/uploads\/2025\/05\/Camping-Backpack-lightweight-Hiking-Bag-5-600x600.jpeg",600,600,true],"woocommerce_gallery_thumbnail":["https:\/\/pecbag.com\/wp-content\/uploads\/2025\/05\/Camping-Backpack-lightweight-Hiking-Bag-5-100x100.jpeg",100,100,true]},"uagb_author_info":{"display_name":"Lawrence","author_link":"https:\/\/pecbag.com\/fr\/author\/"},"uagb_comment_info":0,"uagb_excerpt":"Camping Backpack lightweight Hiking Bag Adjustable Straps- adjust the tightness as you need, for tying up your pack or hanging sleeping bag, mat, hammock, etc, Suitable for all people. Multi-functional travel bag, 50L high-capacity includes a main compartment, two zipped front pockets, a sleeping bag compartment, mesh side pockets, you can put your tents, blanket,\u2026","_links":{"self":[{"href":"https:\/\/pecbag.com\/fr\/wp-json\/wp\/v2\/product\/3472","targetHints":{"allow":["GET"]}}],"collection":[{"href":"https:\/\/pecbag.com\/fr\/wp-json\/wp\/v2\/product"}],"about":[{"href":"https:\/\/pecbag.com\/fr\/wp-json\/wp\/v2\/types\/product"}],"wp:featuredmedia":[{"embeddable":true,"href":"https:\/\/pecbag.com\/fr\/wp-json\/wp\/v2\/media\/3478"}],"wp:attachment":[{"href":"https:\/\/pecbag.com\/fr\/wp-json\/wp\/v2\/media?parent=3472"}],"wp:term":[{"taxonomy":"product_brand","embeddable":true,"href":"https:\/\/pecbag.com\/fr\/wp-json\/wp\/v2\/product_brand?post=3472"},{"taxonomy":"product_cat","embeddable":true,"href":"https:\/\/pecbag.com\/fr\/wp-json\/wp\/v2\/product_cat?post=3472"},{"taxonomy":"product_tag","embeddable":true,"href":"https:\/\/pecbag.com\/fr\/wp-json\/wp\/v2\/product_tag?post=3472"}],"curies":[{"name":"wp","href":"https:\/\/api.w.org\/{rel}","templated":true}]}}