{"id":3479,"date":"2025-05-27T03:14:11","date_gmt":"2025-05-27T03:14:11","guid":{"rendered":"https:\/\/pecbag.com\/?post_type=product&#038;p=3479"},"modified":"2025-11-29T01:57:28","modified_gmt":"2025-11-29T01:57:28","slug":"hot-sale-large-capacity-hiking-backpack","status":"publish","type":"product","link":"https:\/\/pecbag.com\/fr\/hot-sale-large-capacity-hiking-backpack\/","title":{"rendered":"Hot Sale Large Capacity Hiking Backpack"},"content":{"rendered":"<h5 title=\"Sac \u00e0 dos pliable pour chien Sac \u00e0 bandouli\u00e8re en maille respirante pour petit animal de compagnie Chien Chats\" data-immersive-translate-walked=\"1c928421-2e42-4cd3-8754-5404553c0af5\" data-immersive-translate-paragraph=\"1\" data-spm-anchor-id=\"a2700.details.0.i35.4f6757d4w4zNZA\">Sacs \u00e0 dos de randonn\u00e9e de grande capacit\u00e9 en vente \u00e0 chaud | Fabricant de sacs \u00e9tanches et de sacs \u00e0 dos - Bulk Outdoor Solutions<\/h5>\n<div class=\"flex flex-grow flex-col max-w-full\">\n<div class=\"min-h-[20px] text-message flex w-full flex-col items-end gap-2 whitespace-pre-wrap break-words [.text-message+&amp;]:mt-5 overflow-x-auto\" dir=\"auto\" data-message-author-role=\"assistant\" data-message-id=\"3d7d46f6-7ec2-4222-9257-48fa0bba23c6\" data-suggestions=\"true\">\n<div class=\"flex w-full flex-col gap-1 empty:hidden first:pt-[3px]\">\n<div class=\"markdown prose w-full break-words dark:prose-invert light\">\n<table width=\"288\">\n<tbody>\n<tr>\n<td width=\"137\"><span style=\"color: #333333;\">Nom des produits<\/span><\/td>\n<td width=\"151\">Sac de randonn\u00e9e<\/td>\n<\/tr>\n<tr>\n<td><span style=\"color: #333333;\">Num\u00e9ro d'article<\/span><\/td>\n<td><span style=\"color: #333333;\">PB-2066<\/span><\/td>\n<\/tr>\n<tr>\n<td><span style=\"color: #333333;\">Mat\u00e9riau<\/span><\/td>\n<td>Polyester<\/td>\n<\/tr>\n<tr>\n<td><span style=\"color: #333333;\">Taille<\/span><\/td>\n<td>30*15*54 cm<\/td>\n<\/tr>\n<tr>\n<td><span style=\"color: #333333;\">\u00a0D\u00e9lai de livraison<\/span><\/td>\n<td><span style=\"color: #333333;\">1-5 jours pour les petites quantit\u00e9s par voie a\u00e9rienne et 30-35 jours pour les grandes quantit\u00e9s par voie maritime.<\/span><\/td>\n<\/tr>\n<\/tbody>\n<\/table>\n<p>En tant que premier fabricant chinois de sacs de randonn\u00e9e et de sacs imperm\u00e9ables, nous produisons des sacs \u00e0 dos de randonn\u00e9e de grande capacit\u00e9 et de qualit\u00e9 sup\u00e9rieure pour les marques mondiales d'activit\u00e9s de plein air. Notre soci\u00e9t\u00e9 de sacs de randonn\u00e9e propose :<\/p>\n<p>\u2705 <strong>Capacit\u00e9 accrue 60L-90L<\/strong> avec sangle MOLLE pour la fixation du mat\u00e9riel<br \/>\n\u2705 <strong>Conception \u00e9tanche IPX6<\/strong> (nylon 500D + rev\u00eatement PU)<br \/>\n\u2705 <strong>Services OEM\/ODM<\/strong> pour <strong>sacs de randonn\u00e9e \u00e0 marque priv\u00e9e<\/strong><br \/>\n\u2705 <strong>Production de sacs de randonn\u00e9e en vrac<\/strong> avec livraison rapide en 12 jours<\/p>\n<p>Les grossistes et les d\u00e9taillants de sacs de randonn\u00e9e du monde entier lui font confiance. Caract\u00e9ristiques principales :<\/p>\n<ul>\n<li>Longueur du torse r\u00e9glable et ceinture de hanches portante<\/li>\n<li>Compartiment s\u00e9par\u00e9 pour le sac de couchage et housse de pluie<\/li>\n<li>Manchon d'hydratation compatible avec un r\u00e9servoir de 3L<\/li>\n<\/ul>\n<p><strong>Pourquoi choisir notre usine de sacs de randonn\u00e9e<\/strong>:<br \/>\n\ud83d\udd39 Plus de 15 ans d'exp\u00e9rience en tant que premier exportateur de sacs de randonn\u00e9e en Chine<br \/>\n\ud83d\udd39 Support de conception 3D gratuit avec votre marque<br \/>\n\ud83d\udd39 Mat\u00e9riaux certifi\u00e9s OEKO-Tex &amp; SGS<br \/>\n\ud83d\udd39 25% r\u00e9duction pour les vendeurs de sacs de randonn\u00e9e \u00e0 partir de 2 500 unit\u00e9s<\/p>\n<p>Demandez des \u00e9chantillons gratuits de nos sacs \u00e0 dos de randonn\u00e9e de grande capacit\u00e9 ou obtenez des devis instantan\u00e9s. Les fournisseurs de sacs de randonn\u00e9e re\u00e7oivent :<\/p>\n<ul>\n<li>Flexibilit\u00e9 du MOQ sur mesure<\/li>\n<li>Certificats de qualit\u00e9 sp\u00e9cifiques aux lots<\/li>\n<li>Attribution de l'exp\u00e9dition prioritaire<\/li>\n<\/ul>\n<\/div>\n<\/div>\n<\/div>\n<\/div>","protected":false},"excerpt":{"rendered":"<h2 data-immersive-translate-walked=\"344be1c1-5052-41eb-8fcd-0dbe236a0d6b\" data-immersive-translate-paragraph=\"1\">Hot Sale Large Capacity Hiking Backpack<\/h2>\n<p>Grande capacit\u00e9 et multi-compartiments : Ce sac de randonn\u00e9e est dot\u00e9 de plusieurs compartiments pour faciliter le rangement et l'organisation. Il comprend un compartiment principal zipp\u00e9, une poche frontale zipp\u00e9e, une poche sup\u00e9rieure, deux poches lat\u00e9rales et deux poches sur les hanches. Une poche inf\u00e9rieure sp\u00e9ciale permet d'acc\u00e9der au compartiment principal, d'acc\u00e9der facilement \u00e0 vos objets et de ranger les chaussures ou les v\u00eatements sales lorsqu'elle est ferm\u00e9e. Il est facile de transporter tous les objets essentiels tels que les cl\u00e9s, les cartes, les sacs de couchage, un alpenstock, des bouteilles, un parapluie, etc.<\/p>","protected":false},"featured_media":3482,"template":"","meta":{"_uag_custom_page_level_css":""},"product_brand":[],"product_cat":[60,45,68],"product_tag":[],"class_list":{"0":"post-3479","1":"product","2":"type-product","3":"status-publish","4":"has-post-thumbnail","6":"product_cat-backpack","7":"product_cat-hiking-bag","8":"product_cat-travel-bag","10":"first","11":"instock","12":"shipping-taxable","13":"product-type-simple"},"uagb_featured_image_src":{"full":["https:\/\/pecbag.com\/wp-content\/uploads\/2025\/05\/Hot-Sale-Large-Capacity-Hiking-Backpack-2.jpeg",720,720,false],"thumbnail":["https:\/\/pecbag.com\/wp-content\/uploads\/2025\/05\/Hot-Sale-Large-Capacity-Hiking-Backpack-2-150x150.jpeg",150,150,true],"medium":["https:\/\/pecbag.com\/wp-content\/uploads\/2025\/05\/Hot-Sale-Large-Capacity-Hiking-Backpack-2-300x300.jpeg",300,300,true],"medium_large":["https:\/\/pecbag.com\/wp-content\/uploads\/2025\/05\/Hot-Sale-Large-Capacity-Hiking-Backpack-2.jpeg",720,720,false],"large":["https:\/\/pecbag.com\/wp-content\/uploads\/2025\/05\/Hot-Sale-Large-Capacity-Hiking-Backpack-2.jpeg",720,720,false],"1536x1536":["https:\/\/pecbag.com\/wp-content\/uploads\/2025\/05\/Hot-Sale-Large-Capacity-Hiking-Backpack-2.jpeg",720,720,false],"2048x2048":["https:\/\/pecbag.com\/wp-content\/uploads\/2025\/05\/Hot-Sale-Large-Capacity-Hiking-Backpack-2.jpeg",720,720,false],"trp-custom-language-flag":["https:\/\/pecbag.com\/wp-content\/uploads\/2025\/05\/Hot-Sale-Large-Capacity-Hiking-Backpack-2-12x12.jpeg",12,12,true],"woocommerce_thumbnail":["https:\/\/pecbag.com\/wp-content\/uploads\/2025\/05\/Hot-Sale-Large-Capacity-Hiking-Backpack-2-300x300.jpeg",300,300,true],"woocommerce_single":["https:\/\/pecbag.com\/wp-content\/uploads\/2025\/05\/Hot-Sale-Large-Capacity-Hiking-Backpack-2-600x600.jpeg",600,600,true],"woocommerce_gallery_thumbnail":["https:\/\/pecbag.com\/wp-content\/uploads\/2025\/05\/Hot-Sale-Large-Capacity-Hiking-Backpack-2-100x100.jpeg",100,100,true]},"uagb_author_info":{"display_name":"Lawrence","author_link":"https:\/\/pecbag.com\/fr\/author\/"},"uagb_comment_info":0,"uagb_excerpt":"Hot Sale Large Capacity Hiking Backpack Large Capacity &amp; Multi-Compartment: This Hiking daypack features a multiple-compartments design for easy storage and organization. Includes one main zipped compartment, one zipped front pocket, one top pocket, two side pockets, and two hip pockets. A special bottom pocket provides access to the main compartment, access your items easily,\u2026","_links":{"self":[{"href":"https:\/\/pecbag.com\/fr\/wp-json\/wp\/v2\/product\/3479","targetHints":{"allow":["GET"]}}],"collection":[{"href":"https:\/\/pecbag.com\/fr\/wp-json\/wp\/v2\/product"}],"about":[{"href":"https:\/\/pecbag.com\/fr\/wp-json\/wp\/v2\/types\/product"}],"wp:featuredmedia":[{"embeddable":true,"href":"https:\/\/pecbag.com\/fr\/wp-json\/wp\/v2\/media\/3482"}],"wp:attachment":[{"href":"https:\/\/pecbag.com\/fr\/wp-json\/wp\/v2\/media?parent=3479"}],"wp:term":[{"taxonomy":"product_brand","embeddable":true,"href":"https:\/\/pecbag.com\/fr\/wp-json\/wp\/v2\/product_brand?post=3479"},{"taxonomy":"product_cat","embeddable":true,"href":"https:\/\/pecbag.com\/fr\/wp-json\/wp\/v2\/product_cat?post=3479"},{"taxonomy":"product_tag","embeddable":true,"href":"https:\/\/pecbag.com\/fr\/wp-json\/wp\/v2\/product_tag?post=3479"}],"curies":[{"name":"wp","href":"https:\/\/api.w.org\/{rel}","templated":true}]}}