{"id":3493,"date":"2025-05-27T03:31:37","date_gmt":"2025-05-27T03:31:37","guid":{"rendered":"https:\/\/pecbag.com\/?post_type=product&#038;p=3493"},"modified":"2025-11-29T01:57:18","modified_gmt":"2025-11-29T01:57:18","slug":"custom-logo-large-capacity-tactical-shoulder-bag","status":"publish","type":"product","link":"https:\/\/pecbag.com\/fr\/custom-logo-large-capacity-tactical-shoulder-bag\/","title":{"rendered":"Sac \u00e0 bandouli\u00e8re tactique de grande capacit\u00e9 avec logo personnalis\u00e9"},"content":{"rendered":"<h5 title=\"Sac \u00e0 dos pliable pour chien Sac \u00e0 bandouli\u00e8re en maille respirante pour petit animal de compagnie Chien Chats\" data-immersive-translate-walked=\"1c928421-2e42-4cd3-8754-5404553c0af5\" data-immersive-translate-paragraph=\"1\" data-spm-anchor-id=\"a2700.details.0.i35.4f6757d4w4zNZA\">Sacs \u00e0 bandouli\u00e8re tactiques de grande capacit\u00e9 avec logo personnalis\u00e9 - Fabricant de sacs \u00e9tanches et de sacs \u00e0 dos - Bulk Hunting Gear Solutions<\/h5>\n<div class=\"flex flex-grow flex-col max-w-full\">\n<div class=\"min-h-[20px] text-message flex w-full flex-col items-end gap-2 whitespace-pre-wrap break-words [.text-message+&amp;]:mt-5 overflow-x-auto\" dir=\"auto\" data-message-author-role=\"assistant\" data-message-id=\"3d7d46f6-7ec2-4222-9257-48fa0bba23c6\" data-suggestions=\"true\">\n<div class=\"flex w-full flex-col gap-1 empty:hidden first:pt-[3px]\">\n<div class=\"markdown prose w-full break-words dark:prose-invert light\">\n<table width=\"288\">\n<tbody>\n<tr>\n<td width=\"137\"><span style=\"color: #333333;\">Nom des produits<\/span><\/td>\n<td width=\"151\">Sac de chasse<\/td>\n<\/tr>\n<tr>\n<td><span style=\"color: #333333;\">Num\u00e9ro d'article<\/span><\/td>\n<td><span style=\"color: #333333;\">PB-2068<\/span><\/td>\n<\/tr>\n<tr>\n<td><span style=\"color: #333333;\">Mat\u00e9riau<\/span><\/td>\n<td>Polyester 600D<\/td>\n<\/tr>\n<tr>\n<td><span style=\"color: #333333;\">Sizer<\/span><\/td>\n<td>12,6 x 8,6 x 4,7 pouces<\/td>\n<\/tr>\n<tr>\n<td><span style=\"color: #333333;\">\u00a0D\u00e9lai de livraison<\/span><\/td>\n<td><span style=\"color: #333333;\">1-5 jours pour les petites quantit\u00e9s par voie a\u00e9rienne et 30-35 jours pour les grandes quantit\u00e9s par voie maritime.<\/span><\/td>\n<\/tr>\n<\/tbody>\n<\/table>\n<p>En tant que premier fabricant chinois de sacs de chasse et de sacs \u00e9tanches, nous concevons des sacs \u00e0 bandouli\u00e8re tactiques de grande capacit\u00e9 avec logo personnalis\u00e9 pour les professionnels des activit\u00e9s de plein air du monde entier. Notre soci\u00e9t\u00e9 de sacs de chasse fournit :<\/p>\n<p>\u2705 <strong>Capacit\u00e9 extensible de 30 litres<\/strong> avec sangles MOLLE\/PALS (500D Cordura\u00ae)<br \/>\n\u2705 <strong>Fermetures \u00e9clair \u00e9tanches IPX6<\/strong> + compartiments de blocage RFID (MOQ 50pcs)<br \/>\n\u2705 <strong>Services OEM\/ODM<\/strong> pour <strong>sacs de chasse \u00e0 marque priv\u00e9e<\/strong><br \/>\n\u2705 <strong>Production de sacs de chasse en vrac<\/strong> avec livraison rapide en 12 jours<\/p>\n<p>Les grossistes en sacs de chasse et les marques tactiques du monde entier lui font confiance. Caract\u00e9ristiques principales :<br \/>\n- Rabat d'arme \u00e0 acc\u00e8s rapide ambidextre<br \/>\n- Doublure r\u00e9sistante au sang et technologie de contr\u00f4le des odeurs<br \/>\n- Porte-appel \u00e0 gibier int\u00e9gr\u00e9 et boucles d'obus<\/p>\n<p><strong>Pourquoi s'associer \u00e0 notre usine de sacs de chasse<\/strong>:<br \/>\n\ud83d\udd39 Plus de 15 ans d'exp\u00e9rience en tant que premier exportateur de sacs de chasse en Chine<br \/>\n\ud83d\udd39 Prototypage num\u00e9rique 3D gratuit avec votre logo<br \/>\n\ud83d\udd39 Test\u00e9 MIL-SPEC et certifi\u00e9 OEKO-Tex<br \/>\n\ud83d\udd39 25% r\u00e9duction pour les vendeurs de sacs de chasse \u00e0 partir de 2 000 unit\u00e9s<\/p>\n<p>Demandez des \u00e9chantillons gratuits de nos sacs \u00e0 bandouli\u00e8re tactiques ou obtenez des devis instantan\u00e9s. Les fournisseurs de sacs de chasse appr\u00e9cient :<br \/>\n- D\u00e9veloppement de motifs de camouflage personnalis\u00e9s<br \/>\n- Certifications du nylon balistique sp\u00e9cifiques aux lots<br \/>\n- Affectation prioritaire du fret a\u00e9rien<\/p>\n<\/div>\n<\/div>\n<\/div>\n<\/div>","protected":false},"excerpt":{"rendered":"<h2 data-immersive-translate-walked=\"344be1c1-5052-41eb-8fcd-0dbe236a0d6b\" data-immersive-translate-paragraph=\"1\">Sac \u00e0 bandouli\u00e8re tactique de grande capacit\u00e9 avec logo personnalis\u00e9<\/h2>\n<p>Nous fournissons des sacs de qualit\u00e9 sup\u00e9rieure avec une personnalisation compl\u00e8te de la taille et de la couleur, des tissus durables et une qualit\u00e9 certifi\u00e9e.<\/p>\n<p>B\u00e9n\u00e9ficiez de MOQ flexibles, d'une exp\u00e9dition mondiale rapide et de solutions de marques priv\u00e9es.<\/p>\n<p>Contactez-nous d\u00e8s aujourd'hui !<\/p>","protected":false},"featured_media":3494,"template":"","meta":{"_uag_custom_page_level_css":""},"product_brand":[],"product_cat":[54,46,45,64],"product_tag":[],"class_list":{"0":"post-3493","1":"product","2":"type-product","3":"status-publish","4":"has-post-thumbnail","6":"product_cat-hunting-bag","7":"product_cat-fishing-bag","8":"product_cat-hiking-bag","9":"product_cat-shoulder-bag","11":"first","12":"instock","13":"shipping-taxable","14":"product-type-simple"},"uagb_featured_image_src":{"full":["https:\/\/pecbag.com\/wp-content\/uploads\/2025\/05\/Custom-Logo-Large-Capacity-Tactical-Shoulder-bag-6.jpeg",960,960,false],"thumbnail":["https:\/\/pecbag.com\/wp-content\/uploads\/2025\/05\/Custom-Logo-Large-Capacity-Tactical-Shoulder-bag-6-150x150.jpeg",150,150,true],"medium":["https:\/\/pecbag.com\/wp-content\/uploads\/2025\/05\/Custom-Logo-Large-Capacity-Tactical-Shoulder-bag-6-300x300.jpeg",300,300,true],"medium_large":["https:\/\/pecbag.com\/wp-content\/uploads\/2025\/05\/Custom-Logo-Large-Capacity-Tactical-Shoulder-bag-6-768x768.jpeg",768,768,true],"large":["https:\/\/pecbag.com\/wp-content\/uploads\/2025\/05\/Custom-Logo-Large-Capacity-Tactical-Shoulder-bag-6.jpeg",800,800,false],"1536x1536":["https:\/\/pecbag.com\/wp-content\/uploads\/2025\/05\/Custom-Logo-Large-Capacity-Tactical-Shoulder-bag-6.jpeg",960,960,false],"2048x2048":["https:\/\/pecbag.com\/wp-content\/uploads\/2025\/05\/Custom-Logo-Large-Capacity-Tactical-Shoulder-bag-6.jpeg",960,960,false],"trp-custom-language-flag":["https:\/\/pecbag.com\/wp-content\/uploads\/2025\/05\/Custom-Logo-Large-Capacity-Tactical-Shoulder-bag-6-12x12.jpeg",12,12,true],"woocommerce_thumbnail":["https:\/\/pecbag.com\/wp-content\/uploads\/2025\/05\/Custom-Logo-Large-Capacity-Tactical-Shoulder-bag-6-300x300.jpeg",300,300,true],"woocommerce_single":["https:\/\/pecbag.com\/wp-content\/uploads\/2025\/05\/Custom-Logo-Large-Capacity-Tactical-Shoulder-bag-6-600x600.jpeg",600,600,true],"woocommerce_gallery_thumbnail":["https:\/\/pecbag.com\/wp-content\/uploads\/2025\/05\/Custom-Logo-Large-Capacity-Tactical-Shoulder-bag-6-100x100.jpeg",100,100,true]},"uagb_author_info":{"display_name":"Lawrence","author_link":"https:\/\/pecbag.com\/fr\/author\/"},"uagb_comment_info":0,"uagb_excerpt":"Custom Logo Large Capacity Tactical Shoulder Bag We provide premium bags with full-size and color customization, durable fabrics, and certified quality. Enjoy flexible MOQs, fast global shipping, and private label solutions. Contact us today!","_links":{"self":[{"href":"https:\/\/pecbag.com\/fr\/wp-json\/wp\/v2\/product\/3493","targetHints":{"allow":["GET"]}}],"collection":[{"href":"https:\/\/pecbag.com\/fr\/wp-json\/wp\/v2\/product"}],"about":[{"href":"https:\/\/pecbag.com\/fr\/wp-json\/wp\/v2\/types\/product"}],"wp:featuredmedia":[{"embeddable":true,"href":"https:\/\/pecbag.com\/fr\/wp-json\/wp\/v2\/media\/3494"}],"wp:attachment":[{"href":"https:\/\/pecbag.com\/fr\/wp-json\/wp\/v2\/media?parent=3493"}],"wp:term":[{"taxonomy":"product_brand","embeddable":true,"href":"https:\/\/pecbag.com\/fr\/wp-json\/wp\/v2\/product_brand?post=3493"},{"taxonomy":"product_cat","embeddable":true,"href":"https:\/\/pecbag.com\/fr\/wp-json\/wp\/v2\/product_cat?post=3493"},{"taxonomy":"product_tag","embeddable":true,"href":"https:\/\/pecbag.com\/fr\/wp-json\/wp\/v2\/product_tag?post=3493"}],"curies":[{"name":"wp","href":"https:\/\/api.w.org\/{rel}","templated":true}]}}