{"id":3500,"date":"2025-05-27T03:45:00","date_gmt":"2025-05-27T03:45:00","guid":{"rendered":"https:\/\/pecbag.com\/?post_type=product&#038;p=3500"},"modified":"2025-11-29T01:57:12","modified_gmt":"2025-11-29T01:57:12","slug":"camo-600d-polyester-waterproof-waist-bag","status":"publish","type":"product","link":"https:\/\/pecbag.com\/fr\/camo-600d-polyester-waterproof-waist-bag\/","title":{"rendered":"Sac de taille Camo 600D Polyester Waterproof"},"content":{"rendered":"<h5 title=\"Sac \u00e0 dos pliable pour chien Sac \u00e0 bandouli\u00e8re en maille respirante pour petit animal de compagnie Chien Chats\" data-immersive-translate-walked=\"1c928421-2e42-4cd3-8754-5404553c0af5\" data-immersive-translate-paragraph=\"1\" data-spm-anchor-id=\"a2700.details.0.i35.4f6757d4w4zNZA\">Camo 600D Polyester Waterproof Waist Bags | Waterproof Bag Factory &amp; Backpack Manufacturer - Bulk Hunting Gear Solutions<\/h5>\n<div class=\"flex flex-grow flex-col max-w-full\">\n<div class=\"min-h-[20px] text-message flex w-full flex-col items-end gap-2 whitespace-pre-wrap break-words [.text-message+&amp;]:mt-5 overflow-x-auto\" dir=\"auto\" data-message-author-role=\"assistant\" data-message-id=\"3d7d46f6-7ec2-4222-9257-48fa0bba23c6\" data-suggestions=\"true\">\n<div class=\"flex w-full flex-col gap-1 empty:hidden first:pt-[3px]\">\n<div class=\"markdown prose w-full break-words dark:prose-invert light\">\n<table width=\"288\">\n<tbody>\n<tr>\n<td width=\"137\"><span style=\"color: #333333;\">Nom des produits<\/span><\/td>\n<td width=\"151\">Sac de chasse<\/td>\n<\/tr>\n<tr>\n<td><span style=\"color: #333333;\">Num\u00e9ro d'article<\/span><\/td>\n<td><span style=\"color: #333333;\">PB-2069<\/span><\/td>\n<\/tr>\n<tr>\n<td><span style=\"color: #333333;\">Mat\u00e9riau<\/span><\/td>\n<td>Polyester 600D<\/td>\n<\/tr>\n<tr>\n<td><span style=\"color: #333333;\">Taille<\/span><\/td>\n<td>55 cm*14 cm<\/td>\n<\/tr>\n<tr>\n<td><span style=\"color: #333333;\">\u00a0D\u00e9lai de livraison<\/span><\/td>\n<td><span style=\"color: #333333;\">1-5 jours pour les petites quantit\u00e9s par voie a\u00e9rienne et 30-35 jours pour les grandes quantit\u00e9s par voie maritime.<\/span><\/td>\n<\/tr>\n<\/tbody>\n<\/table>\n<p>En tant que premier fabricant chinois de sacs de chasse et de sacs imperm\u00e9ables, nous sommes sp\u00e9cialis\u00e9s dans les sacs de taille tactiques en polyester 600D camo imperm\u00e9able pour les professionnels du plein air du monde entier. Notre soci\u00e9t\u00e9 de sacs de chasse offre :<\/p>\n<p>\u2705 <strong>Motifs de camouflage multi-terrains<\/strong> (Bois\/D\u00e9sert\/Neige) avec technologie de blocage des odeurs<br \/>\n\u2705 <strong>Fermetures \u00e9clair \u00e9tanches IPX6<\/strong> + polyester ripstop 600D (MOQ 50pcs)<br \/>\n\u2705 <strong>Services OEM\/ODM<\/strong> pour <strong>sacs de chasse \u00e0 marque priv\u00e9e<\/strong><br \/>\n\u2705 <strong>Production de sacs de chasse en vrac<\/strong> avec livraison rapide en 10 jours<\/p>\n<p>Les grossistes en sacs de chasse et les marques tactiques du monde entier lui font confiance. Caract\u00e9ristiques principales :<br \/>\n- Conception ambidextre \u00e0 extraction rapide avec fermetures magn\u00e9tiques silencieuses<br \/>\n- Fond en maille drainant le sang et boucles d'appel pour le gibier<br \/>\n- Compatible avec les syst\u00e8mes de sangles Molle\/PALS<\/p>\n<p><strong>Pourquoi choisir notre usine de sacs de chasse<\/strong>:<br \/>\n\ud83d\udd39 12+ years as top hunting bag exporters from China (plus de 12 ans d'exp\u00e9rience dans l'exportation de sacs de chasse en Chine)<br \/>\n\ud83d\udd39 Personnalisation gratuite du motif camouflage num\u00e9rique<br \/>\n\ud83d\udd39 Test\u00e9 selon la norme MIL-STD-810G et certifi\u00e9 OEKO-Tex<br \/>\n\ud83d\udd39 Remise 30% pour les vendeurs de sacs de chasse \u00e0 partir de 3 000 unit\u00e9s<\/p>\n<p>Demandez des \u00e9chantillons gratuits de nos sacs de taille imperm\u00e9ables ou obtenez des devis instantan\u00e9s. Les fournisseurs de sacs de chasse appr\u00e9cient :<br \/>\n- Options de camouflage par imagerie thermique personnalis\u00e9es<br \/>\n- Certification des mat\u00e9riaux sp\u00e9cifiques \u00e0 un lot<br \/>\n- Attribution prioritaire du fret a\u00e9rien et maritime<\/p>\n<\/div>\n<\/div>\n<\/div>\n<\/div>","protected":false},"excerpt":{"rendered":"<h2 data-immersive-translate-walked=\"344be1c1-5052-41eb-8fcd-0dbe236a0d6b\" data-immersive-translate-paragraph=\"1\">Sac de taille Camo 600D Polyester Waterproof<\/h2>\n<p>Nous fournissons des sacs de qualit\u00e9 sup\u00e9rieure avec une personnalisation compl\u00e8te de la taille et de la couleur, des tissus durables et une qualit\u00e9 certifi\u00e9e.<\/p>\n<p>B\u00e9n\u00e9ficiez de MOQ flexibles, d'une exp\u00e9dition mondiale rapide et de solutions de marques priv\u00e9es.<\/p>\n<p>Contactez-nous d\u00e8s aujourd'hui !<\/p>","protected":false},"featured_media":3504,"template":"","meta":{"_uag_custom_page_level_css":""},"product_brand":[],"product_cat":[54,66],"product_tag":[],"class_list":{"0":"post-3500","1":"product","2":"type-product","3":"status-publish","4":"has-post-thumbnail","6":"product_cat-hunting-bag","7":"product_cat-waterproof-bag","9":"first","10":"instock","11":"shipping-taxable","12":"product-type-simple"},"uagb_featured_image_src":{"full":["https:\/\/pecbag.com\/wp-content\/uploads\/2025\/05\/Camo-600D-Polyester-Waterproof-Waist-Bag-3.jpeg",960,960,false],"thumbnail":["https:\/\/pecbag.com\/wp-content\/uploads\/2025\/05\/Camo-600D-Polyester-Waterproof-Waist-Bag-3-150x150.jpeg",150,150,true],"medium":["https:\/\/pecbag.com\/wp-content\/uploads\/2025\/05\/Camo-600D-Polyester-Waterproof-Waist-Bag-3-300x300.jpeg",300,300,true],"medium_large":["https:\/\/pecbag.com\/wp-content\/uploads\/2025\/05\/Camo-600D-Polyester-Waterproof-Waist-Bag-3-768x768.jpeg",768,768,true],"large":["https:\/\/pecbag.com\/wp-content\/uploads\/2025\/05\/Camo-600D-Polyester-Waterproof-Waist-Bag-3.jpeg",800,800,false],"1536x1536":["https:\/\/pecbag.com\/wp-content\/uploads\/2025\/05\/Camo-600D-Polyester-Waterproof-Waist-Bag-3.jpeg",960,960,false],"2048x2048":["https:\/\/pecbag.com\/wp-content\/uploads\/2025\/05\/Camo-600D-Polyester-Waterproof-Waist-Bag-3.jpeg",960,960,false],"trp-custom-language-flag":["https:\/\/pecbag.com\/wp-content\/uploads\/2025\/05\/Camo-600D-Polyester-Waterproof-Waist-Bag-3-12x12.jpeg",12,12,true],"woocommerce_thumbnail":["https:\/\/pecbag.com\/wp-content\/uploads\/2025\/05\/Camo-600D-Polyester-Waterproof-Waist-Bag-3-300x300.jpeg",300,300,true],"woocommerce_single":["https:\/\/pecbag.com\/wp-content\/uploads\/2025\/05\/Camo-600D-Polyester-Waterproof-Waist-Bag-3-600x600.jpeg",600,600,true],"woocommerce_gallery_thumbnail":["https:\/\/pecbag.com\/wp-content\/uploads\/2025\/05\/Camo-600D-Polyester-Waterproof-Waist-Bag-3-100x100.jpeg",100,100,true]},"uagb_author_info":{"display_name":"Lawrence","author_link":"https:\/\/pecbag.com\/fr\/author\/"},"uagb_comment_info":0,"uagb_excerpt":"Camo 600D Polyester Waterproof Waist Bag We provide premium bags with full-size and color customization, durable fabrics, and certified quality. Enjoy flexible MOQs, fast global shipping, and private label solutions. Contact us today!","_links":{"self":[{"href":"https:\/\/pecbag.com\/fr\/wp-json\/wp\/v2\/product\/3500","targetHints":{"allow":["GET"]}}],"collection":[{"href":"https:\/\/pecbag.com\/fr\/wp-json\/wp\/v2\/product"}],"about":[{"href":"https:\/\/pecbag.com\/fr\/wp-json\/wp\/v2\/types\/product"}],"wp:featuredmedia":[{"embeddable":true,"href":"https:\/\/pecbag.com\/fr\/wp-json\/wp\/v2\/media\/3504"}],"wp:attachment":[{"href":"https:\/\/pecbag.com\/fr\/wp-json\/wp\/v2\/media?parent=3500"}],"wp:term":[{"taxonomy":"product_brand","embeddable":true,"href":"https:\/\/pecbag.com\/fr\/wp-json\/wp\/v2\/product_brand?post=3500"},{"taxonomy":"product_cat","embeddable":true,"href":"https:\/\/pecbag.com\/fr\/wp-json\/wp\/v2\/product_cat?post=3500"},{"taxonomy":"product_tag","embeddable":true,"href":"https:\/\/pecbag.com\/fr\/wp-json\/wp\/v2\/product_tag?post=3500"}],"curies":[{"name":"wp","href":"https:\/\/api.w.org\/{rel}","templated":true}]}}