{"id":3507,"date":"2025-05-27T03:52:20","date_gmt":"2025-05-27T03:52:20","guid":{"rendered":"https:\/\/pecbag.com\/?post_type=product&#038;p=3507"},"modified":"2025-11-29T01:57:04","modified_gmt":"2025-11-29T01:57:04","slug":"waterproof-camo-hunting-portable-bag","status":"publish","type":"product","link":"https:\/\/pecbag.com\/fr\/waterproof-camo-hunting-portable-bag\/","title":{"rendered":"Sac de chasse portable Camo \u00e9tanche"},"content":{"rendered":"<h5 title=\"Sac \u00e0 dos pliable pour chien Sac \u00e0 bandouli\u00e8re en maille respirante pour petit animal de compagnie Chien Chats\" data-immersive-translate-walked=\"1c928421-2e42-4cd3-8754-5404553c0af5\" data-immersive-translate-paragraph=\"1\" data-spm-anchor-id=\"a2700.details.0.i35.4f6757d4w4zNZA\">Sacs de chasse portables Camo imperm\u00e9ables | Fabricant de sacs imperm\u00e9ables et de sacs \u00e0 dos - Bulk Outdoor Solutions<\/h5>\n<div class=\"flex flex-grow flex-col max-w-full\">\n<div class=\"min-h-[20px] text-message flex w-full flex-col items-end gap-2 whitespace-pre-wrap break-words [.text-message+&amp;]:mt-5 overflow-x-auto\" dir=\"auto\" data-message-author-role=\"assistant\" data-message-id=\"3d7d46f6-7ec2-4222-9257-48fa0bba23c6\" data-suggestions=\"true\">\n<div class=\"flex w-full flex-col gap-1 empty:hidden first:pt-[3px]\">\n<div class=\"markdown prose w-full break-words dark:prose-invert light\">\n<table style=\"height: 262px;\" width=\"323\">\n<tbody>\n<tr>\n<td width=\"137\"><span style=\"color: #333333;\">Nom des produits<\/span><\/td>\n<td width=\"151\">Sac de chasse<\/td>\n<\/tr>\n<tr>\n<td><span style=\"color: #333333;\">Num\u00e9ro d'article<\/span><\/td>\n<td><span style=\"color: #333333;\">PB-2070<\/span><\/td>\n<\/tr>\n<tr>\n<td><span style=\"color: #333333;\">Mat\u00e9riau<\/span><\/td>\n<td>Polyester 600D Camo<\/td>\n<\/tr>\n<tr>\n<td><span style=\"color: #333333;\">Taille<\/span><\/td>\n<td>12,6 x 9,8 x 20,9 pouces<\/td>\n<\/tr>\n<tr>\n<td><span style=\"color: #333333;\">\u00a0D\u00e9lai de livraison<\/span><\/td>\n<td><span style=\"color: #333333;\">1-5 jours pour les petites quantit\u00e9s par voie a\u00e9rienne et 30-35 jours pour les grandes quantit\u00e9s par voie maritime.<\/span><\/td>\n<\/tr>\n<\/tbody>\n<\/table>\n<p>En tant que premier fabricant chinois de sacs de chasse et de sacs imperm\u00e9ables, nous concevons des sacs de chasse tactiques imperm\u00e9ables en camouflage pour les professionnels des activit\u00e9s de plein air du monde entier. Notre soci\u00e9t\u00e9 de sacs de chasse livre :<\/p>\n<p>\u2705 <strong>Motifs de camouflage multi-terrains<\/strong> (Bois\/Arctique\/D\u00e9sert) avec technologie de blocage des odeurs<br \/>\n\u2705 <strong>Conception \u00e9tanche IPX7<\/strong> (polyester 600D + coutures soud\u00e9es)<br \/>\n\u2705 <strong>Services OEM\/ODM<\/strong> pour <strong>sacs de chasse \u00e0 marque priv\u00e9e<\/strong> (MOQ 50pcs)<br \/>\n\u2705 <strong>Production de sacs de chasse en vrac<\/strong> avec livraison rapide en 10 jours<\/p>\n<p>Les grossistes en sacs de chasse et les marques tactiques du monde entier lui font confiance. Caract\u00e9ristiques principales :<br \/>\n- Fermetures magn\u00e9tiques silencieuses et acc\u00e8s ambidextre<br \/>\n- Fond en maille drainant le sang + organisateur d'appels de jeu<br \/>\n- Pliable en une pochette de 8\u2033x6\u2033 pour une portabilit\u00e9 ultral\u00e9g\u00e8re<\/p>\n<p><strong>Pourquoi s'associer \u00e0 notre usine de sacs de chasse<\/strong>:<br \/>\n\ud83d\udd39 Plus de 15 ans d'exp\u00e9rience en tant que premier exportateur de sacs de chasse en Chine<br \/>\n\ud83d\udd39 Personnalisation gratuite du motif camouflage en 3D<br \/>\n\ud83d\udd39 Test\u00e9 selon la norme MIL-STD-810G et certifi\u00e9 OEKO-Tex<br \/>\n\ud83d\udd39 25% r\u00e9duction pour les vendeurs de sacs de chasse sur plus de 2 500 unit\u00e9s<\/p>\n<p>Demandez des \u00e9chantillons gratuits de nos sacs camouflage imperm\u00e9ables ou obtenez des devis instantan\u00e9s. Les fournisseurs de sacs de chasse appr\u00e9cient :<br \/>\n- Am\u00e9liorations des compartiments bloquant la RFID<br \/>\n- Certifications de mat\u00e9riaux sp\u00e9cifiques \u00e0 un lot<br \/>\n- Affectation prioritaire du fret a\u00e9rien<\/p>\n<\/div>\n<\/div>\n<\/div>\n<\/div>","protected":false},"excerpt":{"rendered":"<h2 data-immersive-translate-walked=\"344be1c1-5052-41eb-8fcd-0dbe236a0d6b\" data-immersive-translate-paragraph=\"1\">Sac de chasse portable Camo \u00e9tanche<\/h2>\n<p>1. \u3010Durable &amp; Stealthy\u3011 Construit avec un tissu 600D durable, qui est con\u00e7u pour r\u00e9sister aux perforations et au bruit, vous assurant de rester non d\u00e9tect\u00e9 dans la for\u00eat. Le motif de camouflage fournit un camouflage optimal pendant la chasse, vous permettant de vous fondre parfaitement dans votre environnement.<\/p>\n<p>2. \u3010Deux options de capacit\u00e9\u3011La capacit\u00e9 de 30L est parfaite pour les chasseurs qui pr\u00e9f\u00e8rent une option compacte et l\u00e9g\u00e8re. Elle offre suffisamment d'espace pour ranger le mat\u00e9riel et les fournitures essentiels tout en conservant un profil profil\u00e9 et agile. La capacit\u00e9 de 30L est id\u00e9ale pour les chasses d'une journ\u00e9e ou les voyages de chasse plus courts.<\/p>","protected":false},"featured_media":3510,"template":"","meta":{"_uag_custom_page_level_css":""},"product_brand":[],"product_cat":[54,60,44,66],"product_tag":[],"class_list":{"0":"post-3507","1":"product","2":"type-product","3":"status-publish","4":"has-post-thumbnail","6":"product_cat-hunting-bag","7":"product_cat-backpack","8":"product_cat-camping-bags","9":"product_cat-waterproof-bag","11":"first","12":"instock","13":"shipping-taxable","14":"product-type-simple"},"uagb_featured_image_src":{"full":["https:\/\/pecbag.com\/wp-content\/uploads\/2025\/05\/Waterproof-Camo-Hunting-Pack-Portable-Storage-Bag-2.jpeg",960,960,false],"thumbnail":["https:\/\/pecbag.com\/wp-content\/uploads\/2025\/05\/Waterproof-Camo-Hunting-Pack-Portable-Storage-Bag-2-150x150.jpeg",150,150,true],"medium":["https:\/\/pecbag.com\/wp-content\/uploads\/2025\/05\/Waterproof-Camo-Hunting-Pack-Portable-Storage-Bag-2-300x300.jpeg",300,300,true],"medium_large":["https:\/\/pecbag.com\/wp-content\/uploads\/2025\/05\/Waterproof-Camo-Hunting-Pack-Portable-Storage-Bag-2-768x768.jpeg",768,768,true],"large":["https:\/\/pecbag.com\/wp-content\/uploads\/2025\/05\/Waterproof-Camo-Hunting-Pack-Portable-Storage-Bag-2.jpeg",800,800,false],"1536x1536":["https:\/\/pecbag.com\/wp-content\/uploads\/2025\/05\/Waterproof-Camo-Hunting-Pack-Portable-Storage-Bag-2.jpeg",960,960,false],"2048x2048":["https:\/\/pecbag.com\/wp-content\/uploads\/2025\/05\/Waterproof-Camo-Hunting-Pack-Portable-Storage-Bag-2.jpeg",960,960,false],"trp-custom-language-flag":["https:\/\/pecbag.com\/wp-content\/uploads\/2025\/05\/Waterproof-Camo-Hunting-Pack-Portable-Storage-Bag-2-12x12.jpeg",12,12,true],"woocommerce_thumbnail":["https:\/\/pecbag.com\/wp-content\/uploads\/2025\/05\/Waterproof-Camo-Hunting-Pack-Portable-Storage-Bag-2-300x300.jpeg",300,300,true],"woocommerce_single":["https:\/\/pecbag.com\/wp-content\/uploads\/2025\/05\/Waterproof-Camo-Hunting-Pack-Portable-Storage-Bag-2-600x600.jpeg",600,600,true],"woocommerce_gallery_thumbnail":["https:\/\/pecbag.com\/wp-content\/uploads\/2025\/05\/Waterproof-Camo-Hunting-Pack-Portable-Storage-Bag-2-100x100.jpeg",100,100,true]},"uagb_author_info":{"display_name":"Lawrence","author_link":"https:\/\/pecbag.com\/fr\/author\/"},"uagb_comment_info":0,"uagb_excerpt":"Waterproof Camo Hunting Portable Bag 1. \u3010Durable &amp; Stealthy\u3011 Constructed with durable 600D fabric, which is designed to resist punctures and noise, ensuring you remain undetected in the forest. The camouflage pattern provides optimal camouflage during hunting, allowing you to blend seamlessly with your surroundings. 2. \u3010Two Capacity Options\u301130L capacity is perfect for hunters who\u2026","_links":{"self":[{"href":"https:\/\/pecbag.com\/fr\/wp-json\/wp\/v2\/product\/3507","targetHints":{"allow":["GET"]}}],"collection":[{"href":"https:\/\/pecbag.com\/fr\/wp-json\/wp\/v2\/product"}],"about":[{"href":"https:\/\/pecbag.com\/fr\/wp-json\/wp\/v2\/types\/product"}],"wp:featuredmedia":[{"embeddable":true,"href":"https:\/\/pecbag.com\/fr\/wp-json\/wp\/v2\/media\/3510"}],"wp:attachment":[{"href":"https:\/\/pecbag.com\/fr\/wp-json\/wp\/v2\/media?parent=3507"}],"wp:term":[{"taxonomy":"product_brand","embeddable":true,"href":"https:\/\/pecbag.com\/fr\/wp-json\/wp\/v2\/product_brand?post=3507"},{"taxonomy":"product_cat","embeddable":true,"href":"https:\/\/pecbag.com\/fr\/wp-json\/wp\/v2\/product_cat?post=3507"},{"taxonomy":"product_tag","embeddable":true,"href":"https:\/\/pecbag.com\/fr\/wp-json\/wp\/v2\/product_tag?post=3507"}],"curies":[{"name":"wp","href":"https:\/\/api.w.org\/{rel}","templated":true}]}}