{"id":3513,"date":"2025-05-27T04:00:17","date_gmt":"2025-05-27T04:00:17","guid":{"rendered":"https:\/\/pecbag.com\/?post_type=product&#038;p=3513"},"modified":"2025-11-29T01:56:59","modified_gmt":"2025-11-29T01:56:59","slug":"camouflage-outdoor-hunting-fishing-gear-bag","status":"publish","type":"product","link":"https:\/\/pecbag.com\/fr\/camouflage-outdoor-hunting-fishing-gear-bag\/","title":{"rendered":"Sac de voyage camouflage pour la chasse et la p\u00eache"},"content":{"rendered":"<h5 title=\"Sac \u00e0 dos pliable pour chien Sac \u00e0 bandouli\u00e8re en maille respirante pour petit animal de compagnie Chien Chats\" data-immersive-translate-walked=\"1c928421-2e42-4cd3-8754-5404553c0af5\" data-immersive-translate-paragraph=\"1\" data-spm-anchor-id=\"a2700.details.0.i35.4f6757d4w4zNZA\">Sacs de chasse et de p\u00eache camouflage - Fabricant de sacs \u00e9tanches et de sacs \u00e0 dos - Bulk Tactical Solutions<\/h5>\n<div class=\"flex flex-grow flex-col max-w-full\">\n<div class=\"min-h-[20px] text-message flex w-full flex-col items-end gap-2 whitespace-pre-wrap break-words [.text-message+&amp;]:mt-5 overflow-x-auto\" dir=\"auto\" data-message-author-role=\"assistant\" data-message-id=\"3d7d46f6-7ec2-4222-9257-48fa0bba23c6\" data-suggestions=\"true\">\n<div class=\"flex w-full flex-col gap-1 empty:hidden first:pt-[3px]\">\n<div class=\"markdown prose w-full break-words dark:prose-invert light\">\n<table width=\"288\">\n<tbody>\n<tr>\n<td width=\"137\"><span style=\"color: #333333;\">Nom des produits<\/span><\/td>\n<td width=\"151\">Sac de chasse<\/td>\n<\/tr>\n<tr>\n<td><span style=\"color: #333333;\">Num\u00e9ro d'article<\/span><\/td>\n<td><span style=\"color: #333333;\">PB-2071<\/span><\/td>\n<\/tr>\n<tr>\n<td><span style=\"color: #333333;\">Mat\u00e9riau<\/span><\/td>\n<td>polyester 600D<\/td>\n<\/tr>\n<tr>\n<td><span style=\"color: #333333;\">Taille<\/span><\/td>\n<td>69 x 32 x 34 cm<\/td>\n<\/tr>\n<tr>\n<td><span style=\"color: #333333;\">\u00a0D\u00e9lai de livraison<\/span><\/td>\n<td><span style=\"color: #333333;\">1-5 jours pour les petites quantit\u00e9s par voie a\u00e9rienne et 30-35 jours pour les grandes quantit\u00e9s par voie maritime.<\/span><\/td>\n<\/tr>\n<\/tbody>\n<\/table>\n<p>En tant que premier fabricant chinois de sacs de chasse et de sacs imperm\u00e9ables, nous fabriquons des sacs de chasse et de p\u00eache en camouflage de premi\u00e8re qualit\u00e9 pour les professionnels du monde entier. Notre soci\u00e9t\u00e9 de sacs de chasse offre :<\/p>\n<p>\u2705 <strong>Camouflage multi-environnement<\/strong> (bois\/marais\/arctique) avec technologie de contr\u00f4le des odeurs<br \/>\n\u2705 <strong>Construction \u00e9tanche IPX7<\/strong> (600D Cordura\u00ae + coutures soud\u00e9es)<br \/>\n\u2705 <strong>Services OEM\/ODM<\/strong> pour <strong>\u00e9quipement de chasse sous marque de distributeur<\/strong> (MOQ 50pcs)<br \/>\n\u2705 <strong>Production de sacs de chasse en vrac<\/strong> avec livraison rapide en 12 jours<\/p>\n<p>Les grossistes en sacs de chasse et les marques de produits de plein air du monde entier lui font confiance. Caract\u00e9ristiques principales :<br \/>\n- Fermetures magn\u00e9tiques silencieuses et acc\u00e8s ambidextre<br \/>\n- Compartiment poisson\/gibier avec filet drainant<br \/>\n- Sangle MOLLE\/PALS pour une extension tactique<\/p>\n<p><strong>Pourquoi choisir notre usine de sacs de chasse<\/strong>:<br \/>\n\ud83d\udd39 Plus de 18 ans d'exp\u00e9rience en tant que premier exportateur de sacs de chasse en Chine<br \/>\n\ud83d\udd39 Personnalisation gratuite du camouflage num\u00e9rique en 3D<br \/>\n\ud83d\udd39 Test\u00e9 selon la norme MIL-STD-810G et certifi\u00e9 OEKO-Tex<br \/>\n\ud83d\udd39 Remise 30% pour les vendeurs de sacs de chasse \u00e0 partir de 3 000 unit\u00e9s<\/p>\n<p>Demandez des \u00e9chantillons gratuits de nos sacs d'\u00e9quipement camouflage ou obtenez des devis instantan\u00e9s. Les fournisseurs de sacs de chasse appr\u00e9cient :<br \/>\n- Am\u00e9lioration de la technologie de blocage de la RFID<br \/>\n- Rapports sur le nylon balistique sp\u00e9cifiques aux lots<br \/>\n- Attribution prioritaire de l'espace de chargement<\/p>\n<\/div>\n<\/div>\n<\/div>\n<\/div>","protected":false},"excerpt":{"rendered":"<h2 data-immersive-translate-walked=\"344be1c1-5052-41eb-8fcd-0dbe236a0d6b\" data-immersive-translate-paragraph=\"1\">Sac de voyage camouflage pour la chasse et la p\u00eache<\/h2>\n<p>1. Entr\u00e9e zipp\u00e9e en forme de D pour un acc\u00e8s facile au compartiment principal.<\/p>\n<p>2. Deux grandes poches zipp\u00e9es aux extr\u00e9mit\u00e9s. Deux poches ext\u00e9rieures zipp\u00e9es sur le devant.<\/p>\n<p>3. Poign\u00e9e rembourr\u00e9e. Bandouli\u00e8re d\u00e9tachable et r\u00e9glable.<\/p>","protected":false},"featured_media":3516,"template":"","meta":{"_uag_custom_page_level_css":""},"product_brand":[],"product_cat":[54,63,46,68,66],"product_tag":[],"class_list":{"0":"post-3513","1":"product","2":"type-product","3":"status-publish","4":"has-post-thumbnail","6":"product_cat-hunting-bag","7":"product_cat-duffel-bag","8":"product_cat-fishing-bag","9":"product_cat-travel-bag","10":"product_cat-waterproof-bag","12":"first","13":"instock","14":"shipping-taxable","15":"product-type-simple"},"uagb_featured_image_src":{"full":["https:\/\/pecbag.com\/wp-content\/uploads\/2025\/05\/Camouflage-Outdoor-Hunting-Fishing-Gear-Bag-2.jpeg",800,800,false],"thumbnail":["https:\/\/pecbag.com\/wp-content\/uploads\/2025\/05\/Camouflage-Outdoor-Hunting-Fishing-Gear-Bag-2-150x150.jpeg",150,150,true],"medium":["https:\/\/pecbag.com\/wp-content\/uploads\/2025\/05\/Camouflage-Outdoor-Hunting-Fishing-Gear-Bag-2-300x300.jpeg",300,300,true],"medium_large":["https:\/\/pecbag.com\/wp-content\/uploads\/2025\/05\/Camouflage-Outdoor-Hunting-Fishing-Gear-Bag-2-768x768.jpeg",768,768,true],"large":["https:\/\/pecbag.com\/wp-content\/uploads\/2025\/05\/Camouflage-Outdoor-Hunting-Fishing-Gear-Bag-2.jpeg",800,800,false],"1536x1536":["https:\/\/pecbag.com\/wp-content\/uploads\/2025\/05\/Camouflage-Outdoor-Hunting-Fishing-Gear-Bag-2.jpeg",800,800,false],"2048x2048":["https:\/\/pecbag.com\/wp-content\/uploads\/2025\/05\/Camouflage-Outdoor-Hunting-Fishing-Gear-Bag-2.jpeg",800,800,false],"trp-custom-language-flag":["https:\/\/pecbag.com\/wp-content\/uploads\/2025\/05\/Camouflage-Outdoor-Hunting-Fishing-Gear-Bag-2-12x12.jpeg",12,12,true],"woocommerce_thumbnail":["https:\/\/pecbag.com\/wp-content\/uploads\/2025\/05\/Camouflage-Outdoor-Hunting-Fishing-Gear-Bag-2-300x300.jpeg",300,300,true],"woocommerce_single":["https:\/\/pecbag.com\/wp-content\/uploads\/2025\/05\/Camouflage-Outdoor-Hunting-Fishing-Gear-Bag-2-600x600.jpeg",600,600,true],"woocommerce_gallery_thumbnail":["https:\/\/pecbag.com\/wp-content\/uploads\/2025\/05\/Camouflage-Outdoor-Hunting-Fishing-Gear-Bag-2-100x100.jpeg",100,100,true]},"uagb_author_info":{"display_name":"Lawrence","author_link":"https:\/\/pecbag.com\/fr\/author\/"},"uagb_comment_info":0,"uagb_excerpt":"Camouflage Outdoor Hunting Fishing Gear Bag 1. D-shaped zippered entry for easy access in the main compartment. 2. Two large zippered end pockets. Two exterior zippered pockets on the front. 3. Padded handle. Detachable, adjustable shoulder strap.","_links":{"self":[{"href":"https:\/\/pecbag.com\/fr\/wp-json\/wp\/v2\/product\/3513","targetHints":{"allow":["GET"]}}],"collection":[{"href":"https:\/\/pecbag.com\/fr\/wp-json\/wp\/v2\/product"}],"about":[{"href":"https:\/\/pecbag.com\/fr\/wp-json\/wp\/v2\/types\/product"}],"wp:featuredmedia":[{"embeddable":true,"href":"https:\/\/pecbag.com\/fr\/wp-json\/wp\/v2\/media\/3516"}],"wp:attachment":[{"href":"https:\/\/pecbag.com\/fr\/wp-json\/wp\/v2\/media?parent=3513"}],"wp:term":[{"taxonomy":"product_brand","embeddable":true,"href":"https:\/\/pecbag.com\/fr\/wp-json\/wp\/v2\/product_brand?post=3513"},{"taxonomy":"product_cat","embeddable":true,"href":"https:\/\/pecbag.com\/fr\/wp-json\/wp\/v2\/product_cat?post=3513"},{"taxonomy":"product_tag","embeddable":true,"href":"https:\/\/pecbag.com\/fr\/wp-json\/wp\/v2\/product_tag?post=3513"}],"curies":[{"name":"wp","href":"https:\/\/api.w.org\/{rel}","templated":true}]}}