{"id":3519,"date":"2025-05-27T06:13:43","date_gmt":"2025-05-27T06:13:43","guid":{"rendered":"https:\/\/pecbag.com\/?post_type=product&#038;p=3519"},"modified":"2025-11-29T01:56:54","modified_gmt":"2025-11-29T01:56:54","slug":"camo-hiking-camping-daypack","status":"publish","type":"product","link":"https:\/\/pecbag.com\/fr\/camo-hiking-camping-daypack\/","title":{"rendered":"Camo Hiking Camping Daypack"},"content":{"rendered":"<h5 title=\"Sac \u00e0 dos pliable pour chien Sac \u00e0 bandouli\u00e8re en maille respirante pour petit animal de compagnie Chien Chats\" data-immersive-translate-walked=\"1c928421-2e42-4cd3-8754-5404553c0af5\" data-immersive-translate-paragraph=\"1\" data-spm-anchor-id=\"a2700.details.0.i35.4f6757d4w4zNZA\">Camo Hiking Camping Daypacks | Fabricant de sacs \u00e9tanches et de sacs \u00e0 dos - Bulk Outdoor Solutions<\/h5>\n<div class=\"flex flex-grow flex-col max-w-full\">\n<div class=\"min-h-[20px] text-message flex w-full flex-col items-end gap-2 whitespace-pre-wrap break-words [.text-message+&amp;]:mt-5 overflow-x-auto\" dir=\"auto\" data-message-author-role=\"assistant\" data-message-id=\"3d7d46f6-7ec2-4222-9257-48fa0bba23c6\" data-suggestions=\"true\">\n<div class=\"flex w-full flex-col gap-1 empty:hidden first:pt-[3px]\">\n<div class=\"markdown prose w-full break-words dark:prose-invert light\">\n<table width=\"288\">\n<tbody>\n<tr>\n<td width=\"137\"><span style=\"color: #333333;\">Nom des produits<\/span><\/td>\n<td width=\"151\">Sac de chasse<\/td>\n<\/tr>\n<tr>\n<td><span style=\"color: #333333;\">Num\u00e9ro d'article<\/span><\/td>\n<td><span style=\"color: #333333;\">PB-2072<\/span><\/td>\n<\/tr>\n<tr>\n<td><span style=\"color: #333333;\">Mat\u00e9riau<\/span><\/td>\n<td>600D camouflage<\/td>\n<\/tr>\n<tr>\n<td><span style=\"color: #333333;\">Taille<\/span><\/td>\n<td>12,6x9x22 pouces<\/td>\n<\/tr>\n<tr>\n<td><span style=\"color: #333333;\">\u00a0D\u00e9lai de livraison<\/span><\/td>\n<td><span style=\"color: #333333;\">1-5 jours pour les petites quantit\u00e9s par voie a\u00e9rienne et 30-35 jours pour les grandes quantit\u00e9s par voie maritime.<\/span><\/td>\n<\/tr>\n<\/tbody>\n<\/table>\n<p>En tant que premier fabricant chinois de sacs de chasse et de sacs \u00e9tanches, nous produisons des sacs de jour tactiques pour la randonn\u00e9e et le camping pour les amateurs de plein air du monde entier. Notre soci\u00e9t\u00e9 de sacs de chasse propose :<\/p>\n<p>\u2705 <strong>Camouflage multi-terrain<\/strong> (Bois\/D\u00e9sert\/Urbain) avec technologie de blocage des odeurs<br \/>\n\u2705 <strong>Conception \u00e9tanche IPX6<\/strong> (polyester 600D + coutures TPU)<br \/>\n\u2705 <strong>Services OEM\/ODM<\/strong> pour <strong>\u00e9quipement de chasse sous marque de distributeur<\/strong> (MOQ 50pcs)<br \/>\n\u2705 <strong>Production de sacs de chasse en vrac<\/strong> avec livraison rapide en 10 jours<\/p>\n<p>Les grossistes en sacs de chasse et les marques d'aventure du monde entier lui font confiance. Caract\u00e9ristiques principales :<br \/>\n- Fermetures magn\u00e9tiques silencieuses et pochette pour vessie d'hydratation<br \/>\n- Pliable en pochette de rangement (7\u2033x5\u2033)<br \/>\n- Sangle MOLLE\/PALS pour une extension tactique<\/p>\n<p><strong>Pourquoi s'associer \u00e0 notre usine de sacs de chasse<\/strong>:<br \/>\n\ud83d\udd39 Plus de 15 ans d'exp\u00e9rience en tant que premier exportateur de sacs de chasse en Chine<br \/>\n\ud83d\udd39 Personnalisation gratuite du motif camouflage en 3D<br \/>\n\ud83d\udd39 Test\u00e9 selon la norme MIL-STD-810G et certifi\u00e9 OEKO-Tex<br \/>\n\ud83d\udd39 25% r\u00e9duction pour les vendeurs de sacs de chasse \u00e0 partir de 2 000 unit\u00e9s<\/p>\n<p>Demandez des \u00e9chantillons gratuits de nos sacs de jour camouflage ou obtenez des devis instantan\u00e9s. Les fournisseurs de sacs de chasse appr\u00e9cient :<br \/>\n- Am\u00e9liorations des compartiments bloquant la RFID<br \/>\n- Certifications de qualit\u00e9 sp\u00e9cifiques aux lots<br \/>\n- Options prioritaires pour le fret a\u00e9rien et maritime<\/p>\n<\/div>\n<\/div>\n<\/div>\n<\/div>","protected":false},"excerpt":{"rendered":"<h2 data-immersive-translate-walked=\"344be1c1-5052-41eb-8fcd-0dbe236a0d6b\" data-immersive-translate-paragraph=\"1\">Camo Hiking Camping Daypack<\/h2>\n<p><strong>1. Grand compartiment principal :<\/strong> Le grand compartiment de rangement principal offre beaucoup d'espace de rangement. Les poches lat\u00e9rales en filet sont parfaites pour ranger une bouteille d'eau ou du mat\u00e9riel suppl\u00e9mentaire. Taille du sac de chasse : 12,6 po X 9 po X 22 po.<\/p>\n<p><strong>2. Rembourr\u00e9 pour plus de confort :<\/strong>\u00a0Les bretelles et le panneau arri\u00e8re sont rembourr\u00e9s, ce qui rend le sac plus confortable lorsqu'il est charg\u00e9. La ceinture et les bretelles sont rembourr\u00e9es et les sangles de sternum sont r\u00e9glables pour un confort maximal.<\/p>\n<p><strong>3. Housse de pluie int\u00e9gr\u00e9e :<\/strong>\u00a0Housse de pluie incluse pour garder votre \u00e9quipement au sec en cas de mauvais temps.<\/p>","protected":false},"featured_media":3520,"template":"","meta":{"_uag_custom_page_level_css":""},"product_brand":[],"product_cat":[54,44,45,66],"product_tag":[],"class_list":{"0":"post-3519","1":"product","2":"type-product","3":"status-publish","4":"has-post-thumbnail","6":"product_cat-hunting-bag","7":"product_cat-camping-bags","8":"product_cat-hiking-bag","9":"product_cat-waterproof-bag","11":"first","12":"instock","13":"shipping-taxable","14":"product-type-simple"},"uagb_featured_image_src":{"full":["https:\/\/pecbag.com\/wp-content\/uploads\/2025\/05\/Camo-Hiking-Camping-Daypack-4.jpeg",800,800,false],"thumbnail":["https:\/\/pecbag.com\/wp-content\/uploads\/2025\/05\/Camo-Hiking-Camping-Daypack-4-150x150.jpeg",150,150,true],"medium":["https:\/\/pecbag.com\/wp-content\/uploads\/2025\/05\/Camo-Hiking-Camping-Daypack-4-300x300.jpeg",300,300,true],"medium_large":["https:\/\/pecbag.com\/wp-content\/uploads\/2025\/05\/Camo-Hiking-Camping-Daypack-4-768x768.jpeg",768,768,true],"large":["https:\/\/pecbag.com\/wp-content\/uploads\/2025\/05\/Camo-Hiking-Camping-Daypack-4.jpeg",800,800,false],"1536x1536":["https:\/\/pecbag.com\/wp-content\/uploads\/2025\/05\/Camo-Hiking-Camping-Daypack-4.jpeg",800,800,false],"2048x2048":["https:\/\/pecbag.com\/wp-content\/uploads\/2025\/05\/Camo-Hiking-Camping-Daypack-4.jpeg",800,800,false],"trp-custom-language-flag":["https:\/\/pecbag.com\/wp-content\/uploads\/2025\/05\/Camo-Hiking-Camping-Daypack-4-12x12.jpeg",12,12,true],"woocommerce_thumbnail":["https:\/\/pecbag.com\/wp-content\/uploads\/2025\/05\/Camo-Hiking-Camping-Daypack-4-300x300.jpeg",300,300,true],"woocommerce_single":["https:\/\/pecbag.com\/wp-content\/uploads\/2025\/05\/Camo-Hiking-Camping-Daypack-4-600x600.jpeg",600,600,true],"woocommerce_gallery_thumbnail":["https:\/\/pecbag.com\/wp-content\/uploads\/2025\/05\/Camo-Hiking-Camping-Daypack-4-100x100.jpeg",100,100,true]},"uagb_author_info":{"display_name":"Lawrence","author_link":"https:\/\/pecbag.com\/fr\/author\/"},"uagb_comment_info":0,"uagb_excerpt":"Camo Hiking Camping Daypack 1. Large Main Compartment: The large main storage compartment offers plenty of storage space. Mesh side pockets are perfect for storing a water bottle or extra gear. Hunting Daypack Size: 12.6 in X 9 in X 22 in. 2. Padded for Comfort:\u00a0Both the shoulder straps and back panel are padded, making\u2026","_links":{"self":[{"href":"https:\/\/pecbag.com\/fr\/wp-json\/wp\/v2\/product\/3519","targetHints":{"allow":["GET"]}}],"collection":[{"href":"https:\/\/pecbag.com\/fr\/wp-json\/wp\/v2\/product"}],"about":[{"href":"https:\/\/pecbag.com\/fr\/wp-json\/wp\/v2\/types\/product"}],"wp:featuredmedia":[{"embeddable":true,"href":"https:\/\/pecbag.com\/fr\/wp-json\/wp\/v2\/media\/3520"}],"wp:attachment":[{"href":"https:\/\/pecbag.com\/fr\/wp-json\/wp\/v2\/media?parent=3519"}],"wp:term":[{"taxonomy":"product_brand","embeddable":true,"href":"https:\/\/pecbag.com\/fr\/wp-json\/wp\/v2\/product_brand?post=3519"},{"taxonomy":"product_cat","embeddable":true,"href":"https:\/\/pecbag.com\/fr\/wp-json\/wp\/v2\/product_cat?post=3519"},{"taxonomy":"product_tag","embeddable":true,"href":"https:\/\/pecbag.com\/fr\/wp-json\/wp\/v2\/product_tag?post=3519"}],"curies":[{"name":"wp","href":"https:\/\/api.w.org\/{rel}","templated":true}]}}