{"id":3526,"date":"2025-05-27T06:21:34","date_gmt":"2025-05-27T06:21:34","guid":{"rendered":"https:\/\/pecbag.com\/?post_type=product&#038;p=3526"},"modified":"2025-11-29T01:56:43","modified_gmt":"2025-11-29T01:56:43","slug":"customized-insulated-portable-lunch-bag","status":"publish","type":"product","link":"https:\/\/pecbag.com\/fr\/customized-insulated-portable-lunch-bag\/","title":{"rendered":"Sac \u00e0 lunch portatif isol\u00e9 personnalis\u00e9"},"content":{"rendered":"<h5 title=\"Sac \u00e0 dos pliable pour chien Sac \u00e0 bandouli\u00e8re en maille respirante pour petit animal de compagnie Chien Chats\" data-immersive-translate-walked=\"1c928421-2e42-4cd3-8754-5404553c0af5\" data-immersive-translate-paragraph=\"1\" data-spm-anchor-id=\"a2700.details.0.i35.4f6757d4w4zNZA\">Sacs \u00e0 lunch portatifs isol\u00e9s personnalis\u00e9s | Fabricant de sacs \u00e9tanches et de sacs \u00e0 dos - Bulk Food Solutions<\/h5>\n<div class=\"flex flex-grow flex-col max-w-full\">\n<div class=\"min-h-[20px] text-message flex w-full flex-col items-end gap-2 whitespace-pre-wrap break-words [.text-message+&amp;]:mt-5 overflow-x-auto\" dir=\"auto\" data-message-author-role=\"assistant\" data-message-id=\"3d7d46f6-7ec2-4222-9257-48fa0bba23c6\" data-suggestions=\"true\">\n<div class=\"flex w-full flex-col gap-1 empty:hidden first:pt-[3px]\">\n<div class=\"markdown prose w-full break-words dark:prose-invert light\">\n<table width=\"288\">\n<tbody>\n<tr>\n<td width=\"137\"><span style=\"color: #333333;\">Nom des produits<\/span><\/td>\n<td width=\"151\">Sac \u00e0 lunch<\/td>\n<\/tr>\n<tr>\n<td><span style=\"color: #333333;\">Num\u00e9ro d'article<\/span><\/td>\n<td><span style=\"color: #333333;\">PB-2073<\/span><\/td>\n<\/tr>\n<tr>\n<td><span style=\"color: #333333;\">Mat\u00e9riau<\/span><\/td>\n<td>Polyester 600D<\/td>\n<\/tr>\n<tr>\n<td><span style=\"color: #333333;\">\u00a0Taille et couleur<\/span><\/td>\n<td>15*10*13inch<\/td>\n<\/tr>\n<tr>\n<td><span style=\"color: #333333;\">\u00a0D\u00e9lai de livraison<\/span><\/td>\n<td><span style=\"color: #333333;\">1-5 jours pour les petites quantit\u00e9s par voie a\u00e9rienne et 30-35 jours pour les grandes quantit\u00e9s par voie maritime.<\/span><\/td>\n<\/tr>\n<\/tbody>\n<\/table>\n<p>En tant que premier fabricant chinois de sacs \u00e0 lunch et de sacs imperm\u00e9ables, nous concevons des sacs \u00e0 lunch portables isol\u00e9s et personnalis\u00e9s de premi\u00e8re qualit\u00e9 pour les distributeurs alimentaires mondiaux. Notre soci\u00e9t\u00e9 de sacs \u00e0 lunch offre :<\/p>\n<p>\u2705 <strong>R\u00e9tention thermique de 6 heures<\/strong> (doublure PEVA approuv\u00e9e par la FDA)<br \/>\n\u2705 <strong>Conception \u00e9tanche<\/strong> (classement IPX4)<br \/>\n\u2705 <strong>Services OEM\/ODM<\/strong> pour <strong>sacs \u00e0 lunch \u00e0 marque priv\u00e9e<\/strong> (MOQ 100pcs)<br \/>\n\u2705 <strong>Production de sacs \u00e0 lunch en vrac<\/strong> avec livraison rapide en 10 jours<\/p>\n<p>Les grossistes en sacs \u00e0 lunch et les marques de restauration du monde entier lui font confiance. Caract\u00e9ristiques principales :<br \/>\n- Bandouli\u00e8re r\u00e9glable et poches lat\u00e9rales pour bouteilles<br \/>\n- Mat\u00e9riaux \u00e9cologiques de qualit\u00e9 alimentaire (sans BPA)<br \/>\n- Conception pliable \u00e0 plat pour un rangement peu encombrant<\/p>\n<p><strong>Pourquoi choisir notre usine de sacs \u00e0 lunch<\/strong>:<br \/>\n\ud83d\udd39 12+ years as top lunch bag exporters from China (plus de 12 ans d'exp\u00e9rience en tant qu'exportateurs de sacs \u00e0 lunch en Chine)<br \/>\n\ud83d\udd39 Conception 3D gratuite avec votre marque et votre logo<br \/>\n\ud83d\udd39 Certifications SGS\/REACH et exp\u00e9dition FOB\/DDP<br \/>\n\ud83d\udd39 25% r\u00e9duction pour les vendeurs de sacs \u00e0 lunch \u00e0 partir de 2 000 unit\u00e9s<\/p>\n<p>Demandez des \u00e9chantillons gratuits de nos sacs \u00e0 lunch isol\u00e9s ou obtenez des devis instantan\u00e9s. Les fournisseurs de sacs \u00e0 lunch appr\u00e9cient :<br \/>\n- Sur mesure MOQ \u00e0 partir de 50pcs<br \/>\n- Rapports sur la s\u00e9curit\u00e9 alimentaire par lot<br \/>\n- Affectation prioritaire des lignes de production<\/p>\n<\/div>\n<\/div>\n<\/div>\n<\/div>","protected":false},"excerpt":{"rendered":"<h2 data-immersive-translate-walked=\"344be1c1-5052-41eb-8fcd-0dbe236a0d6b\" data-immersive-translate-paragraph=\"1\">Sac \u00e0 lunch portatif isol\u00e9 personnalis\u00e9<\/h2>\n<p>[SAC ISOTHERME PLIABLE ID\u00c9AL POUR LES VOYAGES] : Du plus petit au plus grand sac isotherme de 50 canettes, ils constituent une parfaite glaci\u00e8re de voyage pour la voiture, car la glaci\u00e8re \u00e0 parois souples peut se glisser plus facilement dans les espaces restreints qu'une glaci\u00e8re en polystyr\u00e8ne sans craindre de se briser.<\/p>\n<p>Cette glaci\u00e8re d'ext\u00e9rieur est \u00e9quip\u00e9e d'une bandouli\u00e8re, ce qui permet de transporter vos aliments et boissons plus facilement qu'un panier de pique-nique pendant que vous profitez de l'ext\u00e9rieur.<\/p>","protected":false},"featured_media":3530,"template":"","meta":{"_uag_custom_page_level_css":""},"product_brand":[],"product_cat":[52,50],"product_tag":[],"class_list":{"0":"post-3526","1":"product","2":"type-product","3":"status-publish","4":"has-post-thumbnail","6":"product_cat-lunch-bag","7":"product_cat-cooler-bag","9":"first","10":"instock","11":"shipping-taxable","12":"product-type-simple"},"uagb_featured_image_src":{"full":["https:\/\/pecbag.com\/wp-content\/uploads\/2025\/05\/Customized-Insulated-Portable-Lunch-Bag-3.jpeg",2400,2400,false],"thumbnail":["https:\/\/pecbag.com\/wp-content\/uploads\/2025\/05\/Customized-Insulated-Portable-Lunch-Bag-3-150x150.jpeg",150,150,true],"medium":["https:\/\/pecbag.com\/wp-content\/uploads\/2025\/05\/Customized-Insulated-Portable-Lunch-Bag-3-300x300.jpeg",300,300,true],"medium_large":["https:\/\/pecbag.com\/wp-content\/uploads\/2025\/05\/Customized-Insulated-Portable-Lunch-Bag-3-768x768.jpeg",768,768,true],"large":["https:\/\/pecbag.com\/wp-content\/uploads\/2025\/05\/Customized-Insulated-Portable-Lunch-Bag-3-1024x1024.jpeg",800,800,true],"1536x1536":["https:\/\/pecbag.com\/wp-content\/uploads\/2025\/05\/Customized-Insulated-Portable-Lunch-Bag-3-1536x1536.jpeg",1536,1536,true],"2048x2048":["https:\/\/pecbag.com\/wp-content\/uploads\/2025\/05\/Customized-Insulated-Portable-Lunch-Bag-3-2048x2048.jpeg",2048,2048,true],"trp-custom-language-flag":["https:\/\/pecbag.com\/wp-content\/uploads\/2025\/05\/Customized-Insulated-Portable-Lunch-Bag-3-12x12.jpeg",12,12,true],"woocommerce_thumbnail":["https:\/\/pecbag.com\/wp-content\/uploads\/2025\/05\/Customized-Insulated-Portable-Lunch-Bag-3-300x300.jpeg",300,300,true],"woocommerce_single":["https:\/\/pecbag.com\/wp-content\/uploads\/2025\/05\/Customized-Insulated-Portable-Lunch-Bag-3-600x600.jpeg",600,600,true],"woocommerce_gallery_thumbnail":["https:\/\/pecbag.com\/wp-content\/uploads\/2025\/05\/Customized-Insulated-Portable-Lunch-Bag-3-100x100.jpeg",100,100,true]},"uagb_author_info":{"display_name":"Lawrence","author_link":"https:\/\/pecbag.com\/fr\/author\/"},"uagb_comment_info":0,"uagb_excerpt":"Customized Insulated Portable Lunch Bag [IDEAL COLLAPSIBLE COOLER BAG FOR TRAVEL]: From our smallest to our largest 50-can insulated cooler bag, these are a perfect travel cooler for the car because the soft-sided cooler can fit more easily in tight spaces than a Styrofoam cooler without worrying about them breaking. This outdoor cooler includes a\u2026","_links":{"self":[{"href":"https:\/\/pecbag.com\/fr\/wp-json\/wp\/v2\/product\/3526","targetHints":{"allow":["GET"]}}],"collection":[{"href":"https:\/\/pecbag.com\/fr\/wp-json\/wp\/v2\/product"}],"about":[{"href":"https:\/\/pecbag.com\/fr\/wp-json\/wp\/v2\/types\/product"}],"wp:featuredmedia":[{"embeddable":true,"href":"https:\/\/pecbag.com\/fr\/wp-json\/wp\/v2\/media\/3530"}],"wp:attachment":[{"href":"https:\/\/pecbag.com\/fr\/wp-json\/wp\/v2\/media?parent=3526"}],"wp:term":[{"taxonomy":"product_brand","embeddable":true,"href":"https:\/\/pecbag.com\/fr\/wp-json\/wp\/v2\/product_brand?post=3526"},{"taxonomy":"product_cat","embeddable":true,"href":"https:\/\/pecbag.com\/fr\/wp-json\/wp\/v2\/product_cat?post=3526"},{"taxonomy":"product_tag","embeddable":true,"href":"https:\/\/pecbag.com\/fr\/wp-json\/wp\/v2\/product_tag?post=3526"}],"curies":[{"name":"wp","href":"https:\/\/api.w.org\/{rel}","templated":true}]}}