{"id":3533,"date":"2025-05-27T06:34:38","date_gmt":"2025-05-27T06:34:38","guid":{"rendered":"https:\/\/pecbag.com\/?post_type=product&#038;p=3533"},"modified":"2025-11-29T01:56:38","modified_gmt":"2025-11-29T01:56:38","slug":"customized-insulated-cooler-lunch-bag","status":"publish","type":"product","link":"https:\/\/pecbag.com\/fr\/customized-insulated-cooler-lunch-bag\/","title":{"rendered":"Sac \u00e0 lunch isotherme personnalis\u00e9"},"content":{"rendered":"<h5 title=\"Sac \u00e0 dos pliable pour chien Sac \u00e0 bandouli\u00e8re en maille respirante pour petit animal de compagnie Chien Chats\" data-immersive-translate-walked=\"1c928421-2e42-4cd3-8754-5404553c0af5\" data-immersive-translate-paragraph=\"1\" data-spm-anchor-id=\"a2700.details.0.i35.4f6757d4w4zNZA\">Sacs \u00e0 lunch isothermes personnalis\u00e9s - Fabricant de sacs \u00e9tanches et de sacs \u00e0 dos - Bulk Food Solutions<\/h5>\n<div class=\"flex flex-grow flex-col max-w-full\">\n<div class=\"min-h-[20px] text-message flex w-full flex-col items-end gap-2 whitespace-pre-wrap break-words [.text-message+&amp;]:mt-5 overflow-x-auto\" dir=\"auto\" data-message-author-role=\"assistant\" data-message-id=\"3d7d46f6-7ec2-4222-9257-48fa0bba23c6\" data-suggestions=\"true\">\n<div class=\"flex w-full flex-col gap-1 empty:hidden first:pt-[3px]\">\n<div class=\"markdown prose w-full break-words dark:prose-invert light\">\n<table width=\"288\">\n<tbody>\n<tr>\n<td width=\"137\"><span style=\"color: #333333;\">Nom des produits<\/span><\/td>\n<td width=\"151\">Sac \u00e0 lunch<\/td>\n<\/tr>\n<tr>\n<td><span style=\"color: #333333;\">Num\u00e9ro d'article<\/span><\/td>\n<td><span style=\"color: #333333;\">PB-2074<\/span><\/td>\n<\/tr>\n<tr>\n<td><span style=\"color: #333333;\">Mat\u00e9riau<\/span><\/td>\n<td>Polyester 600D<\/td>\n<\/tr>\n<tr>\n<td><span style=\"color: #333333;\">Taille<\/span><\/td>\n<td>21 x 17 x 8 pouces<\/td>\n<\/tr>\n<tr>\n<td><span style=\"color: #333333;\">\u00a0D\u00e9lai de livraison<\/span><\/td>\n<td><span style=\"color: #333333;\">1-5 jours pour les petites quantit\u00e9s par voie a\u00e9rienne et 30-35 jours pour les grandes quantit\u00e9s par voie maritime.<\/span><\/td>\n<\/tr>\n<\/tbody>\n<\/table>\n<p>En tant que premier fabricant chinois de sacs \u00e0 lunch et de sacs imperm\u00e9ables, nous produisons des sacs \u00e0 lunch isothermes personnalis\u00e9s de premi\u00e8re qualit\u00e9 pour les fournisseurs de services alimentaires du monde entier. Notre entreprise de sacs \u00e0 lunch offre :<\/p>\n<p>\u2705 <strong>Maintien au froid pendant 8 heures<\/strong> avec isolation PEVA approuv\u00e9e par la FDA<br \/>\n\u2705 <strong>Conception \u00e9tanche IPX5<\/strong> (polyester 600D + coutures soud\u00e9es)<br \/>\n\u2705 <strong>Services OEM\/ODM<\/strong> pour <strong>sacs \u00e0 lunch \u00e0 marque priv\u00e9e<\/strong><br \/>\n\u2705 <strong>Production de sacs \u00e0 lunch en vrac<\/strong> avec livraison rapide en 12 jours<\/p>\n<p>Les grossistes en sacs \u00e0 lunch et les marques de restauration du monde entier lui font confiance. Caract\u00e9ristiques principales :<br \/>\n- Fermeture \u00e0 glissi\u00e8re \u00e9tanche et bandouli\u00e8re r\u00e9glable<br \/>\n- Pack de glace d\u00e9tachable et organisation multi-compartiments<br \/>\n- Conception pliable \u00e0 plat pour un transport\/stockage peu encombrant<\/p>\n<p><strong>Pourquoi choisir notre usine de sacs \u00e0 lunch<\/strong>:<br \/>\n\ud83d\udd39 Plus de 15 ans d'exp\u00e9rience en tant que premier exportateur chinois de sacs \u00e0 lunch<br \/>\n\ud83d\udd39 Conception 3D gratuite avec votre logo\/artwork<br \/>\n\ud83d\udd39 Certifications SGS\/REACH et exp\u00e9dition FOB\/DDP<br \/>\n\ud83d\udd39 Remise 30% pour les vendeurs de sacs \u00e0 lunch \u00e0 partir de 3 000 unit\u00e9s<\/p>\n<p>Demandez des \u00e9chantillons gratuits de nos sacs isothermes ou obtenez des devis instantan\u00e9s. Les fournisseurs de sacs \u00e0 lunch appr\u00e9cient :<br \/>\n- Sur mesure MOQ<br \/>\n- Certifications de s\u00e9curit\u00e9 alimentaire sp\u00e9cifiques aux lots<br \/>\n- Affectation prioritaire du fret a\u00e9rien<\/p>\n<\/div>\n<\/div>\n<\/div>\n<\/div>","protected":false},"excerpt":{"rendered":"<h2 data-immersive-translate-walked=\"344be1c1-5052-41eb-8fcd-0dbe236a0d6b\" data-immersive-translate-paragraph=\"1\">Sac \u00e0 lunch isotherme personnalis\u00e9<\/h2>\n<p>1. Garde la glace pendant des heures : Dot\u00e9e d'une \u00e9paisse mousse thermique pour garder vos boissons glac\u00e9es \u00e0 la plage et vos aliments congel\u00e9s pendant que vous rentrez chez vous ! Les glaci\u00e8res sont test\u00e9es pour conserver la glace pendant 8 heures ou plus lorsqu'elles sont ferm\u00e9es !<\/p>\n<p>2. Les aliments chauds restent chauds : les poign\u00e9es robustes de la ceinture s'ajustent pour transporter horizontalement les pizzas, les plats \u00e0 emporter et les plats cuisin\u00e9s \u00e0 la maison afin d'\u00e9viter les \u00e9claboussures, tandis que la glaci\u00e8re de voyage \u00e0 3 couches garde vos aliments chauds pendant que vous traversez la ville ! L'int\u00e9rieur se nettoie facilement<\/p>","protected":false},"featured_media":3534,"template":"","meta":{"_uag_custom_page_level_css":""},"product_brand":[],"product_cat":[52,50],"product_tag":[],"class_list":{"0":"post-3533","1":"product","2":"type-product","3":"status-publish","4":"has-post-thumbnail","6":"product_cat-lunch-bag","7":"product_cat-cooler-bag","9":"first","10":"instock","11":"shipping-taxable","12":"product-type-simple"},"uagb_featured_image_src":{"full":["https:\/\/pecbag.com\/wp-content\/uploads\/2025\/05\/Customized-Insulated-Cooler-Lunch-Bag-6.jpeg",1500,1500,false],"thumbnail":["https:\/\/pecbag.com\/wp-content\/uploads\/2025\/05\/Customized-Insulated-Cooler-Lunch-Bag-6-150x150.jpeg",150,150,true],"medium":["https:\/\/pecbag.com\/wp-content\/uploads\/2025\/05\/Customized-Insulated-Cooler-Lunch-Bag-6-300x300.jpeg",300,300,true],"medium_large":["https:\/\/pecbag.com\/wp-content\/uploads\/2025\/05\/Customized-Insulated-Cooler-Lunch-Bag-6-768x768.jpeg",768,768,true],"large":["https:\/\/pecbag.com\/wp-content\/uploads\/2025\/05\/Customized-Insulated-Cooler-Lunch-Bag-6-1024x1024.jpeg",800,800,true],"1536x1536":["https:\/\/pecbag.com\/wp-content\/uploads\/2025\/05\/Customized-Insulated-Cooler-Lunch-Bag-6.jpeg",1500,1500,false],"2048x2048":["https:\/\/pecbag.com\/wp-content\/uploads\/2025\/05\/Customized-Insulated-Cooler-Lunch-Bag-6.jpeg",1500,1500,false],"trp-custom-language-flag":["https:\/\/pecbag.com\/wp-content\/uploads\/2025\/05\/Customized-Insulated-Cooler-Lunch-Bag-6-12x12.jpeg",12,12,true],"woocommerce_thumbnail":["https:\/\/pecbag.com\/wp-content\/uploads\/2025\/05\/Customized-Insulated-Cooler-Lunch-Bag-6-300x300.jpeg",300,300,true],"woocommerce_single":["https:\/\/pecbag.com\/wp-content\/uploads\/2025\/05\/Customized-Insulated-Cooler-Lunch-Bag-6-600x600.jpeg",600,600,true],"woocommerce_gallery_thumbnail":["https:\/\/pecbag.com\/wp-content\/uploads\/2025\/05\/Customized-Insulated-Cooler-Lunch-Bag-6-100x100.jpeg",100,100,true]},"uagb_author_info":{"display_name":"Lawrence","author_link":"https:\/\/pecbag.com\/fr\/author\/"},"uagb_comment_info":0,"uagb_excerpt":"Customized Insulated Cooler Lunch Bag 1. Keeps Ice Frozen for Hours: Featuring thick thermal foam to keep your drinks ice-cold at the beach and to keep frozen food frozen while you drive home! Coolers are tested to keep ice frozen for 8 or more hours when zipped closed! 2. Hot Food Stays Hot: The sturdy\u2026","_links":{"self":[{"href":"https:\/\/pecbag.com\/fr\/wp-json\/wp\/v2\/product\/3533","targetHints":{"allow":["GET"]}}],"collection":[{"href":"https:\/\/pecbag.com\/fr\/wp-json\/wp\/v2\/product"}],"about":[{"href":"https:\/\/pecbag.com\/fr\/wp-json\/wp\/v2\/types\/product"}],"wp:featuredmedia":[{"embeddable":true,"href":"https:\/\/pecbag.com\/fr\/wp-json\/wp\/v2\/media\/3534"}],"wp:attachment":[{"href":"https:\/\/pecbag.com\/fr\/wp-json\/wp\/v2\/media?parent=3533"}],"wp:term":[{"taxonomy":"product_brand","embeddable":true,"href":"https:\/\/pecbag.com\/fr\/wp-json\/wp\/v2\/product_brand?post=3533"},{"taxonomy":"product_cat","embeddable":true,"href":"https:\/\/pecbag.com\/fr\/wp-json\/wp\/v2\/product_cat?post=3533"},{"taxonomy":"product_tag","embeddable":true,"href":"https:\/\/pecbag.com\/fr\/wp-json\/wp\/v2\/product_tag?post=3533"}],"curies":[{"name":"wp","href":"https:\/\/api.w.org\/{rel}","templated":true}]}}