{"id":3556,"date":"2025-05-27T07:02:50","date_gmt":"2025-05-27T07:02:50","guid":{"rendered":"https:\/\/pecbag.com\/?post_type=product&#038;p=3556"},"modified":"2025-11-29T01:55:25","modified_gmt":"2025-11-29T01:55:25","slug":"wine-cooler-picnic-backpack","status":"publish","type":"product","link":"https:\/\/pecbag.com\/fr\/wine-cooler-picnic-backpack\/","title":{"rendered":"Sac \u00e0 dos pique-nique avec glaci\u00e8re \u00e0 vin"},"content":{"rendered":"<h5 title=\"Sac \u00e0 dos pliable pour chien Sac \u00e0 bandouli\u00e8re en maille respirante pour petit animal de compagnie Chien Chats\" data-immersive-translate-walked=\"1c928421-2e42-4cd3-8754-5404553c0af5\" data-immersive-translate-paragraph=\"1\" data-spm-anchor-id=\"a2700.details.0.i35.4f6757d4w4zNZA\">Sac \u00e0 dos pique-nique pour glaci\u00e8re \u00e0 vin | Fabricant de sacs \u00e9tanches et de sacs \u00e0 dos - Bulk Outdoor Solutions<\/h5>\n<div class=\"flex flex-grow flex-col max-w-full\">\n<div class=\"min-h-[20px] text-message flex w-full flex-col items-end gap-2 whitespace-pre-wrap break-words [.text-message+&amp;]:mt-5 overflow-x-auto\" dir=\"auto\" data-message-author-role=\"assistant\" data-message-id=\"3d7d46f6-7ec2-4222-9257-48fa0bba23c6\" data-suggestions=\"true\">\n<div class=\"flex w-full flex-col gap-1 empty:hidden first:pt-[3px]\">\n<div class=\"markdown prose w-full break-words dark:prose-invert light\">\n<table style=\"height: 233px;\" width=\"288\">\n<tbody>\n<tr>\n<td width=\"137\"><span style=\"color: #333333;\">Nom des produits<\/span><\/td>\n<td width=\"151\">Sac \u00e0 lunch<\/td>\n<\/tr>\n<tr>\n<td><span style=\"color: #333333;\">Num\u00e9ro d'article<\/span><\/td>\n<td><span style=\"color: #333333;\">PB-2077<\/span><\/td>\n<\/tr>\n<tr>\n<td><span style=\"color: #333333;\">Mat\u00e9riau<\/span><\/td>\n<td>Flocon de neige<\/td>\n<\/tr>\n<tr>\n<td><span style=\"color: #333333;\">Dimensions<\/span><\/td>\n<td>17,32 x 14,13 x 7,48 pouces<\/td>\n<\/tr>\n<tr>\n<td><span style=\"color: #333333;\">\u00a0D\u00e9lai de livraison<\/span><\/td>\n<td><span style=\"color: #333333;\">1-5 jours pour les petites quantit\u00e9s par voie a\u00e9rienne et 30-35 jours pour les grandes quantit\u00e9s par voie maritime.<\/span><\/td>\n<\/tr>\n<\/tbody>\n<\/table>\n<p>En tant que premier fabricant chinois de sacs \u00e0 lunch et de sacs imperm\u00e9ables, nous fabriquons des sacs \u00e0 dos de pique-nique pour glaci\u00e8re \u00e0 vin de premi\u00e8re qualit\u00e9 pour des marques d'h\u00f4tellerie mondiales. Notre entreprise de sacs \u00e0 lunch offre :<\/p>\n<p>\u2705 <strong>Capacit\u00e9 de 6 bouteilles<\/strong> avec isolation 24 heures sur 24 (doublure PEVA approuv\u00e9e par la FDA)<br \/>\n\u2705 <strong>Conception \u00e9tanche IPX4<\/strong> (polyester 600D + coutures soud\u00e9es)<br \/>\n\u2705 <strong>Services OEM\/ODM<\/strong> pour <strong>sacs \u00e0 lunch \u00e0 marque priv\u00e9e<\/strong><br \/>\n\u2705 <strong>Production de sacs \u00e0 lunch en vrac<\/strong> avec livraison rapide en 12 jours<\/p>\n<p>Les grossistes en sacs \u00e0 lunch et les distributeurs de vin du monde entier lui font confiance. Caract\u00e9ristiques principales :<br \/>\n- Ouvre-bouteille et porte-verres int\u00e9gr\u00e9s<br \/>\n- Bretelles r\u00e9glables et base antid\u00e9rapante<br \/>\n- Syst\u00e8me de s\u00e9paration pliable pour la protection de plusieurs bouteilles<\/p>\n<p><strong>Pourquoi s'associer \u00e0 notre usine de sacs \u00e0 lunch<\/strong>:<br \/>\n\ud83d\udd39 Plus de 15 ans d'exp\u00e9rience en tant que premier exportateur chinois de sacs \u00e0 lunch<br \/>\n\ud83d\udd39 Conception 3D gratuite avec votre marque<br \/>\n\ud83d\udd39 Mat\u00e9riaux certifi\u00e9s sans BPA\/SGS\/REACH<br \/>\n\ud83d\udd39 25% r\u00e9duction pour les vendeurs de sacs \u00e0 lunch sur plus de 2 500 unit\u00e9s<\/p>\n<p>Demandez des \u00e9chantillons gratuits de nos sacs \u00e0 dos pour refroidisseurs de vin ou obtenez des devis instantan\u00e9s. Les fournisseurs de sacs \u00e0 lunch appr\u00e9cient :<br \/>\n- Sur mesure MOQ<br \/>\n- Rapports sur la s\u00e9curit\u00e9 alimentaire par lot<br \/>\n- Attribution prioritaire du fret a\u00e9rien et maritime<\/p>\n<\/div>\n<\/div>\n<\/div>\n<\/div>","protected":false},"excerpt":{"rendered":"<h2 data-immersive-translate-walked=\"344be1c1-5052-41eb-8fcd-0dbe236a0d6b\" data-immersive-translate-paragraph=\"1\">Sac \u00e0 dos pique-nique avec glaci\u00e8re \u00e0 vin<\/h2>\n<p>Compartiment principal isol\u00e9 - Gr\u00e2ce \u00e0 la doublure isol\u00e9e, les aliments chauds restent chauds et les aliments froids restent frais.<\/p>\n<p>Vos fruits frais, vos aliments d\u00e9licieux, vos desserts savoureux et vos boissons resteront \u00e0 la bonne temp\u00e9rature jusqu'\u00e0 votre arriv\u00e9e \u00e0 destination.<\/p>\n<p>Aucun autre panier de pique-nique ne dispose d'un compartiment principal enti\u00e8rement isol\u00e9 aussi grand que le n\u00f4tre !<\/p>","protected":false},"featured_media":3558,"template":"","meta":{"_uag_custom_page_level_css":""},"product_brand":[],"product_cat":[52,50],"product_tag":[],"class_list":{"0":"post-3556","1":"product","2":"type-product","3":"status-publish","4":"has-post-thumbnail","6":"product_cat-lunch-bag","7":"product_cat-cooler-bag","9":"first","10":"instock","11":"shipping-taxable","12":"product-type-simple"},"uagb_featured_image_src":{"full":["https:\/\/pecbag.com\/wp-content\/uploads\/2025\/05\/Wine-Cooler-Picnic-Backpack-5.jpeg",800,800,false],"thumbnail":["https:\/\/pecbag.com\/wp-content\/uploads\/2025\/05\/Wine-Cooler-Picnic-Backpack-5-150x150.jpeg",150,150,true],"medium":["https:\/\/pecbag.com\/wp-content\/uploads\/2025\/05\/Wine-Cooler-Picnic-Backpack-5-300x300.jpeg",300,300,true],"medium_large":["https:\/\/pecbag.com\/wp-content\/uploads\/2025\/05\/Wine-Cooler-Picnic-Backpack-5-768x768.jpeg",768,768,true],"large":["https:\/\/pecbag.com\/wp-content\/uploads\/2025\/05\/Wine-Cooler-Picnic-Backpack-5.jpeg",800,800,false],"1536x1536":["https:\/\/pecbag.com\/wp-content\/uploads\/2025\/05\/Wine-Cooler-Picnic-Backpack-5.jpeg",800,800,false],"2048x2048":["https:\/\/pecbag.com\/wp-content\/uploads\/2025\/05\/Wine-Cooler-Picnic-Backpack-5.jpeg",800,800,false],"trp-custom-language-flag":["https:\/\/pecbag.com\/wp-content\/uploads\/2025\/05\/Wine-Cooler-Picnic-Backpack-5-12x12.jpeg",12,12,true],"woocommerce_thumbnail":["https:\/\/pecbag.com\/wp-content\/uploads\/2025\/05\/Wine-Cooler-Picnic-Backpack-5-300x300.jpeg",300,300,true],"woocommerce_single":["https:\/\/pecbag.com\/wp-content\/uploads\/2025\/05\/Wine-Cooler-Picnic-Backpack-5-600x600.jpeg",600,600,true],"woocommerce_gallery_thumbnail":["https:\/\/pecbag.com\/wp-content\/uploads\/2025\/05\/Wine-Cooler-Picnic-Backpack-5-100x100.jpeg",100,100,true]},"uagb_author_info":{"display_name":"Lawrence","author_link":"https:\/\/pecbag.com\/fr\/author\/"},"uagb_comment_info":0,"uagb_excerpt":"Wine Cooler Picnic Backpack Insulated Main Compartment - Insulated lining means your hot foods stay hot, and your cold foods stay cool. Your fresh fruits, delicious foods, tasty desserts, and beverages will stay at the correct temperature until you arrive at your destination. No other picnic basket features a fully insulated main compartment as large\u2026","_links":{"self":[{"href":"https:\/\/pecbag.com\/fr\/wp-json\/wp\/v2\/product\/3556","targetHints":{"allow":["GET"]}}],"collection":[{"href":"https:\/\/pecbag.com\/fr\/wp-json\/wp\/v2\/product"}],"about":[{"href":"https:\/\/pecbag.com\/fr\/wp-json\/wp\/v2\/types\/product"}],"wp:featuredmedia":[{"embeddable":true,"href":"https:\/\/pecbag.com\/fr\/wp-json\/wp\/v2\/media\/3558"}],"wp:attachment":[{"href":"https:\/\/pecbag.com\/fr\/wp-json\/wp\/v2\/media?parent=3556"}],"wp:term":[{"taxonomy":"product_brand","embeddable":true,"href":"https:\/\/pecbag.com\/fr\/wp-json\/wp\/v2\/product_brand?post=3556"},{"taxonomy":"product_cat","embeddable":true,"href":"https:\/\/pecbag.com\/fr\/wp-json\/wp\/v2\/product_cat?post=3556"},{"taxonomy":"product_tag","embeddable":true,"href":"https:\/\/pecbag.com\/fr\/wp-json\/wp\/v2\/product_tag?post=3556"}],"curies":[{"name":"wp","href":"https:\/\/api.w.org\/{rel}","templated":true}]}}