{"id":3587,"date":"2025-05-27T08:53:00","date_gmt":"2025-05-27T08:53:00","guid":{"rendered":"https:\/\/pecbag.com\/?post_type=product&#038;p=3587"},"modified":"2025-11-29T01:55:21","modified_gmt":"2025-11-29T01:55:21","slug":"durable-water-resistant-shoulder-bag","status":"publish","type":"product","link":"https:\/\/pecbag.com\/fr\/durable-water-resistant-shoulder-bag\/","title":{"rendered":"Sac \u00e0 bandouli\u00e8re durable et r\u00e9sistant \u00e0 l'eau"},"content":{"rendered":"<h5 title=\"Sac \u00e0 dos pliable pour chien Sac \u00e0 bandouli\u00e8re en maille respirante pour petit animal de compagnie Chien Chats\" data-immersive-translate-walked=\"1c928421-2e42-4cd3-8754-5404553c0af5\" data-immersive-translate-paragraph=\"1\" data-spm-anchor-id=\"a2700.details.0.i35.4f6757d4w4zNZA\">Sacs \u00e0 bandouli\u00e8re durables et r\u00e9sistants \u00e0 l'eau | Fabricant de sacs \u00e9tanches et de sacs \u00e0 dos - Bulk Messenger Solutions<\/h5>\n<div class=\"flex flex-grow flex-col max-w-full\">\n<div class=\"min-h-[20px] text-message flex w-full flex-col items-end gap-2 whitespace-pre-wrap break-words [.text-message+&amp;]:mt-5 overflow-x-auto\" dir=\"auto\" data-message-author-role=\"assistant\" data-message-id=\"3d7d46f6-7ec2-4222-9257-48fa0bba23c6\" data-suggestions=\"true\">\n<div class=\"flex w-full flex-col gap-1 empty:hidden first:pt-[3px]\">\n<div class=\"markdown prose w-full break-words dark:prose-invert light\">\n<table width=\"288\">\n<tbody>\n<tr>\n<td width=\"137\"><span style=\"color: #333333;\">Nom des produits<\/span><\/td>\n<td width=\"151\">Sac de messager<\/td>\n<\/tr>\n<tr>\n<td><span style=\"color: #333333;\">Num\u00e9ro d'article<\/span><\/td>\n<td><span style=\"color: #333333;\">PB-2078<\/span><\/td>\n<\/tr>\n<tr>\n<td><span style=\"color: #333333;\">Mat\u00e9riau<\/span><\/td>\n<td>Polyester 600D flocon de neige<\/td>\n<\/tr>\n<tr>\n<td><span style=\"color: #333333;\">Taille<\/span><\/td>\n<td>38 x 14 x 18 cm<\/td>\n<\/tr>\n<tr>\n<td><span style=\"color: #333333;\">\u00a0D\u00e9lai de livraison<\/span><\/td>\n<td><span style=\"color: #333333;\">1-5 jours pour les petites quantit\u00e9s par voie a\u00e9rienne et 30-35 jours pour les grandes quantit\u00e9s par voie maritime.<\/span><\/td>\n<\/tr>\n<\/tbody>\n<\/table>\n<p>En tant que premier fabricant chinois de sacs de messageries et de sacs imperm\u00e9ables, nous concevons des sacs \u00e0 bandouli\u00e8re durables et r\u00e9sistants \u00e0 l'eau pour des marques logistiques mondiales. Notre soci\u00e9t\u00e9 de sacs de messageries fournit :<\/p>\n<p>\u2705 <strong>R\u00e9sistance \u00e0 l'eau IPX4<\/strong> (polyester 600D + rev\u00eatement TPU)<br \/>\n\u2705 <strong>Capacit\u00e9 extensible de 25 litres<\/strong> avec sangle MOLLE (MOQ 50pcs)<br \/>\n\u2705 <strong>Services OEM\/ODM<\/strong> pour <strong>sacs de messageries sous marque de distributeur<\/strong><br \/>\n\u2705 <strong>Production de sacs de messageries en vrac<\/strong> avec un d\u00e9lai d'ex\u00e9cution de 10 jours<\/p>\n<p>Les grossistes en sacs de messageries et les fournisseurs d'entreprises du monde entier lui font confiance. Caract\u00e9ristiques principales :<br \/>\n- Pochette matelass\u00e9e pour ordinateur portable (jusqu'\u00e0 17\u2033) et pochette de blocage RFID<br \/>\n- Boucles \u00e0 d\u00e9gagement rapide et bandouli\u00e8re ergonomique<br \/>\n- Courroie transversale d\u00e9tachable pour un portage multiple<\/p>\n<p><strong>Pourquoi choisir notre usine de sacs messagers<\/strong>:<br \/>\n\ud83d\udd39 12+ years as top messenger bag exporters from China (plus de 12 ans d'exp\u00e9rience dans l'exportation de sacs de messageries en Chine)<br \/>\n\ud83d\udd39 Conception gratuite d'un pack technique en 3D avec votre marque<br \/>\n\ud83d\udd39 Mat\u00e9riaux certifi\u00e9s OEKO-Tex\/SGS<br \/>\n\ud83d\udd39 Remise 30% pour les vendeurs de sacs de messageries \u00e0 partir de 3 000 unit\u00e9s<\/p>\n<p>Demandez des \u00e9chantillons gratuits de nos sacs \u00e0 bandouli\u00e8re r\u00e9sistants \u00e0 l'eau ou obtenez des devis instantan\u00e9s. Les fournisseurs de sacs de messageries appr\u00e9cient :<br \/>\n- Sur mesure MOQ \u00e0 partir de 30pcs<br \/>\n- Rapports d'essais d'abrasion par lot<br \/>\n- Affectation prioritaire du fret a\u00e9rien<\/p>\n<\/div>\n<\/div>\n<\/div>\n<\/div>","protected":false},"excerpt":{"rendered":"<h2 data-immersive-translate-walked=\"344be1c1-5052-41eb-8fcd-0dbe236a0d6b\" data-immersive-translate-paragraph=\"1\">Sac \u00e0 bandouli\u00e8re durable et r\u00e9sistant \u00e0 l'eau<\/h2>\n<p><strong>1. Sacoche polyvalente pour guidon de v\u00e9lo\u00a0<\/strong>- Sacoche polyvalente pour guidon avec sangle r\u00e9glable, pouvant \u00e9galement \u00eatre utilis\u00e9e comme sacoche pour tube sup\u00e9rieur de v\u00e9lo, sac \u00e0 bandouli\u00e8re, sac de taille et sac de messager. Accrochez-le au guidon comme le montre la sixi\u00e8me image.<\/p>\n<p><strong>2. Polyester 600D et mat\u00e9riaux r\u00e9sistants \u00e0 l'eau<\/strong>\u00a0- Fabriqu\u00e9 en polyester 600D et dot\u00e9 d'une couche interne en PU r\u00e9sistante \u00e0 l'eau, ce sac \u00e0 dos robuste est r\u00e9sistant aux rayures, anti-abrasif, inalt\u00e9rable, r\u00e9sistant \u00e0 la rouille et il est renforc\u00e9 \u00e0 tous les points de tension.<\/p>\n<p><strong>3. Sac avec syst\u00e8me MOLLE<\/strong>\u00a0- Ce sac extensible est dot\u00e9 d'attaches MOLLE au dos, ce qui vous permet de l'attacher \u00e0 une ceinture de service, \u00e0 un sac administratif, \u00e0 un sac \u00e0 dos, \u00e0 une veste PALS ou \u00e0 tout autre \u00e9quipement compatible MOLLE.<\/p>","protected":false},"featured_media":3592,"template":"","meta":{"_uag_custom_page_level_css":""},"product_brand":[],"product_cat":[65,48,64],"product_tag":[],"class_list":{"0":"post-3587","1":"product","2":"type-product","3":"status-publish","4":"has-post-thumbnail","6":"product_cat-messenger-bag","7":"product_cat-bike-bag","8":"product_cat-shoulder-bag","10":"first","11":"instock","12":"shipping-taxable","13":"product-type-simple"},"uagb_featured_image_src":{"full":["https:\/\/pecbag.com\/wp-content\/uploads\/2025\/05\/Durable-Water-Resistant-Shoulder-Bag-2.jpeg",1600,1600,false],"thumbnail":["https:\/\/pecbag.com\/wp-content\/uploads\/2025\/05\/Durable-Water-Resistant-Shoulder-Bag-2-150x150.jpeg",150,150,true],"medium":["https:\/\/pecbag.com\/wp-content\/uploads\/2025\/05\/Durable-Water-Resistant-Shoulder-Bag-2-300x300.jpeg",300,300,true],"medium_large":["https:\/\/pecbag.com\/wp-content\/uploads\/2025\/05\/Durable-Water-Resistant-Shoulder-Bag-2-768x768.jpeg",768,768,true],"large":["https:\/\/pecbag.com\/wp-content\/uploads\/2025\/05\/Durable-Water-Resistant-Shoulder-Bag-2-1024x1024.jpeg",800,800,true],"1536x1536":["https:\/\/pecbag.com\/wp-content\/uploads\/2025\/05\/Durable-Water-Resistant-Shoulder-Bag-2-1536x1536.jpeg",1536,1536,true],"2048x2048":["https:\/\/pecbag.com\/wp-content\/uploads\/2025\/05\/Durable-Water-Resistant-Shoulder-Bag-2.jpeg",1600,1600,false],"trp-custom-language-flag":["https:\/\/pecbag.com\/wp-content\/uploads\/2025\/05\/Durable-Water-Resistant-Shoulder-Bag-2-12x12.jpeg",12,12,true],"woocommerce_thumbnail":["https:\/\/pecbag.com\/wp-content\/uploads\/2025\/05\/Durable-Water-Resistant-Shoulder-Bag-2-300x300.jpeg",300,300,true],"woocommerce_single":["https:\/\/pecbag.com\/wp-content\/uploads\/2025\/05\/Durable-Water-Resistant-Shoulder-Bag-2-600x600.jpeg",600,600,true],"woocommerce_gallery_thumbnail":["https:\/\/pecbag.com\/wp-content\/uploads\/2025\/05\/Durable-Water-Resistant-Shoulder-Bag-2-100x100.jpeg",100,100,true]},"uagb_author_info":{"display_name":"Lawrence","author_link":"https:\/\/pecbag.com\/fr\/author\/"},"uagb_comment_info":0,"uagb_excerpt":"Durable Water Resistant Shoulder Bag 1. Multi-purpose Bike Handlebar Bag\u00a0- Multi-purpose handlebar bag with adjustable strap can also be used as bike top tube bag, shoulder bag, waist bag and messenger bag. Hang it on handlebar as sixth image shows please. 2. 600D Polyester and Water Resistant Materials\u00a0- Made of real 600D Polyester and inner\u2026","_links":{"self":[{"href":"https:\/\/pecbag.com\/fr\/wp-json\/wp\/v2\/product\/3587","targetHints":{"allow":["GET"]}}],"collection":[{"href":"https:\/\/pecbag.com\/fr\/wp-json\/wp\/v2\/product"}],"about":[{"href":"https:\/\/pecbag.com\/fr\/wp-json\/wp\/v2\/types\/product"}],"wp:featuredmedia":[{"embeddable":true,"href":"https:\/\/pecbag.com\/fr\/wp-json\/wp\/v2\/media\/3592"}],"wp:attachment":[{"href":"https:\/\/pecbag.com\/fr\/wp-json\/wp\/v2\/media?parent=3587"}],"wp:term":[{"taxonomy":"product_brand","embeddable":true,"href":"https:\/\/pecbag.com\/fr\/wp-json\/wp\/v2\/product_brand?post=3587"},{"taxonomy":"product_cat","embeddable":true,"href":"https:\/\/pecbag.com\/fr\/wp-json\/wp\/v2\/product_cat?post=3587"},{"taxonomy":"product_tag","embeddable":true,"href":"https:\/\/pecbag.com\/fr\/wp-json\/wp\/v2\/product_tag?post=3587"}],"curies":[{"name":"wp","href":"https:\/\/api.w.org\/{rel}","templated":true}]}}