{"id":3603,"date":"2025-05-27T09:08:08","date_gmt":"2025-05-27T09:08:08","guid":{"rendered":"https:\/\/pecbag.com\/?post_type=product&#038;p=3603"},"modified":"2025-11-29T01:55:10","modified_gmt":"2025-11-29T01:55:10","slug":"outdoor-bike-waist-messenger-bag","status":"publish","type":"product","link":"https:\/\/pecbag.com\/fr\/outdoor-bike-waist-messenger-bag\/","title":{"rendered":"Sac messager de taille pour v\u00e9lo d'ext\u00e9rieur"},"content":{"rendered":"<h5 title=\"Sac \u00e0 dos pliable pour chien Sac \u00e0 bandouli\u00e8re en maille respirante pour petit animal de compagnie Chien Chats\" data-immersive-translate-walked=\"1c928421-2e42-4cd3-8754-5404553c0af5\" data-immersive-translate-paragraph=\"1\" data-spm-anchor-id=\"a2700.details.0.i35.4f6757d4w4zNZA\">Sacs messagers de taille pour v\u00e9lo d'ext\u00e9rieur | Fabricant de sacs \u00e9tanches et de sacs \u00e0 dos - Bulk Cycling Solutions<\/h5>\n<div class=\"flex flex-grow flex-col max-w-full\">\n<div class=\"min-h-[20px] text-message flex w-full flex-col items-end gap-2 whitespace-pre-wrap break-words [.text-message+&amp;]:mt-5 overflow-x-auto\" dir=\"auto\" data-message-author-role=\"assistant\" data-message-id=\"3d7d46f6-7ec2-4222-9257-48fa0bba23c6\" data-suggestions=\"true\">\n<div class=\"flex w-full flex-col gap-1 empty:hidden first:pt-[3px]\">\n<div class=\"markdown prose w-full break-words dark:prose-invert light\">\n<table width=\"288\">\n<tbody>\n<tr>\n<td width=\"137\"><span style=\"color: #333333;\">Nom des produits<\/span><\/td>\n<td width=\"151\">Sac de messager<\/td>\n<\/tr>\n<tr>\n<td><span style=\"color: #333333;\">Num\u00e9ro d'article<\/span><\/td>\n<td><span style=\"color: #333333;\">PB-2080<\/span><\/td>\n<\/tr>\n<tr>\n<td><span style=\"color: #333333;\">Mat\u00e9riau<\/span><\/td>\n<td>Polyester 600D flocon de neige<\/td>\n<\/tr>\n<tr>\n<td><span style=\"color: #333333;\">Taille<\/span><\/td>\n<td>35 x 10 x 16 cm<\/td>\n<\/tr>\n<tr>\n<td><span style=\"color: #333333;\">\u00a0D\u00e9lai de livraison<\/span><\/td>\n<td><span style=\"color: #333333;\">1-5 jours pour les petites quantit\u00e9s par voie a\u00e9rienne et 30-35 jours pour les grandes quantit\u00e9s par voie maritime.<\/span><\/td>\n<\/tr>\n<\/tbody>\n<\/table>\n<p>En tant que premier fabricant chinois de sacs de messageries et de sacs imperm\u00e9ables, nous concevons des sacs de messageries robustes pour v\u00e9lo d'ext\u00e9rieur pour les marques mondiales de cyclisme. Notre soci\u00e9t\u00e9 de sacs de messageries livre :<\/p>\n<p>\u2705 <strong>Conception \u00e9tanche IPX6<\/strong> (nylon 500D + soudure sans couture)<br \/>\n\u2705 <strong>Bandes r\u00e9fl\u00e9chissantes \u00e0 360<\/strong> &amp; ceinture anti-balancement<br \/>\n\u2705 <strong>Services OEM\/ODM<\/strong> pour <strong>sacs de messageries sous marque de distributeur<\/strong><br \/>\n\u2705 <strong>Production de sacs de messageries en vrac<\/strong> avec livraison rapide en 12 jours<\/p>\n<p>Les grossistes en sacs de messageries et les cyclistes urbains du monde entier lui font confiance. Caract\u00e9ristiques principales :<br \/>\n- Syst\u00e8me de montage rapide sans outil pour les cadres de v\u00e9lo<br \/>\n- Compatible avec les vestes d'hydratation + fen\u00eatre tactile pour t\u00e9l\u00e9phone<br \/>\n- Capacit\u00e9 extensible de 5L \u00e0 15L<\/p>\n<p><strong>Pourquoi s'associer \u00e0 notre usine de sacs de messageries<\/strong>:<br \/>\n\ud83d\udd39 10+ years as top messenger bag exporters from China (plus de 10 ans d'exp\u00e9rience dans l'exportation de sacs de messageries en Chine)<br \/>\n\ud83d\udd39 Dessins techniques 3D gratuits avec votre marque<br \/>\n\ud83d\udd39 Mat\u00e9riaux certifi\u00e9s OEKO-Tex et r\u00e9sistants \u00e0 l'abrasion<br \/>\n\ud83d\udd39 Remise 30% pour les vendeurs de sacs de messageries \u00e0 partir de 3 000 unit\u00e9s<\/p>\n<p>Demandez des \u00e9chantillons gratuits de nos sacoches de v\u00e9lo ou obtenez des devis instantan\u00e9s. Les fournisseurs de sacs de messageries appr\u00e9cient :<br \/>\n- Sur mesure MOQ<br \/>\n- Rapports d'essais d'\u00e9tanch\u00e9it\u00e9 par lot<br \/>\n- Attribution prioritaire du fret a\u00e9rien et maritime<\/p>\n<\/div>\n<\/div>\n<\/div>\n<\/div>","protected":false},"excerpt":{"rendered":"<h2 data-immersive-translate-walked=\"344be1c1-5052-41eb-8fcd-0dbe236a0d6b\" data-immersive-translate-paragraph=\"1\">Sac messager de taille pour v\u00e9lo d'ext\u00e9rieur<\/h2>\n<div class=\"sliderTable mt10 mb10 sliderTable-index0\">\n<div class=\"inner\">\n<p><strong>1. Sacoche polyvalente pour guidon de v\u00e9lo.<\/strong>\u00a0Ce sac \u00e0 sangle r\u00e9glable peut \u00e9galement \u00eatre utilis\u00e9 comme sac de tube sup\u00e9rieur de v\u00e9lo, sac \u00e0 bandouli\u00e8re, sac de taille et sac de messager. Accrochez-le au guidon. La taille appropri\u00e9e convient \u00e0 la plupart des gens.<\/p>\n<p><strong>2. Conception pratique de la construction.\u00a0<\/strong>Ce sac comporte une poche principale zipp\u00e9e avec une poche int\u00e9rieure en filet pouvant contenir une bouteille de bi\u00e8re ou un iPad mini ; une poche frontale zipp\u00e9e et deux poches lat\u00e9rales zipp\u00e9es pour transporter de petits objets ou gadgets, un petit appareil GPS, des fournitures m\u00e9dicales, de petits outils, etc.<\/p>\n<\/div>\n<\/div>","protected":false},"featured_media":3609,"template":"","meta":{"_uag_custom_page_level_css":""},"product_brand":[],"product_cat":[65,48,64],"product_tag":[],"class_list":{"0":"post-3603","1":"product","2":"type-product","3":"status-publish","4":"has-post-thumbnail","6":"product_cat-messenger-bag","7":"product_cat-bike-bag","8":"product_cat-shoulder-bag","10":"first","11":"instock","12":"shipping-taxable","13":"product-type-simple"},"uagb_featured_image_src":{"full":["https:\/\/pecbag.com\/wp-content\/uploads\/2025\/05\/Outdoor-Bike-Waist-Messenger-Bag-3.jpeg",933,1063,false],"thumbnail":["https:\/\/pecbag.com\/wp-content\/uploads\/2025\/05\/Outdoor-Bike-Waist-Messenger-Bag-3-150x150.jpeg",150,150,true],"medium":["https:\/\/pecbag.com\/wp-content\/uploads\/2025\/05\/Outdoor-Bike-Waist-Messenger-Bag-3-263x300.jpeg",263,300,true],"medium_large":["https:\/\/pecbag.com\/wp-content\/uploads\/2025\/05\/Outdoor-Bike-Waist-Messenger-Bag-3-768x875.jpeg",768,875,true],"large":["https:\/\/pecbag.com\/wp-content\/uploads\/2025\/05\/Outdoor-Bike-Waist-Messenger-Bag-3-899x1024.jpeg",800,911,true],"1536x1536":["https:\/\/pecbag.com\/wp-content\/uploads\/2025\/05\/Outdoor-Bike-Waist-Messenger-Bag-3.jpeg",933,1063,false],"2048x2048":["https:\/\/pecbag.com\/wp-content\/uploads\/2025\/05\/Outdoor-Bike-Waist-Messenger-Bag-3.jpeg",933,1063,false],"trp-custom-language-flag":["https:\/\/pecbag.com\/wp-content\/uploads\/2025\/05\/Outdoor-Bike-Waist-Messenger-Bag-3-11x12.jpeg",11,12,true],"woocommerce_thumbnail":["https:\/\/pecbag.com\/wp-content\/uploads\/2025\/05\/Outdoor-Bike-Waist-Messenger-Bag-3-300x300.jpeg",300,300,true],"woocommerce_single":["https:\/\/pecbag.com\/wp-content\/uploads\/2025\/05\/Outdoor-Bike-Waist-Messenger-Bag-3-600x684.jpeg",600,684,true],"woocommerce_gallery_thumbnail":["https:\/\/pecbag.com\/wp-content\/uploads\/2025\/05\/Outdoor-Bike-Waist-Messenger-Bag-3-100x100.jpeg",100,100,true]},"uagb_author_info":{"display_name":"Lawrence","author_link":"https:\/\/pecbag.com\/fr\/author\/"},"uagb_comment_info":0,"uagb_excerpt":"Outdoor Bike Waist Messenger Bag 1. Multi-purpose Bike Handlebar Bag.\u00a0This bag with adjustable strap can also be used as bike top tube bag, shoulder bag, waist bag and messenger bag. Hang it on handlebar. Appropriate size fits for most people. 2. Handy Construction Design.\u00a0This bag has one main zipper pocket with inside mesh pocket which\u2026","_links":{"self":[{"href":"https:\/\/pecbag.com\/fr\/wp-json\/wp\/v2\/product\/3603","targetHints":{"allow":["GET"]}}],"collection":[{"href":"https:\/\/pecbag.com\/fr\/wp-json\/wp\/v2\/product"}],"about":[{"href":"https:\/\/pecbag.com\/fr\/wp-json\/wp\/v2\/types\/product"}],"wp:featuredmedia":[{"embeddable":true,"href":"https:\/\/pecbag.com\/fr\/wp-json\/wp\/v2\/media\/3609"}],"wp:attachment":[{"href":"https:\/\/pecbag.com\/fr\/wp-json\/wp\/v2\/media?parent=3603"}],"wp:term":[{"taxonomy":"product_brand","embeddable":true,"href":"https:\/\/pecbag.com\/fr\/wp-json\/wp\/v2\/product_brand?post=3603"},{"taxonomy":"product_cat","embeddable":true,"href":"https:\/\/pecbag.com\/fr\/wp-json\/wp\/v2\/product_cat?post=3603"},{"taxonomy":"product_tag","embeddable":true,"href":"https:\/\/pecbag.com\/fr\/wp-json\/wp\/v2\/product_tag?post=3603"}],"curies":[{"name":"wp","href":"https:\/\/api.w.org\/{rel}","templated":true}]}}