{"id":3618,"date":"2025-05-27T09:15:00","date_gmt":"2025-05-27T09:15:00","guid":{"rendered":"https:\/\/pecbag.com\/?post_type=product&#038;p=3618"},"modified":"2025-11-29T01:54:58","modified_gmt":"2025-11-29T01:54:58","slug":"laptop-business-messenger-bag","status":"publish","type":"product","link":"https:\/\/pecbag.com\/fr\/laptop-business-messenger-bag\/","title":{"rendered":"Sacoche pour ordinateur portable"},"content":{"rendered":"<h5 title=\"Sac \u00e0 dos pliable pour chien Sac \u00e0 bandouli\u00e8re en maille respirante pour petit animal de compagnie Chien Chats\" data-immersive-translate-walked=\"1c928421-2e42-4cd3-8754-5404553c0af5\" data-immersive-translate-paragraph=\"1\" data-spm-anchor-id=\"a2700.details.0.i35.4f6757d4w4zNZA\">Sacs de messageries pour ordinateurs portables - Fabricant de sacs imperm\u00e9ables et de sacs \u00e0 dos - Bulk Corporate Solutions<\/h5>\n<div class=\"flex flex-grow flex-col max-w-full\">\n<div class=\"min-h-[20px] text-message flex w-full flex-col items-end gap-2 whitespace-pre-wrap break-words [.text-message+&amp;]:mt-5 overflow-x-auto\" dir=\"auto\" data-message-author-role=\"assistant\" data-message-id=\"3d7d46f6-7ec2-4222-9257-48fa0bba23c6\" data-suggestions=\"true\">\n<div class=\"flex w-full flex-col gap-1 empty:hidden first:pt-[3px]\">\n<div class=\"markdown prose w-full break-words dark:prose-invert light\">\n<table width=\"288\">\n<tbody>\n<tr>\n<td width=\"137\"><span style=\"color: #333333;\">Nom des produits<\/span><\/td>\n<td width=\"151\">Sac de messager<\/td>\n<\/tr>\n<tr>\n<td><span style=\"color: #333333;\">Num\u00e9ro d'article<\/span><\/td>\n<td><span style=\"color: #333333;\">PB-2081<\/span><\/td>\n<\/tr>\n<tr>\n<td><span style=\"color: #333333;\">Mat\u00e9riau<\/span><\/td>\n<td>Polyester 600D<\/td>\n<\/tr>\n<tr>\n<td><span style=\"color: #333333;\">Taille<\/span><\/td>\n<td>17 x 6.3 x 13.4 pouces<\/td>\n<\/tr>\n<tr>\n<td><span style=\"color: #333333;\">\u00a0D\u00e9lai de livraison<\/span><\/td>\n<td><span style=\"color: #333333;\">1-5 jours pour les petites quantit\u00e9s par voie a\u00e9rienne et 30-35 jours pour les grandes quantit\u00e9s par voie maritime.<\/span><\/td>\n<\/tr>\n<\/tbody>\n<\/table>\n<p>En tant que premier fabricant chinois de sacs de messageries et de sacs imperm\u00e9ables, nous fabriquons des sacs de messageries professionnels pour ordinateurs portables destin\u00e9s aux entreprises internationales. Notre soci\u00e9t\u00e9 de sacs de messageries offre :<\/p>\n<p>\u2705 <strong>Protection \u00e9tanche IPX5<\/strong> (polyester 600D + coutures soud\u00e9es)<br \/>\n\u2705 <strong>Compartiment pour ordinateur portable jusqu'\u00e0 17<\/strong> avec rembourrage anti-choc<br \/>\n\u2705 <strong>Services OEM\/ODM<\/strong> pour <strong>sacs de messageries sous marque de distributeur<\/strong><br \/>\n\u2705 <strong>Production de sacs de messageries en vrac<\/strong> avec livraison en 10 jours<\/p>\n<p>Les grossistes en sacs de messageries et les entreprises Fortune 500 lui font confiance. Caract\u00e9ristiques principales :<br \/>\n- Poches RFID et fermetures \u00e0 glissi\u00e8re antivol cach\u00e9es<br \/>\n- Bandouli\u00e8re amovible et housse pour chariot \u00e0 bagages<br \/>\n- Organisateur technologique \u00e0 acc\u00e8s rapide avec port USB<\/p>\n<p><strong>Pourquoi choisir notre usine de sacs messagers<\/strong>:<br \/>\n\ud83d\udd39 15+ years as top messenger bag exporters from China (plus de 15 ans d'exp\u00e9rience dans l'exportation de sacs de messageries en Chine)<br \/>\n\ud83d\udd39 Conception 3D gratuite avec la marque de votre entreprise<br \/>\n\ud83d\udd39 Mat\u00e9riaux certifi\u00e9s OEKO-Tex et r\u00e9sistants \u00e0 l'abrasion<br \/>\n\ud83d\udd39 Remise 25% pour les vendeurs de sacs de messageries \u00e0 partir de 2 500 unit\u00e9s<\/p>\n<p>Demandez des \u00e9chantillons gratuits de nos sacs de messageries d'affaires ou obtenez des devis instantan\u00e9s. Les fournisseurs de sacs de messageries appr\u00e9cient :<br \/>\n- Sur mesure MOQ<br \/>\n- Certifications de qualit\u00e9 sp\u00e9cifiques aux lots<br \/>\n- Options prioritaires pour le fret a\u00e9rien et maritime<\/p>\n<\/div>\n<\/div>\n<\/div>\n<\/div>","protected":false},"excerpt":{"rendered":"<h2 data-immersive-translate-walked=\"344be1c1-5052-41eb-8fcd-0dbe236a0d6b\" data-immersive-translate-paragraph=\"1\">Sacoche pour ordinateur portable<\/h2>\n<div class=\"sliderTable mt10 mb10 sliderTable-index0\">\n<div class=\"inner\">\n<p>La conception multi-poches permet d'organiser tout ce dont vous avez besoin pour le travail ou l'\u00e9cole.<\/p>\n<p>Le compartiment avant \u00e0 fermeture \u00e9clair est dot\u00e9 de 3 poches ouvertes permettant de ranger un Ipad, un portefeuille, un ordinateur portable, etc. Les 3 poches ext\u00e9rieures permettent de ranger les t\u00e9l\u00e9phones portables, les chargeurs, les banques d'alimentation, les \u00e9couteurs, une souris ou d'autres petits objets.<\/p>\n<\/div>\n<\/div>","protected":false},"featured_media":3623,"template":"","meta":{"_uag_custom_page_level_css":""},"product_brand":[],"product_cat":[65,64],"product_tag":[],"class_list":{"0":"post-3618","1":"product","2":"type-product","3":"status-publish","4":"has-post-thumbnail","6":"product_cat-messenger-bag","7":"product_cat-shoulder-bag","9":"first","10":"instock","11":"shipping-taxable","12":"product-type-simple"},"uagb_featured_image_src":{"full":["https:\/\/pecbag.com\/wp-content\/uploads\/2025\/05\/Laptop-Business-Messenger-Bag-2.jpeg",800,800,false],"thumbnail":["https:\/\/pecbag.com\/wp-content\/uploads\/2025\/05\/Laptop-Business-Messenger-Bag-2-150x150.jpeg",150,150,true],"medium":["https:\/\/pecbag.com\/wp-content\/uploads\/2025\/05\/Laptop-Business-Messenger-Bag-2-300x300.jpeg",300,300,true],"medium_large":["https:\/\/pecbag.com\/wp-content\/uploads\/2025\/05\/Laptop-Business-Messenger-Bag-2-768x768.jpeg",768,768,true],"large":["https:\/\/pecbag.com\/wp-content\/uploads\/2025\/05\/Laptop-Business-Messenger-Bag-2.jpeg",800,800,false],"1536x1536":["https:\/\/pecbag.com\/wp-content\/uploads\/2025\/05\/Laptop-Business-Messenger-Bag-2.jpeg",800,800,false],"2048x2048":["https:\/\/pecbag.com\/wp-content\/uploads\/2025\/05\/Laptop-Business-Messenger-Bag-2.jpeg",800,800,false],"trp-custom-language-flag":["https:\/\/pecbag.com\/wp-content\/uploads\/2025\/05\/Laptop-Business-Messenger-Bag-2-12x12.jpeg",12,12,true],"woocommerce_thumbnail":["https:\/\/pecbag.com\/wp-content\/uploads\/2025\/05\/Laptop-Business-Messenger-Bag-2-300x300.jpeg",300,300,true],"woocommerce_single":["https:\/\/pecbag.com\/wp-content\/uploads\/2025\/05\/Laptop-Business-Messenger-Bag-2-600x600.jpeg",600,600,true],"woocommerce_gallery_thumbnail":["https:\/\/pecbag.com\/wp-content\/uploads\/2025\/05\/Laptop-Business-Messenger-Bag-2-100x100.jpeg",100,100,true]},"uagb_author_info":{"display_name":"Lawrence","author_link":"https:\/\/pecbag.com\/fr\/author\/"},"uagb_comment_info":0,"uagb_excerpt":"Laptop Business Messenger Bag The multi-pocket design to organized everything you need for work or school. The front zipper compartment with 3 open pockets to hold Ipad, wallet, notebook etc. While the 3 exterior pockets hold cell phones, chargers, power banks, earphones, and a mouse or other small items.","_links":{"self":[{"href":"https:\/\/pecbag.com\/fr\/wp-json\/wp\/v2\/product\/3618","targetHints":{"allow":["GET"]}}],"collection":[{"href":"https:\/\/pecbag.com\/fr\/wp-json\/wp\/v2\/product"}],"about":[{"href":"https:\/\/pecbag.com\/fr\/wp-json\/wp\/v2\/types\/product"}],"wp:featuredmedia":[{"embeddable":true,"href":"https:\/\/pecbag.com\/fr\/wp-json\/wp\/v2\/media\/3623"}],"wp:attachment":[{"href":"https:\/\/pecbag.com\/fr\/wp-json\/wp\/v2\/media?parent=3618"}],"wp:term":[{"taxonomy":"product_brand","embeddable":true,"href":"https:\/\/pecbag.com\/fr\/wp-json\/wp\/v2\/product_brand?post=3618"},{"taxonomy":"product_cat","embeddable":true,"href":"https:\/\/pecbag.com\/fr\/wp-json\/wp\/v2\/product_cat?post=3618"},{"taxonomy":"product_tag","embeddable":true,"href":"https:\/\/pecbag.com\/fr\/wp-json\/wp\/v2\/product_tag?post=3618"}],"curies":[{"name":"wp","href":"https:\/\/api.w.org\/{rel}","templated":true}]}}