{"id":3626,"date":"2025-05-27T09:22:18","date_gmt":"2025-05-27T09:22:18","guid":{"rendered":"https:\/\/pecbag.com\/?post_type=product&#038;p=3626"},"modified":"2025-11-29T01:54:54","modified_gmt":"2025-11-29T01:54:54","slug":"laptop-sleeve-briefcase-bag","status":"publish","type":"product","link":"https:\/\/pecbag.com\/fr\/laptop-sleeve-briefcase-bag\/","title":{"rendered":"Sacoche pour ordinateur portable"},"content":{"rendered":"<h5 title=\"Sac \u00e0 dos pliable pour chien Sac \u00e0 bandouli\u00e8re en maille respirante pour petit animal de compagnie Chien Chats\" data-immersive-translate-walked=\"1c928421-2e42-4cd3-8754-5404553c0af5\" data-immersive-translate-paragraph=\"1\" data-spm-anchor-id=\"a2700.details.0.i35.4f6757d4w4zNZA\">Sacoche pour ordinateur portable - Fabricant de sacs \u00e9tanches et de sacs \u00e0 dos - Bulk Corporate Solutions<\/h5>\n<div class=\"flex flex-grow flex-col max-w-full\">\n<div class=\"min-h-[20px] text-message flex w-full flex-col items-end gap-2 whitespace-pre-wrap break-words [.text-message+&amp;]:mt-5 overflow-x-auto\" dir=\"auto\" data-message-author-role=\"assistant\" data-message-id=\"3d7d46f6-7ec2-4222-9257-48fa0bba23c6\" data-suggestions=\"true\">\n<div class=\"flex w-full flex-col gap-1 empty:hidden first:pt-[3px]\">\n<div class=\"markdown prose w-full break-words dark:prose-invert light\">\n<table width=\"288\">\n<tbody>\n<tr>\n<td width=\"137\"><span style=\"color: #333333;\">Nom des produits<\/span><\/td>\n<td width=\"151\">Sac de messager<\/td>\n<\/tr>\n<tr>\n<td><span style=\"color: #333333;\">Num\u00e9ro d'article<\/span><\/td>\n<td><span style=\"color: #333333;\">PB-2082<\/span><\/td>\n<\/tr>\n<tr>\n<td><span style=\"color: #333333;\">Mat\u00e9riau<\/span><\/td>\n<td>Cordura 500D<\/td>\n<\/tr>\n<tr>\n<td><span style=\"color: #333333;\">Taille<\/span><\/td>\n<td>43 x 16,5 x 30 cm<\/td>\n<\/tr>\n<tr>\n<td><span style=\"color: #333333;\">\u00a0D\u00e9lai de livraison<\/span><\/td>\n<td><span style=\"color: #333333;\">1-5 jours pour les petites quantit\u00e9s par voie a\u00e9rienne et 30-35 jours pour les grandes quantit\u00e9s par voie maritime.<\/span><\/td>\n<\/tr>\n<\/tbody>\n<\/table>\n<p>En tant que leader chinois de la fabrication de sacs de messageries et de sacs imperm\u00e9ables, nous concevons des sacoches d'ordinateur portable haut de gamme pour les professionnels du monde entier. Notre soci\u00e9t\u00e9 de sacs de messageries offre :<\/p>\n<p>\u2705 <strong>Compartiment pour ordinateur portable \u00e0 l'\u00e9preuve des chocs<\/strong> (convient aux appareils jusqu'\u00e0 17\u2033) + <strong>Ext\u00e9rieur \u00e9tanche IPX5<\/strong><br \/>\n\u2705 <strong>Mod\u00e8les personnalisables<\/strong> (MOQ 50pcs) pour <strong>sacs de messageries sous marque de distributeur<\/strong><br \/>\n\u2705 <strong>Services OEM\/ODM<\/strong> avec un d\u00e9lai de production rapide de 10 jours<br \/>\n\u2705 <strong>Production de sacs de messageries en vrac<\/strong> des entreprises Fortune 500 lui font confiance<\/p>\n<p>Caract\u00e9ristiques principales reconnues par les grossistes en sacs de messageries :<br \/>\n- Pochettes pour documents avec blocage RFID et port de charge USB cach\u00e9<br \/>\n- Bandouli\u00e8re amovible + pochette pour trolley pour le voyage<br \/>\n- Accents en cuir v\u00e9g\u00e9tal et fermetures magn\u00e9tiques silencieuses<\/p>\n<p><strong>Pourquoi choisir notre usine de sacs messagers<\/strong>:<br \/>\n\ud83d\udd39 12+ years as top messenger bag exporters from China (plus de 12 ans d'exp\u00e9rience dans l'exportation de sacs de messageries en Chine)<br \/>\n\ud83d\udd39 Pack technique 3D gratuit avec votre marque<br \/>\n\ud83d\udd39 Mat\u00e9riaux durables certifi\u00e9s OEKO-Tex\/SGS<br \/>\n\ud83d\udd39 Remise 30% pour les vendeurs de sacs de messageries \u00e0 partir de 3 000 unit\u00e9s<\/p>\n<p>Demandez des \u00e9chantillons gratuits de nos sacs porte-documents ou obtenez des devis instantan\u00e9s. Les fournisseurs de sacs de messageries appr\u00e9cient :<br \/>\n- Sur mesure MOQ \u00e0 partir de 30pcs<br \/>\n- Rapports d'essais d'abrasion par lot<br \/>\n- Affectation prioritaire du fret a\u00e9rien<\/p>\n<\/div>\n<\/div>\n<\/div>\n<\/div>","protected":false},"excerpt":{"rendered":"<h2 data-immersive-translate-walked=\"344be1c1-5052-41eb-8fcd-0dbe236a0d6b\" data-immersive-translate-paragraph=\"1\">Sacoche pour ordinateur portable<\/h2>\n<div class=\"sliderTable mt10 mb10 sliderTable-index0\">\n<div class=\"inner\">\n<p>Nous fournissons des sacs de qualit\u00e9 sup\u00e9rieure avec une personnalisation compl\u00e8te de la taille et de la couleur, des tissus durables et une qualit\u00e9 certifi\u00e9e.<\/p>\n<p>B\u00e9n\u00e9ficiez de MOQ flexibles, d'une exp\u00e9dition mondiale rapide et de solutions de marques priv\u00e9es.<\/p>\n<p>Contactez-nous d\u00e8s aujourd'hui !<\/p>\n<\/div>\n<\/div>","protected":false},"featured_media":3632,"template":"","meta":{"_uag_custom_page_level_css":""},"product_brand":[],"product_cat":[65,64,55],"product_tag":[],"class_list":{"0":"post-3626","1":"product","2":"type-product","3":"status-publish","4":"has-post-thumbnail","6":"product_cat-messenger-bag","7":"product_cat-shoulder-bag","8":"product_cat-tactical-bag","10":"first","11":"instock","12":"shipping-taxable","13":"product-type-simple"},"uagb_featured_image_src":{"full":["https:\/\/pecbag.com\/wp-content\/uploads\/2025\/05\/Laptop-Sleeve-Briefcase-Bag-4.jpeg",800,800,false],"thumbnail":["https:\/\/pecbag.com\/wp-content\/uploads\/2025\/05\/Laptop-Sleeve-Briefcase-Bag-4-150x150.jpeg",150,150,true],"medium":["https:\/\/pecbag.com\/wp-content\/uploads\/2025\/05\/Laptop-Sleeve-Briefcase-Bag-4-300x300.jpeg",300,300,true],"medium_large":["https:\/\/pecbag.com\/wp-content\/uploads\/2025\/05\/Laptop-Sleeve-Briefcase-Bag-4-768x768.jpeg",768,768,true],"large":["https:\/\/pecbag.com\/wp-content\/uploads\/2025\/05\/Laptop-Sleeve-Briefcase-Bag-4.jpeg",800,800,false],"1536x1536":["https:\/\/pecbag.com\/wp-content\/uploads\/2025\/05\/Laptop-Sleeve-Briefcase-Bag-4.jpeg",800,800,false],"2048x2048":["https:\/\/pecbag.com\/wp-content\/uploads\/2025\/05\/Laptop-Sleeve-Briefcase-Bag-4.jpeg",800,800,false],"trp-custom-language-flag":["https:\/\/pecbag.com\/wp-content\/uploads\/2025\/05\/Laptop-Sleeve-Briefcase-Bag-4-12x12.jpeg",12,12,true],"woocommerce_thumbnail":["https:\/\/pecbag.com\/wp-content\/uploads\/2025\/05\/Laptop-Sleeve-Briefcase-Bag-4-300x300.jpeg",300,300,true],"woocommerce_single":["https:\/\/pecbag.com\/wp-content\/uploads\/2025\/05\/Laptop-Sleeve-Briefcase-Bag-4-600x600.jpeg",600,600,true],"woocommerce_gallery_thumbnail":["https:\/\/pecbag.com\/wp-content\/uploads\/2025\/05\/Laptop-Sleeve-Briefcase-Bag-4-100x100.jpeg",100,100,true]},"uagb_author_info":{"display_name":"Lawrence","author_link":"https:\/\/pecbag.com\/fr\/author\/"},"uagb_comment_info":0,"uagb_excerpt":"Laptop Sleeve Briefcase Bag We provide premium bags with full-size and color customization, durable fabrics, and certified quality. Enjoy flexible MOQs, fast global shipping, and private label solutions. Contact us today!","_links":{"self":[{"href":"https:\/\/pecbag.com\/fr\/wp-json\/wp\/v2\/product\/3626","targetHints":{"allow":["GET"]}}],"collection":[{"href":"https:\/\/pecbag.com\/fr\/wp-json\/wp\/v2\/product"}],"about":[{"href":"https:\/\/pecbag.com\/fr\/wp-json\/wp\/v2\/types\/product"}],"wp:featuredmedia":[{"embeddable":true,"href":"https:\/\/pecbag.com\/fr\/wp-json\/wp\/v2\/media\/3632"}],"wp:attachment":[{"href":"https:\/\/pecbag.com\/fr\/wp-json\/wp\/v2\/media?parent=3626"}],"wp:term":[{"taxonomy":"product_brand","embeddable":true,"href":"https:\/\/pecbag.com\/fr\/wp-json\/wp\/v2\/product_brand?post=3626"},{"taxonomy":"product_cat","embeddable":true,"href":"https:\/\/pecbag.com\/fr\/wp-json\/wp\/v2\/product_cat?post=3626"},{"taxonomy":"product_tag","embeddable":true,"href":"https:\/\/pecbag.com\/fr\/wp-json\/wp\/v2\/product_tag?post=3626"}],"curies":[{"name":"wp","href":"https:\/\/api.w.org\/{rel}","templated":true}]}}