{"id":3728,"date":"2025-05-28T01:43:46","date_gmt":"2025-05-28T01:43:46","guid":{"rendered":"https:\/\/pecbag.com\/?post_type=product&#038;p=3728"},"modified":"2025-11-29T01:53:59","modified_gmt":"2025-11-29T01:53:59","slug":"lightweight-boot-bag-snowboard-bag","status":"publish","type":"product","link":"https:\/\/pecbag.com\/fr\/lightweight-boot-bag-snowboard-bag\/","title":{"rendered":"Lightweight Boot Bag Snowboard Bag"},"content":{"rendered":"<h5 title=\"Sac \u00e0 dos pliable pour chien Sac \u00e0 bandouli\u00e8re en maille respirante pour petit animal de compagnie Chien Chats\" data-immersive-translate-walked=\"1c928421-2e42-4cd3-8754-5404553c0af5\" data-immersive-translate-paragraph=\"1\" data-spm-anchor-id=\"a2700.details.0.i35.4f6757d4w4zNZA\">Sac \u00e0 bottes l\u00e9ger Sac \u00e0 snowboard | Sac \u00e9tanche Fabricant de sacs \u00e0 dos - Bulk Winter Solutions<\/h5>\n<div class=\"flex flex-grow flex-col max-w-full\">\n<div class=\"min-h-[20px] text-message flex w-full flex-col items-end gap-2 whitespace-pre-wrap break-words [.text-message+&amp;]:mt-5 overflow-x-auto\" dir=\"auto\" data-message-author-role=\"assistant\" data-message-id=\"3d7d46f6-7ec2-4222-9257-48fa0bba23c6\" data-suggestions=\"true\">\n<div class=\"flex w-full flex-col gap-1 empty:hidden first:pt-[3px]\">\n<div class=\"markdown prose w-full break-words dark:prose-invert light\">\n<table width=\"288\">\n<tbody>\n<tr>\n<td width=\"137\"><span style=\"color: #333333;\">Nom des produits<\/span><\/td>\n<td width=\"151\">Sac de ski<\/td>\n<\/tr>\n<tr>\n<td><span style=\"color: #333333;\">Num\u00e9ro d'article<\/span><\/td>\n<td><span style=\"color: #333333;\">PB-2086<\/span><\/td>\n<\/tr>\n<tr>\n<td><span style=\"color: #333333;\">Mat\u00e9riau<\/span><\/td>\n<td>Polyester<\/td>\n<\/tr>\n<tr>\n<td><span style=\"color: #333333;\">Taille<\/span><\/td>\n<td>190 cm<\/td>\n<\/tr>\n<tr>\n<td><span style=\"color: #333333;\">\u00a0D\u00e9lai de livraison<\/span><\/td>\n<td><span style=\"color: #333333;\">1-5 jours pour les petites quantit\u00e9s par voie a\u00e9rienne et 30-35 jours pour les grandes quantit\u00e9s par voie maritime.<\/span><\/td>\n<\/tr>\n<\/tbody>\n<\/table>\n<p>En tant que premier fabricant chinois de sacs de ski et de sacs \u00e9tanches, nous fabriquons des sacs de chaussures de ski et de snowboard ultral\u00e9gers et l\u00e9gers pour les marques de sports d'hiver du monde entier. Notre soci\u00e9t\u00e9 de sacs de ski propose :<\/p>\n<p>\u2705 <strong>1.8lbs poids \u00e0 vide<\/strong> (nylon ripstop 420D) avec \u00e9tanch\u00e9it\u00e9 IPX6<br \/>\n\u2705 <strong>Conception \u00e0 double usage<\/strong> pour chaussures et planches jusqu'\u00e0 165cm (MOQ 50pcs)<br \/>\n\u2705 <strong>Services OEM\/ODM<\/strong> pour les sacs de ski de marque priv\u00e9e<br \/>\n\u2705 <strong>Production de sacs de ski en vrac<\/strong> avec livraison rapide en 10 jours<\/p>\n<p>Les grossistes en sacs de ski et les stations de montagne du monde entier lui font confiance. Caract\u00e9ristiques principales :<br \/>\n- Compartiments ventil\u00e9s et doublure anti-microbienne<br \/>\n- Bretelles rembourr\u00e9es et protections des carres de snowboard<br \/>\n- Fente pour \u00e9tiquette de bagage RFID et serrures approuv\u00e9es par la TSA<\/p>\n<p><strong>Pourquoi choisir notre usine de sacs de ski<\/strong>:<br \/>\n\ud83d\udd39 Plus de 12 ans d'exp\u00e9rience en tant que premier exportateur de sacs de ski en Chine<br \/>\n\ud83d\udd39 Design 3D gratuit avec votre marque alpine<br \/>\n\ud83d\udd39 Mat\u00e9riaux \u00e9cologiques certifi\u00e9s OEKO-Tex\/SGS<br \/>\n\ud83d\udd39 25% r\u00e9duction pour les vendeurs de sacs de ski sur plus de 2 500 unit\u00e9s<\/p>\n<p>Demandez des \u00e9chantillons gratuits de nos sacs de snowboard l\u00e9gers ou obtenez des devis instantan\u00e9s. Les fournisseurs de sacs de ski appr\u00e9cient :<br \/>\n- Sur mesure MOQ \u00e0 partir de 30pcs<br \/>\n- Rapports d'essais de r\u00e9sistance au froid par lot<br \/>\n- Affectation prioritaire du fret a\u00e9rien<\/p>\n<\/div>\n<\/div>\n<\/div>\n<\/div>","protected":false},"excerpt":{"rendered":"<h2 data-immersive-translate-walked=\"344be1c1-5052-41eb-8fcd-0dbe236a0d6b\" data-immersive-translate-paragraph=\"1\">Lightweight Boot Bag Snowboard Bag<\/h2>\n<p>Nous fournissons des sacs de qualit\u00e9 sup\u00e9rieure avec une personnalisation compl\u00e8te de la taille et de la couleur, des tissus durables et une qualit\u00e9 certifi\u00e9e.<\/p>\n<p>B\u00e9n\u00e9ficiez de MOQ flexibles, d'une exp\u00e9dition mondiale rapide et de solutions de marques priv\u00e9es.<\/p>\n<p>Contactez-nous d\u00e8s aujourd'hui !<\/p>","protected":false},"featured_media":3729,"template":"","meta":{"_uag_custom_page_level_css":""},"product_brand":[],"product_cat":[59,67],"product_tag":[],"class_list":{"0":"post-3728","1":"product","2":"type-product","3":"status-publish","4":"has-post-thumbnail","6":"product_cat-ski-bag","7":"product_cat-sports-bag","9":"first","10":"instock","11":"shipping-taxable","12":"product-type-simple"},"uagb_featured_image_src":{"full":["https:\/\/pecbag.com\/wp-content\/uploads\/2025\/05\/Lightweight-Boot-Bag-Snowboard-Bag-5.jpeg",1000,1000,false],"thumbnail":["https:\/\/pecbag.com\/wp-content\/uploads\/2025\/05\/Lightweight-Boot-Bag-Snowboard-Bag-5-150x150.jpeg",150,150,true],"medium":["https:\/\/pecbag.com\/wp-content\/uploads\/2025\/05\/Lightweight-Boot-Bag-Snowboard-Bag-5-300x300.jpeg",300,300,true],"medium_large":["https:\/\/pecbag.com\/wp-content\/uploads\/2025\/05\/Lightweight-Boot-Bag-Snowboard-Bag-5-768x768.jpeg",768,768,true],"large":["https:\/\/pecbag.com\/wp-content\/uploads\/2025\/05\/Lightweight-Boot-Bag-Snowboard-Bag-5.jpeg",800,800,false],"1536x1536":["https:\/\/pecbag.com\/wp-content\/uploads\/2025\/05\/Lightweight-Boot-Bag-Snowboard-Bag-5.jpeg",1000,1000,false],"2048x2048":["https:\/\/pecbag.com\/wp-content\/uploads\/2025\/05\/Lightweight-Boot-Bag-Snowboard-Bag-5.jpeg",1000,1000,false],"trp-custom-language-flag":["https:\/\/pecbag.com\/wp-content\/uploads\/2025\/05\/Lightweight-Boot-Bag-Snowboard-Bag-5-12x12.jpeg",12,12,true],"woocommerce_thumbnail":["https:\/\/pecbag.com\/wp-content\/uploads\/2025\/05\/Lightweight-Boot-Bag-Snowboard-Bag-5-300x300.jpeg",300,300,true],"woocommerce_single":["https:\/\/pecbag.com\/wp-content\/uploads\/2025\/05\/Lightweight-Boot-Bag-Snowboard-Bag-5-600x600.jpeg",600,600,true],"woocommerce_gallery_thumbnail":["https:\/\/pecbag.com\/wp-content\/uploads\/2025\/05\/Lightweight-Boot-Bag-Snowboard-Bag-5-100x100.jpeg",100,100,true]},"uagb_author_info":{"display_name":"Lawrence","author_link":"https:\/\/pecbag.com\/fr\/author\/"},"uagb_comment_info":0,"uagb_excerpt":"Lightweight Boot Bag Snowboard Bag We provide premium bags with full-size and color customization, durable fabrics, and certified quality. Enjoy flexible MOQs, fast global shipping, and private label solutions. Contact us today!","_links":{"self":[{"href":"https:\/\/pecbag.com\/fr\/wp-json\/wp\/v2\/product\/3728","targetHints":{"allow":["GET"]}}],"collection":[{"href":"https:\/\/pecbag.com\/fr\/wp-json\/wp\/v2\/product"}],"about":[{"href":"https:\/\/pecbag.com\/fr\/wp-json\/wp\/v2\/types\/product"}],"wp:featuredmedia":[{"embeddable":true,"href":"https:\/\/pecbag.com\/fr\/wp-json\/wp\/v2\/media\/3729"}],"wp:attachment":[{"href":"https:\/\/pecbag.com\/fr\/wp-json\/wp\/v2\/media?parent=3728"}],"wp:term":[{"taxonomy":"product_brand","embeddable":true,"href":"https:\/\/pecbag.com\/fr\/wp-json\/wp\/v2\/product_brand?post=3728"},{"taxonomy":"product_cat","embeddable":true,"href":"https:\/\/pecbag.com\/fr\/wp-json\/wp\/v2\/product_cat?post=3728"},{"taxonomy":"product_tag","embeddable":true,"href":"https:\/\/pecbag.com\/fr\/wp-json\/wp\/v2\/product_tag?post=3728"}],"curies":[{"name":"wp","href":"https:\/\/api.w.org\/{rel}","templated":true}]}}