{"id":3827,"date":"2025-05-28T06:18:53","date_gmt":"2025-05-28T06:18:53","guid":{"rendered":"https:\/\/pecbag.com\/?post_type=product&#038;p=3827"},"modified":"2025-11-29T01:52:50","modified_gmt":"2025-11-29T01:52:50","slug":"waterproof-pu-golf-stand-bag","status":"publish","type":"product","link":"https:\/\/pecbag.com\/fr\/waterproof-pu-golf-stand-bag\/","title":{"rendered":"Sac de golf imperm\u00e9able en PU - Approuv\u00e9 par la PGA et syst\u00e8me de verrouillage TSA"},"content":{"rendered":"<h5 title=\"Sac \u00e0 dos pliable pour chien Sac \u00e0 bandouli\u00e8re en maille respirante pour petit animal de compagnie Chien Chats\" data-immersive-translate-walked=\"1c928421-2e42-4cd3-8754-5404553c0af5\" data-immersive-translate-paragraph=\"1\" data-spm-anchor-id=\"a2700.details.0.i35.4f6757d4w4zNZA\">Sacs de golf imperm\u00e9ables en PU | Fabricant de sacs imperm\u00e9ables et de sacs \u00e0 dos - Bulk Golf Solutions<\/h5>\n<div class=\"flex flex-grow flex-col max-w-full\">\n<div class=\"min-h-[20px] text-message flex w-full flex-col items-end gap-2 whitespace-pre-wrap break-words [.text-message+&amp;]:mt-5 overflow-x-auto\" dir=\"auto\" data-message-author-role=\"assistant\" data-message-id=\"3d7d46f6-7ec2-4222-9257-48fa0bba23c6\" data-suggestions=\"true\">\n<div class=\"flex w-full flex-col gap-1 empty:hidden first:pt-[3px]\">\n<div class=\"markdown prose w-full break-words dark:prose-invert light\">\n<table width=\"288\">\n<tbody>\n<tr>\n<td width=\"137\"><span style=\"color: #333333;\">Nom des produits<\/span><\/td>\n<td width=\"151\">Sac de golf<\/td>\n<\/tr>\n<tr>\n<td><span style=\"color: #333333;\">Num\u00e9ro d'article<\/span><\/td>\n<td><span style=\"color: #333333;\">PB-2096<\/span><\/td>\n<\/tr>\n<tr>\n<td><span style=\"color: #333333;\">Mat\u00e9riau<\/span><\/td>\n<td>Cuir PU + Nylon + N\u00e9opr\u00e8ne<\/td>\n<\/tr>\n<tr>\n<td><span style=\"color: #333333;\">Taille<\/span><\/td>\n<td>Sur mesure<\/td>\n<\/tr>\n<tr>\n<td><span style=\"color: #333333;\">\u00a0D\u00e9lai de livraison<\/span><\/td>\n<td><span style=\"color: #333333;\">1-5 jours pour les petites quantit\u00e9s par voie a\u00e9rienne et 30-35 jours pour les grandes quantit\u00e9s par voie maritime.<\/span><\/td>\n<\/tr>\n<\/tbody>\n<\/table>\n<p>En tant que premier fabricant chinois de sacs de golf et usine de sacs imperm\u00e9ables, nous concevons des sacs de golf imperm\u00e9ables en PU de premi\u00e8re qualit\u00e9 pour des marques de golf internationales. Notre soci\u00e9t\u00e9 de sacs de golf fournit :<\/p>\n<p>\u2705 <strong>Protection \u00e9tanche IPX7<\/strong> (nylon 1000D enduit de PU + soudure sans couture)<br \/>\n\u2705 <strong>S\u00e9paration sup\u00e9rieure \u00e0 6 voies<\/strong> avec une capacit\u00e9 de 14 clubs (MOQ 200 pcs)<br \/>\n\u2705 <strong>Services OEM\/ODM<\/strong> pour les sacs de golf \u00e0 marque priv\u00e9e<br \/>\n\u2705 <strong>Production de sacs de golf en vrac<\/strong> avec livraison rapide en 10 jours<\/p>\n<p>Les grossistes de sacs de golf et les professionnels du PGA Tour lui font confiance. Caract\u00e9ristiques principales :<br \/>\n- Double sangle r\u00e9tractable avec mousse ergonomique \u00e0 m\u00e9moire de forme<br \/>\n- Syst\u00e8me de support antid\u00e9rapant et tissu r\u00e9sistant aux UV<br \/>\n- Pochette pour objets de valeur avec blocage RFID et glaci\u00e8re isol\u00e9e<\/p>\n<p><strong>Pourquoi devenir partenaire de notre usine de sacs de golf<\/strong>:<br \/>\n\ud83d\udd39 Plus de 18 ans d'exp\u00e9rience dans l'exportation de sacs de golf en Chine<br \/>\n\ud83d\udd39 Conception gratuite d'un pack technique en 3D avec votre marque<br \/>\n\ud83d\udd39 Mat\u00e9riaux \u00e9cologiques certifi\u00e9s OEKO-Tex\/SGS<br \/>\n\ud83d\udd39 Remise 30% pour les vendeurs de sacs de golf \u00e0 partir de 3 000 unit\u00e9s<\/p>\n<p>Demandez des \u00e9chantillons gratuits de nos sacs de stand en PU imperm\u00e9able ou obtenez des devis instantan\u00e9s. Les fournisseurs de sacs de golf appr\u00e9cient :<br \/>\n- Sur mesure MOQ \u00e0 partir de 300 pcs<br \/>\n- Vid\u00e9os d'essais d'\u00e9tanch\u00e9it\u00e9 par lot<br \/>\n- Attribution prioritaire du fret a\u00e9rien et maritime<\/p>\n<\/div>\n<\/div>\n<\/div>\n<\/div>","protected":false},"excerpt":{"rendered":"<h2 data-immersive-translate-walked=\"344be1c1-5052-41eb-8fcd-0dbe236a0d6b\" data-immersive-translate-paragraph=\"1\">Sac de golf imperm\u00e9able en PU<\/h2>\n<p>Nous fournissons des sacs de golf de qualit\u00e9 sup\u00e9rieure avec une personnalisation compl\u00e8te des dimensions et des couleurs, des tissus durables et une qualit\u00e9 certifi\u00e9e.<\/p>\n<p>B\u00e9n\u00e9ficiez de MOQ flexibles, d'une exp\u00e9dition mondiale rapide et de solutions de marques priv\u00e9es.<\/p>\n<p>Contactez-nous d\u00e8s aujourd'hui !<\/p>","protected":false},"featured_media":3830,"template":"","meta":{"_uag_custom_page_level_css":""},"product_brand":[],"product_cat":[51,67],"product_tag":[],"class_list":{"0":"post-3827","1":"product","2":"type-product","3":"status-publish","4":"has-post-thumbnail","6":"product_cat-golf-bag","7":"product_cat-sports-bag","9":"first","10":"instock","11":"shipping-taxable","12":"product-type-simple"},"uagb_featured_image_src":{"full":["https:\/\/pecbag.com\/wp-content\/uploads\/2025\/05\/Waterproof-PU-Golf-Stand-Bag-2.jpg",600,600,false],"thumbnail":["https:\/\/pecbag.com\/wp-content\/uploads\/2025\/05\/Waterproof-PU-Golf-Stand-Bag-2-150x150.jpg",150,150,true],"medium":["https:\/\/pecbag.com\/wp-content\/uploads\/2025\/05\/Waterproof-PU-Golf-Stand-Bag-2-300x300.jpg",300,300,true],"medium_large":["https:\/\/pecbag.com\/wp-content\/uploads\/2025\/05\/Waterproof-PU-Golf-Stand-Bag-2.jpg",600,600,false],"large":["https:\/\/pecbag.com\/wp-content\/uploads\/2025\/05\/Waterproof-PU-Golf-Stand-Bag-2.jpg",600,600,false],"1536x1536":["https:\/\/pecbag.com\/wp-content\/uploads\/2025\/05\/Waterproof-PU-Golf-Stand-Bag-2.jpg",600,600,false],"2048x2048":["https:\/\/pecbag.com\/wp-content\/uploads\/2025\/05\/Waterproof-PU-Golf-Stand-Bag-2.jpg",600,600,false],"trp-custom-language-flag":["https:\/\/pecbag.com\/wp-content\/uploads\/2025\/05\/Waterproof-PU-Golf-Stand-Bag-2-12x12.jpg",12,12,true],"woocommerce_thumbnail":["https:\/\/pecbag.com\/wp-content\/uploads\/2025\/05\/Waterproof-PU-Golf-Stand-Bag-2-300x300.jpg",300,300,true],"woocommerce_single":["https:\/\/pecbag.com\/wp-content\/uploads\/2025\/05\/Waterproof-PU-Golf-Stand-Bag-2.jpg",600,600,false],"woocommerce_gallery_thumbnail":["https:\/\/pecbag.com\/wp-content\/uploads\/2025\/05\/Waterproof-PU-Golf-Stand-Bag-2-100x100.jpg",100,100,true]},"uagb_author_info":{"display_name":"Lawrence","author_link":"https:\/\/pecbag.com\/fr\/author\/"},"uagb_comment_info":0,"uagb_excerpt":"Waterproof PU Golf Stand Bag We provide premium golf stand bag with full-size and color customization, durable fabrics, and certified quality. Enjoy flexible MOQs, fast global shipping, and private label solutions. Contact us today!","_links":{"self":[{"href":"https:\/\/pecbag.com\/fr\/wp-json\/wp\/v2\/product\/3827","targetHints":{"allow":["GET"]}}],"collection":[{"href":"https:\/\/pecbag.com\/fr\/wp-json\/wp\/v2\/product"}],"about":[{"href":"https:\/\/pecbag.com\/fr\/wp-json\/wp\/v2\/types\/product"}],"wp:featuredmedia":[{"embeddable":true,"href":"https:\/\/pecbag.com\/fr\/wp-json\/wp\/v2\/media\/3830"}],"wp:attachment":[{"href":"https:\/\/pecbag.com\/fr\/wp-json\/wp\/v2\/media?parent=3827"}],"wp:term":[{"taxonomy":"product_brand","embeddable":true,"href":"https:\/\/pecbag.com\/fr\/wp-json\/wp\/v2\/product_brand?post=3827"},{"taxonomy":"product_cat","embeddable":true,"href":"https:\/\/pecbag.com\/fr\/wp-json\/wp\/v2\/product_cat?post=3827"},{"taxonomy":"product_tag","embeddable":true,"href":"https:\/\/pecbag.com\/fr\/wp-json\/wp\/v2\/product_tag?post=3827"}],"curies":[{"name":"wp","href":"https:\/\/api.w.org\/{rel}","templated":true}]}}