{"id":3832,"date":"2025-05-28T06:45:06","date_gmt":"2025-05-28T06:45:06","guid":{"rendered":"https:\/\/pecbag.com\/?post_type=product&#038;p=3832"},"modified":"2025-11-29T01:46:05","modified_gmt":"2025-11-29T01:46:05","slug":"pro-surfboard-longboard-travel-bag","status":"publish","type":"product","link":"https:\/\/pecbag.com\/fr\/pro-surfboard-longboard-travel-bag\/","title":{"rendered":"Pro Surfboard Longboard Travel Bag - 100% Waterproof"},"content":{"rendered":"<h5 title=\"Sac \u00e0 dos pliable pour chien Sac \u00e0 bandouli\u00e8re en maille respirante pour petit animal de compagnie Chien Chats\" data-immersive-translate-walked=\"1c928421-2e42-4cd3-8754-5404553c0af5\" data-immersive-translate-paragraph=\"1\" data-spm-anchor-id=\"a2700.details.0.i35.4f6757d4w4zNZA\">Pro Surfboard Longboard Travel Bag | Waterproof Bag Factory &amp; Backpack Manufacturer - Bulk Surf Solutions<\/h5>\n<div class=\"flex flex-grow flex-col max-w-full\">\n<div class=\"min-h-[20px] text-message flex w-full flex-col items-end gap-2 whitespace-pre-wrap break-words [.text-message+&amp;]:mt-5 overflow-x-auto\" dir=\"auto\" data-message-author-role=\"assistant\" data-message-id=\"3d7d46f6-7ec2-4222-9257-48fa0bba23c6\" data-suggestions=\"true\">\n<div class=\"flex w-full flex-col gap-1 empty:hidden first:pt-[3px]\">\n<div class=\"markdown prose w-full break-words dark:prose-invert light\">\n<table width=\"288\">\n<tbody>\n<tr>\n<td width=\"137\"><span style=\"color: #333333;\">Nom des produits<\/span><\/td>\n<td width=\"151\">Sac pour planche de surf<\/td>\n<\/tr>\n<tr>\n<td><span style=\"color: #333333;\">Num\u00e9ro d'article<\/span><\/td>\n<td><span style=\"color: #333333;\">PB-2097<\/span><\/td>\n<\/tr>\n<tr>\n<td><span style=\"color: #333333;\">Mat\u00e9riau<\/span><\/td>\n<td>600D SNOW\/PVC<\/td>\n<\/tr>\n<tr>\n<td><span style=\"color: #333333;\">Taille<\/span><\/td>\n<td>6'0'' x 22''x 6\"<\/td>\n<\/tr>\n<tr>\n<td><span style=\"color: #333333;\">\u00a0D\u00e9lai de livraison<\/span><\/td>\n<td><span style=\"color: #333333;\">1-5 jours pour les petites quantit\u00e9s par voie a\u00e9rienne et 30-35 jours pour les grandes quantit\u00e9s par voie maritime.<\/span><\/td>\n<\/tr>\n<\/tbody>\n<\/table>\n<p>En tant que premier fabricant chinois de sacs de surf et de sacs imperm\u00e9ables, nous concevons des sacs de voyage pour planches de surf professionnelles pour les marques de surf internationales. Notre soci\u00e9t\u00e9 de sacs de surf offre :<\/p>\n<p>\u2705 <strong>Protection \u00e9tanche IPX7<\/strong> (nylon 1000D enduit de PVC + coutures soud\u00e9es)<br \/>\n\u2705 <strong>Capacit\u00e9 jusqu'\u00e0 10\u2032 longboard<\/strong> avec poign\u00e9es rembourr\u00e9es (MOQ 200 pcs)<br \/>\n\u2705 <strong>Services OEM\/ODM<\/strong> pour les sacs de planche de surf de marque priv\u00e9e<br \/>\n\u2705 <strong>Production de sacs de surf en vrac<\/strong> avec livraison rapide en 10 jours<\/p>\n<p>Confiance de la part de <strong>grossistes en sacs pour planches de surf<\/strong> et les stations baln\u00e9aires. Caract\u00e9ristiques principales :<br \/>\n- Rev\u00eatement r\u00e9sistant aux UV et poches en filet anti-sable<br \/>\n- Bretelles d\u00e9tachables et protections des bords de la planche<br \/>\n- Fente pour \u00e9tiquette de bagage RFID et serrures approuv\u00e9es par la TSA<\/p>\n<p><strong>Pourquoi devenir partenaire de notre usine de sacs pour planches de surf ?<\/strong>:<br \/>\n\ud83d\udd39 15+ years as top surfboard bag exporters from China (plus de 15 ans d'exp\u00e9rience dans l'exportation de sacs de surf en Chine)<br \/>\n\ud83d\udd39 Design 3D gratuit avec la marque de votre club de plage<br \/>\n\ud83d\udd39 Mat\u00e9riaux marins certifi\u00e9s OEKO-Tex\/SGS<br \/>\n\ud83d\udd39 Remise 25% pour les vendeurs de sacs de surf \u00e0 partir de 2 500 unit\u00e9s<\/p>\n<p>Demandez des \u00e9chantillons gratuits de nos sacs de voyage pour planches de surf ou obtenez des devis instantan\u00e9s. Les fournisseurs de sacs de surf appr\u00e9cient :<br \/>\n- Sur mesure MOQ \u00e0 partir de 300 pcs<br \/>\n- Rapports sur la corrosion en eau sal\u00e9e par lot<br \/>\n- Attribution prioritaire du fret a\u00e9rien et maritime<\/p>\n<\/div>\n<\/div>\n<\/div>\n<\/div>","protected":false},"excerpt":{"rendered":"<h2 data-immersive-translate-walked=\"344be1c1-5052-41eb-8fcd-0dbe236a0d6b\" data-immersive-translate-paragraph=\"1\">Pro Surfboard Longboard Travel Bag<\/h2>\n<p>1.taille, poids et forme du sac : 6'0'' x 22''x 6\", 10 lbs, pour des planches jusqu'\u00e0 6'2'' x 24'' ; t\u00eate pointue et grande queue ronde ; avec ouverture pour les ailerons.<\/p>\n<p>2.PROTECTION \u00c0 360\u00b0 : Avec une b\u00e2che PE de 200 g \u00e0 l'int\u00e9rieur, un rembourrage de 10 mm de chaque c\u00f4t\u00e9 entre les deux, un tissu enduit 600D\/1680D sur le dessus et un tissu suppl\u00e9mentaire renforc\u00e9 au niveau de la t\u00eate et de la queue de chaque c\u00f4t\u00e9, ce sac de voyage pour planche de surf est con\u00e7u pour voyager en toute tranquillit\u00e9. Il offre une protection compl\u00e8te \u00e0 votre sac, en particulier pour les voyages de longue dur\u00e9e.<\/p>\n<p>3. COMFORTABLE : Ce sac est dot\u00e9 de 3 poign\u00e9es rembourr\u00e9es et d'une bandouli\u00e8re r\u00e9glable. La grande bandouli\u00e8re (14'' x 4'' x 1'') soulagera consid\u00e9rablement la pression sur votre \u00e9paule. Vous pouvez \u00e9galement d\u00e9tacher la bandouli\u00e8re pendant le transport sur le toit de la voiture ou lors d'un voyage sur une longue distance.<\/p>","protected":false},"featured_media":3834,"template":"","meta":{"_uag_custom_page_level_css":""},"product_brand":[],"product_cat":[47,67],"product_tag":[],"class_list":{"0":"post-3832","1":"product","2":"type-product","3":"status-publish","4":"has-post-thumbnail","6":"product_cat-surfboard-bag","7":"product_cat-sports-bag","9":"first","10":"instock","11":"shipping-taxable","12":"product-type-simple"},"uagb_featured_image_src":{"full":["https:\/\/pecbag.com\/wp-content\/uploads\/2025\/05\/Pro-Surfboard-Longboard-Travel-Bag-1.jpg",808,808,false],"thumbnail":["https:\/\/pecbag.com\/wp-content\/uploads\/2025\/05\/Pro-Surfboard-Longboard-Travel-Bag-1-150x150.jpg",150,150,true],"medium":["https:\/\/pecbag.com\/wp-content\/uploads\/2025\/05\/Pro-Surfboard-Longboard-Travel-Bag-1-300x300.jpg",300,300,true],"medium_large":["https:\/\/pecbag.com\/wp-content\/uploads\/2025\/05\/Pro-Surfboard-Longboard-Travel-Bag-1-768x768.jpg",768,768,true],"large":["https:\/\/pecbag.com\/wp-content\/uploads\/2025\/05\/Pro-Surfboard-Longboard-Travel-Bag-1.jpg",800,800,false],"1536x1536":["https:\/\/pecbag.com\/wp-content\/uploads\/2025\/05\/Pro-Surfboard-Longboard-Travel-Bag-1.jpg",808,808,false],"2048x2048":["https:\/\/pecbag.com\/wp-content\/uploads\/2025\/05\/Pro-Surfboard-Longboard-Travel-Bag-1.jpg",808,808,false],"trp-custom-language-flag":["https:\/\/pecbag.com\/wp-content\/uploads\/2025\/05\/Pro-Surfboard-Longboard-Travel-Bag-1-12x12.jpg",12,12,true],"woocommerce_thumbnail":["https:\/\/pecbag.com\/wp-content\/uploads\/2025\/05\/Pro-Surfboard-Longboard-Travel-Bag-1-300x300.jpg",300,300,true],"woocommerce_single":["https:\/\/pecbag.com\/wp-content\/uploads\/2025\/05\/Pro-Surfboard-Longboard-Travel-Bag-1-600x600.jpg",600,600,true],"woocommerce_gallery_thumbnail":["https:\/\/pecbag.com\/wp-content\/uploads\/2025\/05\/Pro-Surfboard-Longboard-Travel-Bag-1-100x100.jpg",100,100,true]},"uagb_author_info":{"display_name":"Lawrence","author_link":"https:\/\/pecbag.com\/fr\/author\/"},"uagb_comment_info":0,"uagb_excerpt":"Pro Surfboard Longboard Travel Bag 1.BAG SIZE WEIGHT AND SHAPE: 6\u20190\u2019\u2019 x 22\u2019\u2019x 6'', 10 lbs, for board size up to 6\u20192\u2019\u2019 x 24\u2019\u2019; pointed head and big round tail; with fin slot opening 2.360\u00b0 PROTECTION: With 200g PE tarpaulin inside, 10mm (0.4 inches) padding on each side in between, 600D\/1680D coated fabric on top,\u2026","_links":{"self":[{"href":"https:\/\/pecbag.com\/fr\/wp-json\/wp\/v2\/product\/3832","targetHints":{"allow":["GET"]}}],"collection":[{"href":"https:\/\/pecbag.com\/fr\/wp-json\/wp\/v2\/product"}],"about":[{"href":"https:\/\/pecbag.com\/fr\/wp-json\/wp\/v2\/types\/product"}],"wp:featuredmedia":[{"embeddable":true,"href":"https:\/\/pecbag.com\/fr\/wp-json\/wp\/v2\/media\/3834"}],"wp:attachment":[{"href":"https:\/\/pecbag.com\/fr\/wp-json\/wp\/v2\/media?parent=3832"}],"wp:term":[{"taxonomy":"product_brand","embeddable":true,"href":"https:\/\/pecbag.com\/fr\/wp-json\/wp\/v2\/product_brand?post=3832"},{"taxonomy":"product_cat","embeddable":true,"href":"https:\/\/pecbag.com\/fr\/wp-json\/wp\/v2\/product_cat?post=3832"},{"taxonomy":"product_tag","embeddable":true,"href":"https:\/\/pecbag.com\/fr\/wp-json\/wp\/v2\/product_tag?post=3832"}],"curies":[{"name":"wp","href":"https:\/\/api.w.org\/{rel}","templated":true}]}}