{"id":3853,"date":"2025-05-28T07:28:47","date_gmt":"2025-05-28T07:28:47","guid":{"rendered":"https:\/\/pecbag.com\/?post_type=product&#038;p=3853"},"modified":"2025-11-29T01:44:22","modified_gmt":"2025-11-29T01:44:22","slug":"heavy-duty-organizer-tool-bag","status":"publish","type":"product","link":"https:\/\/pecbag.com\/fr\/heavy-duty-organizer-tool-bag\/","title":{"rendered":"Sac d'outils \u00e0 usage intensif"},"content":{"rendered":"<h5 title=\"Sac \u00e0 dos pliable pour chien Sac \u00e0 bandouli\u00e8re en maille respirante pour petit animal de compagnie Chien Chats\" data-immersive-translate-walked=\"1c928421-2e42-4cd3-8754-5404553c0af5\" data-immersive-translate-paragraph=\"1\" data-spm-anchor-id=\"a2700.details.0.i35.4f6757d4w4zNZA\">Sacs d'outils \u00e0 usage intensif | Fabricant de sacs \u00e9tanches et de sacs \u00e0 dos - Bulk Industrial Solutions<\/h5>\n<div class=\"flex flex-grow flex-col max-w-full\">\n<div class=\"min-h-[20px] text-message flex w-full flex-col items-end gap-2 whitespace-pre-wrap break-words [.text-message+&amp;]:mt-5 overflow-x-auto\" dir=\"auto\" data-message-author-role=\"assistant\" data-message-id=\"3d7d46f6-7ec2-4222-9257-48fa0bba23c6\" data-suggestions=\"true\">\n<div class=\"flex w-full flex-col gap-1 empty:hidden first:pt-[3px]\">\n<div class=\"markdown prose w-full break-words dark:prose-invert light\">\n<table width=\"288\">\n<tbody>\n<tr>\n<td width=\"137\"><span style=\"color: #333333;\">Nom des produits<\/span><\/td>\n<td width=\"151\">Sac \u00e0 outils<\/td>\n<\/tr>\n<tr>\n<td><span style=\"color: #333333;\">Num\u00e9ro d'article<\/span><\/td>\n<td><span style=\"color: #333333;\">PB-2100<\/span><\/td>\n<\/tr>\n<tr>\n<td><span style=\"color: #333333;\">Mat\u00e9riau<\/span><\/td>\n<td>Polyester 600D<\/td>\n<\/tr>\n<tr>\n<td><span style=\"color: #333333;\">\u00a0Taille et couleur<\/span><\/td>\n<td>16 x 11 x 8 pouces<\/td>\n<\/tr>\n<tr>\n<td><span style=\"color: #333333;\">\u00a0D\u00e9lai de livraison<\/span><\/td>\n<td><span style=\"color: #333333;\">1-5 jours pour les petites quantit\u00e9s par voie a\u00e9rienne et 30-35 jours pour les grandes quantit\u00e9s par voie maritime.<\/span><\/td>\n<\/tr>\n<\/tbody>\n<\/table>\n<p>En tant que premier fabricant chinois de sacs \u00e0 outils et de sacs \u00e9tanches, nous concevons des sacs \u00e0 outils \u00e0 usage intensif pour des marques industrielles mondiales. Notre soci\u00e9t\u00e9 de sacs \u00e0 outils fournit :<\/p>\n<p>\u2705 <strong>Protection \u00e9tanche IPX6<\/strong> (polyester 1000D enduit de PVC)<br \/>\n\u2705 <strong>Am\u00e9nagement personnalis\u00e9 des compartiments<\/strong> (MOQ 200 pcs) avec rembourrage en mousse<br \/>\n\u2705 <strong>Services OEM\/ODM<\/strong> pour <strong>sacs \u00e0 outils \u00e0 marque priv\u00e9e<\/strong><br \/>\n\u2705 <strong>Production de sacs \u00e0 outils en vrac<\/strong> avec livraison rapide en 10 jours<\/p>\n<p>Les grossistes en sacs \u00e0 outils et les fournisseurs MRO lui font confiance. Caract\u00e9ristiques principales :<br \/>\n- Sangles MOLLE\/PALS et bretelles d\u00e9tachables<br \/>\n- Fentes de rep\u00e9rage RFID et panneaux \u00e0 code couleur<br \/>\n- Doublure antimicrobienne et base renforc\u00e9e<\/p>\n<p><strong>Pourquoi s'associer \u00e0 notre usine de fabrication de sacs \u00e0 outils<\/strong>:<br \/>\n\ud83d\udd39 Plus de 15 ans d'exp\u00e9rience en tant que premier exportateur de sacs \u00e0 outils en Chine<br \/>\n\ud83d\udd39 Conception gratuite d'un compartiment en 3D avec votre marque<br \/>\n\ud83d\udd39 Mat\u00e9riaux de qualit\u00e9 industrielle certifi\u00e9s OEKO-Tex\/SGS<br \/>\n\ud83d\udd39 Remise 30% pour les vendeurs de sacs \u00e0 outils \u00e0 partir de 3 000 unit\u00e9s<\/p>\n<p>Demandez des \u00e9chantillons gratuits de nos sacs \u00e0 outils ou obtenez des devis instantan\u00e9s. Les fournisseurs de sacs \u00e0 outils appr\u00e9cient :<br \/>\n- Sur mesure MOQ \u00e0 partir de 200 pcs<br \/>\n- Rapports d'essais d'abrasion par lot<br \/>\n- Options prioritaires pour le fret a\u00e9rien et maritime<\/p>\n<\/div>\n<\/div>\n<\/div>\n<\/div>","protected":false},"excerpt":{"rendered":"<h2 data-immersive-translate-walked=\"344be1c1-5052-41eb-8fcd-0dbe236a0d6b\" data-immersive-translate-paragraph=\"1\">Sac d'outils \u00e0 usage intensif - Solutions OEM sur mesure pour les fabricants<\/h2>\n<p><strong>1. FOND RENFORC\u00c9 AVEC PIEDS EN CAOUTCHOUC :<\/strong>\u00a0Le fond renforc\u00e9 garantit que votre sac ne s'affaissera pas. Le fond dur prot\u00e8ge \u00e9galement vos outils des chutes lors de leur transport. Quatre pieds en caoutchouc assurent une stabilit\u00e9 suppl\u00e9mentaire et \u00e9vitent l'usure de votre sac.<\/p>\n<p><strong>2. CONTIENT TOUS VOS OUTILS ET FOURNITURES :<\/strong> Peut contenir tous les outils de taille moyenne tels que marteaux, tournevis, cl\u00e9s \u00e0 molette, perceuses, etc. Il est \u00e9galement id\u00e9al pour ranger des articles de bricolage tels que des peintures, des bijoux, des perles ou du mat\u00e9riel de couture, des fournitures de jardinage, du mat\u00e9riel d'entra\u00eenement, des articles de soins capillaires et de salon tels que des s\u00e8che-cheveux, des fers \u00e0 lisser et des fers \u00e0 friser.<\/p>","protected":false},"featured_media":3854,"template":"","meta":{"_uag_custom_page_level_css":""},"product_brand":[],"product_cat":[49],"product_tag":[],"class_list":{"0":"post-3853","1":"product","2":"type-product","3":"status-publish","4":"has-post-thumbnail","6":"product_cat-tool-bag","8":"first","9":"instock","10":"shipping-taxable","11":"product-type-simple"},"uagb_featured_image_src":{"full":["https:\/\/pecbag.com\/wp-content\/uploads\/2025\/05\/Heavy-Duty-Organizer-Tool-Bag-4.jpeg",1000,1000,false],"thumbnail":["https:\/\/pecbag.com\/wp-content\/uploads\/2025\/05\/Heavy-Duty-Organizer-Tool-Bag-4-150x150.jpeg",150,150,true],"medium":["https:\/\/pecbag.com\/wp-content\/uploads\/2025\/05\/Heavy-Duty-Organizer-Tool-Bag-4-300x300.jpeg",300,300,true],"medium_large":["https:\/\/pecbag.com\/wp-content\/uploads\/2025\/05\/Heavy-Duty-Organizer-Tool-Bag-4-768x768.jpeg",768,768,true],"large":["https:\/\/pecbag.com\/wp-content\/uploads\/2025\/05\/Heavy-Duty-Organizer-Tool-Bag-4.jpeg",800,800,false],"1536x1536":["https:\/\/pecbag.com\/wp-content\/uploads\/2025\/05\/Heavy-Duty-Organizer-Tool-Bag-4.jpeg",1000,1000,false],"2048x2048":["https:\/\/pecbag.com\/wp-content\/uploads\/2025\/05\/Heavy-Duty-Organizer-Tool-Bag-4.jpeg",1000,1000,false],"trp-custom-language-flag":["https:\/\/pecbag.com\/wp-content\/uploads\/2025\/05\/Heavy-Duty-Organizer-Tool-Bag-4-12x12.jpeg",12,12,true],"woocommerce_thumbnail":["https:\/\/pecbag.com\/wp-content\/uploads\/2025\/05\/Heavy-Duty-Organizer-Tool-Bag-4-300x300.jpeg",300,300,true],"woocommerce_single":["https:\/\/pecbag.com\/wp-content\/uploads\/2025\/05\/Heavy-Duty-Organizer-Tool-Bag-4-600x600.jpeg",600,600,true],"woocommerce_gallery_thumbnail":["https:\/\/pecbag.com\/wp-content\/uploads\/2025\/05\/Heavy-Duty-Organizer-Tool-Bag-4-100x100.jpeg",100,100,true]},"uagb_author_info":{"display_name":"Lawrence","author_link":"https:\/\/pecbag.com\/fr\/author\/"},"uagb_comment_info":0,"uagb_excerpt":"Heavy-Duty Organizer Tool Bag | Custom OEM Manufacturer Solutions 1. REINFORCED BOTTOM WITH RUBBER FEET:\u00a0The reinforced bottom ensures that your bag will not sag. The hard bottom will also protect your tools from falls while transporting them. Four rubber feet provide extra stability and help prevent additional wear and tear on your bag. 2. HOLDS\u2026","_links":{"self":[{"href":"https:\/\/pecbag.com\/fr\/wp-json\/wp\/v2\/product\/3853","targetHints":{"allow":["GET"]}}],"collection":[{"href":"https:\/\/pecbag.com\/fr\/wp-json\/wp\/v2\/product"}],"about":[{"href":"https:\/\/pecbag.com\/fr\/wp-json\/wp\/v2\/types\/product"}],"wp:featuredmedia":[{"embeddable":true,"href":"https:\/\/pecbag.com\/fr\/wp-json\/wp\/v2\/media\/3854"}],"wp:attachment":[{"href":"https:\/\/pecbag.com\/fr\/wp-json\/wp\/v2\/media?parent=3853"}],"wp:term":[{"taxonomy":"product_brand","embeddable":true,"href":"https:\/\/pecbag.com\/fr\/wp-json\/wp\/v2\/product_brand?post=3853"},{"taxonomy":"product_cat","embeddable":true,"href":"https:\/\/pecbag.com\/fr\/wp-json\/wp\/v2\/product_cat?post=3853"},{"taxonomy":"product_tag","embeddable":true,"href":"https:\/\/pecbag.com\/fr\/wp-json\/wp\/v2\/product_tag?post=3853"}],"curies":[{"name":"wp","href":"https:\/\/api.w.org\/{rel}","templated":true}]}}