{"id":3859,"date":"2025-05-28T07:46:04","date_gmt":"2025-05-28T07:46:04","guid":{"rendered":"https:\/\/pecbag.com\/?post_type=product&#038;p=3859"},"modified":"2025-11-29T01:43:42","modified_gmt":"2025-11-29T01:43:42","slug":"oem-premium-makeup-bag","status":"publish","type":"product","link":"https:\/\/pecbag.com\/fr\/oem-premium-makeup-bag\/","title":{"rendered":"OEM Premium Makeup Bag - Professional China Supplier"},"content":{"rendered":"<h5 title=\"Sac \u00e0 dos pliable pour chien Sac \u00e0 bandouli\u00e8re en maille respirante pour petit animal de compagnie Chien Chats\" data-immersive-translate-walked=\"1c928421-2e42-4cd3-8754-5404553c0af5\" data-immersive-translate-paragraph=\"1\" data-spm-anchor-id=\"a2700.details.0.i35.4f6757d4w4zNZA\">Sacs de maquillage OEM de qualit\u00e9 sup\u00e9rieure - Fabricant de sacs \u00e9tanches et de sacs \u00e0 dos - Bulk Beauty Solutions<\/h5>\n<div class=\"flex flex-grow flex-col max-w-full\">\n<div class=\"min-h-[20px] text-message flex w-full flex-col items-end gap-2 whitespace-pre-wrap break-words [.text-message+&amp;]:mt-5 overflow-x-auto\" dir=\"auto\" data-message-author-role=\"assistant\" data-message-id=\"3d7d46f6-7ec2-4222-9257-48fa0bba23c6\" data-suggestions=\"true\">\n<div class=\"flex w-full flex-col gap-1 empty:hidden first:pt-[3px]\">\n<div class=\"markdown prose w-full break-words dark:prose-invert light\">\n<table width=\"288\">\n<tbody>\n<tr>\n<td width=\"137\"><span style=\"color: #333333;\">Nom des produits<\/span><\/td>\n<td width=\"151\"><span style=\"color: #333333;\">Trousse de maquillage<\/span><\/td>\n<\/tr>\n<tr>\n<td><span style=\"color: #333333;\">Num\u00e9ro d'article<\/span><\/td>\n<td><span style=\"color: #333333;\">PB-2101<\/span><\/td>\n<\/tr>\n<tr>\n<td><span style=\"color: #333333;\">Mat\u00e9riau<\/span><\/td>\n<td><span style=\"color: #333333;\">Coton, polyester, polaire<\/span><\/td>\n<\/tr>\n<tr>\n<td><span style=\"color: #333333;\">\u00a0Taille et couleur<\/span><\/td>\n<td><span style=\"color: #333333;\">Sur mesure<\/span><\/td>\n<\/tr>\n<tr>\n<td><span style=\"color: #333333;\">\u00a0D\u00e9lai de livraison<\/span><\/td>\n<td><span style=\"color: #333333;\">1-5 jours pour les petites quantit\u00e9s par voie a\u00e9rienne et 30-35 jours pour les grandes quantit\u00e9s par voie maritime.<\/span><\/td>\n<\/tr>\n<\/tbody>\n<\/table>\n<p>En tant que premier fabricant chinois de trousses de maquillage et de sacs \u00e9tanches, nous fabriquons des trousses de maquillage OEM de qualit\u00e9 sup\u00e9rieure pour des marques de produits de beaut\u00e9 internationales. Notre soci\u00e9t\u00e9 de trousses de maquillage propose :<\/p>\n<p>\u2705 <strong>Fermetures \u00e9clair \u00e9tanches IPX5<\/strong> (cuir v\u00e9g\u00e9talien + polyester recycl\u00e9)<br \/>\n\u2705 <strong>Conception de compartiments sur mesure<\/strong> (MOQ 200 pcs) avec miroir et fentes pour brosses<br \/>\n\u2705 <strong>Services ODM\/OEM<\/strong> pour les trousses de maquillage sous marque de distributeur<br \/>\n\u2705 <strong>Production de sacs de maquillage en vrac<\/strong> avec livraison en 12 jours<\/p>\n<p>Les grossistes en trousses de maquillage et les g\u00e9ants de la cosm\u00e9tique lui font confiance. Caract\u00e9ristiques principales :<br \/>\n- Fentes pour cartes avec blocage RFID et doublure antimicrobienne<br \/>\n- Bracelets d\u00e9tachables et emballage cadeau<br \/>\n- Mat\u00e9riaux certifi\u00e9s OEKO-Tex sans cruaut\u00e9<\/p>\n<p><strong>Pourquoi choisir notre usine de trousses de maquillage<\/strong>:<br \/>\n\ud83d\udd39 10+ years as top makeup bag exporters from China (plus de 10 ans d'exp\u00e9rience dans l'exportation de trousses de maquillage en Chine)<br \/>\n\ud83d\udd39 Maquettes 3D gratuites aux couleurs de votre marque\/logo<br \/>\n\ud83d\udd39 Mat\u00e9riaux durables certifi\u00e9s SGS\/REACH<br \/>\n\ud83d\udd39 Remise 30% pour les vendeurs de trousses de maquillage \u00e0 partir de 3 000 unit\u00e9s<\/p>\n<p>Demandez des \u00e9chantillons gratuits de nos sacs de maquillage de qualit\u00e9 sup\u00e9rieure ou obtenez des devis instantan\u00e9s. Les fournisseurs de trousses de maquillage appr\u00e9cient :<br \/>\n- Sur mesure MOQ \u00e0 partir de 200 pcs<br \/>\n- Certifications de qualit\u00e9 sp\u00e9cifiques aux lots<br \/>\n- Affectation prioritaire du fret a\u00e9rien\/maritime<\/p>\n<\/div>\n<\/div>\n<\/div>\n<\/div>","protected":false},"excerpt":{"rendered":"<h2 data-immersive-translate-walked=\"344be1c1-5052-41eb-8fcd-0dbe236a0d6b\" data-immersive-translate-paragraph=\"1\">Trousse de maquillage OEM de qualit\u00e9 sup\u00e9rieure<\/h2>\n<p>Nous fournissons des trousses de maquillage haut de gamme OEM avec une personnalisation compl\u00e8te de la taille et de la couleur, des tissus durables et une qualit\u00e9 certifi\u00e9e.<\/p>\n<p>B\u00e9n\u00e9ficiez de MOQ flexibles, d'une exp\u00e9dition mondiale rapide et de solutions de marques priv\u00e9es.<\/p>\n<p>Contactez-nous d\u00e8s aujourd'hui !<\/p>","protected":false},"featured_media":3863,"template":"","meta":{"_uag_custom_page_level_css":""},"product_brand":[],"product_cat":[53],"product_tag":[],"class_list":{"0":"post-3859","1":"product","2":"type-product","3":"status-publish","4":"has-post-thumbnail","6":"product_cat-makeup-bag","8":"first","9":"instock","10":"shipping-taxable","11":"product-type-simple"},"uagb_featured_image_src":{"full":["https:\/\/pecbag.com\/wp-content\/uploads\/2025\/05\/OEM-Premium-Makeup-Bag-1.jpg",1000,1000,false],"thumbnail":["https:\/\/pecbag.com\/wp-content\/uploads\/2025\/05\/OEM-Premium-Makeup-Bag-1-150x150.jpg",150,150,true],"medium":["https:\/\/pecbag.com\/wp-content\/uploads\/2025\/05\/OEM-Premium-Makeup-Bag-1-300x300.jpg",300,300,true],"medium_large":["https:\/\/pecbag.com\/wp-content\/uploads\/2025\/05\/OEM-Premium-Makeup-Bag-1-768x768.jpg",768,768,true],"large":["https:\/\/pecbag.com\/wp-content\/uploads\/2025\/05\/OEM-Premium-Makeup-Bag-1.jpg",800,800,false],"1536x1536":["https:\/\/pecbag.com\/wp-content\/uploads\/2025\/05\/OEM-Premium-Makeup-Bag-1.jpg",1000,1000,false],"2048x2048":["https:\/\/pecbag.com\/wp-content\/uploads\/2025\/05\/OEM-Premium-Makeup-Bag-1.jpg",1000,1000,false],"trp-custom-language-flag":["https:\/\/pecbag.com\/wp-content\/uploads\/2025\/05\/OEM-Premium-Makeup-Bag-1-12x12.jpg",12,12,true],"woocommerce_thumbnail":["https:\/\/pecbag.com\/wp-content\/uploads\/2025\/05\/OEM-Premium-Makeup-Bag-1-300x300.jpg",300,300,true],"woocommerce_single":["https:\/\/pecbag.com\/wp-content\/uploads\/2025\/05\/OEM-Premium-Makeup-Bag-1-600x600.jpg",600,600,true],"woocommerce_gallery_thumbnail":["https:\/\/pecbag.com\/wp-content\/uploads\/2025\/05\/OEM-Premium-Makeup-Bag-1-100x100.jpg",100,100,true]},"uagb_author_info":{"display_name":"Lawrence","author_link":"https:\/\/pecbag.com\/fr\/author\/"},"uagb_comment_info":0,"uagb_excerpt":"OEM Premium Makeup Bag We provide premium OEM Premium Makeup Bag with full-size and color customization, durable fabrics, and certified quality. Enjoy flexible MOQs, fast global shipping, and private label solutions. Contact us today!","_links":{"self":[{"href":"https:\/\/pecbag.com\/fr\/wp-json\/wp\/v2\/product\/3859","targetHints":{"allow":["GET"]}}],"collection":[{"href":"https:\/\/pecbag.com\/fr\/wp-json\/wp\/v2\/product"}],"about":[{"href":"https:\/\/pecbag.com\/fr\/wp-json\/wp\/v2\/types\/product"}],"wp:featuredmedia":[{"embeddable":true,"href":"https:\/\/pecbag.com\/fr\/wp-json\/wp\/v2\/media\/3863"}],"wp:attachment":[{"href":"https:\/\/pecbag.com\/fr\/wp-json\/wp\/v2\/media?parent=3859"}],"wp:term":[{"taxonomy":"product_brand","embeddable":true,"href":"https:\/\/pecbag.com\/fr\/wp-json\/wp\/v2\/product_brand?post=3859"},{"taxonomy":"product_cat","embeddable":true,"href":"https:\/\/pecbag.com\/fr\/wp-json\/wp\/v2\/product_cat?post=3859"},{"taxonomy":"product_tag","embeddable":true,"href":"https:\/\/pecbag.com\/fr\/wp-json\/wp\/v2\/product_tag?post=3859"}],"curies":[{"name":"wp","href":"https:\/\/api.w.org\/{rel}","templated":true}]}}